{"id":33442,"date":"2022-11-02T10:56:07","date_gmt":"2022-11-02T03:56:07","guid":{"rendered":"https:\/\/mouldking.store\/?post_type=product&#038;p=33442"},"modified":"2022-11-02T10:56:07","modified_gmt":"2022-11-02T03:56:07","slug":"qd-66002-mechanical-dinosaur-agility-model-with-1987-pieces","status":"publish","type":"product","link":"https:\/\/mouldking.store\/nb\/shop\/qd-66002-mechanical-dinosaur-agility-model-with-1987-pieces\/","title":{"rendered":"QD 66002 Mekanisk Dinosaur Agility-modell med 1987-stykker"},"content":{"rendered":"<p>Produktinformasjon:<\/p>\n<ol>\n<li>Merke: QD<\/li>\n<li>Kj\u00f8nn: Unisex<\/li>\n<li>Name: Mechanical Dinosaur Agility Model<\/li>\n<li>Aldersgruppe: &gt; 6 \u00e5r gammel<\/li>\n<li>Model Number: 66002<\/li>\n<li>Klassifisering: Montering<\/li>\n<li>Plastblokkform: Selvl\u00e5sende murstein<\/li>\n<li>Materiale: Plast<\/li>\n<li>Plasttype: ABS<\/li>\n<li>Bricks Blocks: 1987 PCS<\/li>\n<li>Dimensions: 64 x 23.7 x 25.5cm<\/li>\n<li>Inneholder detaljerte monteringsanvisninger.<\/li>\n<\/ol>\n<p>Legge merke til:<br \/>\n1. Uten original eske, men vi garanterer at v\u00e5re produkter har kvalitetssikring og pen emballasje.<br \/>\n2. Som alle delene vi har sjekket f\u00f8r frakt, s\u00e5 hvis du finner noen deler savnet eller skadet, ikke bekymre deg og bare kontakt oss, s\u00e5 kan vi sende dem til deg p\u00e5 nytt umiddelbart gratis.<\/p>\n<figure id=\"attachment_33443\" aria-describedby=\"caption-attachment-33443\" style=\"width: 800px\" class=\"wp-caption aligncenter\"><img fetchpriority=\"high\" decoding=\"async\" class=\"wp-image-33443 size-full\" src=\"https:\/\/mouldking.store\/wp-content\/uploads\/2022\/11\/Creator-QD-66002-Mechanical-Dinosaur-Agility-Model-12-1.jpg\" alt=\"QD 66002 Mechanical Dinosaur Agility Model With 1987 Pieces\" width=\"800\" height=\"800\" title=\"-\" srcset=\"https:\/\/mouldking.store\/wp-content\/uploads\/2022\/11\/Creator-QD-66002-Mechanical-Dinosaur-Agility-Model-12-1.jpg 800w, https:\/\/mouldking.store\/wp-content\/uploads\/2022\/11\/Creator-QD-66002-Mechanical-Dinosaur-Agility-Model-12-1-300x300.jpg 300w, https:\/\/mouldking.store\/wp-content\/uploads\/2022\/11\/Creator-QD-66002-Mechanical-Dinosaur-Agility-Model-12-1-768x768.jpg 768w, https:\/\/mouldking.store\/wp-content\/uploads\/2022\/11\/Creator-QD-66002-Mechanical-Dinosaur-Agility-Model-12-1-600x600.jpg 600w, https:\/\/mouldking.store\/wp-content\/uploads\/2022\/11\/Creator-QD-66002-Mechanical-Dinosaur-Agility-Model-12-1-150x150.jpg 150w, https:\/\/mouldking.store\/wp-content\/uploads\/2022\/11\/Creator-QD-66002-Mechanical-Dinosaur-Agility-Model-12-1-60x60.jpg 60w, https:\/\/mouldking.store\/wp-content\/uploads\/2022\/11\/Creator-QD-66002-Mechanical-Dinosaur-Agility-Model-12-1-90x90.jpg 90w\" sizes=\"(max-width: 800px) 100vw, 800px\" \/><figcaption id=\"caption-attachment-33443\" class=\"wp-caption-text\">QD 66002 Mekanisk Dinosaur Agility-modell med 1987-stykker<\/figcaption><\/figure>\n<figure id=\"attachment_33444\" aria-describedby=\"caption-attachment-33444\" style=\"width: 800px\" class=\"wp-caption aligncenter\"><img decoding=\"async\" class=\"wp-image-33444 size-full\" src=\"https:\/\/mouldking.store\/wp-content\/uploads\/2022\/11\/Creator-QD-66002-Mechanical-Dinosaur-Agility-Model-14.jpg\" alt=\"QD 66002 Mechanical Dinosaur Agility Model With 1987 Pieces\" width=\"800\" height=\"800\" title=\"-\" srcset=\"https:\/\/mouldking.store\/wp-content\/uploads\/2022\/11\/Creator-QD-66002-Mechanical-Dinosaur-Agility-Model-14.jpg 800w, https:\/\/mouldking.store\/wp-content\/uploads\/2022\/11\/Creator-QD-66002-Mechanical-Dinosaur-Agility-Model-14-300x300.jpg 300w, https:\/\/mouldking.store\/wp-content\/uploads\/2022\/11\/Creator-QD-66002-Mechanical-Dinosaur-Agility-Model-14-768x768.jpg 768w, https:\/\/mouldking.store\/wp-content\/uploads\/2022\/11\/Creator-QD-66002-Mechanical-Dinosaur-Agility-Model-14-600x600.jpg 600w, https:\/\/mouldking.store\/wp-content\/uploads\/2022\/11\/Creator-QD-66002-Mechanical-Dinosaur-Agility-Model-14-150x150.jpg 150w, https:\/\/mouldking.store\/wp-content\/uploads\/2022\/11\/Creator-QD-66002-Mechanical-Dinosaur-Agility-Model-14-60x60.jpg 60w, https:\/\/mouldking.store\/wp-content\/uploads\/2022\/11\/Creator-QD-66002-Mechanical-Dinosaur-Agility-Model-14-90x90.jpg 90w\" sizes=\"(max-width: 800px) 100vw, 800px\" \/><figcaption id=\"caption-attachment-33444\" class=\"wp-caption-text\">QD 66002 Mekanisk Dinosaur Agility-modell med 1987-stykker<\/figcaption><\/figure>\n<figure id=\"attachment_33445\" aria-describedby=\"caption-attachment-33445\" style=\"width: 800px\" class=\"wp-caption aligncenter\"><img decoding=\"async\" class=\"wp-image-33445 size-full\" src=\"https:\/\/mouldking.store\/wp-content\/uploads\/2022\/11\/Creator-QD-66002-Mechanical-Dinosaur-Agility-Model-13.jpg\" alt=\"QD 66002 Mechanical Dinosaur Agility Model With 1987 Pieces\" width=\"800\" height=\"800\" title=\"-\" srcset=\"https:\/\/mouldking.store\/wp-content\/uploads\/2022\/11\/Creator-QD-66002-Mechanical-Dinosaur-Agility-Model-13.jpg 800w, https:\/\/mouldking.store\/wp-content\/uploads\/2022\/11\/Creator-QD-66002-Mechanical-Dinosaur-Agility-Model-13-300x300.jpg 300w, https:\/\/mouldking.store\/wp-content\/uploads\/2022\/11\/Creator-QD-66002-Mechanical-Dinosaur-Agility-Model-13-768x768.jpg 768w, https:\/\/mouldking.store\/wp-content\/uploads\/2022\/11\/Creator-QD-66002-Mechanical-Dinosaur-Agility-Model-13-600x600.jpg 600w, https:\/\/mouldking.store\/wp-content\/uploads\/2022\/11\/Creator-QD-66002-Mechanical-Dinosaur-Agility-Model-13-150x150.jpg 150w, https:\/\/mouldking.store\/wp-content\/uploads\/2022\/11\/Creator-QD-66002-Mechanical-Dinosaur-Agility-Model-13-60x60.jpg 60w, https:\/\/mouldking.store\/wp-content\/uploads\/2022\/11\/Creator-QD-66002-Mechanical-Dinosaur-Agility-Model-13-90x90.jpg 90w\" sizes=\"(max-width: 800px) 100vw, 800px\" \/><figcaption id=\"caption-attachment-33445\" class=\"wp-caption-text\">QD 66002 Mekanisk Dinosaur Agility-modell med 1987-stykker<\/figcaption><\/figure>\n<figure id=\"attachment_33446\" aria-describedby=\"caption-attachment-33446\" style=\"width: 800px\" class=\"wp-caption aligncenter\"><img loading=\"lazy\" decoding=\"async\" class=\"wp-image-33446 size-full\" src=\"https:\/\/mouldking.store\/wp-content\/uploads\/2022\/11\/Creator-QD-66002-Mechanical-Dinosaur-Agility-Model-12.jpg\" alt=\"QD 66002 Mechanical Dinosaur Agility Model With 1987 Pieces\" width=\"800\" height=\"800\" title=\"-\" srcset=\"https:\/\/mouldking.store\/wp-content\/uploads\/2022\/11\/Creator-QD-66002-Mechanical-Dinosaur-Agility-Model-12.jpg 800w, https:\/\/mouldking.store\/wp-content\/uploads\/2022\/11\/Creator-QD-66002-Mechanical-Dinosaur-Agility-Model-12-300x300.jpg 300w, https:\/\/mouldking.store\/wp-content\/uploads\/2022\/11\/Creator-QD-66002-Mechanical-Dinosaur-Agility-Model-12-768x768.jpg 768w, https:\/\/mouldking.store\/wp-content\/uploads\/2022\/11\/Creator-QD-66002-Mechanical-Dinosaur-Agility-Model-12-600x600.jpg 600w, https:\/\/mouldking.store\/wp-content\/uploads\/2022\/11\/Creator-QD-66002-Mechanical-Dinosaur-Agility-Model-12-150x150.jpg 150w, https:\/\/mouldking.store\/wp-content\/uploads\/2022\/11\/Creator-QD-66002-Mechanical-Dinosaur-Agility-Model-12-60x60.jpg 60w, https:\/\/mouldking.store\/wp-content\/uploads\/2022\/11\/Creator-QD-66002-Mechanical-Dinosaur-Agility-Model-12-90x90.jpg 90w\" sizes=\"(max-width: 800px) 100vw, 800px\" \/><figcaption id=\"caption-attachment-33446\" class=\"wp-caption-text\">QD 66002 Mekanisk Dinosaur Agility-modell med 1987-stykker<\/figcaption><\/figure>\n<figure id=\"attachment_33447\" aria-describedby=\"caption-attachment-33447\" style=\"width: 800px\" class=\"wp-caption aligncenter\"><img loading=\"lazy\" decoding=\"async\" class=\"wp-image-33447 size-full\" src=\"https:\/\/mouldking.store\/wp-content\/uploads\/2022\/11\/Creator-QD-66002-Mechanical-Dinosaur-Agility-Model-15.jpg\" alt=\"QD 66002 Mechanical Dinosaur Agility Model With 1987 Pieces\" width=\"800\" height=\"800\" title=\"-\" srcset=\"https:\/\/mouldking.store\/wp-content\/uploads\/2022\/11\/Creator-QD-66002-Mechanical-Dinosaur-Agility-Model-15.jpg 800w, https:\/\/mouldking.store\/wp-content\/uploads\/2022\/11\/Creator-QD-66002-Mechanical-Dinosaur-Agility-Model-15-300x300.jpg 300w, https:\/\/mouldking.store\/wp-content\/uploads\/2022\/11\/Creator-QD-66002-Mechanical-Dinosaur-Agility-Model-15-768x768.jpg 768w, https:\/\/mouldking.store\/wp-content\/uploads\/2022\/11\/Creator-QD-66002-Mechanical-Dinosaur-Agility-Model-15-600x600.jpg 600w, https:\/\/mouldking.store\/wp-content\/uploads\/2022\/11\/Creator-QD-66002-Mechanical-Dinosaur-Agility-Model-15-150x150.jpg 150w, https:\/\/mouldking.store\/wp-content\/uploads\/2022\/11\/Creator-QD-66002-Mechanical-Dinosaur-Agility-Model-15-60x60.jpg 60w, https:\/\/mouldking.store\/wp-content\/uploads\/2022\/11\/Creator-QD-66002-Mechanical-Dinosaur-Agility-Model-15-90x90.jpg 90w\" sizes=\"(max-width: 800px) 100vw, 800px\" \/><figcaption id=\"caption-attachment-33447\" class=\"wp-caption-text\">QD 66002 Mekanisk Dinosaur Agility-modell med 1987-stykker<\/figcaption><\/figure>","protected":false},"excerpt":{"rendered":"<p>Product information: Brand: QD Gender: Unisex Name: Mechanical Dinosaur Agility Model Age Range: &gt; 6 years old Model Number: 66002 Classification: Assemblage Plastic Block Shape: Self-Locking Bricks Material: Plastic Plastic Type: ABS Bricks Blocks: 1987 PCS Dimensions: 64 x 23.7 x 25.5cm Contains detailed assembly instructions. Notice: 1. Without an original box, but we guarantee [&hellip;]<\/p>","protected":false},"featured_media":33443,"comment_status":"closed","ping_status":"closed","template":"","meta":{"_acf_changed":false},"product_cat":[1365],"product_tag":[2687,6231,2541,6227,6233,6232,6230],"class_list":["product","first","instock","shipping-taxable","purchasable","product-type-simple"],"acf":[],"_links":{"self":[{"href":"https:\/\/mouldking.store\/nb\/wp-json\/wp\/v2\/product\/33442","targetHints":{"allow":["GET"]}}],"collection":[{"href":"https:\/\/mouldking.store\/nb\/wp-json\/wp\/v2\/product"}],"about":[{"href":"https:\/\/mouldking.store\/nb\/wp-json\/wp\/v2\/types\/product"}],"replies":[{"embeddable":true,"href":"https:\/\/mouldking.store\/nb\/wp-json\/wp\/v2\/comments?post=33442"}],"wp:featuredmedia":[{"embeddable":true,"href":"https:\/\/mouldking.store\/nb\/wp-json\/wp\/v2\/media\/33443"}],"wp:attachment":[{"href":"https:\/\/mouldking.store\/nb\/wp-json\/wp\/v2\/media?parent=33442"}],"wp:term":[{"taxonomy":"product_cat","embeddable":true,"href":"https:\/\/mouldking.store\/nb\/wp-json\/wp\/v2\/product_cat?post=33442"},{"taxonomy":"product_tag","embeddable":true,"href":"https:\/\/mouldking.store\/nb\/wp-json\/wp\/v2\/product_tag?post=33442"}],"curies":[{"name":"wp","href":"https:\/\/api.w.org\/{rel}","templated":true}]}}