{"id":33454,"date":"2022-11-02T11:15:16","date_gmt":"2022-11-02T04:15:16","guid":{"rendered":"https:\/\/mouldking.store\/?post_type=product&#038;p=33454"},"modified":"2022-11-02T11:15:16","modified_gmt":"2022-11-02T04:15:16","slug":"mould-king-13111-black-pearl-with-2868-pieces","status":"publish","type":"product","link":"https:\/\/mouldking.store\/nb\/shop\/mould-king-13111-black-pearl-with-2868-pieces\/","title":{"rendered":"Mold King 13111 Black Pearl Med 2868 stk"},"content":{"rendered":"<p>Produktinformasjon:<\/p>\n<ol>\n<li>Merke: Mold King<\/li>\n<li>Kj\u00f8nn: Unisex<\/li>\n<li>Name: Black Pearl<\/li>\n<li>Aldersgruppe: &gt; 6 \u00e5r gammel<\/li>\n<li>Model Number: 13111<\/li>\n<li>Klassifisering: Montering<\/li>\n<li>Plastblokkform: Selvl\u00e5sende murstein<\/li>\n<li>Materiale: Plast<\/li>\n<li>Plasttype: ABS<\/li>\n<li>Bricks Blocks: 2868 PCS<\/li>\n<li>Dimensions: 76.3 x 61.2 x 25.5cm<\/li>\n<li>Inneholder detaljerte monteringsanvisninger.<\/li>\n<\/ol>\n<p>Legge merke til:<br \/>\n1. Uten original eske, men vi garanterer at v\u00e5re produkter har kvalitetssikring og pen emballasje.<br \/>\n2. Som alle delene vi har sjekket f\u00f8r frakt, s\u00e5 hvis du finner noen deler savnet eller skadet, ikke bekymre deg og bare kontakt oss, s\u00e5 kan vi sende dem til deg p\u00e5 nytt umiddelbart gratis.<\/p>\n<figure id=\"attachment_33455\" aria-describedby=\"caption-attachment-33455\" style=\"width: 768px\" class=\"wp-caption aligncenter\"><img fetchpriority=\"high\" decoding=\"async\" class=\"wp-image-33455 size-full\" src=\"https:\/\/mouldking.store\/wp-content\/uploads\/2022\/11\/Creator-Mould-King-13111-Black-Pearl-1-768x768-1.jpg\" alt=\"Mould King 13111 Black Pearl With 2868 Pieces\" width=\"768\" height=\"768\" title=\"-\" srcset=\"https:\/\/mouldking.store\/wp-content\/uploads\/2022\/11\/Creator-Mould-King-13111-Black-Pearl-1-768x768-1.jpg 768w, https:\/\/mouldking.store\/wp-content\/uploads\/2022\/11\/Creator-Mould-King-13111-Black-Pearl-1-768x768-1-300x300.jpg 300w, https:\/\/mouldking.store\/wp-content\/uploads\/2022\/11\/Creator-Mould-King-13111-Black-Pearl-1-768x768-1-600x600.jpg 600w, https:\/\/mouldking.store\/wp-content\/uploads\/2022\/11\/Creator-Mould-King-13111-Black-Pearl-1-768x768-1-150x150.jpg 150w, https:\/\/mouldking.store\/wp-content\/uploads\/2022\/11\/Creator-Mould-King-13111-Black-Pearl-1-768x768-1-60x60.jpg 60w, https:\/\/mouldking.store\/wp-content\/uploads\/2022\/11\/Creator-Mould-King-13111-Black-Pearl-1-768x768-1-90x90.jpg 90w\" sizes=\"(max-width: 768px) 100vw, 768px\" \/><figcaption id=\"caption-attachment-33455\" class=\"wp-caption-text\">Mold King 13111 Black Pearl Med 2868 stk<\/figcaption><\/figure>\n<figure id=\"attachment_33456\" aria-describedby=\"caption-attachment-33456\" style=\"width: 574px\" class=\"wp-caption aligncenter\"><img decoding=\"async\" class=\"wp-image-33456 size-full\" src=\"https:\/\/mouldking.store\/wp-content\/uploads\/2022\/11\/Creator-Mould-King-13111-Black-Pearl-6-574x700-1.jpg\" alt=\"Mould King 13111 Black Pearl With 2868 Pieces\" width=\"574\" height=\"700\" title=\"-\" srcset=\"https:\/\/mouldking.store\/wp-content\/uploads\/2022\/11\/Creator-Mould-King-13111-Black-Pearl-6-574x700-1.jpg 574w, https:\/\/mouldking.store\/wp-content\/uploads\/2022\/11\/Creator-Mould-King-13111-Black-Pearl-6-574x700-1-246x300.jpg 246w, https:\/\/mouldking.store\/wp-content\/uploads\/2022\/11\/Creator-Mould-King-13111-Black-Pearl-6-574x700-1-300x366.jpg 300w, https:\/\/mouldking.store\/wp-content\/uploads\/2022\/11\/Creator-Mould-King-13111-Black-Pearl-6-574x700-1-123x150.jpg 123w, https:\/\/mouldking.store\/wp-content\/uploads\/2022\/11\/Creator-Mould-King-13111-Black-Pearl-6-574x700-1-49x60.jpg 49w, https:\/\/mouldking.store\/wp-content\/uploads\/2022\/11\/Creator-Mould-King-13111-Black-Pearl-6-574x700-1-74x90.jpg 74w\" sizes=\"(max-width: 574px) 100vw, 574px\" \/><figcaption id=\"caption-attachment-33456\" class=\"wp-caption-text\">Mold King 13111 Black Pearl Med 2868 stk<\/figcaption><\/figure>\n<figure id=\"attachment_33457\" aria-describedby=\"caption-attachment-33457\" style=\"width: 535px\" class=\"wp-caption aligncenter\"><img decoding=\"async\" class=\"wp-image-33457 size-full\" src=\"https:\/\/mouldking.store\/wp-content\/uploads\/2022\/11\/Creator-Mould-King-13111-Black-Pearl-5-535x700-1.jpg\" alt=\"Mould King 13111 Black Pearl With 2868 Pieces\" width=\"535\" height=\"700\" title=\"-\" srcset=\"https:\/\/mouldking.store\/wp-content\/uploads\/2022\/11\/Creator-Mould-King-13111-Black-Pearl-5-535x700-1.jpg 535w, https:\/\/mouldking.store\/wp-content\/uploads\/2022\/11\/Creator-Mould-King-13111-Black-Pearl-5-535x700-1-229x300.jpg 229w, https:\/\/mouldking.store\/wp-content\/uploads\/2022\/11\/Creator-Mould-King-13111-Black-Pearl-5-535x700-1-300x393.jpg 300w, https:\/\/mouldking.store\/wp-content\/uploads\/2022\/11\/Creator-Mould-King-13111-Black-Pearl-5-535x700-1-115x150.jpg 115w, https:\/\/mouldking.store\/wp-content\/uploads\/2022\/11\/Creator-Mould-King-13111-Black-Pearl-5-535x700-1-46x60.jpg 46w, https:\/\/mouldking.store\/wp-content\/uploads\/2022\/11\/Creator-Mould-King-13111-Black-Pearl-5-535x700-1-69x90.jpg 69w\" sizes=\"(max-width: 535px) 100vw, 535px\" \/><figcaption id=\"caption-attachment-33457\" class=\"wp-caption-text\">Mold King 13111 Black Pearl Med 2868 stk<\/figcaption><\/figure>\n<figure id=\"attachment_33458\" aria-describedby=\"caption-attachment-33458\" style=\"width: 584px\" class=\"wp-caption aligncenter\"><img loading=\"lazy\" decoding=\"async\" class=\"wp-image-33458 size-full\" src=\"https:\/\/mouldking.store\/wp-content\/uploads\/2022\/11\/Creator-Mould-King-13111-Black-Pearl-4.jpg\" alt=\"Mould King 13111 Black Pearl With 2868 Pieces\" width=\"584\" height=\"552\" title=\"-\" srcset=\"https:\/\/mouldking.store\/wp-content\/uploads\/2022\/11\/Creator-Mould-King-13111-Black-Pearl-4.jpg 584w, https:\/\/mouldking.store\/wp-content\/uploads\/2022\/11\/Creator-Mould-King-13111-Black-Pearl-4-300x284.jpg 300w, https:\/\/mouldking.store\/wp-content\/uploads\/2022\/11\/Creator-Mould-King-13111-Black-Pearl-4-150x142.jpg 150w, https:\/\/mouldking.store\/wp-content\/uploads\/2022\/11\/Creator-Mould-King-13111-Black-Pearl-4-63x60.jpg 63w, https:\/\/mouldking.store\/wp-content\/uploads\/2022\/11\/Creator-Mould-King-13111-Black-Pearl-4-95x90.jpg 95w\" sizes=\"(max-width: 584px) 100vw, 584px\" \/><figcaption id=\"caption-attachment-33458\" class=\"wp-caption-text\">Mold King 13111 Black Pearl Med 2868 stk<\/figcaption><\/figure>\n<figure id=\"attachment_33459\" aria-describedby=\"caption-attachment-33459\" style=\"width: 582px\" class=\"wp-caption aligncenter\"><img loading=\"lazy\" decoding=\"async\" class=\"wp-image-33459 size-full\" src=\"https:\/\/mouldking.store\/wp-content\/uploads\/2022\/11\/Creator-Mould-King-13111-Black-Pearl-3.jpg\" alt=\"Mould King 13111 Black Pearl With 2868 Pieces\" width=\"582\" height=\"1024\" title=\"-\" srcset=\"https:\/\/mouldking.store\/wp-content\/uploads\/2022\/11\/Creator-Mould-King-13111-Black-Pearl-3.jpg 582w, https:\/\/mouldking.store\/wp-content\/uploads\/2022\/11\/Creator-Mould-King-13111-Black-Pearl-3-171x300.jpg 171w, https:\/\/mouldking.store\/wp-content\/uploads\/2022\/11\/Creator-Mould-King-13111-Black-Pearl-3-300x528.jpg 300w, https:\/\/mouldking.store\/wp-content\/uploads\/2022\/11\/Creator-Mould-King-13111-Black-Pearl-3-85x150.jpg 85w, https:\/\/mouldking.store\/wp-content\/uploads\/2022\/11\/Creator-Mould-King-13111-Black-Pearl-3-34x60.jpg 34w, https:\/\/mouldking.store\/wp-content\/uploads\/2022\/11\/Creator-Mould-King-13111-Black-Pearl-3-51x90.jpg 51w\" sizes=\"(max-width: 582px) 100vw, 582px\" \/><figcaption id=\"caption-attachment-33459\" class=\"wp-caption-text\">Mold King 13111 Black Pearl Med 2868 stk<\/figcaption><\/figure>\n<figure id=\"attachment_33460\" aria-describedby=\"caption-attachment-33460\" style=\"width: 555px\" class=\"wp-caption aligncenter\"><img loading=\"lazy\" decoding=\"async\" class=\"wp-image-33460 size-full\" src=\"https:\/\/mouldking.store\/wp-content\/uploads\/2022\/11\/Creator-Mould-King-13111-Black-Pearl-2-555x700-1.jpg\" alt=\"Mould King 13111 Black Pearl With 2868 Pieces\" width=\"555\" height=\"700\" title=\"-\" srcset=\"https:\/\/mouldking.store\/wp-content\/uploads\/2022\/11\/Creator-Mould-King-13111-Black-Pearl-2-555x700-1.jpg 555w, https:\/\/mouldking.store\/wp-content\/uploads\/2022\/11\/Creator-Mould-King-13111-Black-Pearl-2-555x700-1-238x300.jpg 238w, https:\/\/mouldking.store\/wp-content\/uploads\/2022\/11\/Creator-Mould-King-13111-Black-Pearl-2-555x700-1-300x378.jpg 300w, https:\/\/mouldking.store\/wp-content\/uploads\/2022\/11\/Creator-Mould-King-13111-Black-Pearl-2-555x700-1-119x150.jpg 119w, https:\/\/mouldking.store\/wp-content\/uploads\/2022\/11\/Creator-Mould-King-13111-Black-Pearl-2-555x700-1-48x60.jpg 48w, https:\/\/mouldking.store\/wp-content\/uploads\/2022\/11\/Creator-Mould-King-13111-Black-Pearl-2-555x700-1-71x90.jpg 71w\" sizes=\"(max-width: 555px) 100vw, 555px\" \/><figcaption id=\"caption-attachment-33460\" class=\"wp-caption-text\">Mold King 13111 Black Pearl Med 2868 stk<\/figcaption><\/figure>","protected":false},"excerpt":{"rendered":"<p>Product information: Brand: Mould King Gender: Unisex Name: Black Pearl Age Range: &gt; 6 years old Model Number: 13111 Classification: Assemblage Plastic Block Shape: Self-Locking Bricks Material: Plastic Plastic Type: ABS Bricks Blocks: 2868 PCS Dimensions: 76.3 x 61.2 x 25.5cm Contains detailed assembly instructions. Notice: 1. Without an original box, but we guarantee our [&hellip;]<\/p>","protected":false},"featured_media":33455,"comment_status":"closed","ping_status":"closed","template":"","meta":{"_acf_changed":false},"product_cat":[1408],"product_tag":[6239,6242,6240,615,6241,6238],"class_list":["product","first","instock","shipping-taxable","purchasable","product-type-simple"],"acf":[],"_links":{"self":[{"href":"https:\/\/mouldking.store\/nb\/wp-json\/wp\/v2\/product\/33454","targetHints":{"allow":["GET"]}}],"collection":[{"href":"https:\/\/mouldking.store\/nb\/wp-json\/wp\/v2\/product"}],"about":[{"href":"https:\/\/mouldking.store\/nb\/wp-json\/wp\/v2\/types\/product"}],"replies":[{"embeddable":true,"href":"https:\/\/mouldking.store\/nb\/wp-json\/wp\/v2\/comments?post=33454"}],"wp:featuredmedia":[{"embeddable":true,"href":"https:\/\/mouldking.store\/nb\/wp-json\/wp\/v2\/media\/33455"}],"wp:attachment":[{"href":"https:\/\/mouldking.store\/nb\/wp-json\/wp\/v2\/media?parent=33454"}],"wp:term":[{"taxonomy":"product_cat","embeddable":true,"href":"https:\/\/mouldking.store\/nb\/wp-json\/wp\/v2\/product_cat?post=33454"},{"taxonomy":"product_tag","embeddable":true,"href":"https:\/\/mouldking.store\/nb\/wp-json\/wp\/v2\/product_tag?post=33454"}],"curies":[{"name":"wp","href":"https:\/\/api.w.org\/{rel}","templated":true}]}}