{"id":33466,"date":"2022-11-02T11:30:54","date_gmt":"2022-11-02T04:30:54","guid":{"rendered":"https:\/\/mouldking.store\/?post_type=product&#038;p=33466"},"modified":"2022-11-02T11:30:54","modified_gmt":"2022-11-02T04:30:54","slug":"sembo-605013-605016-tricky-magic-night-4-in-1-with-493-pieces","status":"publish","type":"product","link":"https:\/\/mouldking.store\/nb\/shop\/sembo-605013-605016-tricky-magic-night-4-in-1-with-493-pieces\/","title":{"rendered":"SEMBO 605013-605016 Tricky Magic Night 4 i 1 med 493 stykker"},"content":{"rendered":"<p>Produktinformasjon:<\/p>\n<ol>\n<li>Merke: SEMBO<\/li>\n<li>Kj\u00f8nn: Unisex<\/li>\n<li>Navn: Tricky Magic Night 4 i 1<\/li>\n<li>Aldersgruppe: &gt; 6 \u00e5r gammel<\/li>\n<li>Modellnummer: 605013-605016<\/li>\n<li>Klassifisering: Montering<\/li>\n<li>Plastblokkform: Selvl\u00e5sende murstein<\/li>\n<li>Materiale: Plast<\/li>\n<li>Plasttype: ABS<\/li>\n<li>Mursteinsblokker: 493 STK<\/li>\n<li>Dimensjoner: 15,7 \u00d7 7,6 \u00d7 10 cm (*4)<\/li>\n<li>Inneholder detaljerte monteringsanvisninger.<\/li>\n<\/ol>\n<p>Legge merke til:<br \/>\n1. Uten original eske, men vi garanterer at v\u00e5re produkter har kvalitetssikring og pen emballasje.<br \/>\n2. Som alle delene vi har sjekket f\u00f8r frakt, s\u00e5 hvis du finner noen deler savnet eller skadet, ikke bekymre deg og bare kontakt oss, s\u00e5 kan vi sende dem til deg p\u00e5 nytt umiddelbart gratis.<\/p>\n<figure id=\"attachment_33467\" aria-describedby=\"caption-attachment-33467\" style=\"width: 768px\" class=\"wp-caption aligncenter\"><img fetchpriority=\"high\" decoding=\"async\" class=\"wp-image-33467 size-full\" src=\"https:\/\/mouldking.store\/wp-content\/uploads\/2022\/11\/Creator-SEMBO-605013-605016-Tricky-Magic-Night-4-in-1-1-768x768-1.jpg\" alt=\"SEMBO 605013-605016 Tricky Magic Night 4 in 1 With 493 Pieces\" width=\"768\" height=\"768\" title=\"-\" srcset=\"https:\/\/mouldking.store\/wp-content\/uploads\/2022\/11\/Creator-SEMBO-605013-605016-Tricky-Magic-Night-4-in-1-1-768x768-1.jpg 768w, https:\/\/mouldking.store\/wp-content\/uploads\/2022\/11\/Creator-SEMBO-605013-605016-Tricky-Magic-Night-4-in-1-1-768x768-1-300x300.jpg 300w, https:\/\/mouldking.store\/wp-content\/uploads\/2022\/11\/Creator-SEMBO-605013-605016-Tricky-Magic-Night-4-in-1-1-768x768-1-600x600.jpg 600w, https:\/\/mouldking.store\/wp-content\/uploads\/2022\/11\/Creator-SEMBO-605013-605016-Tricky-Magic-Night-4-in-1-1-768x768-1-150x150.jpg 150w, https:\/\/mouldking.store\/wp-content\/uploads\/2022\/11\/Creator-SEMBO-605013-605016-Tricky-Magic-Night-4-in-1-1-768x768-1-60x60.jpg 60w, https:\/\/mouldking.store\/wp-content\/uploads\/2022\/11\/Creator-SEMBO-605013-605016-Tricky-Magic-Night-4-in-1-1-768x768-1-90x90.jpg 90w\" sizes=\"(max-width: 768px) 100vw, 768px\" \/><figcaption id=\"caption-attachment-33467\" class=\"wp-caption-text\">SEMBO 605013-605016 Tricky Magic Night 4 i 1 med 493 stykker<\/figcaption><\/figure>\n<figure id=\"attachment_33468\" aria-describedby=\"caption-attachment-33468\" style=\"width: 768px\" class=\"wp-caption aligncenter\"><img decoding=\"async\" class=\"wp-image-33468 size-full\" src=\"https:\/\/mouldking.store\/wp-content\/uploads\/2022\/11\/Creator-SEMBO-605013-605016-Tricky-Magic-Night-4-in-1-9-768x768-1.jpg\" alt=\"SEMBO 605013-605016 Tricky Magic Night 4 in 1 With 493 Pieces\" width=\"768\" height=\"768\" title=\"-\" srcset=\"https:\/\/mouldking.store\/wp-content\/uploads\/2022\/11\/Creator-SEMBO-605013-605016-Tricky-Magic-Night-4-in-1-9-768x768-1.jpg 768w, https:\/\/mouldking.store\/wp-content\/uploads\/2022\/11\/Creator-SEMBO-605013-605016-Tricky-Magic-Night-4-in-1-9-768x768-1-300x300.jpg 300w, https:\/\/mouldking.store\/wp-content\/uploads\/2022\/11\/Creator-SEMBO-605013-605016-Tricky-Magic-Night-4-in-1-9-768x768-1-600x600.jpg 600w, https:\/\/mouldking.store\/wp-content\/uploads\/2022\/11\/Creator-SEMBO-605013-605016-Tricky-Magic-Night-4-in-1-9-768x768-1-150x150.jpg 150w, https:\/\/mouldking.store\/wp-content\/uploads\/2022\/11\/Creator-SEMBO-605013-605016-Tricky-Magic-Night-4-in-1-9-768x768-1-60x60.jpg 60w, https:\/\/mouldking.store\/wp-content\/uploads\/2022\/11\/Creator-SEMBO-605013-605016-Tricky-Magic-Night-4-in-1-9-768x768-1-90x90.jpg 90w\" sizes=\"(max-width: 768px) 100vw, 768px\" \/><figcaption id=\"caption-attachment-33468\" class=\"wp-caption-text\">SEMBO 605013-605016 Tricky Magic Night 4 i 1 med 493 stykker<\/figcaption><\/figure>\n<figure id=\"attachment_33469\" aria-describedby=\"caption-attachment-33469\" style=\"width: 697px\" class=\"wp-caption aligncenter\"><img decoding=\"async\" class=\"wp-image-33469 size-full\" src=\"https:\/\/mouldking.store\/wp-content\/uploads\/2022\/11\/Creator-SEMBO-605013-605016-Tricky-Magic-Night-4-in-1-5.jpg\" alt=\"SEMBO 605013-605016 Tricky Magic Night 4 in 1 With 493 Pieces\" width=\"697\" height=\"1024\" title=\"-\" srcset=\"https:\/\/mouldking.store\/wp-content\/uploads\/2022\/11\/Creator-SEMBO-605013-605016-Tricky-Magic-Night-4-in-1-5.jpg 697w, https:\/\/mouldking.store\/wp-content\/uploads\/2022\/11\/Creator-SEMBO-605013-605016-Tricky-Magic-Night-4-in-1-5-204x300.jpg 204w, https:\/\/mouldking.store\/wp-content\/uploads\/2022\/11\/Creator-SEMBO-605013-605016-Tricky-Magic-Night-4-in-1-5-300x441.jpg 300w, https:\/\/mouldking.store\/wp-content\/uploads\/2022\/11\/Creator-SEMBO-605013-605016-Tricky-Magic-Night-4-in-1-5-600x881.jpg 600w, https:\/\/mouldking.store\/wp-content\/uploads\/2022\/11\/Creator-SEMBO-605013-605016-Tricky-Magic-Night-4-in-1-5-102x150.jpg 102w, https:\/\/mouldking.store\/wp-content\/uploads\/2022\/11\/Creator-SEMBO-605013-605016-Tricky-Magic-Night-4-in-1-5-41x60.jpg 41w, https:\/\/mouldking.store\/wp-content\/uploads\/2022\/11\/Creator-SEMBO-605013-605016-Tricky-Magic-Night-4-in-1-5-61x90.jpg 61w\" sizes=\"(max-width: 697px) 100vw, 697px\" \/><figcaption id=\"caption-attachment-33469\" class=\"wp-caption-text\">SEMBO 605013-605016 Tricky Magic Night 4 i 1 med 493 stykker<\/figcaption><\/figure>\n<figure id=\"attachment_33470\" aria-describedby=\"caption-attachment-33470\" style=\"width: 595px\" class=\"wp-caption aligncenter\"><img loading=\"lazy\" decoding=\"async\" class=\"wp-image-33470 size-full\" src=\"https:\/\/mouldking.store\/wp-content\/uploads\/2022\/11\/Creator-SEMBO-605013-605016-Tricky-Magic-Night-4-in-1-6.jpg\" alt=\"SEMBO 605013-605016 Tricky Magic Night 4 in 1 With 493 Pieces\" width=\"595\" height=\"1024\" title=\"-\" srcset=\"https:\/\/mouldking.store\/wp-content\/uploads\/2022\/11\/Creator-SEMBO-605013-605016-Tricky-Magic-Night-4-in-1-6.jpg 595w, https:\/\/mouldking.store\/wp-content\/uploads\/2022\/11\/Creator-SEMBO-605013-605016-Tricky-Magic-Night-4-in-1-6-174x300.jpg 174w, https:\/\/mouldking.store\/wp-content\/uploads\/2022\/11\/Creator-SEMBO-605013-605016-Tricky-Magic-Night-4-in-1-6-300x516.jpg 300w, https:\/\/mouldking.store\/wp-content\/uploads\/2022\/11\/Creator-SEMBO-605013-605016-Tricky-Magic-Night-4-in-1-6-87x150.jpg 87w, https:\/\/mouldking.store\/wp-content\/uploads\/2022\/11\/Creator-SEMBO-605013-605016-Tricky-Magic-Night-4-in-1-6-35x60.jpg 35w, https:\/\/mouldking.store\/wp-content\/uploads\/2022\/11\/Creator-SEMBO-605013-605016-Tricky-Magic-Night-4-in-1-6-52x90.jpg 52w\" sizes=\"(max-width: 595px) 100vw, 595px\" \/><figcaption id=\"caption-attachment-33470\" class=\"wp-caption-text\">SEMBO 605013-605016 Tricky Magic Night 4 i 1 med 493 stykker<\/figcaption><\/figure>\n<figure id=\"attachment_33471\" aria-describedby=\"caption-attachment-33471\" style=\"width: 709px\" class=\"wp-caption aligncenter\"><img loading=\"lazy\" decoding=\"async\" class=\"wp-image-33471 size-full\" src=\"https:\/\/mouldking.store\/wp-content\/uploads\/2022\/11\/Creator-SEMBO-605013-605016-Tricky-Magic-Night-4-in-1-2.jpg\" alt=\"SEMBO 605013-605016 Tricky Magic Night 4 in 1 With 493 Pieces\" width=\"709\" height=\"1024\" title=\"-\" srcset=\"https:\/\/mouldking.store\/wp-content\/uploads\/2022\/11\/Creator-SEMBO-605013-605016-Tricky-Magic-Night-4-in-1-2.jpg 709w, https:\/\/mouldking.store\/wp-content\/uploads\/2022\/11\/Creator-SEMBO-605013-605016-Tricky-Magic-Night-4-in-1-2-208x300.jpg 208w, https:\/\/mouldking.store\/wp-content\/uploads\/2022\/11\/Creator-SEMBO-605013-605016-Tricky-Magic-Night-4-in-1-2-300x433.jpg 300w, https:\/\/mouldking.store\/wp-content\/uploads\/2022\/11\/Creator-SEMBO-605013-605016-Tricky-Magic-Night-4-in-1-2-600x867.jpg 600w, https:\/\/mouldking.store\/wp-content\/uploads\/2022\/11\/Creator-SEMBO-605013-605016-Tricky-Magic-Night-4-in-1-2-104x150.jpg 104w, https:\/\/mouldking.store\/wp-content\/uploads\/2022\/11\/Creator-SEMBO-605013-605016-Tricky-Magic-Night-4-in-1-2-42x60.jpg 42w, https:\/\/mouldking.store\/wp-content\/uploads\/2022\/11\/Creator-SEMBO-605013-605016-Tricky-Magic-Night-4-in-1-2-62x90.jpg 62w\" sizes=\"(max-width: 709px) 100vw, 709px\" \/><figcaption id=\"caption-attachment-33471\" class=\"wp-caption-text\">SEMBO 605013-605016 Tricky Magic Night 4 i 1 med 493 stykker<\/figcaption><\/figure>\n<figure id=\"attachment_33472\" aria-describedby=\"caption-attachment-33472\" style=\"width: 673px\" class=\"wp-caption aligncenter\"><img loading=\"lazy\" decoding=\"async\" class=\"wp-image-33472 size-full\" src=\"https:\/\/mouldking.store\/wp-content\/uploads\/2022\/11\/Creator-SEMBO-605013-605016-Tricky-Magic-Night-4-in-1-8.jpg\" alt=\"SEMBO 605013-605016 Tricky Magic Night 4 in 1 With 493 Pieces\" width=\"673\" height=\"1024\" title=\"-\" srcset=\"https:\/\/mouldking.store\/wp-content\/uploads\/2022\/11\/Creator-SEMBO-605013-605016-Tricky-Magic-Night-4-in-1-8.jpg 673w, https:\/\/mouldking.store\/wp-content\/uploads\/2022\/11\/Creator-SEMBO-605013-605016-Tricky-Magic-Night-4-in-1-8-197x300.jpg 197w, https:\/\/mouldking.store\/wp-content\/uploads\/2022\/11\/Creator-SEMBO-605013-605016-Tricky-Magic-Night-4-in-1-8-300x456.jpg 300w, https:\/\/mouldking.store\/wp-content\/uploads\/2022\/11\/Creator-SEMBO-605013-605016-Tricky-Magic-Night-4-in-1-8-600x913.jpg 600w, https:\/\/mouldking.store\/wp-content\/uploads\/2022\/11\/Creator-SEMBO-605013-605016-Tricky-Magic-Night-4-in-1-8-99x150.jpg 99w, https:\/\/mouldking.store\/wp-content\/uploads\/2022\/11\/Creator-SEMBO-605013-605016-Tricky-Magic-Night-4-in-1-8-39x60.jpg 39w, https:\/\/mouldking.store\/wp-content\/uploads\/2022\/11\/Creator-SEMBO-605013-605016-Tricky-Magic-Night-4-in-1-8-59x90.jpg 59w\" sizes=\"(max-width: 673px) 100vw, 673px\" \/><figcaption id=\"caption-attachment-33472\" class=\"wp-caption-text\">SEMBO 605013-605016 Tricky Magic Night 4 i 1 med 493 stykker<\/figcaption><\/figure>\n<figure id=\"attachment_33473\" aria-describedby=\"caption-attachment-33473\" style=\"width: 600px\" class=\"wp-caption aligncenter\"><img loading=\"lazy\" decoding=\"async\" class=\"wp-image-33473 size-full\" src=\"https:\/\/mouldking.store\/wp-content\/uploads\/2022\/11\/Creator-SEMBO-605013-605016-Tricky-Magic-Night-4-in-1-7-600x1002-1.jpg\" alt=\"SEMBO 605013-605016 Tricky Magic Night 4 in 1 With 493 Pieces\" width=\"600\" height=\"1002\" title=\"-\" srcset=\"https:\/\/mouldking.store\/wp-content\/uploads\/2022\/11\/Creator-SEMBO-605013-605016-Tricky-Magic-Night-4-in-1-7-600x1002-1.jpg 600w, https:\/\/mouldking.store\/wp-content\/uploads\/2022\/11\/Creator-SEMBO-605013-605016-Tricky-Magic-Night-4-in-1-7-600x1002-1-180x300.jpg 180w, https:\/\/mouldking.store\/wp-content\/uploads\/2022\/11\/Creator-SEMBO-605013-605016-Tricky-Magic-Night-4-in-1-7-600x1002-1-300x501.jpg 300w, https:\/\/mouldking.store\/wp-content\/uploads\/2022\/11\/Creator-SEMBO-605013-605016-Tricky-Magic-Night-4-in-1-7-600x1002-1-90x150.jpg 90w, https:\/\/mouldking.store\/wp-content\/uploads\/2022\/11\/Creator-SEMBO-605013-605016-Tricky-Magic-Night-4-in-1-7-600x1002-1-36x60.jpg 36w, https:\/\/mouldking.store\/wp-content\/uploads\/2022\/11\/Creator-SEMBO-605013-605016-Tricky-Magic-Night-4-in-1-7-600x1002-1-54x90.jpg 54w\" sizes=\"(max-width: 600px) 100vw, 600px\" \/><figcaption id=\"caption-attachment-33473\" class=\"wp-caption-text\">SEMBO 605013-605016 Tricky Magic Night 4 i 1 med 493 stykker<\/figcaption><\/figure>\n<figure id=\"attachment_33474\" aria-describedby=\"caption-attachment-33474\" style=\"width: 683px\" class=\"wp-caption aligncenter\"><img loading=\"lazy\" decoding=\"async\" class=\"wp-image-33474 size-full\" src=\"https:\/\/mouldking.store\/wp-content\/uploads\/2022\/11\/Creator-SEMBO-605013-605016-Tricky-Magic-Night-4-in-1-3.jpg\" alt=\"SEMBO 605013-605016 Tricky Magic Night 4 in 1 With 493 Pieces\" width=\"683\" height=\"1024\" title=\"-\" srcset=\"https:\/\/mouldking.store\/wp-content\/uploads\/2022\/11\/Creator-SEMBO-605013-605016-Tricky-Magic-Night-4-in-1-3.jpg 683w, https:\/\/mouldking.store\/wp-content\/uploads\/2022\/11\/Creator-SEMBO-605013-605016-Tricky-Magic-Night-4-in-1-3-200x300.jpg 200w, https:\/\/mouldking.store\/wp-content\/uploads\/2022\/11\/Creator-SEMBO-605013-605016-Tricky-Magic-Night-4-in-1-3-300x450.jpg 300w, https:\/\/mouldking.store\/wp-content\/uploads\/2022\/11\/Creator-SEMBO-605013-605016-Tricky-Magic-Night-4-in-1-3-600x900.jpg 600w, https:\/\/mouldking.store\/wp-content\/uploads\/2022\/11\/Creator-SEMBO-605013-605016-Tricky-Magic-Night-4-in-1-3-100x150.jpg 100w, https:\/\/mouldking.store\/wp-content\/uploads\/2022\/11\/Creator-SEMBO-605013-605016-Tricky-Magic-Night-4-in-1-3-40x60.jpg 40w, https:\/\/mouldking.store\/wp-content\/uploads\/2022\/11\/Creator-SEMBO-605013-605016-Tricky-Magic-Night-4-in-1-3-60x90.jpg 60w\" sizes=\"(max-width: 683px) 100vw, 683px\" \/><figcaption id=\"caption-attachment-33474\" class=\"wp-caption-text\">SEMBO 605013-605016 Tricky Magic Night 4 i 1 med 493 stykker<\/figcaption><\/figure>\n<figure id=\"attachment_33475\" aria-describedby=\"caption-attachment-33475\" style=\"width: 940px\" class=\"wp-caption aligncenter\"><img loading=\"lazy\" decoding=\"async\" class=\"wp-image-33475 size-full\" src=\"https:\/\/mouldking.store\/wp-content\/uploads\/2022\/11\/Creator-SEMBO-605013-605016-Tricky-Magic-Night-4-in-1-4.jpg\" alt=\"SEMBO 605013-605016 Tricky Magic Night 4 in 1 With 493 Pieces\" width=\"940\" height=\"1024\" title=\"-\" srcset=\"https:\/\/mouldking.store\/wp-content\/uploads\/2022\/11\/Creator-SEMBO-605013-605016-Tricky-Magic-Night-4-in-1-4.jpg 940w, https:\/\/mouldking.store\/wp-content\/uploads\/2022\/11\/Creator-SEMBO-605013-605016-Tricky-Magic-Night-4-in-1-4-275x300.jpg 275w, https:\/\/mouldking.store\/wp-content\/uploads\/2022\/11\/Creator-SEMBO-605013-605016-Tricky-Magic-Night-4-in-1-4-768x837.jpg 768w, https:\/\/mouldking.store\/wp-content\/uploads\/2022\/11\/Creator-SEMBO-605013-605016-Tricky-Magic-Night-4-in-1-4-300x327.jpg 300w, https:\/\/mouldking.store\/wp-content\/uploads\/2022\/11\/Creator-SEMBO-605013-605016-Tricky-Magic-Night-4-in-1-4-600x654.jpg 600w, https:\/\/mouldking.store\/wp-content\/uploads\/2022\/11\/Creator-SEMBO-605013-605016-Tricky-Magic-Night-4-in-1-4-138x150.jpg 138w, https:\/\/mouldking.store\/wp-content\/uploads\/2022\/11\/Creator-SEMBO-605013-605016-Tricky-Magic-Night-4-in-1-4-55x60.jpg 55w, https:\/\/mouldking.store\/wp-content\/uploads\/2022\/11\/Creator-SEMBO-605013-605016-Tricky-Magic-Night-4-in-1-4-83x90.jpg 83w\" sizes=\"(max-width: 940px) 100vw, 940px\" \/><figcaption id=\"caption-attachment-33475\" class=\"wp-caption-text\">SEMBO 605013-605016 Tricky Magic Night 4 i 1 med 493 stykker<\/figcaption><\/figure>","protected":false},"excerpt":{"rendered":"<p>Product information: Brand: SEMBO Gender: Unisex Name:Tricky Magic Night 4 in 1 Age Range: &gt; 6 years old Model Number: 605013-605016 Classification: Assemblage Plastic Block Shape: Self-Locking Bricks Material: Plastic Plastic Type: ABS Bricks Blocks: 493 PCS Dimensions: 15.7 \u00d7 7.6 \u00d7 10 cm (*4) Contains detailed assembly instructions. Notice: 1. Without an original box, [&hellip;]<\/p>","protected":false},"featured_media":33467,"comment_status":"closed","ping_status":"closed","template":"","meta":{"_acf_changed":false},"product_cat":[1365],"product_tag":[6250,1491,6252,6249,6251,6253],"class_list":["product","first","instock","shipping-taxable","purchasable","product-type-simple"],"acf":[],"_links":{"self":[{"href":"https:\/\/mouldking.store\/nb\/wp-json\/wp\/v2\/product\/33466","targetHints":{"allow":["GET"]}}],"collection":[{"href":"https:\/\/mouldking.store\/nb\/wp-json\/wp\/v2\/product"}],"about":[{"href":"https:\/\/mouldking.store\/nb\/wp-json\/wp\/v2\/types\/product"}],"replies":[{"embeddable":true,"href":"https:\/\/mouldking.store\/nb\/wp-json\/wp\/v2\/comments?post=33466"}],"wp:featuredmedia":[{"embeddable":true,"href":"https:\/\/mouldking.store\/nb\/wp-json\/wp\/v2\/media\/33467"}],"wp:attachment":[{"href":"https:\/\/mouldking.store\/nb\/wp-json\/wp\/v2\/media?parent=33466"}],"wp:term":[{"taxonomy":"product_cat","embeddable":true,"href":"https:\/\/mouldking.store\/nb\/wp-json\/wp\/v2\/product_cat?post=33466"},{"taxonomy":"product_tag","embeddable":true,"href":"https:\/\/mouldking.store\/nb\/wp-json\/wp\/v2\/product_tag?post=33466"}],"curies":[{"name":"wp","href":"https:\/\/api.w.org\/{rel}","templated":true}]}}