{"id":33493,"date":"2022-11-02T11:55:39","date_gmt":"2022-11-02T04:55:39","guid":{"rendered":"https:\/\/mouldking.store\/?post_type=product&#038;p=33493"},"modified":"2022-11-02T11:55:40","modified_gmt":"2022-11-02T04:55:40","slug":"sembo-605022-tricky-magic-night-train-paradise-with-673-pieces","status":"publish","type":"product","link":"https:\/\/mouldking.store\/nb\/shop\/sembo-605022-tricky-magic-night-train-paradise-with-673-pieces\/","title":{"rendered":"SEMBO 605022 Tricky Magic Night \u2013 Togparadis med 673 stykker"},"content":{"rendered":"<p>Produktinformasjon:<\/p>\n<ol>\n<li>Merke: SEMBO<\/li>\n<li>Kj\u00f8nn: Unisex<\/li>\n<li>Navn: Tricky Magic Night \u2013 Train Paradise<\/li>\n<li>Aldersgruppe: &gt; 6 \u00e5r gammel<\/li>\n<li>Modellnummer: 605022<\/li>\n<li>Klassifisering: Montering<\/li>\n<li>Plastblokkform: Selvl\u00e5sende murstein<\/li>\n<li>Materiale: Plast<\/li>\n<li>Plasttype: ABS<\/li>\n<li>Mursteinsblokker: 673 STK<\/li>\n<li>M\u00e5l: 28,5 x 22x 18,5 cm<\/li>\n<li>Inneholder detaljerte monteringsanvisninger.<\/li>\n<\/ol>\n<p>Legge merke til:<br \/>\n1. Uten original eske, men vi garanterer at v\u00e5re produkter har kvalitetssikring og pen emballasje.<br \/>\n2. Som alle delene vi har sjekket f\u00f8r frakt, s\u00e5 hvis du finner noen deler savnet eller skadet, ikke bekymre deg og bare kontakt oss, s\u00e5 kan vi sende dem til deg p\u00e5 nytt umiddelbart gratis.<\/p>\n<figure id=\"attachment_33494\" aria-describedby=\"caption-attachment-33494\" style=\"width: 768px\" class=\"wp-caption aligncenter\"><img fetchpriority=\"high\" decoding=\"async\" class=\"wp-image-33494 size-full\" src=\"https:\/\/mouldking.store\/wp-content\/uploads\/2022\/11\/Creator-SEMBO-605022-Tricky-Magic-Night-Train-Paradise-1-768x768-1.jpg\" alt=\"SEMBO 605022 Tricky Magic Night \u2013 Train Paradise With 673 Pieces\" width=\"768\" height=\"768\" title=\"-\" srcset=\"https:\/\/mouldking.store\/wp-content\/uploads\/2022\/11\/Creator-SEMBO-605022-Tricky-Magic-Night-Train-Paradise-1-768x768-1.jpg 768w, https:\/\/mouldking.store\/wp-content\/uploads\/2022\/11\/Creator-SEMBO-605022-Tricky-Magic-Night-Train-Paradise-1-768x768-1-300x300.jpg 300w, https:\/\/mouldking.store\/wp-content\/uploads\/2022\/11\/Creator-SEMBO-605022-Tricky-Magic-Night-Train-Paradise-1-768x768-1-600x600.jpg 600w, https:\/\/mouldking.store\/wp-content\/uploads\/2022\/11\/Creator-SEMBO-605022-Tricky-Magic-Night-Train-Paradise-1-768x768-1-150x150.jpg 150w, https:\/\/mouldking.store\/wp-content\/uploads\/2022\/11\/Creator-SEMBO-605022-Tricky-Magic-Night-Train-Paradise-1-768x768-1-60x60.jpg 60w, https:\/\/mouldking.store\/wp-content\/uploads\/2022\/11\/Creator-SEMBO-605022-Tricky-Magic-Night-Train-Paradise-1-768x768-1-90x90.jpg 90w\" sizes=\"(max-width: 768px) 100vw, 768px\" \/><figcaption id=\"caption-attachment-33494\" class=\"wp-caption-text\">SEMBO 605022 Tricky Magic Night \u2013 Togparadis med 673 stykker<\/figcaption><\/figure>\n<figure id=\"attachment_33495\" aria-describedby=\"caption-attachment-33495\" style=\"width: 768px\" class=\"wp-caption aligncenter\"><img decoding=\"async\" class=\"wp-image-33495 size-full\" src=\"https:\/\/mouldking.store\/wp-content\/uploads\/2022\/11\/Creator-SEMBO-605022-Tricky-Magic-Night-Train-Paradise-11-768x768-1.jpg\" alt=\"SEMBO 605022 Tricky Magic Night \u2013 Train Paradise With 673 Pieces\" width=\"768\" height=\"768\" title=\"-\" srcset=\"https:\/\/mouldking.store\/wp-content\/uploads\/2022\/11\/Creator-SEMBO-605022-Tricky-Magic-Night-Train-Paradise-11-768x768-1.jpg 768w, https:\/\/mouldking.store\/wp-content\/uploads\/2022\/11\/Creator-SEMBO-605022-Tricky-Magic-Night-Train-Paradise-11-768x768-1-300x300.jpg 300w, https:\/\/mouldking.store\/wp-content\/uploads\/2022\/11\/Creator-SEMBO-605022-Tricky-Magic-Night-Train-Paradise-11-768x768-1-600x600.jpg 600w, https:\/\/mouldking.store\/wp-content\/uploads\/2022\/11\/Creator-SEMBO-605022-Tricky-Magic-Night-Train-Paradise-11-768x768-1-150x150.jpg 150w, https:\/\/mouldking.store\/wp-content\/uploads\/2022\/11\/Creator-SEMBO-605022-Tricky-Magic-Night-Train-Paradise-11-768x768-1-60x60.jpg 60w, https:\/\/mouldking.store\/wp-content\/uploads\/2022\/11\/Creator-SEMBO-605022-Tricky-Magic-Night-Train-Paradise-11-768x768-1-90x90.jpg 90w\" sizes=\"(max-width: 768px) 100vw, 768px\" \/><figcaption id=\"caption-attachment-33495\" class=\"wp-caption-text\">SEMBO 605022 Tricky Magic Night \u2013 Togparadis med 673 stykker<\/figcaption><\/figure>\n<figure id=\"attachment_33496\" aria-describedby=\"caption-attachment-33496\" style=\"width: 768px\" class=\"wp-caption aligncenter\"><img decoding=\"async\" class=\"wp-image-33496 size-full\" src=\"https:\/\/mouldking.store\/wp-content\/uploads\/2022\/11\/Creator-SEMBO-605022-Tricky-Magic-Night-Train-Paradise-10-768x768-1.jpg\" alt=\"SEMBO 605022 Tricky Magic Night \u2013 Train Paradise With 673 Pieces\" width=\"768\" height=\"768\" title=\"-\" srcset=\"https:\/\/mouldking.store\/wp-content\/uploads\/2022\/11\/Creator-SEMBO-605022-Tricky-Magic-Night-Train-Paradise-10-768x768-1.jpg 768w, https:\/\/mouldking.store\/wp-content\/uploads\/2022\/11\/Creator-SEMBO-605022-Tricky-Magic-Night-Train-Paradise-10-768x768-1-300x300.jpg 300w, https:\/\/mouldking.store\/wp-content\/uploads\/2022\/11\/Creator-SEMBO-605022-Tricky-Magic-Night-Train-Paradise-10-768x768-1-600x600.jpg 600w, https:\/\/mouldking.store\/wp-content\/uploads\/2022\/11\/Creator-SEMBO-605022-Tricky-Magic-Night-Train-Paradise-10-768x768-1-150x150.jpg 150w, https:\/\/mouldking.store\/wp-content\/uploads\/2022\/11\/Creator-SEMBO-605022-Tricky-Magic-Night-Train-Paradise-10-768x768-1-60x60.jpg 60w, https:\/\/mouldking.store\/wp-content\/uploads\/2022\/11\/Creator-SEMBO-605022-Tricky-Magic-Night-Train-Paradise-10-768x768-1-90x90.jpg 90w\" sizes=\"(max-width: 768px) 100vw, 768px\" \/><figcaption id=\"caption-attachment-33496\" class=\"wp-caption-text\">SEMBO 605022 Tricky Magic Night \u2013 Togparadis med 673 stykker<\/figcaption><\/figure>\n<figure id=\"attachment_33497\" aria-describedby=\"caption-attachment-33497\" style=\"width: 600px\" class=\"wp-caption aligncenter\"><img loading=\"lazy\" decoding=\"async\" class=\"wp-image-33497 size-full\" src=\"https:\/\/mouldking.store\/wp-content\/uploads\/2022\/11\/Creator-SEMBO-605022-Tricky-Magic-Night-Train-Paradise-5-600x1002-1.jpg\" alt=\"SEMBO 605022 Tricky Magic Night \u2013 Train Paradise With 673 Pieces\" width=\"600\" height=\"1002\" title=\"-\" srcset=\"https:\/\/mouldking.store\/wp-content\/uploads\/2022\/11\/Creator-SEMBO-605022-Tricky-Magic-Night-Train-Paradise-5-600x1002-1.jpg 600w, https:\/\/mouldking.store\/wp-content\/uploads\/2022\/11\/Creator-SEMBO-605022-Tricky-Magic-Night-Train-Paradise-5-600x1002-1-180x300.jpg 180w, https:\/\/mouldking.store\/wp-content\/uploads\/2022\/11\/Creator-SEMBO-605022-Tricky-Magic-Night-Train-Paradise-5-600x1002-1-300x501.jpg 300w, https:\/\/mouldking.store\/wp-content\/uploads\/2022\/11\/Creator-SEMBO-605022-Tricky-Magic-Night-Train-Paradise-5-600x1002-1-90x150.jpg 90w, https:\/\/mouldking.store\/wp-content\/uploads\/2022\/11\/Creator-SEMBO-605022-Tricky-Magic-Night-Train-Paradise-5-600x1002-1-36x60.jpg 36w, https:\/\/mouldking.store\/wp-content\/uploads\/2022\/11\/Creator-SEMBO-605022-Tricky-Magic-Night-Train-Paradise-5-600x1002-1-54x90.jpg 54w\" sizes=\"(max-width: 600px) 100vw, 600px\" \/><figcaption id=\"caption-attachment-33497\" class=\"wp-caption-text\">SEMBO 605022 Tricky Magic Night \u2013 Togparadis med 673 stykker<\/figcaption><\/figure>\n<figure id=\"attachment_33498\" aria-describedby=\"caption-attachment-33498\" style=\"width: 600px\" class=\"wp-caption aligncenter\"><img loading=\"lazy\" decoding=\"async\" class=\"wp-image-33498 size-full\" src=\"https:\/\/mouldking.store\/wp-content\/uploads\/2022\/11\/Creator-SEMBO-605022-Tricky-Magic-Night-Train-Paradise-6-600x941-1.jpg\" alt=\"SEMBO 605022 Tricky Magic Night \u2013 Train Paradise With 673 Pieces\" width=\"600\" height=\"941\" title=\"-\" srcset=\"https:\/\/mouldking.store\/wp-content\/uploads\/2022\/11\/Creator-SEMBO-605022-Tricky-Magic-Night-Train-Paradise-6-600x941-1.jpg 600w, https:\/\/mouldking.store\/wp-content\/uploads\/2022\/11\/Creator-SEMBO-605022-Tricky-Magic-Night-Train-Paradise-6-600x941-1-191x300.jpg 191w, https:\/\/mouldking.store\/wp-content\/uploads\/2022\/11\/Creator-SEMBO-605022-Tricky-Magic-Night-Train-Paradise-6-600x941-1-300x471.jpg 300w, https:\/\/mouldking.store\/wp-content\/uploads\/2022\/11\/Creator-SEMBO-605022-Tricky-Magic-Night-Train-Paradise-6-600x941-1-96x150.jpg 96w, https:\/\/mouldking.store\/wp-content\/uploads\/2022\/11\/Creator-SEMBO-605022-Tricky-Magic-Night-Train-Paradise-6-600x941-1-38x60.jpg 38w, https:\/\/mouldking.store\/wp-content\/uploads\/2022\/11\/Creator-SEMBO-605022-Tricky-Magic-Night-Train-Paradise-6-600x941-1-57x90.jpg 57w\" sizes=\"(max-width: 600px) 100vw, 600px\" \/><figcaption id=\"caption-attachment-33498\" class=\"wp-caption-text\">SEMBO 605022 Tricky Magic Night \u2013 Togparadis med 673 stykker<\/figcaption><\/figure>\n<figure id=\"attachment_33499\" aria-describedby=\"caption-attachment-33499\" style=\"width: 600px\" class=\"wp-caption aligncenter\"><img loading=\"lazy\" decoding=\"async\" class=\"wp-image-33499 size-full\" src=\"https:\/\/mouldking.store\/wp-content\/uploads\/2022\/11\/Creator-SEMBO-605022-Tricky-Magic-Night-Train-Paradise-8-600x1017-1.jpg\" alt=\"SEMBO 605022 Tricky Magic Night \u2013 Train Paradise With 673 Pieces\" width=\"600\" height=\"1017\" title=\"-\" srcset=\"https:\/\/mouldking.store\/wp-content\/uploads\/2022\/11\/Creator-SEMBO-605022-Tricky-Magic-Night-Train-Paradise-8-600x1017-1.jpg 600w, https:\/\/mouldking.store\/wp-content\/uploads\/2022\/11\/Creator-SEMBO-605022-Tricky-Magic-Night-Train-Paradise-8-600x1017-1-177x300.jpg 177w, https:\/\/mouldking.store\/wp-content\/uploads\/2022\/11\/Creator-SEMBO-605022-Tricky-Magic-Night-Train-Paradise-8-600x1017-1-300x509.jpg 300w, https:\/\/mouldking.store\/wp-content\/uploads\/2022\/11\/Creator-SEMBO-605022-Tricky-Magic-Night-Train-Paradise-8-600x1017-1-88x150.jpg 88w, https:\/\/mouldking.store\/wp-content\/uploads\/2022\/11\/Creator-SEMBO-605022-Tricky-Magic-Night-Train-Paradise-8-600x1017-1-35x60.jpg 35w, https:\/\/mouldking.store\/wp-content\/uploads\/2022\/11\/Creator-SEMBO-605022-Tricky-Magic-Night-Train-Paradise-8-600x1017-1-53x90.jpg 53w\" sizes=\"(max-width: 600px) 100vw, 600px\" \/><figcaption id=\"caption-attachment-33499\" class=\"wp-caption-text\">SEMBO 605022 Tricky Magic Night \u2013 Togparadis med 673 stykker<\/figcaption><\/figure>\n<figure id=\"attachment_33500\" aria-describedby=\"caption-attachment-33500\" style=\"width: 687px\" class=\"wp-caption aligncenter\"><img loading=\"lazy\" decoding=\"async\" class=\"wp-image-33500 size-full\" src=\"https:\/\/mouldking.store\/wp-content\/uploads\/2022\/11\/Creator-SEMBO-605022-Tricky-Magic-Night-Train-Paradise-4.jpg\" alt=\"SEMBO 605022 Tricky Magic Night \u2013 Train Paradise With 673 Pieces\" width=\"687\" height=\"1024\" title=\"-\" srcset=\"https:\/\/mouldking.store\/wp-content\/uploads\/2022\/11\/Creator-SEMBO-605022-Tricky-Magic-Night-Train-Paradise-4.jpg 687w, https:\/\/mouldking.store\/wp-content\/uploads\/2022\/11\/Creator-SEMBO-605022-Tricky-Magic-Night-Train-Paradise-4-201x300.jpg 201w, https:\/\/mouldking.store\/wp-content\/uploads\/2022\/11\/Creator-SEMBO-605022-Tricky-Magic-Night-Train-Paradise-4-300x447.jpg 300w, https:\/\/mouldking.store\/wp-content\/uploads\/2022\/11\/Creator-SEMBO-605022-Tricky-Magic-Night-Train-Paradise-4-600x894.jpg 600w, https:\/\/mouldking.store\/wp-content\/uploads\/2022\/11\/Creator-SEMBO-605022-Tricky-Magic-Night-Train-Paradise-4-101x150.jpg 101w, https:\/\/mouldking.store\/wp-content\/uploads\/2022\/11\/Creator-SEMBO-605022-Tricky-Magic-Night-Train-Paradise-4-40x60.jpg 40w, https:\/\/mouldking.store\/wp-content\/uploads\/2022\/11\/Creator-SEMBO-605022-Tricky-Magic-Night-Train-Paradise-4-60x90.jpg 60w\" sizes=\"(max-width: 687px) 100vw, 687px\" \/><figcaption id=\"caption-attachment-33500\" class=\"wp-caption-text\">SEMBO 605022 Tricky Magic Night \u2013 Togparadis med 673 stykker<\/figcaption><\/figure>\n<figure id=\"attachment_33501\" aria-describedby=\"caption-attachment-33501\" style=\"width: 768px\" class=\"wp-caption aligncenter\"><img loading=\"lazy\" decoding=\"async\" class=\"wp-image-33501 size-full\" src=\"https:\/\/mouldking.store\/wp-content\/uploads\/2022\/11\/Creator-SEMBO-605022-Tricky-Magic-Night-Train-Paradise-9-768x768-1.jpg\" alt=\"SEMBO 605022 Tricky Magic Night \u2013 Train Paradise With 673 Pieces\" width=\"768\" height=\"768\" title=\"-\" srcset=\"https:\/\/mouldking.store\/wp-content\/uploads\/2022\/11\/Creator-SEMBO-605022-Tricky-Magic-Night-Train-Paradise-9-768x768-1.jpg 768w, https:\/\/mouldking.store\/wp-content\/uploads\/2022\/11\/Creator-SEMBO-605022-Tricky-Magic-Night-Train-Paradise-9-768x768-1-300x300.jpg 300w, https:\/\/mouldking.store\/wp-content\/uploads\/2022\/11\/Creator-SEMBO-605022-Tricky-Magic-Night-Train-Paradise-9-768x768-1-600x600.jpg 600w, https:\/\/mouldking.store\/wp-content\/uploads\/2022\/11\/Creator-SEMBO-605022-Tricky-Magic-Night-Train-Paradise-9-768x768-1-150x150.jpg 150w, https:\/\/mouldking.store\/wp-content\/uploads\/2022\/11\/Creator-SEMBO-605022-Tricky-Magic-Night-Train-Paradise-9-768x768-1-60x60.jpg 60w, https:\/\/mouldking.store\/wp-content\/uploads\/2022\/11\/Creator-SEMBO-605022-Tricky-Magic-Night-Train-Paradise-9-768x768-1-90x90.jpg 90w\" sizes=\"(max-width: 768px) 100vw, 768px\" \/><figcaption id=\"caption-attachment-33501\" class=\"wp-caption-text\">SEMBO 605022 Tricky Magic Night \u2013 Togparadis med 673 stykker<\/figcaption><\/figure>\n<figure id=\"attachment_33502\" aria-describedby=\"caption-attachment-33502\" style=\"width: 600px\" class=\"wp-caption aligncenter\"><img loading=\"lazy\" decoding=\"async\" class=\"wp-image-33502 size-full\" src=\"https:\/\/mouldking.store\/wp-content\/uploads\/2022\/11\/Creator-SEMBO-605022-Tricky-Magic-Night-Train-Paradise-3-600x927-1.jpg\" alt=\"SEMBO 605022 Tricky Magic Night \u2013 Train Paradise With 673 Pieces\" width=\"600\" height=\"927\" title=\"-\" srcset=\"https:\/\/mouldking.store\/wp-content\/uploads\/2022\/11\/Creator-SEMBO-605022-Tricky-Magic-Night-Train-Paradise-3-600x927-1.jpg 600w, https:\/\/mouldking.store\/wp-content\/uploads\/2022\/11\/Creator-SEMBO-605022-Tricky-Magic-Night-Train-Paradise-3-600x927-1-194x300.jpg 194w, https:\/\/mouldking.store\/wp-content\/uploads\/2022\/11\/Creator-SEMBO-605022-Tricky-Magic-Night-Train-Paradise-3-600x927-1-300x464.jpg 300w, https:\/\/mouldking.store\/wp-content\/uploads\/2022\/11\/Creator-SEMBO-605022-Tricky-Magic-Night-Train-Paradise-3-600x927-1-97x150.jpg 97w, https:\/\/mouldking.store\/wp-content\/uploads\/2022\/11\/Creator-SEMBO-605022-Tricky-Magic-Night-Train-Paradise-3-600x927-1-39x60.jpg 39w, https:\/\/mouldking.store\/wp-content\/uploads\/2022\/11\/Creator-SEMBO-605022-Tricky-Magic-Night-Train-Paradise-3-600x927-1-58x90.jpg 58w\" sizes=\"(max-width: 600px) 100vw, 600px\" \/><figcaption id=\"caption-attachment-33502\" class=\"wp-caption-text\">SEMBO 605022 Tricky Magic Night \u2013 Togparadis med 673 stykker<\/figcaption><\/figure>\n<figure id=\"attachment_33503\" aria-describedby=\"caption-attachment-33503\" style=\"width: 513px\" class=\"wp-caption aligncenter\"><img loading=\"lazy\" decoding=\"async\" class=\"wp-image-33503 size-full\" src=\"https:\/\/mouldking.store\/wp-content\/uploads\/2022\/11\/Creator-SEMBO-605022-Tricky-Magic-Night-Train-Paradise-7.jpg\" alt=\"SEMBO 605022 Tricky Magic Night \u2013 Train Paradise With 673 Pieces\" width=\"513\" height=\"1024\" title=\"-\" srcset=\"https:\/\/mouldking.store\/wp-content\/uploads\/2022\/11\/Creator-SEMBO-605022-Tricky-Magic-Night-Train-Paradise-7.jpg 513w, https:\/\/mouldking.store\/wp-content\/uploads\/2022\/11\/Creator-SEMBO-605022-Tricky-Magic-Night-Train-Paradise-7-150x300.jpg 150w, https:\/\/mouldking.store\/wp-content\/uploads\/2022\/11\/Creator-SEMBO-605022-Tricky-Magic-Night-Train-Paradise-7-300x599.jpg 300w, https:\/\/mouldking.store\/wp-content\/uploads\/2022\/11\/Creator-SEMBO-605022-Tricky-Magic-Night-Train-Paradise-7-75x150.jpg 75w, https:\/\/mouldking.store\/wp-content\/uploads\/2022\/11\/Creator-SEMBO-605022-Tricky-Magic-Night-Train-Paradise-7-30x60.jpg 30w, https:\/\/mouldking.store\/wp-content\/uploads\/2022\/11\/Creator-SEMBO-605022-Tricky-Magic-Night-Train-Paradise-7-45x90.jpg 45w\" sizes=\"(max-width: 513px) 100vw, 513px\" \/><figcaption id=\"caption-attachment-33503\" class=\"wp-caption-text\">SEMBO 605022 Tricky Magic Night \u2013 Togparadis med 673 stykker<\/figcaption><\/figure>\n<figure id=\"attachment_33504\" aria-describedby=\"caption-attachment-33504\" style=\"width: 768px\" class=\"wp-caption aligncenter\"><img loading=\"lazy\" decoding=\"async\" class=\"wp-image-33504 size-full\" src=\"https:\/\/mouldking.store\/wp-content\/uploads\/2022\/11\/Creator-SEMBO-605022-Tricky-Magic-Night-Train-Paradise-2-768x771-1.jpg\" alt=\"SEMBO 605022 Tricky Magic Night \u2013 Train Paradise With 673 Pieces\" width=\"768\" height=\"771\" title=\"-\" srcset=\"https:\/\/mouldking.store\/wp-content\/uploads\/2022\/11\/Creator-SEMBO-605022-Tricky-Magic-Night-Train-Paradise-2-768x771-1.jpg 768w, https:\/\/mouldking.store\/wp-content\/uploads\/2022\/11\/Creator-SEMBO-605022-Tricky-Magic-Night-Train-Paradise-2-768x771-1-300x301.jpg 300w, https:\/\/mouldking.store\/wp-content\/uploads\/2022\/11\/Creator-SEMBO-605022-Tricky-Magic-Night-Train-Paradise-2-768x771-1-600x602.jpg 600w, https:\/\/mouldking.store\/wp-content\/uploads\/2022\/11\/Creator-SEMBO-605022-Tricky-Magic-Night-Train-Paradise-2-768x771-1-150x150.jpg 150w, https:\/\/mouldking.store\/wp-content\/uploads\/2022\/11\/Creator-SEMBO-605022-Tricky-Magic-Night-Train-Paradise-2-768x771-1-60x60.jpg 60w, https:\/\/mouldking.store\/wp-content\/uploads\/2022\/11\/Creator-SEMBO-605022-Tricky-Magic-Night-Train-Paradise-2-768x771-1-90x90.jpg 90w\" sizes=\"(max-width: 768px) 100vw, 768px\" \/><figcaption id=\"caption-attachment-33504\" class=\"wp-caption-text\">SEMBO 605022 Tricky Magic Night \u2013 Togparadis med 673 stykker<\/figcaption><\/figure>","protected":false},"excerpt":{"rendered":"<p>Product information: Brand: SEMBO Gender: Unisex Name: Tricky Magic Night \u2013 Train Paradise Age Range: &gt; 6 years old Model Number: 605022 Classification: Assemblage Plastic Block Shape: Self-Locking Bricks Material: Plastic Plastic Type: ABS Bricks Blocks: 673 PCS Dimensions: 28.5 x 22x 18.5 cm Contains detailed assembly instructions. Notice: 1. Without an original box, but [&hellip;]<\/p>","protected":false},"featured_media":33494,"comment_status":"closed","ping_status":"closed","template":"","meta":{"_acf_changed":false},"product_cat":[1365],"product_tag":[6264,1491,6266,6263,6265,6251,6267],"class_list":["product","first","instock","shipping-taxable","purchasable","product-type-simple"],"acf":[],"_links":{"self":[{"href":"https:\/\/mouldking.store\/nb\/wp-json\/wp\/v2\/product\/33493","targetHints":{"allow":["GET"]}}],"collection":[{"href":"https:\/\/mouldking.store\/nb\/wp-json\/wp\/v2\/product"}],"about":[{"href":"https:\/\/mouldking.store\/nb\/wp-json\/wp\/v2\/types\/product"}],"replies":[{"embeddable":true,"href":"https:\/\/mouldking.store\/nb\/wp-json\/wp\/v2\/comments?post=33493"}],"wp:featuredmedia":[{"embeddable":true,"href":"https:\/\/mouldking.store\/nb\/wp-json\/wp\/v2\/media\/33494"}],"wp:attachment":[{"href":"https:\/\/mouldking.store\/nb\/wp-json\/wp\/v2\/media?parent=33493"}],"wp:term":[{"taxonomy":"product_cat","embeddable":true,"href":"https:\/\/mouldking.store\/nb\/wp-json\/wp\/v2\/product_cat?post=33493"},{"taxonomy":"product_tag","embeddable":true,"href":"https:\/\/mouldking.store\/nb\/wp-json\/wp\/v2\/product_tag?post=33493"}],"curies":[{"name":"wp","href":"https:\/\/api.w.org\/{rel}","templated":true}]}}