{"id":33526,"date":"2022-11-02T12:20:16","date_gmt":"2022-11-02T05:20:16","guid":{"rendered":"https:\/\/mouldking.store\/?post_type=product&#038;p=33526"},"modified":"2022-11-02T12:20:16","modified_gmt":"2022-11-02T05:20:16","slug":"mork-033001-medieval-guard-tower-and-stable-with-3811-pieces","status":"publish","type":"product","link":"https:\/\/mouldking.store\/nb\/shop\/mork-033001-medieval-guard-tower-and-stable-with-3811-pieces\/","title":{"rendered":"Mork 033001 Middelaldervaktt\u00e5rn og stall med 3811 stk"},"content":{"rendered":"<p>Produktinformasjon:<\/p>\n<ol>\n<li>Merke: Mork<\/li>\n<li>Kj\u00f8nn: Unisex<\/li>\n<li>Name: Medieval Guard Tower and Stable<\/li>\n<li>Aldersgruppe: &gt; 6 \u00e5r gammel<\/li>\n<li>Model Number: 033001<\/li>\n<li>Klassifisering: Montering<\/li>\n<li>Plastblokkform: Selvl\u00e5sende murstein<\/li>\n<li>Materiale: Plast<\/li>\n<li>Plasttype: ABS<\/li>\n<li>Bricks Blocks: 3811 PCS<\/li>\n<li>Dimensions: \u00a020.7 \u00d7 16.3 \u00d7 33.1 cm<\/li>\n<li>Inneholder detaljerte monteringsanvisninger.<\/li>\n<\/ol>\n<p>Legge merke til:<br \/>\n1. Uten original eske, men vi garanterer at v\u00e5re produkter har kvalitetssikring og pen emballasje.<br \/>\n2. Som alle delene vi har sjekket f\u00f8r frakt, s\u00e5 hvis du finner noen deler savnet eller skadet, ikke bekymre deg og bare kontakt oss, s\u00e5 kan vi sende dem til deg p\u00e5 nytt umiddelbart gratis.<\/p>\n<figure id=\"attachment_33527\" aria-describedby=\"caption-attachment-33527\" style=\"width: 800px\" class=\"wp-caption aligncenter\"><img fetchpriority=\"high\" decoding=\"async\" class=\"wp-image-33527 size-full\" src=\"https:\/\/mouldking.store\/wp-content\/uploads\/2022\/11\/Modular-Building-Mork-033001-MEDIEVAL-Medieval-Guard-Tower-and-Stable-1.jpg\" alt=\"Mork 033001 Medieval Guard Tower and Stable With 3811 Pieces\" width=\"800\" height=\"800\" title=\"-\" srcset=\"https:\/\/mouldking.store\/wp-content\/uploads\/2022\/11\/Modular-Building-Mork-033001-MEDIEVAL-Medieval-Guard-Tower-and-Stable-1.jpg 800w, https:\/\/mouldking.store\/wp-content\/uploads\/2022\/11\/Modular-Building-Mork-033001-MEDIEVAL-Medieval-Guard-Tower-and-Stable-1-300x300.jpg 300w, https:\/\/mouldking.store\/wp-content\/uploads\/2022\/11\/Modular-Building-Mork-033001-MEDIEVAL-Medieval-Guard-Tower-and-Stable-1-768x768.jpg 768w, https:\/\/mouldking.store\/wp-content\/uploads\/2022\/11\/Modular-Building-Mork-033001-MEDIEVAL-Medieval-Guard-Tower-and-Stable-1-600x600.jpg 600w, https:\/\/mouldking.store\/wp-content\/uploads\/2022\/11\/Modular-Building-Mork-033001-MEDIEVAL-Medieval-Guard-Tower-and-Stable-1-150x150.jpg 150w, https:\/\/mouldking.store\/wp-content\/uploads\/2022\/11\/Modular-Building-Mork-033001-MEDIEVAL-Medieval-Guard-Tower-and-Stable-1-60x60.jpg 60w, https:\/\/mouldking.store\/wp-content\/uploads\/2022\/11\/Modular-Building-Mork-033001-MEDIEVAL-Medieval-Guard-Tower-and-Stable-1-90x90.jpg 90w\" sizes=\"(max-width: 800px) 100vw, 800px\" \/><figcaption id=\"caption-attachment-33527\" class=\"wp-caption-text\">Mork 033001 Middelaldervaktt\u00e5rn og stall med 3811 stk<\/figcaption><\/figure>\n<figure id=\"attachment_33528\" aria-describedby=\"caption-attachment-33528\" style=\"width: 800px\" class=\"wp-caption aligncenter\"><img decoding=\"async\" class=\"wp-image-33528 size-full\" src=\"https:\/\/mouldking.store\/wp-content\/uploads\/2022\/11\/Modular-Building-Mork-033001-MEDIEVAL-Medieval-Guard-Tower-and-Stable-5.jpg\" alt=\"Mork 033001 Medieval Guard Tower and Stable With 3811 Pieces\" width=\"800\" height=\"800\" title=\"-\" srcset=\"https:\/\/mouldking.store\/wp-content\/uploads\/2022\/11\/Modular-Building-Mork-033001-MEDIEVAL-Medieval-Guard-Tower-and-Stable-5.jpg 800w, https:\/\/mouldking.store\/wp-content\/uploads\/2022\/11\/Modular-Building-Mork-033001-MEDIEVAL-Medieval-Guard-Tower-and-Stable-5-300x300.jpg 300w, https:\/\/mouldking.store\/wp-content\/uploads\/2022\/11\/Modular-Building-Mork-033001-MEDIEVAL-Medieval-Guard-Tower-and-Stable-5-768x768.jpg 768w, https:\/\/mouldking.store\/wp-content\/uploads\/2022\/11\/Modular-Building-Mork-033001-MEDIEVAL-Medieval-Guard-Tower-and-Stable-5-600x600.jpg 600w, https:\/\/mouldking.store\/wp-content\/uploads\/2022\/11\/Modular-Building-Mork-033001-MEDIEVAL-Medieval-Guard-Tower-and-Stable-5-150x150.jpg 150w, https:\/\/mouldking.store\/wp-content\/uploads\/2022\/11\/Modular-Building-Mork-033001-MEDIEVAL-Medieval-Guard-Tower-and-Stable-5-60x60.jpg 60w, https:\/\/mouldking.store\/wp-content\/uploads\/2022\/11\/Modular-Building-Mork-033001-MEDIEVAL-Medieval-Guard-Tower-and-Stable-5-90x90.jpg 90w\" sizes=\"(max-width: 800px) 100vw, 800px\" \/><figcaption id=\"caption-attachment-33528\" class=\"wp-caption-text\">Mork 033001 Middelaldervaktt\u00e5rn og stall med 3811 stk<\/figcaption><\/figure>\n<figure id=\"attachment_33529\" aria-describedby=\"caption-attachment-33529\" style=\"width: 800px\" class=\"wp-caption aligncenter\"><img decoding=\"async\" class=\"wp-image-33529 size-full\" src=\"https:\/\/mouldking.store\/wp-content\/uploads\/2022\/11\/Modular-Building-Mork-033001-MEDIEVAL-Medieval-Guard-Tower-and-Stable-3.jpg\" alt=\"Mork 033001 Medieval Guard Tower and Stable With 3811 Pieces\" width=\"800\" height=\"800\" title=\"-\" srcset=\"https:\/\/mouldking.store\/wp-content\/uploads\/2022\/11\/Modular-Building-Mork-033001-MEDIEVAL-Medieval-Guard-Tower-and-Stable-3.jpg 800w, https:\/\/mouldking.store\/wp-content\/uploads\/2022\/11\/Modular-Building-Mork-033001-MEDIEVAL-Medieval-Guard-Tower-and-Stable-3-300x300.jpg 300w, https:\/\/mouldking.store\/wp-content\/uploads\/2022\/11\/Modular-Building-Mork-033001-MEDIEVAL-Medieval-Guard-Tower-and-Stable-3-768x768.jpg 768w, https:\/\/mouldking.store\/wp-content\/uploads\/2022\/11\/Modular-Building-Mork-033001-MEDIEVAL-Medieval-Guard-Tower-and-Stable-3-600x600.jpg 600w, https:\/\/mouldking.store\/wp-content\/uploads\/2022\/11\/Modular-Building-Mork-033001-MEDIEVAL-Medieval-Guard-Tower-and-Stable-3-150x150.jpg 150w, https:\/\/mouldking.store\/wp-content\/uploads\/2022\/11\/Modular-Building-Mork-033001-MEDIEVAL-Medieval-Guard-Tower-and-Stable-3-60x60.jpg 60w, https:\/\/mouldking.store\/wp-content\/uploads\/2022\/11\/Modular-Building-Mork-033001-MEDIEVAL-Medieval-Guard-Tower-and-Stable-3-90x90.jpg 90w\" sizes=\"(max-width: 800px) 100vw, 800px\" \/><figcaption id=\"caption-attachment-33529\" class=\"wp-caption-text\">Mork 033001 Middelaldervaktt\u00e5rn og stall med 3811 stk<\/figcaption><\/figure>\n<figure id=\"attachment_33530\" aria-describedby=\"caption-attachment-33530\" style=\"width: 800px\" class=\"wp-caption aligncenter\"><img loading=\"lazy\" decoding=\"async\" class=\"wp-image-33530 size-full\" src=\"https:\/\/mouldking.store\/wp-content\/uploads\/2022\/11\/Modular-Building-Mork-033001-MEDIEVAL-Medieval-Guard-Tower-and-Stable-4.jpg\" alt=\"Mork 033001 Medieval Guard Tower and Stable With 3811 Pieces\" width=\"800\" height=\"800\" title=\"-\" srcset=\"https:\/\/mouldking.store\/wp-content\/uploads\/2022\/11\/Modular-Building-Mork-033001-MEDIEVAL-Medieval-Guard-Tower-and-Stable-4.jpg 800w, https:\/\/mouldking.store\/wp-content\/uploads\/2022\/11\/Modular-Building-Mork-033001-MEDIEVAL-Medieval-Guard-Tower-and-Stable-4-300x300.jpg 300w, https:\/\/mouldking.store\/wp-content\/uploads\/2022\/11\/Modular-Building-Mork-033001-MEDIEVAL-Medieval-Guard-Tower-and-Stable-4-768x768.jpg 768w, https:\/\/mouldking.store\/wp-content\/uploads\/2022\/11\/Modular-Building-Mork-033001-MEDIEVAL-Medieval-Guard-Tower-and-Stable-4-600x600.jpg 600w, https:\/\/mouldking.store\/wp-content\/uploads\/2022\/11\/Modular-Building-Mork-033001-MEDIEVAL-Medieval-Guard-Tower-and-Stable-4-150x150.jpg 150w, https:\/\/mouldking.store\/wp-content\/uploads\/2022\/11\/Modular-Building-Mork-033001-MEDIEVAL-Medieval-Guard-Tower-and-Stable-4-60x60.jpg 60w, https:\/\/mouldking.store\/wp-content\/uploads\/2022\/11\/Modular-Building-Mork-033001-MEDIEVAL-Medieval-Guard-Tower-and-Stable-4-90x90.jpg 90w\" sizes=\"(max-width: 800px) 100vw, 800px\" \/><figcaption id=\"caption-attachment-33530\" class=\"wp-caption-text\">Mork 033001 Middelaldervaktt\u00e5rn og stall med 3811 stk<\/figcaption><\/figure>\n<figure id=\"attachment_33531\" aria-describedby=\"caption-attachment-33531\" style=\"width: 800px\" class=\"wp-caption aligncenter\"><img loading=\"lazy\" decoding=\"async\" class=\"wp-image-33531 size-full\" src=\"https:\/\/mouldking.store\/wp-content\/uploads\/2022\/11\/Modular-Building-Mork-033001-MEDIEVAL-Medieval-Guard-Tower-and-Stable-6.jpg\" alt=\"Mork 033001 Medieval Guard Tower and Stable With 3811 Pieces\" width=\"800\" height=\"800\" title=\"-\" srcset=\"https:\/\/mouldking.store\/wp-content\/uploads\/2022\/11\/Modular-Building-Mork-033001-MEDIEVAL-Medieval-Guard-Tower-and-Stable-6.jpg 800w, https:\/\/mouldking.store\/wp-content\/uploads\/2022\/11\/Modular-Building-Mork-033001-MEDIEVAL-Medieval-Guard-Tower-and-Stable-6-300x300.jpg 300w, https:\/\/mouldking.store\/wp-content\/uploads\/2022\/11\/Modular-Building-Mork-033001-MEDIEVAL-Medieval-Guard-Tower-and-Stable-6-768x768.jpg 768w, https:\/\/mouldking.store\/wp-content\/uploads\/2022\/11\/Modular-Building-Mork-033001-MEDIEVAL-Medieval-Guard-Tower-and-Stable-6-600x600.jpg 600w, https:\/\/mouldking.store\/wp-content\/uploads\/2022\/11\/Modular-Building-Mork-033001-MEDIEVAL-Medieval-Guard-Tower-and-Stable-6-150x150.jpg 150w, https:\/\/mouldking.store\/wp-content\/uploads\/2022\/11\/Modular-Building-Mork-033001-MEDIEVAL-Medieval-Guard-Tower-and-Stable-6-60x60.jpg 60w, https:\/\/mouldking.store\/wp-content\/uploads\/2022\/11\/Modular-Building-Mork-033001-MEDIEVAL-Medieval-Guard-Tower-and-Stable-6-90x90.jpg 90w\" sizes=\"(max-width: 800px) 100vw, 800px\" \/><figcaption id=\"caption-attachment-33531\" class=\"wp-caption-text\">Mork 033001 Middelaldervaktt\u00e5rn og stall med 3811 stk<\/figcaption><\/figure>\n<figure id=\"attachment_33532\" aria-describedby=\"caption-attachment-33532\" style=\"width: 800px\" class=\"wp-caption aligncenter\"><img loading=\"lazy\" decoding=\"async\" class=\"wp-image-33532 size-full\" src=\"https:\/\/mouldking.store\/wp-content\/uploads\/2022\/11\/Modular-Building-Mork-033001-MEDIEVAL-Medieval-Guard-Tower-and-Stable-2.jpg\" alt=\"Mork 033001 Medieval Guard Tower and Stable With 3811 Pieces\" width=\"800\" height=\"800\" title=\"-\" srcset=\"https:\/\/mouldking.store\/wp-content\/uploads\/2022\/11\/Modular-Building-Mork-033001-MEDIEVAL-Medieval-Guard-Tower-and-Stable-2.jpg 800w, https:\/\/mouldking.store\/wp-content\/uploads\/2022\/11\/Modular-Building-Mork-033001-MEDIEVAL-Medieval-Guard-Tower-and-Stable-2-300x300.jpg 300w, https:\/\/mouldking.store\/wp-content\/uploads\/2022\/11\/Modular-Building-Mork-033001-MEDIEVAL-Medieval-Guard-Tower-and-Stable-2-768x768.jpg 768w, https:\/\/mouldking.store\/wp-content\/uploads\/2022\/11\/Modular-Building-Mork-033001-MEDIEVAL-Medieval-Guard-Tower-and-Stable-2-600x600.jpg 600w, https:\/\/mouldking.store\/wp-content\/uploads\/2022\/11\/Modular-Building-Mork-033001-MEDIEVAL-Medieval-Guard-Tower-and-Stable-2-150x150.jpg 150w, https:\/\/mouldking.store\/wp-content\/uploads\/2022\/11\/Modular-Building-Mork-033001-MEDIEVAL-Medieval-Guard-Tower-and-Stable-2-60x60.jpg 60w, https:\/\/mouldking.store\/wp-content\/uploads\/2022\/11\/Modular-Building-Mork-033001-MEDIEVAL-Medieval-Guard-Tower-and-Stable-2-90x90.jpg 90w\" sizes=\"(max-width: 800px) 100vw, 800px\" \/><figcaption id=\"caption-attachment-33532\" class=\"wp-caption-text\">Mork 033001 Middelaldervaktt\u00e5rn og stall med 3811 stk<\/figcaption><\/figure>","protected":false},"excerpt":{"rendered":"<p>Product information: Brand: Mork Gender: Unisex Name: Medieval Guard Tower and Stable Age Range: &gt; 6 years old Model Number: 033001 Classification: Assemblage Plastic Block Shape: Self-Locking Bricks Material: Plastic Plastic Type: ABS Bricks Blocks: 3811 PCS Dimensions: \u00a020.7 \u00d7 16.3 \u00d7 33.1 cm Contains detailed assembly instructions. Notice: 1. Without an original box, but [&hellip;]<\/p>","protected":false},"featured_media":33527,"comment_status":"closed","ping_status":"closed","template":"","meta":{"_acf_changed":false},"product_cat":[1395],"product_tag":[6276,6278,2352,6279,6275,6277,2302],"class_list":["product","first","instock","shipping-taxable","purchasable","product-type-simple"],"acf":[],"_links":{"self":[{"href":"https:\/\/mouldking.store\/nb\/wp-json\/wp\/v2\/product\/33526","targetHints":{"allow":["GET"]}}],"collection":[{"href":"https:\/\/mouldking.store\/nb\/wp-json\/wp\/v2\/product"}],"about":[{"href":"https:\/\/mouldking.store\/nb\/wp-json\/wp\/v2\/types\/product"}],"replies":[{"embeddable":true,"href":"https:\/\/mouldking.store\/nb\/wp-json\/wp\/v2\/comments?post=33526"}],"wp:featuredmedia":[{"embeddable":true,"href":"https:\/\/mouldking.store\/nb\/wp-json\/wp\/v2\/media\/33527"}],"wp:attachment":[{"href":"https:\/\/mouldking.store\/nb\/wp-json\/wp\/v2\/media?parent=33526"}],"wp:term":[{"taxonomy":"product_cat","embeddable":true,"href":"https:\/\/mouldking.store\/nb\/wp-json\/wp\/v2\/product_cat?post=33526"},{"taxonomy":"product_tag","embeddable":true,"href":"https:\/\/mouldking.store\/nb\/wp-json\/wp\/v2\/product_tag?post=33526"}],"curies":[{"name":"wp","href":"https:\/\/api.w.org\/{rel}","templated":true}]}}