{"id":33533,"date":"2022-11-02T12:26:30","date_gmt":"2022-11-02T05:26:30","guid":{"rendered":"https:\/\/mouldking.store\/?post_type=product&#038;p=33533"},"modified":"2023-01-31T17:07:24","modified_gmt":"2023-01-31T10:07:24","slug":"pantasy-86401-popeye-poppy-and-olivia-with-1209-pieces","status":"publish","type":"product","link":"https:\/\/mouldking.store\/nb\/shop\/pantasy-86401-popeye-poppy-and-olivia-with-1209-pieces\/","title":{"rendered":"PANTASY 86401 Popeye Poppy og Olivia med 1209 stykker"},"content":{"rendered":"<p>Produktinformasjon:<\/p>\n<ol>\n<li>Merke: PANTASY<\/li>\n<li>Kj\u00f8nn: Unisex<\/li>\n<li>Name: Popeye Poppy And Olivia<\/li>\n<li>Aldersgruppe: &gt; 6 \u00e5r gammel<\/li>\n<li>Model Number: 86401<\/li>\n<li>Klassifisering: Montering<\/li>\n<li>Plastblokkform: Selvl\u00e5sende murstein<\/li>\n<li>Materiale: Plast<\/li>\n<li>Plasttype: ABS<\/li>\n<li>Bricks Blocks: 1209PCS<\/li>\n<li>Dimensions: 29.1 \u00d7 35.6 \u00d7 33 cm<\/li>\n<li>Inneholder detaljerte monteringsanvisninger.<\/li>\n<\/ol>\n<p>Legge merke til:<br \/>\n1. Uten original eske, men vi garanterer at v\u00e5re produkter har kvalitetssikring og pen emballasje.<br \/>\n2. Som alle delene vi har sjekket f\u00f8r frakt, s\u00e5 hvis du finner noen deler savnet eller skadet, ikke bekymre deg og bare kontakt oss, s\u00e5 kan vi sende dem til deg p\u00e5 nytt umiddelbart gratis.<\/p>\n<figure id=\"attachment_33534\" aria-describedby=\"caption-attachment-33534\" style=\"width: 800px\" class=\"wp-caption aligncenter\"><img fetchpriority=\"high\" decoding=\"async\" class=\"wp-image-33534 size-full\" src=\"https:\/\/mouldking.store\/wp-content\/uploads\/2022\/11\/Movie-PANTASY-86401-Popeye-Poppy-And-Olivia-6.jpg\" alt=\"PANTASY 86401 Popeye Poppy And Olivia With 1209 Pieces\" width=\"800\" height=\"800\" title=\"-\" srcset=\"https:\/\/mouldking.store\/wp-content\/uploads\/2022\/11\/Movie-PANTASY-86401-Popeye-Poppy-And-Olivia-6.jpg 800w, https:\/\/mouldking.store\/wp-content\/uploads\/2022\/11\/Movie-PANTASY-86401-Popeye-Poppy-And-Olivia-6-300x300.jpg 300w, https:\/\/mouldking.store\/wp-content\/uploads\/2022\/11\/Movie-PANTASY-86401-Popeye-Poppy-And-Olivia-6-768x768.jpg 768w, https:\/\/mouldking.store\/wp-content\/uploads\/2022\/11\/Movie-PANTASY-86401-Popeye-Poppy-And-Olivia-6-600x600.jpg 600w, https:\/\/mouldking.store\/wp-content\/uploads\/2022\/11\/Movie-PANTASY-86401-Popeye-Poppy-And-Olivia-6-150x150.jpg 150w, https:\/\/mouldking.store\/wp-content\/uploads\/2022\/11\/Movie-PANTASY-86401-Popeye-Poppy-And-Olivia-6-60x60.jpg 60w, https:\/\/mouldking.store\/wp-content\/uploads\/2022\/11\/Movie-PANTASY-86401-Popeye-Poppy-And-Olivia-6-90x90.jpg 90w\" sizes=\"(max-width: 800px) 100vw, 800px\" \/><figcaption id=\"caption-attachment-33534\" class=\"wp-caption-text\">PANTASY 86401 Popeye Poppy og Olivia med 1209 stykker<\/figcaption><\/figure>\n<figure id=\"attachment_33535\" aria-describedby=\"caption-attachment-33535\" style=\"width: 800px\" class=\"wp-caption aligncenter\"><img decoding=\"async\" class=\"wp-image-33535 size-full\" src=\"https:\/\/mouldking.store\/wp-content\/uploads\/2022\/11\/Movie-PANTASY-86401-Popeye-Poppy-And-Olivia-1.jpg\" alt=\"PANTASY 86401 Popeye Poppy And Olivia With 1209 Pieces\" width=\"800\" height=\"800\" title=\"-\" srcset=\"https:\/\/mouldking.store\/wp-content\/uploads\/2022\/11\/Movie-PANTASY-86401-Popeye-Poppy-And-Olivia-1.jpg 800w, https:\/\/mouldking.store\/wp-content\/uploads\/2022\/11\/Movie-PANTASY-86401-Popeye-Poppy-And-Olivia-1-300x300.jpg 300w, https:\/\/mouldking.store\/wp-content\/uploads\/2022\/11\/Movie-PANTASY-86401-Popeye-Poppy-And-Olivia-1-768x768.jpg 768w, https:\/\/mouldking.store\/wp-content\/uploads\/2022\/11\/Movie-PANTASY-86401-Popeye-Poppy-And-Olivia-1-600x600.jpg 600w, https:\/\/mouldking.store\/wp-content\/uploads\/2022\/11\/Movie-PANTASY-86401-Popeye-Poppy-And-Olivia-1-150x150.jpg 150w, https:\/\/mouldking.store\/wp-content\/uploads\/2022\/11\/Movie-PANTASY-86401-Popeye-Poppy-And-Olivia-1-60x60.jpg 60w, https:\/\/mouldking.store\/wp-content\/uploads\/2022\/11\/Movie-PANTASY-86401-Popeye-Poppy-And-Olivia-1-90x90.jpg 90w\" sizes=\"(max-width: 800px) 100vw, 800px\" \/><figcaption id=\"caption-attachment-33535\" class=\"wp-caption-text\">PANTASY 86401 Popeye Poppy og Olivia med 1209 stykker<\/figcaption><\/figure>\n<figure id=\"attachment_33536\" aria-describedby=\"caption-attachment-33536\" style=\"width: 800px\" class=\"wp-caption aligncenter\"><img decoding=\"async\" class=\"wp-image-33536 size-full\" src=\"https:\/\/mouldking.store\/wp-content\/uploads\/2022\/11\/Movie-PANTASY-86401-Popeye-Poppy-And-Olivia-5.jpg\" alt=\"PANTASY 86401 Popeye Poppy And Olivia With 1209 Pieces\" width=\"800\" height=\"800\" title=\"-\" srcset=\"https:\/\/mouldking.store\/wp-content\/uploads\/2022\/11\/Movie-PANTASY-86401-Popeye-Poppy-And-Olivia-5.jpg 800w, https:\/\/mouldking.store\/wp-content\/uploads\/2022\/11\/Movie-PANTASY-86401-Popeye-Poppy-And-Olivia-5-300x300.jpg 300w, https:\/\/mouldking.store\/wp-content\/uploads\/2022\/11\/Movie-PANTASY-86401-Popeye-Poppy-And-Olivia-5-768x768.jpg 768w, https:\/\/mouldking.store\/wp-content\/uploads\/2022\/11\/Movie-PANTASY-86401-Popeye-Poppy-And-Olivia-5-600x600.jpg 600w, https:\/\/mouldking.store\/wp-content\/uploads\/2022\/11\/Movie-PANTASY-86401-Popeye-Poppy-And-Olivia-5-150x150.jpg 150w, https:\/\/mouldking.store\/wp-content\/uploads\/2022\/11\/Movie-PANTASY-86401-Popeye-Poppy-And-Olivia-5-60x60.jpg 60w, https:\/\/mouldking.store\/wp-content\/uploads\/2022\/11\/Movie-PANTASY-86401-Popeye-Poppy-And-Olivia-5-90x90.jpg 90w\" sizes=\"(max-width: 800px) 100vw, 800px\" \/><figcaption id=\"caption-attachment-33536\" class=\"wp-caption-text\">PANTASY 86401 Popeye Poppy og Olivia med 1209 stykker<\/figcaption><\/figure>\n<figure id=\"attachment_33537\" aria-describedby=\"caption-attachment-33537\" style=\"width: 800px\" class=\"wp-caption aligncenter\"><img loading=\"lazy\" decoding=\"async\" class=\"wp-image-33537 size-full\" src=\"https:\/\/mouldking.store\/wp-content\/uploads\/2022\/11\/Movie-PANTASY-86401-Popeye-Poppy-And-Olivia-4.jpg\" alt=\"PANTASY 86401 Popeye Poppy And Olivia With 1209 Pieces\" width=\"800\" height=\"800\" title=\"-\" srcset=\"https:\/\/mouldking.store\/wp-content\/uploads\/2022\/11\/Movie-PANTASY-86401-Popeye-Poppy-And-Olivia-4.jpg 800w, https:\/\/mouldking.store\/wp-content\/uploads\/2022\/11\/Movie-PANTASY-86401-Popeye-Poppy-And-Olivia-4-300x300.jpg 300w, https:\/\/mouldking.store\/wp-content\/uploads\/2022\/11\/Movie-PANTASY-86401-Popeye-Poppy-And-Olivia-4-768x768.jpg 768w, https:\/\/mouldking.store\/wp-content\/uploads\/2022\/11\/Movie-PANTASY-86401-Popeye-Poppy-And-Olivia-4-600x600.jpg 600w, https:\/\/mouldking.store\/wp-content\/uploads\/2022\/11\/Movie-PANTASY-86401-Popeye-Poppy-And-Olivia-4-150x150.jpg 150w, https:\/\/mouldking.store\/wp-content\/uploads\/2022\/11\/Movie-PANTASY-86401-Popeye-Poppy-And-Olivia-4-60x60.jpg 60w, https:\/\/mouldking.store\/wp-content\/uploads\/2022\/11\/Movie-PANTASY-86401-Popeye-Poppy-And-Olivia-4-90x90.jpg 90w\" sizes=\"(max-width: 800px) 100vw, 800px\" \/><figcaption id=\"caption-attachment-33537\" class=\"wp-caption-text\">PANTASY 86401 Popeye Poppy og Olivia med 1209 stykker<\/figcaption><\/figure>\n<figure id=\"attachment_33538\" aria-describedby=\"caption-attachment-33538\" style=\"width: 800px\" class=\"wp-caption aligncenter\"><img loading=\"lazy\" decoding=\"async\" class=\"wp-image-33538 size-full\" src=\"https:\/\/mouldking.store\/wp-content\/uploads\/2022\/11\/Movie-PANTASY-86401-Popeye-Poppy-And-Olivia-3.jpg\" alt=\"PANTASY 86401 Popeye Poppy And Olivia With 1209 Pieces\" width=\"800\" height=\"800\" title=\"-\" srcset=\"https:\/\/mouldking.store\/wp-content\/uploads\/2022\/11\/Movie-PANTASY-86401-Popeye-Poppy-And-Olivia-3.jpg 800w, https:\/\/mouldking.store\/wp-content\/uploads\/2022\/11\/Movie-PANTASY-86401-Popeye-Poppy-And-Olivia-3-300x300.jpg 300w, https:\/\/mouldking.store\/wp-content\/uploads\/2022\/11\/Movie-PANTASY-86401-Popeye-Poppy-And-Olivia-3-768x768.jpg 768w, https:\/\/mouldking.store\/wp-content\/uploads\/2022\/11\/Movie-PANTASY-86401-Popeye-Poppy-And-Olivia-3-600x600.jpg 600w, https:\/\/mouldking.store\/wp-content\/uploads\/2022\/11\/Movie-PANTASY-86401-Popeye-Poppy-And-Olivia-3-150x150.jpg 150w, https:\/\/mouldking.store\/wp-content\/uploads\/2022\/11\/Movie-PANTASY-86401-Popeye-Poppy-And-Olivia-3-60x60.jpg 60w, https:\/\/mouldking.store\/wp-content\/uploads\/2022\/11\/Movie-PANTASY-86401-Popeye-Poppy-And-Olivia-3-90x90.jpg 90w\" sizes=\"(max-width: 800px) 100vw, 800px\" \/><figcaption id=\"caption-attachment-33538\" class=\"wp-caption-text\">PANTASY 86401 Popeye Poppy og Olivia med 1209 stykker<\/figcaption><\/figure>","protected":false},"excerpt":{"rendered":"<p>Product information: Brand: PANTASY Gender: Unisex Name: Popeye Poppy And Olivia Age Range: &gt; 6 years old Model Number: 86401 Classification: Assemblage Plastic Block Shape: Self-Locking Bricks Material: Plastic Plastic Type: ABS Bricks Blocks: 1209PCS Dimensions: 29.1 \u00d7 35.6 \u00d7 33 cm Contains detailed assembly instructions. Notice: 1. Without an original box, but we guarantee [&hellip;]<\/p>","protected":false},"featured_media":33534,"comment_status":"closed","ping_status":"closed","template":"","meta":{"_acf_changed":false},"product_cat":[1408],"product_tag":[6281,6283,6280,6285,6284,6282,6286],"class_list":["product","first","instock","shipping-taxable","purchasable","product-type-simple"],"acf":[],"_links":{"self":[{"href":"https:\/\/mouldking.store\/nb\/wp-json\/wp\/v2\/product\/33533","targetHints":{"allow":["GET"]}}],"collection":[{"href":"https:\/\/mouldking.store\/nb\/wp-json\/wp\/v2\/product"}],"about":[{"href":"https:\/\/mouldking.store\/nb\/wp-json\/wp\/v2\/types\/product"}],"replies":[{"embeddable":true,"href":"https:\/\/mouldking.store\/nb\/wp-json\/wp\/v2\/comments?post=33533"}],"wp:featuredmedia":[{"embeddable":true,"href":"https:\/\/mouldking.store\/nb\/wp-json\/wp\/v2\/media\/33534"}],"wp:attachment":[{"href":"https:\/\/mouldking.store\/nb\/wp-json\/wp\/v2\/media?parent=33533"}],"wp:term":[{"taxonomy":"product_cat","embeddable":true,"href":"https:\/\/mouldking.store\/nb\/wp-json\/wp\/v2\/product_cat?post=33533"},{"taxonomy":"product_tag","embeddable":true,"href":"https:\/\/mouldking.store\/nb\/wp-json\/wp\/v2\/product_tag?post=33533"}],"curies":[{"name":"wp","href":"https:\/\/api.w.org\/{rel}","templated":true}]}}