{"id":33582,"date":"2022-11-02T14:22:15","date_gmt":"2022-11-02T07:22:15","guid":{"rendered":"https:\/\/mouldking.store\/?post_type=product&#038;p=33582"},"modified":"2022-11-02T14:22:15","modified_gmt":"2022-11-02T07:22:15","slug":"moyu-my88010-18-static-version-sports-super-suv-with-2375-pieces","status":"publish","type":"product","link":"https:\/\/mouldking.store\/nb\/shop\/moyu-my88010-18-static-version-sports-super-suv-with-2375-pieces\/","title":{"rendered":"MOYU MY88010 1:8 statisk versjon Sports Super SUV med 2375 deler"},"content":{"rendered":"<p>Produktinformasjon:<\/p>\n<ol>\n<li>Merke: MOYU<\/li>\n<li>Kj\u00f8nn: Unisex<\/li>\n<li>Name: 1:8 Static Version Sports Super SUV<\/li>\n<li>Aldersgruppe: &gt; 6 \u00e5r gammel<\/li>\n<li>Model Number: MY88010<\/li>\n<li>Klassifisering: Montering<\/li>\n<li>Plastblokkform: Selvl\u00e5sende murstein<\/li>\n<li>Materiale: Plast<\/li>\n<li>Plasttype: ABS<\/li>\n<li>Bricks Blocks: 2375 PCS<\/li>\n<li>Dimensions: 54.5 \u00d7 22.5 \u00d7 18 cm<\/li>\n<li>Inneholder detaljerte monteringsanvisninger.<\/li>\n<\/ol>\n<p>Legge merke til:<br \/>\n1. Uten original eske, men vi garanterer at v\u00e5re produkter har kvalitetssikring og pen emballasje.<br \/>\n2. Som alle delene vi har sjekket f\u00f8r frakt, s\u00e5 hvis du finner noen deler savnet eller skadet, ikke bekymre deg og bare kontakt oss, s\u00e5 kan vi sende dem til deg p\u00e5 nytt umiddelbart gratis.<\/p>\n<figure id=\"attachment_33583\" aria-describedby=\"caption-attachment-33583\" style=\"width: 800px\" class=\"wp-caption aligncenter\"><img fetchpriority=\"high\" decoding=\"async\" class=\"wp-image-33583 size-full\" src=\"https:\/\/mouldking.store\/wp-content\/uploads\/2022\/11\/Technic-MOYU-MY88010-18-Static-Version-Sports-Super-SUV-1.jpg\" alt=\"MOYU MY88010 1:8 Static Version Sports Super SUV With 2375 Pieces\" width=\"800\" height=\"800\" title=\"-\" srcset=\"https:\/\/mouldking.store\/wp-content\/uploads\/2022\/11\/Technic-MOYU-MY88010-18-Static-Version-Sports-Super-SUV-1.jpg 800w, https:\/\/mouldking.store\/wp-content\/uploads\/2022\/11\/Technic-MOYU-MY88010-18-Static-Version-Sports-Super-SUV-1-300x300.jpg 300w, https:\/\/mouldking.store\/wp-content\/uploads\/2022\/11\/Technic-MOYU-MY88010-18-Static-Version-Sports-Super-SUV-1-768x768.jpg 768w, https:\/\/mouldking.store\/wp-content\/uploads\/2022\/11\/Technic-MOYU-MY88010-18-Static-Version-Sports-Super-SUV-1-600x600.jpg 600w, https:\/\/mouldking.store\/wp-content\/uploads\/2022\/11\/Technic-MOYU-MY88010-18-Static-Version-Sports-Super-SUV-1-150x150.jpg 150w, https:\/\/mouldking.store\/wp-content\/uploads\/2022\/11\/Technic-MOYU-MY88010-18-Static-Version-Sports-Super-SUV-1-60x60.jpg 60w, https:\/\/mouldking.store\/wp-content\/uploads\/2022\/11\/Technic-MOYU-MY88010-18-Static-Version-Sports-Super-SUV-1-90x90.jpg 90w\" sizes=\"(max-width: 800px) 100vw, 800px\" \/><figcaption id=\"caption-attachment-33583\" class=\"wp-caption-text\">MOYU MY88010 1:8 statisk versjon Sports Super SUV med 2375 deler<\/figcaption><\/figure>\n<figure id=\"attachment_33584\" aria-describedby=\"caption-attachment-33584\" style=\"width: 800px\" class=\"wp-caption aligncenter\"><img decoding=\"async\" class=\"wp-image-33584 size-full\" src=\"https:\/\/mouldking.store\/wp-content\/uploads\/2022\/11\/Technic-MOYU-MY88010-18-Static-Version-Sports-Super-SUV-3.jpg\" alt=\"MOYU MY88010 1:8 Static Version Sports Super SUV With 2375 Pieces\" width=\"800\" height=\"800\" title=\"-\" srcset=\"https:\/\/mouldking.store\/wp-content\/uploads\/2022\/11\/Technic-MOYU-MY88010-18-Static-Version-Sports-Super-SUV-3.jpg 800w, https:\/\/mouldking.store\/wp-content\/uploads\/2022\/11\/Technic-MOYU-MY88010-18-Static-Version-Sports-Super-SUV-3-300x300.jpg 300w, https:\/\/mouldking.store\/wp-content\/uploads\/2022\/11\/Technic-MOYU-MY88010-18-Static-Version-Sports-Super-SUV-3-768x768.jpg 768w, https:\/\/mouldking.store\/wp-content\/uploads\/2022\/11\/Technic-MOYU-MY88010-18-Static-Version-Sports-Super-SUV-3-600x600.jpg 600w, https:\/\/mouldking.store\/wp-content\/uploads\/2022\/11\/Technic-MOYU-MY88010-18-Static-Version-Sports-Super-SUV-3-150x150.jpg 150w, https:\/\/mouldking.store\/wp-content\/uploads\/2022\/11\/Technic-MOYU-MY88010-18-Static-Version-Sports-Super-SUV-3-60x60.jpg 60w, https:\/\/mouldking.store\/wp-content\/uploads\/2022\/11\/Technic-MOYU-MY88010-18-Static-Version-Sports-Super-SUV-3-90x90.jpg 90w\" sizes=\"(max-width: 800px) 100vw, 800px\" \/><figcaption id=\"caption-attachment-33584\" class=\"wp-caption-text\">MOYU MY88010 1:8 statisk versjon Sports Super SUV med 2375 deler<\/figcaption><\/figure>\n<figure id=\"attachment_33585\" aria-describedby=\"caption-attachment-33585\" style=\"width: 800px\" class=\"wp-caption aligncenter\"><img decoding=\"async\" class=\"wp-image-33585 size-full\" src=\"https:\/\/mouldking.store\/wp-content\/uploads\/2022\/11\/Technic-MOYU-MY88010-18-Static-Version-Sports-Super-SUV-5.jpg\" alt=\"MOYU MY88010 1:8 Static Version Sports Super SUV With 2375 Pieces\" width=\"800\" height=\"800\" title=\"-\" srcset=\"https:\/\/mouldking.store\/wp-content\/uploads\/2022\/11\/Technic-MOYU-MY88010-18-Static-Version-Sports-Super-SUV-5.jpg 800w, https:\/\/mouldking.store\/wp-content\/uploads\/2022\/11\/Technic-MOYU-MY88010-18-Static-Version-Sports-Super-SUV-5-300x300.jpg 300w, https:\/\/mouldking.store\/wp-content\/uploads\/2022\/11\/Technic-MOYU-MY88010-18-Static-Version-Sports-Super-SUV-5-768x768.jpg 768w, https:\/\/mouldking.store\/wp-content\/uploads\/2022\/11\/Technic-MOYU-MY88010-18-Static-Version-Sports-Super-SUV-5-600x600.jpg 600w, https:\/\/mouldking.store\/wp-content\/uploads\/2022\/11\/Technic-MOYU-MY88010-18-Static-Version-Sports-Super-SUV-5-150x150.jpg 150w, https:\/\/mouldking.store\/wp-content\/uploads\/2022\/11\/Technic-MOYU-MY88010-18-Static-Version-Sports-Super-SUV-5-60x60.jpg 60w, https:\/\/mouldking.store\/wp-content\/uploads\/2022\/11\/Technic-MOYU-MY88010-18-Static-Version-Sports-Super-SUV-5-90x90.jpg 90w\" sizes=\"(max-width: 800px) 100vw, 800px\" \/><figcaption id=\"caption-attachment-33585\" class=\"wp-caption-text\">MOYU MY88010 1:8 statisk versjon Sports Super SUV med 2375 deler<\/figcaption><\/figure>\n<figure id=\"attachment_33586\" aria-describedby=\"caption-attachment-33586\" style=\"width: 800px\" class=\"wp-caption aligncenter\"><img loading=\"lazy\" decoding=\"async\" class=\"wp-image-33586 size-full\" src=\"https:\/\/mouldking.store\/wp-content\/uploads\/2022\/11\/Technic-MOYU-MY88010-18-Static-Version-Sports-Super-SUV-4.jpg\" alt=\"MOYU MY88010 1:8 Static Version Sports Super SUV With 2375 Pieces\" width=\"800\" height=\"800\" title=\"-\" srcset=\"https:\/\/mouldking.store\/wp-content\/uploads\/2022\/11\/Technic-MOYU-MY88010-18-Static-Version-Sports-Super-SUV-4.jpg 800w, https:\/\/mouldking.store\/wp-content\/uploads\/2022\/11\/Technic-MOYU-MY88010-18-Static-Version-Sports-Super-SUV-4-300x300.jpg 300w, https:\/\/mouldking.store\/wp-content\/uploads\/2022\/11\/Technic-MOYU-MY88010-18-Static-Version-Sports-Super-SUV-4-768x768.jpg 768w, https:\/\/mouldking.store\/wp-content\/uploads\/2022\/11\/Technic-MOYU-MY88010-18-Static-Version-Sports-Super-SUV-4-600x600.jpg 600w, https:\/\/mouldking.store\/wp-content\/uploads\/2022\/11\/Technic-MOYU-MY88010-18-Static-Version-Sports-Super-SUV-4-150x150.jpg 150w, https:\/\/mouldking.store\/wp-content\/uploads\/2022\/11\/Technic-MOYU-MY88010-18-Static-Version-Sports-Super-SUV-4-60x60.jpg 60w, https:\/\/mouldking.store\/wp-content\/uploads\/2022\/11\/Technic-MOYU-MY88010-18-Static-Version-Sports-Super-SUV-4-90x90.jpg 90w\" sizes=\"(max-width: 800px) 100vw, 800px\" \/><figcaption id=\"caption-attachment-33586\" class=\"wp-caption-text\">MOYU MY88010 1:8 statisk versjon Sports Super SUV med 2375 deler<\/figcaption><\/figure>\n<figure id=\"attachment_33587\" aria-describedby=\"caption-attachment-33587\" style=\"width: 800px\" class=\"wp-caption aligncenter\"><img loading=\"lazy\" decoding=\"async\" class=\"wp-image-33587 size-full\" src=\"https:\/\/mouldking.store\/wp-content\/uploads\/2022\/11\/Technic-MOYU-MY88010-18-Static-Version-Sports-Super-SUV-2.jpg\" alt=\"MOYU MY88010 1:8 Static Version Sports Super SUV With 2375 Pieces\" width=\"800\" height=\"800\" title=\"-\" srcset=\"https:\/\/mouldking.store\/wp-content\/uploads\/2022\/11\/Technic-MOYU-MY88010-18-Static-Version-Sports-Super-SUV-2.jpg 800w, https:\/\/mouldking.store\/wp-content\/uploads\/2022\/11\/Technic-MOYU-MY88010-18-Static-Version-Sports-Super-SUV-2-300x300.jpg 300w, https:\/\/mouldking.store\/wp-content\/uploads\/2022\/11\/Technic-MOYU-MY88010-18-Static-Version-Sports-Super-SUV-2-768x768.jpg 768w, https:\/\/mouldking.store\/wp-content\/uploads\/2022\/11\/Technic-MOYU-MY88010-18-Static-Version-Sports-Super-SUV-2-600x600.jpg 600w, https:\/\/mouldking.store\/wp-content\/uploads\/2022\/11\/Technic-MOYU-MY88010-18-Static-Version-Sports-Super-SUV-2-150x150.jpg 150w, https:\/\/mouldking.store\/wp-content\/uploads\/2022\/11\/Technic-MOYU-MY88010-18-Static-Version-Sports-Super-SUV-2-60x60.jpg 60w, https:\/\/mouldking.store\/wp-content\/uploads\/2022\/11\/Technic-MOYU-MY88010-18-Static-Version-Sports-Super-SUV-2-90x90.jpg 90w\" sizes=\"(max-width: 800px) 100vw, 800px\" \/><figcaption id=\"caption-attachment-33587\" class=\"wp-caption-text\">MOYU MY88010 1:8 statisk versjon Sports Super SUV med 2375 deler<\/figcaption><\/figure>","protected":false},"excerpt":{"rendered":"<p>Product information: Brand: MOYU Gender: Unisex Name: 1:8 Static Version Sports Super SUV Age Range: &gt; 6 years old Model Number: MY88010 Classification: Assemblage Plastic Block Shape: Self-Locking Bricks Material: Plastic Plastic Type: ABS Bricks Blocks: 2375 PCS Dimensions: 54.5 \u00d7 22.5 \u00d7 18 cm Contains detailed assembly instructions. Notice: 1. Without an original box, [&hellip;]<\/p>","protected":false},"featured_media":33583,"comment_status":"closed","ping_status":"closed","template":"","meta":{"_acf_changed":false},"product_cat":[1357],"product_tag":[6333,6335,2451,6336,6331,6332,6334],"class_list":["product","first","instock","shipping-taxable","purchasable","product-type-simple"],"acf":[],"_links":{"self":[{"href":"https:\/\/mouldking.store\/nb\/wp-json\/wp\/v2\/product\/33582","targetHints":{"allow":["GET"]}}],"collection":[{"href":"https:\/\/mouldking.store\/nb\/wp-json\/wp\/v2\/product"}],"about":[{"href":"https:\/\/mouldking.store\/nb\/wp-json\/wp\/v2\/types\/product"}],"replies":[{"embeddable":true,"href":"https:\/\/mouldking.store\/nb\/wp-json\/wp\/v2\/comments?post=33582"}],"wp:featuredmedia":[{"embeddable":true,"href":"https:\/\/mouldking.store\/nb\/wp-json\/wp\/v2\/media\/33583"}],"wp:attachment":[{"href":"https:\/\/mouldking.store\/nb\/wp-json\/wp\/v2\/media?parent=33582"}],"wp:term":[{"taxonomy":"product_cat","embeddable":true,"href":"https:\/\/mouldking.store\/nb\/wp-json\/wp\/v2\/product_cat?post=33582"},{"taxonomy":"product_tag","embeddable":true,"href":"https:\/\/mouldking.store\/nb\/wp-json\/wp\/v2\/product_tag?post=33582"}],"curies":[{"name":"wp","href":"https:\/\/api.w.org\/{rel}","templated":true}]}}