{"id":33589,"date":"2022-11-02T14:32:08","date_gmt":"2022-11-02T07:32:08","guid":{"rendered":"https:\/\/mouldking.store\/?post_type=product&#038;p=33589"},"modified":"2022-11-02T14:32:08","modified_gmt":"2022-11-02T07:32:08","slug":"mork-10205-modern-villa-9-in-1-with-3300-pieces","status":"publish","type":"product","link":"https:\/\/mouldking.store\/nb\/shop\/mork-10205-modern-villa-9-in-1-with-3300-pieces\/","title":{"rendered":"Mork 10205 Moderne Villa 9 i 1 Med 3300 stk"},"content":{"rendered":"<p>Produktinformasjon:<\/p>\n<ol>\n<li>Merke: Mork<\/li>\n<li>Kj\u00f8nn: Unisex<\/li>\n<li>Name: Modern Villa 9 in 1<\/li>\n<li>Aldersgruppe: &gt; 6 \u00e5r gammel<\/li>\n<li>Model Number: 10205<\/li>\n<li>Klassifisering: Montering<\/li>\n<li>Plastblokkform: Selvl\u00e5sende murstein<\/li>\n<li>Materiale: Plast<\/li>\n<li>Plasttype: ABS<\/li>\n<li>Bricks Blocks: 3300 PCS<\/li>\n<li>Dimensions: 25.5 \u00d7 28.7 \u00d7 27 cm<\/li>\n<li>Inneholder detaljerte monteringsanvisninger.<\/li>\n<\/ol>\n<p>Legge merke til:<br \/>\n1. Uten original eske, men vi garanterer at v\u00e5re produkter har kvalitetssikring og pen emballasje.<br \/>\n2. Som alle delene vi har sjekket f\u00f8r frakt, s\u00e5 hvis du finner noen deler savnet eller skadet, ikke bekymre deg og bare kontakt oss, s\u00e5 kan vi sende dem til deg p\u00e5 nytt umiddelbart gratis.<\/p>\n<figure id=\"attachment_33593\" aria-describedby=\"caption-attachment-33593\" style=\"width: 800px\" class=\"wp-caption aligncenter\"><img fetchpriority=\"high\" decoding=\"async\" class=\"wp-image-33593 size-full\" src=\"https:\/\/mouldking.store\/wp-content\/uploads\/2022\/11\/Modular-Buildings-Mork-10205-Modern-Villa-9-in-1-1.jpg\" alt=\" Mork 10205 Modern Villa 9 in 1 With 3300 Pieces\" width=\"800\" height=\"800\" title=\"-\" srcset=\"https:\/\/mouldking.store\/wp-content\/uploads\/2022\/11\/Modular-Buildings-Mork-10205-Modern-Villa-9-in-1-1.jpg 800w, https:\/\/mouldking.store\/wp-content\/uploads\/2022\/11\/Modular-Buildings-Mork-10205-Modern-Villa-9-in-1-1-300x300.jpg 300w, https:\/\/mouldking.store\/wp-content\/uploads\/2022\/11\/Modular-Buildings-Mork-10205-Modern-Villa-9-in-1-1-768x768.jpg 768w, https:\/\/mouldking.store\/wp-content\/uploads\/2022\/11\/Modular-Buildings-Mork-10205-Modern-Villa-9-in-1-1-600x600.jpg 600w, https:\/\/mouldking.store\/wp-content\/uploads\/2022\/11\/Modular-Buildings-Mork-10205-Modern-Villa-9-in-1-1-150x150.jpg 150w, https:\/\/mouldking.store\/wp-content\/uploads\/2022\/11\/Modular-Buildings-Mork-10205-Modern-Villa-9-in-1-1-60x60.jpg 60w, https:\/\/mouldking.store\/wp-content\/uploads\/2022\/11\/Modular-Buildings-Mork-10205-Modern-Villa-9-in-1-1-90x90.jpg 90w\" sizes=\"(max-width: 800px) 100vw, 800px\" \/><figcaption id=\"caption-attachment-33593\" class=\"wp-caption-text\">Mork 10205 Moderne Villa 9 i 1 Med 3300 stk<\/figcaption><\/figure>\n<figure id=\"attachment_33594\" aria-describedby=\"caption-attachment-33594\" style=\"width: 800px\" class=\"wp-caption aligncenter\"><img decoding=\"async\" class=\"wp-image-33594 size-full\" src=\"https:\/\/mouldking.store\/wp-content\/uploads\/2022\/11\/Modular-Buildings-Mork-10205-Modern-Villa-9-in-1-5.jpg\" alt=\" Mork 10205 Modern Villa 9 in 1 With 3300 Pieces\" width=\"800\" height=\"800\" title=\"-\" srcset=\"https:\/\/mouldking.store\/wp-content\/uploads\/2022\/11\/Modular-Buildings-Mork-10205-Modern-Villa-9-in-1-5.jpg 800w, https:\/\/mouldking.store\/wp-content\/uploads\/2022\/11\/Modular-Buildings-Mork-10205-Modern-Villa-9-in-1-5-300x300.jpg 300w, https:\/\/mouldking.store\/wp-content\/uploads\/2022\/11\/Modular-Buildings-Mork-10205-Modern-Villa-9-in-1-5-768x768.jpg 768w, https:\/\/mouldking.store\/wp-content\/uploads\/2022\/11\/Modular-Buildings-Mork-10205-Modern-Villa-9-in-1-5-600x600.jpg 600w, https:\/\/mouldking.store\/wp-content\/uploads\/2022\/11\/Modular-Buildings-Mork-10205-Modern-Villa-9-in-1-5-150x150.jpg 150w, https:\/\/mouldking.store\/wp-content\/uploads\/2022\/11\/Modular-Buildings-Mork-10205-Modern-Villa-9-in-1-5-60x60.jpg 60w, https:\/\/mouldking.store\/wp-content\/uploads\/2022\/11\/Modular-Buildings-Mork-10205-Modern-Villa-9-in-1-5-90x90.jpg 90w\" sizes=\"(max-width: 800px) 100vw, 800px\" \/><figcaption id=\"caption-attachment-33594\" class=\"wp-caption-text\">Mork 10205 Moderne Villa 9 i 1 Med 3300 stk<\/figcaption><\/figure>\n<figure id=\"attachment_33595\" aria-describedby=\"caption-attachment-33595\" style=\"width: 800px\" class=\"wp-caption aligncenter\"><img decoding=\"async\" class=\"wp-image-33595 size-full\" src=\"https:\/\/mouldking.store\/wp-content\/uploads\/2022\/11\/Modular-Buildings-Mork-10205-Modern-Villa-9-in-1-4.jpg\" alt=\" Mork 10205 Modern Villa 9 in 1 With 3300 Pieces\" width=\"800\" height=\"800\" title=\"-\" srcset=\"https:\/\/mouldking.store\/wp-content\/uploads\/2022\/11\/Modular-Buildings-Mork-10205-Modern-Villa-9-in-1-4.jpg 800w, https:\/\/mouldking.store\/wp-content\/uploads\/2022\/11\/Modular-Buildings-Mork-10205-Modern-Villa-9-in-1-4-300x300.jpg 300w, https:\/\/mouldking.store\/wp-content\/uploads\/2022\/11\/Modular-Buildings-Mork-10205-Modern-Villa-9-in-1-4-768x768.jpg 768w, https:\/\/mouldking.store\/wp-content\/uploads\/2022\/11\/Modular-Buildings-Mork-10205-Modern-Villa-9-in-1-4-600x600.jpg 600w, https:\/\/mouldking.store\/wp-content\/uploads\/2022\/11\/Modular-Buildings-Mork-10205-Modern-Villa-9-in-1-4-150x150.jpg 150w, https:\/\/mouldking.store\/wp-content\/uploads\/2022\/11\/Modular-Buildings-Mork-10205-Modern-Villa-9-in-1-4-60x60.jpg 60w, https:\/\/mouldking.store\/wp-content\/uploads\/2022\/11\/Modular-Buildings-Mork-10205-Modern-Villa-9-in-1-4-90x90.jpg 90w\" sizes=\"(max-width: 800px) 100vw, 800px\" \/><figcaption id=\"caption-attachment-33595\" class=\"wp-caption-text\">Mork 10205 Moderne Villa 9 i 1 Med 3300 stk<\/figcaption><\/figure>\n<figure id=\"attachment_33596\" aria-describedby=\"caption-attachment-33596\" style=\"width: 800px\" class=\"wp-caption aligncenter\"><img loading=\"lazy\" decoding=\"async\" class=\"wp-image-33596 size-full\" src=\"https:\/\/mouldking.store\/wp-content\/uploads\/2022\/11\/Modular-Buildings-Mork-10205-Modern-Villa-9-in-1-3.jpg\" alt=\" Mork 10205 Modern Villa 9 in 1 With 3300 Pieces\" width=\"800\" height=\"800\" title=\"-\" srcset=\"https:\/\/mouldking.store\/wp-content\/uploads\/2022\/11\/Modular-Buildings-Mork-10205-Modern-Villa-9-in-1-3.jpg 800w, https:\/\/mouldking.store\/wp-content\/uploads\/2022\/11\/Modular-Buildings-Mork-10205-Modern-Villa-9-in-1-3-300x300.jpg 300w, https:\/\/mouldking.store\/wp-content\/uploads\/2022\/11\/Modular-Buildings-Mork-10205-Modern-Villa-9-in-1-3-768x768.jpg 768w, https:\/\/mouldking.store\/wp-content\/uploads\/2022\/11\/Modular-Buildings-Mork-10205-Modern-Villa-9-in-1-3-600x600.jpg 600w, https:\/\/mouldking.store\/wp-content\/uploads\/2022\/11\/Modular-Buildings-Mork-10205-Modern-Villa-9-in-1-3-150x150.jpg 150w, https:\/\/mouldking.store\/wp-content\/uploads\/2022\/11\/Modular-Buildings-Mork-10205-Modern-Villa-9-in-1-3-60x60.jpg 60w, https:\/\/mouldking.store\/wp-content\/uploads\/2022\/11\/Modular-Buildings-Mork-10205-Modern-Villa-9-in-1-3-90x90.jpg 90w\" sizes=\"(max-width: 800px) 100vw, 800px\" \/><figcaption id=\"caption-attachment-33596\" class=\"wp-caption-text\">Mork 10205 Moderne Villa 9 i 1 Med 3300 stk<\/figcaption><\/figure>\n<figure id=\"attachment_33597\" aria-describedby=\"caption-attachment-33597\" style=\"width: 800px\" class=\"wp-caption aligncenter\"><img loading=\"lazy\" decoding=\"async\" class=\"wp-image-33597 size-full\" src=\"https:\/\/mouldking.store\/wp-content\/uploads\/2022\/11\/Modular-Buildings-Mork-10205-Modern-Villa-9-in-1-2.jpg\" alt=\" Mork 10205 Modern Villa 9 in 1 With 3300 Pieces\" width=\"800\" height=\"800\" title=\"-\" srcset=\"https:\/\/mouldking.store\/wp-content\/uploads\/2022\/11\/Modular-Buildings-Mork-10205-Modern-Villa-9-in-1-2.jpg 800w, https:\/\/mouldking.store\/wp-content\/uploads\/2022\/11\/Modular-Buildings-Mork-10205-Modern-Villa-9-in-1-2-300x300.jpg 300w, https:\/\/mouldking.store\/wp-content\/uploads\/2022\/11\/Modular-Buildings-Mork-10205-Modern-Villa-9-in-1-2-768x768.jpg 768w, https:\/\/mouldking.store\/wp-content\/uploads\/2022\/11\/Modular-Buildings-Mork-10205-Modern-Villa-9-in-1-2-600x600.jpg 600w, https:\/\/mouldking.store\/wp-content\/uploads\/2022\/11\/Modular-Buildings-Mork-10205-Modern-Villa-9-in-1-2-150x150.jpg 150w, https:\/\/mouldking.store\/wp-content\/uploads\/2022\/11\/Modular-Buildings-Mork-10205-Modern-Villa-9-in-1-2-60x60.jpg 60w, https:\/\/mouldking.store\/wp-content\/uploads\/2022\/11\/Modular-Buildings-Mork-10205-Modern-Villa-9-in-1-2-90x90.jpg 90w\" sizes=\"(max-width: 800px) 100vw, 800px\" \/><figcaption id=\"caption-attachment-33597\" class=\"wp-caption-text\">Mork 10205 Moderne Villa 9 i 1 Med 3300 stk<\/figcaption><\/figure>","protected":false},"excerpt":{"rendered":"<p>Product information: Brand: Mork Gender: Unisex Name: Modern Villa 9 in 1 Age Range: &gt; 6 years old Model Number: 10205 Classification: Assemblage Plastic Block Shape: Self-Locking Bricks Material: Plastic Plastic Type: ABS Bricks Blocks: 3300 PCS Dimensions: 25.5 \u00d7 28.7 \u00d7 27 cm Contains detailed assembly instructions. Notice: 1. Without an original box, but [&hellip;]<\/p>","protected":false},"featured_media":33593,"comment_status":"closed","ping_status":"closed","template":"","meta":{"_acf_changed":false},"product_cat":[1395],"product_tag":[6345,6346,6347,2352,6348,6344],"class_list":["product","first","instock","shipping-taxable","purchasable","product-type-simple"],"acf":[],"_links":{"self":[{"href":"https:\/\/mouldking.store\/nb\/wp-json\/wp\/v2\/product\/33589","targetHints":{"allow":["GET"]}}],"collection":[{"href":"https:\/\/mouldking.store\/nb\/wp-json\/wp\/v2\/product"}],"about":[{"href":"https:\/\/mouldking.store\/nb\/wp-json\/wp\/v2\/types\/product"}],"replies":[{"embeddable":true,"href":"https:\/\/mouldking.store\/nb\/wp-json\/wp\/v2\/comments?post=33589"}],"wp:featuredmedia":[{"embeddable":true,"href":"https:\/\/mouldking.store\/nb\/wp-json\/wp\/v2\/media\/33593"}],"wp:attachment":[{"href":"https:\/\/mouldking.store\/nb\/wp-json\/wp\/v2\/media?parent=33589"}],"wp:term":[{"taxonomy":"product_cat","embeddable":true,"href":"https:\/\/mouldking.store\/nb\/wp-json\/wp\/v2\/product_cat?post=33589"},{"taxonomy":"product_tag","embeddable":true,"href":"https:\/\/mouldking.store\/nb\/wp-json\/wp\/v2\/product_tag?post=33589"}],"curies":[{"name":"wp","href":"https:\/\/api.w.org\/{rel}","templated":true}]}}