{"id":33599,"date":"2022-11-02T14:44:15","date_gmt":"2022-11-02T07:44:15","guid":{"rendered":"https:\/\/mouldking.store\/?post_type=product&#038;p=33599"},"modified":"2022-11-02T14:44:15","modified_gmt":"2022-11-02T07:44:15","slug":"jie-star-61041-m1a2-abrams-main-battle-tank-with-1389-pieces","status":"publish","type":"product","link":"https:\/\/mouldking.store\/nb\/shop\/jie-star-61041-m1a2-abrams-main-battle-tank-with-1389-pieces\/","title":{"rendered":"JIE STAR 61041 M1A2 Abrams hovedstridsvogn med 1389 deler"},"content":{"rendered":"<p>Produktinformasjon:<\/p>\n<ol>\n<li>Merke: JIE STAR<\/li>\n<li>Kj\u00f8nn: Unisex<\/li>\n<li>Name: M1A2 Abrams Main Battle Tank<\/li>\n<li>Aldersgruppe: &gt; 6 \u00e5r gammel<\/li>\n<li>Model Number: 61041<\/li>\n<li>Klassifisering: Montering<\/li>\n<li>Plastblokkform: Selvl\u00e5sende murstein<\/li>\n<li>Materiale: Plast<\/li>\n<li>Plasttype: ABS<\/li>\n<li>Bricks Blocks: 1389 PCS<\/li>\n<li>Dimensions: : 34 \u00d7 14.5 \u00d7 16.8 cm<\/li>\n<li>Inneholder detaljerte monteringsanvisninger.<\/li>\n<\/ol>\n<p>Legge merke til:<br \/>\n1. Uten original eske, men vi garanterer at v\u00e5re produkter har kvalitetssikring og pen emballasje.<br \/>\n2. Som alle delene vi har sjekket f\u00f8r frakt, s\u00e5 hvis du finner noen deler savnet eller skadet, ikke bekymre deg og bare kontakt oss, s\u00e5 kan vi sende dem til deg p\u00e5 nytt umiddelbart gratis.<\/p>\n<figure id=\"attachment_33607\" aria-describedby=\"caption-attachment-33607\" style=\"width: 800px\" class=\"wp-caption aligncenter\"><img fetchpriority=\"high\" decoding=\"async\" class=\"wp-image-33607 size-full\" src=\"https:\/\/mouldking.store\/wp-content\/uploads\/2022\/11\/Military-JIE-STAR-61041-M1A2-Abrams-Main-Battle-Tank-1.jpg\" alt=\"JIE STAR 61041 M1A2 Abrams Main Battle Tank With 1389 Pieces\" width=\"800\" height=\"800\" title=\"-\" srcset=\"https:\/\/mouldking.store\/wp-content\/uploads\/2022\/11\/Military-JIE-STAR-61041-M1A2-Abrams-Main-Battle-Tank-1.jpg 800w, https:\/\/mouldking.store\/wp-content\/uploads\/2022\/11\/Military-JIE-STAR-61041-M1A2-Abrams-Main-Battle-Tank-1-300x300.jpg 300w, https:\/\/mouldking.store\/wp-content\/uploads\/2022\/11\/Military-JIE-STAR-61041-M1A2-Abrams-Main-Battle-Tank-1-768x768.jpg 768w, https:\/\/mouldking.store\/wp-content\/uploads\/2022\/11\/Military-JIE-STAR-61041-M1A2-Abrams-Main-Battle-Tank-1-600x600.jpg 600w, https:\/\/mouldking.store\/wp-content\/uploads\/2022\/11\/Military-JIE-STAR-61041-M1A2-Abrams-Main-Battle-Tank-1-150x150.jpg 150w, https:\/\/mouldking.store\/wp-content\/uploads\/2022\/11\/Military-JIE-STAR-61041-M1A2-Abrams-Main-Battle-Tank-1-60x60.jpg 60w, https:\/\/mouldking.store\/wp-content\/uploads\/2022\/11\/Military-JIE-STAR-61041-M1A2-Abrams-Main-Battle-Tank-1-90x90.jpg 90w\" sizes=\"(max-width: 800px) 100vw, 800px\" \/><figcaption id=\"caption-attachment-33607\" class=\"wp-caption-text\">JIE STAR 61041 M1A2 Abrams hovedstridsvogn med 1389 deler<\/figcaption><\/figure>\n<figure id=\"attachment_33608\" aria-describedby=\"caption-attachment-33608\" style=\"width: 800px\" class=\"wp-caption aligncenter\"><img decoding=\"async\" class=\"wp-image-33608 size-full\" src=\"https:\/\/mouldking.store\/wp-content\/uploads\/2022\/11\/Military-JIE-STAR-61041-M1A2-Abrams-Main-Battle-Tank-10.jpg\" alt=\"JIE STAR 61041 M1A2 Abrams Main Battle Tank With 1389 Pieces\" width=\"800\" height=\"800\" title=\"-\" srcset=\"https:\/\/mouldking.store\/wp-content\/uploads\/2022\/11\/Military-JIE-STAR-61041-M1A2-Abrams-Main-Battle-Tank-10.jpg 800w, https:\/\/mouldking.store\/wp-content\/uploads\/2022\/11\/Military-JIE-STAR-61041-M1A2-Abrams-Main-Battle-Tank-10-300x300.jpg 300w, https:\/\/mouldking.store\/wp-content\/uploads\/2022\/11\/Military-JIE-STAR-61041-M1A2-Abrams-Main-Battle-Tank-10-768x768.jpg 768w, https:\/\/mouldking.store\/wp-content\/uploads\/2022\/11\/Military-JIE-STAR-61041-M1A2-Abrams-Main-Battle-Tank-10-600x600.jpg 600w, https:\/\/mouldking.store\/wp-content\/uploads\/2022\/11\/Military-JIE-STAR-61041-M1A2-Abrams-Main-Battle-Tank-10-150x150.jpg 150w, https:\/\/mouldking.store\/wp-content\/uploads\/2022\/11\/Military-JIE-STAR-61041-M1A2-Abrams-Main-Battle-Tank-10-60x60.jpg 60w, https:\/\/mouldking.store\/wp-content\/uploads\/2022\/11\/Military-JIE-STAR-61041-M1A2-Abrams-Main-Battle-Tank-10-90x90.jpg 90w\" sizes=\"(max-width: 800px) 100vw, 800px\" \/><figcaption id=\"caption-attachment-33608\" class=\"wp-caption-text\">JIE STAR 61041 M1A2 Abrams hovedstridsvogn med 1389 deler<\/figcaption><\/figure>\n<figure id=\"attachment_33609\" aria-describedby=\"caption-attachment-33609\" style=\"width: 800px\" class=\"wp-caption aligncenter\"><img decoding=\"async\" class=\"wp-image-33609 size-full\" src=\"https:\/\/mouldking.store\/wp-content\/uploads\/2022\/11\/Military-JIE-STAR-61041-M1A2-Abrams-Main-Battle-Tank-9.jpg\" alt=\"JIE STAR 61041 M1A2 Abrams Main Battle Tank With 1389 Pieces\" width=\"800\" height=\"800\" title=\"-\" srcset=\"https:\/\/mouldking.store\/wp-content\/uploads\/2022\/11\/Military-JIE-STAR-61041-M1A2-Abrams-Main-Battle-Tank-9.jpg 800w, https:\/\/mouldking.store\/wp-content\/uploads\/2022\/11\/Military-JIE-STAR-61041-M1A2-Abrams-Main-Battle-Tank-9-300x300.jpg 300w, https:\/\/mouldking.store\/wp-content\/uploads\/2022\/11\/Military-JIE-STAR-61041-M1A2-Abrams-Main-Battle-Tank-9-768x768.jpg 768w, https:\/\/mouldking.store\/wp-content\/uploads\/2022\/11\/Military-JIE-STAR-61041-M1A2-Abrams-Main-Battle-Tank-9-600x600.jpg 600w, https:\/\/mouldking.store\/wp-content\/uploads\/2022\/11\/Military-JIE-STAR-61041-M1A2-Abrams-Main-Battle-Tank-9-150x150.jpg 150w, https:\/\/mouldking.store\/wp-content\/uploads\/2022\/11\/Military-JIE-STAR-61041-M1A2-Abrams-Main-Battle-Tank-9-60x60.jpg 60w, https:\/\/mouldking.store\/wp-content\/uploads\/2022\/11\/Military-JIE-STAR-61041-M1A2-Abrams-Main-Battle-Tank-9-90x90.jpg 90w\" sizes=\"(max-width: 800px) 100vw, 800px\" \/><figcaption id=\"caption-attachment-33609\" class=\"wp-caption-text\">JIE STAR 61041 M1A2 Abrams hovedstridsvogn med 1389 deler<\/figcaption><\/figure>","protected":false},"excerpt":{"rendered":"<p>Product information: Brand: JIE STAR Gender: Unisex Name: M1A2 Abrams Main Battle Tank Age Range: &gt; 6 years old Model Number: 61041 Classification: Assemblage Plastic Block Shape: Self-Locking Bricks Material: Plastic Plastic Type: ABS Bricks Blocks: 1389 PCS Dimensions: : 34 \u00d7 14.5 \u00d7 16.8 cm Contains detailed assembly instructions. Notice: 1. Without an original [&hellip;]<\/p>","protected":false},"featured_media":33607,"comment_status":"closed","ping_status":"closed","template":"","meta":{"_acf_changed":false},"product_cat":[1350],"product_tag":[6356,2256,6358,6355,6357,2641,485],"class_list":["product","first","instock","shipping-taxable","purchasable","product-type-simple"],"acf":[],"_links":{"self":[{"href":"https:\/\/mouldking.store\/nb\/wp-json\/wp\/v2\/product\/33599","targetHints":{"allow":["GET"]}}],"collection":[{"href":"https:\/\/mouldking.store\/nb\/wp-json\/wp\/v2\/product"}],"about":[{"href":"https:\/\/mouldking.store\/nb\/wp-json\/wp\/v2\/types\/product"}],"replies":[{"embeddable":true,"href":"https:\/\/mouldking.store\/nb\/wp-json\/wp\/v2\/comments?post=33599"}],"wp:featuredmedia":[{"embeddable":true,"href":"https:\/\/mouldking.store\/nb\/wp-json\/wp\/v2\/media\/33607"}],"wp:attachment":[{"href":"https:\/\/mouldking.store\/nb\/wp-json\/wp\/v2\/media?parent=33599"}],"wp:term":[{"taxonomy":"product_cat","embeddable":true,"href":"https:\/\/mouldking.store\/nb\/wp-json\/wp\/v2\/product_cat?post=33599"},{"taxonomy":"product_tag","embeddable":true,"href":"https:\/\/mouldking.store\/nb\/wp-json\/wp\/v2\/product_tag?post=33599"}],"curies":[{"name":"wp","href":"https:\/\/api.w.org\/{rel}","templated":true}]}}