{"id":33626,"date":"2022-11-02T15:18:51","date_gmt":"2022-11-02T08:18:51","guid":{"rendered":"https:\/\/mouldking.store\/?post_type=product&#038;p=33626"},"modified":"2022-11-02T15:18:51","modified_gmt":"2022-11-02T08:18:51","slug":"sembo-701039-the-ancient-hunter-with-2453-pieces","status":"publish","type":"product","link":"https:\/\/mouldking.store\/nb\/shop\/sembo-701039-the-ancient-hunter-with-2453-pieces\/","title":{"rendered":"Sembo 701039 Den eldgamle jegeren med 2453 stykker"},"content":{"rendered":"<p>Produktinformasjon:<\/p>\n<ol>\n<li>Merke: Sembo<\/li>\n<li>Kj\u00f8nn: Unisex<\/li>\n<li>Name: The Ancient Hunter<\/li>\n<li>Aldersgruppe: &gt; 6 \u00e5r gammel<\/li>\n<li>Model Number: 701039<\/li>\n<li>Klassifisering: Montering<\/li>\n<li>Plastblokkform: Selvl\u00e5sende murstein<\/li>\n<li>Materiale: Plast<\/li>\n<li>Plasttype: ABS<\/li>\n<li>Bricks Blocks: 2453 PCS<\/li>\n<li>Dimensions: \u00a055.7 \u00d7 15.1 \u00d7 24.7 cm<\/li>\n<li>Inneholder detaljerte monteringsanvisninger.<\/li>\n<\/ol>\n<p>Legge merke til:<br \/>\n1. Uten original eske, men vi garanterer at v\u00e5re produkter har kvalitetssikring og pen emballasje.<br \/>\n2. Som alle delene vi har sjekket f\u00f8r frakt, s\u00e5 hvis du finner noen deler savnet eller skadet, ikke bekymre deg og bare kontakt oss, s\u00e5 kan vi sende dem til deg p\u00e5 nytt umiddelbart gratis.<\/p>\n<figure id=\"attachment_33634\" aria-describedby=\"caption-attachment-33634\" style=\"width: 800px\" class=\"wp-caption aligncenter\"><img fetchpriority=\"high\" decoding=\"async\" class=\"wp-image-33634 size-full\" src=\"https:\/\/mouldking.store\/wp-content\/uploads\/2022\/11\/Technic-Sembo-701039-The-Ancient-Hunter-1.jpg\" alt=\"Sembo 701039 The Ancient Hunter With 2453 Pieces\" width=\"800\" height=\"800\" title=\"-\" srcset=\"https:\/\/mouldking.store\/wp-content\/uploads\/2022\/11\/Technic-Sembo-701039-The-Ancient-Hunter-1.jpg 800w, https:\/\/mouldking.store\/wp-content\/uploads\/2022\/11\/Technic-Sembo-701039-The-Ancient-Hunter-1-300x300.jpg 300w, https:\/\/mouldking.store\/wp-content\/uploads\/2022\/11\/Technic-Sembo-701039-The-Ancient-Hunter-1-768x768.jpg 768w, https:\/\/mouldking.store\/wp-content\/uploads\/2022\/11\/Technic-Sembo-701039-The-Ancient-Hunter-1-600x600.jpg 600w, https:\/\/mouldking.store\/wp-content\/uploads\/2022\/11\/Technic-Sembo-701039-The-Ancient-Hunter-1-150x150.jpg 150w, https:\/\/mouldking.store\/wp-content\/uploads\/2022\/11\/Technic-Sembo-701039-The-Ancient-Hunter-1-60x60.jpg 60w, https:\/\/mouldking.store\/wp-content\/uploads\/2022\/11\/Technic-Sembo-701039-The-Ancient-Hunter-1-90x90.jpg 90w\" sizes=\"(max-width: 800px) 100vw, 800px\" \/><figcaption id=\"caption-attachment-33634\" class=\"wp-caption-text\">Sembo 701039 Den eldgamle jegeren med 2453 stykker<\/figcaption><\/figure>\n<figure id=\"attachment_33635\" aria-describedby=\"caption-attachment-33635\" style=\"width: 800px\" class=\"wp-caption aligncenter\"><img decoding=\"async\" class=\"wp-image-33635 size-full\" src=\"https:\/\/mouldking.store\/wp-content\/uploads\/2022\/11\/Technic-Sembo-701039-The-Ancient-Hunter-11.jpg\" alt=\"Sembo 701039 The Ancient Hunter With 2453 Pieces\" width=\"800\" height=\"800\" title=\"-\" srcset=\"https:\/\/mouldking.store\/wp-content\/uploads\/2022\/11\/Technic-Sembo-701039-The-Ancient-Hunter-11.jpg 800w, https:\/\/mouldking.store\/wp-content\/uploads\/2022\/11\/Technic-Sembo-701039-The-Ancient-Hunter-11-300x300.jpg 300w, https:\/\/mouldking.store\/wp-content\/uploads\/2022\/11\/Technic-Sembo-701039-The-Ancient-Hunter-11-768x768.jpg 768w, https:\/\/mouldking.store\/wp-content\/uploads\/2022\/11\/Technic-Sembo-701039-The-Ancient-Hunter-11-600x600.jpg 600w, https:\/\/mouldking.store\/wp-content\/uploads\/2022\/11\/Technic-Sembo-701039-The-Ancient-Hunter-11-150x150.jpg 150w, https:\/\/mouldking.store\/wp-content\/uploads\/2022\/11\/Technic-Sembo-701039-The-Ancient-Hunter-11-60x60.jpg 60w, https:\/\/mouldking.store\/wp-content\/uploads\/2022\/11\/Technic-Sembo-701039-The-Ancient-Hunter-11-90x90.jpg 90w\" sizes=\"(max-width: 800px) 100vw, 800px\" \/><figcaption id=\"caption-attachment-33635\" class=\"wp-caption-text\">Sembo 701039 Den eldgamle jegeren med 2453 stykker<\/figcaption><\/figure>\n<figure id=\"attachment_33636\" aria-describedby=\"caption-attachment-33636\" style=\"width: 800px\" class=\"wp-caption aligncenter\"><img decoding=\"async\" class=\"wp-image-33636 size-full\" src=\"https:\/\/mouldking.store\/wp-content\/uploads\/2022\/11\/Technic-Sembo-701039-The-Ancient-Hunter-10.jpg\" alt=\"Sembo 701039 The Ancient Hunter With 2453 Pieces\" width=\"800\" height=\"800\" title=\"-\" srcset=\"https:\/\/mouldking.store\/wp-content\/uploads\/2022\/11\/Technic-Sembo-701039-The-Ancient-Hunter-10.jpg 800w, https:\/\/mouldking.store\/wp-content\/uploads\/2022\/11\/Technic-Sembo-701039-The-Ancient-Hunter-10-300x300.jpg 300w, https:\/\/mouldking.store\/wp-content\/uploads\/2022\/11\/Technic-Sembo-701039-The-Ancient-Hunter-10-768x768.jpg 768w, https:\/\/mouldking.store\/wp-content\/uploads\/2022\/11\/Technic-Sembo-701039-The-Ancient-Hunter-10-600x600.jpg 600w, https:\/\/mouldking.store\/wp-content\/uploads\/2022\/11\/Technic-Sembo-701039-The-Ancient-Hunter-10-150x150.jpg 150w, https:\/\/mouldking.store\/wp-content\/uploads\/2022\/11\/Technic-Sembo-701039-The-Ancient-Hunter-10-60x60.jpg 60w, https:\/\/mouldking.store\/wp-content\/uploads\/2022\/11\/Technic-Sembo-701039-The-Ancient-Hunter-10-90x90.jpg 90w\" sizes=\"(max-width: 800px) 100vw, 800px\" \/><figcaption id=\"caption-attachment-33636\" class=\"wp-caption-text\">Sembo 701039 Den eldgamle jegeren med 2453 stykker<\/figcaption><\/figure>\n<figure id=\"attachment_33637\" aria-describedby=\"caption-attachment-33637\" style=\"width: 800px\" class=\"wp-caption aligncenter\"><img loading=\"lazy\" decoding=\"async\" class=\"wp-image-33637 size-full\" src=\"https:\/\/mouldking.store\/wp-content\/uploads\/2022\/11\/Technic-Sembo-701039-The-Ancient-Hunter-9.jpg\" alt=\"Sembo 701039 The Ancient Hunter With 2453 Pieces\" width=\"800\" height=\"800\" title=\"-\" srcset=\"https:\/\/mouldking.store\/wp-content\/uploads\/2022\/11\/Technic-Sembo-701039-The-Ancient-Hunter-9.jpg 800w, https:\/\/mouldking.store\/wp-content\/uploads\/2022\/11\/Technic-Sembo-701039-The-Ancient-Hunter-9-300x300.jpg 300w, https:\/\/mouldking.store\/wp-content\/uploads\/2022\/11\/Technic-Sembo-701039-The-Ancient-Hunter-9-768x768.jpg 768w, https:\/\/mouldking.store\/wp-content\/uploads\/2022\/11\/Technic-Sembo-701039-The-Ancient-Hunter-9-600x600.jpg 600w, https:\/\/mouldking.store\/wp-content\/uploads\/2022\/11\/Technic-Sembo-701039-The-Ancient-Hunter-9-150x150.jpg 150w, https:\/\/mouldking.store\/wp-content\/uploads\/2022\/11\/Technic-Sembo-701039-The-Ancient-Hunter-9-60x60.jpg 60w, https:\/\/mouldking.store\/wp-content\/uploads\/2022\/11\/Technic-Sembo-701039-The-Ancient-Hunter-9-90x90.jpg 90w\" sizes=\"(max-width: 800px) 100vw, 800px\" \/><figcaption id=\"caption-attachment-33637\" class=\"wp-caption-text\">Sembo 701039 Den eldgamle jegeren med 2453 stykker<\/figcaption><\/figure>","protected":false},"excerpt":{"rendered":"<p>Product information: Brand: Sembo Gender: Unisex Name: The Ancient Hunter Age Range: &gt; 6 years old Model Number: 701039 Classification: Assemblage Plastic Block Shape: Self-Locking Bricks Material: Plastic Plastic Type: ABS Bricks Blocks: 2453 PCS Dimensions: \u00a055.7 \u00d7 15.1 \u00d7 24.7 cm Contains detailed assembly instructions. Notice: 1. Without an original box, but we guarantee [&hellip;]<\/p>","protected":false},"featured_media":33634,"comment_status":"closed","ping_status":"closed","template":"","meta":{"_acf_changed":false},"product_cat":[1357],"product_tag":[6378,6380,1491,6381,6377,6379],"class_list":["product","first","instock","shipping-taxable","purchasable","product-type-variable"],"acf":[],"_links":{"self":[{"href":"https:\/\/mouldking.store\/nb\/wp-json\/wp\/v2\/product\/33626","targetHints":{"allow":["GET"]}}],"collection":[{"href":"https:\/\/mouldking.store\/nb\/wp-json\/wp\/v2\/product"}],"about":[{"href":"https:\/\/mouldking.store\/nb\/wp-json\/wp\/v2\/types\/product"}],"replies":[{"embeddable":true,"href":"https:\/\/mouldking.store\/nb\/wp-json\/wp\/v2\/comments?post=33626"}],"wp:featuredmedia":[{"embeddable":true,"href":"https:\/\/mouldking.store\/nb\/wp-json\/wp\/v2\/media\/33634"}],"wp:attachment":[{"href":"https:\/\/mouldking.store\/nb\/wp-json\/wp\/v2\/media?parent=33626"}],"wp:term":[{"taxonomy":"product_cat","embeddable":true,"href":"https:\/\/mouldking.store\/nb\/wp-json\/wp\/v2\/product_cat?post=33626"},{"taxonomy":"product_tag","embeddable":true,"href":"https:\/\/mouldking.store\/nb\/wp-json\/wp\/v2\/product_tag?post=33626"}],"curies":[{"name":"wp","href":"https:\/\/api.w.org\/{rel}","templated":true}]}}