{"id":33646,"date":"2022-11-02T15:35:51","date_gmt":"2022-11-02T08:35:51","guid":{"rendered":"https:\/\/mouldking.store\/?post_type=product&#038;p=33646"},"modified":"2022-11-02T15:35:51","modified_gmt":"2022-11-02T08:35:51","slug":"panlos-687301-godzilla-q-edition-with-853-pieces","status":"publish","type":"product","link":"https:\/\/mouldking.store\/nb\/shop\/panlos-687301-godzilla-q-edition-with-853-pieces\/","title":{"rendered":"PANLOS 687301 Godzilla Q Edition med 853 deler"},"content":{"rendered":"<p>Produktinformasjon:<\/p>\n<ol>\n<li>Merke: PANLOS<\/li>\n<li>Kj\u00f8nn: Unisex<\/li>\n<li>Name: Godzilla Q Edition<\/li>\n<li>Aldersgruppe: &gt; 6 \u00e5r gammel<\/li>\n<li>Model Number: 687301<\/li>\n<li>Klassifisering: Montering<\/li>\n<li>Plastblokkform: Selvl\u00e5sende murstein<\/li>\n<li>Materiale: Plast<\/li>\n<li>Plasttype: ABS<\/li>\n<li>Bricks Blocks: 853 PCS<\/li>\n<li>Inneholder detaljerte monteringsanvisninger.<\/li>\n<\/ol>\n<p>Legge merke til:<br \/>\n1. Uten original eske, men vi garanterer at v\u00e5re produkter har kvalitetssikring og pen emballasje.<br \/>\n2. Som alle delene vi har sjekket f\u00f8r frakt, s\u00e5 hvis du finner noen deler savnet eller skadet, ikke bekymre deg og bare kontakt oss, s\u00e5 kan vi sende dem til deg p\u00e5 nytt umiddelbart gratis.<\/p>\n<figure id=\"attachment_33652\" aria-describedby=\"caption-attachment-33652\" style=\"width: 768px\" class=\"wp-caption aligncenter\"><img fetchpriority=\"high\" decoding=\"async\" class=\"wp-image-33652 size-full\" src=\"https:\/\/mouldking.store\/wp-content\/uploads\/2022\/11\/Creator-PANLOS-687301-Godzilla-Q-Edition-1-768x768-1.jpg\" alt=\"PANLOS 687301 Godzilla Q Edition With 853 Pieces\" width=\"768\" height=\"768\" title=\"-\" srcset=\"https:\/\/mouldking.store\/wp-content\/uploads\/2022\/11\/Creator-PANLOS-687301-Godzilla-Q-Edition-1-768x768-1.jpg 768w, https:\/\/mouldking.store\/wp-content\/uploads\/2022\/11\/Creator-PANLOS-687301-Godzilla-Q-Edition-1-768x768-1-300x300.jpg 300w, https:\/\/mouldking.store\/wp-content\/uploads\/2022\/11\/Creator-PANLOS-687301-Godzilla-Q-Edition-1-768x768-1-600x600.jpg 600w, https:\/\/mouldking.store\/wp-content\/uploads\/2022\/11\/Creator-PANLOS-687301-Godzilla-Q-Edition-1-768x768-1-150x150.jpg 150w, https:\/\/mouldking.store\/wp-content\/uploads\/2022\/11\/Creator-PANLOS-687301-Godzilla-Q-Edition-1-768x768-1-60x60.jpg 60w, https:\/\/mouldking.store\/wp-content\/uploads\/2022\/11\/Creator-PANLOS-687301-Godzilla-Q-Edition-1-768x768-1-90x90.jpg 90w\" sizes=\"(max-width: 768px) 100vw, 768px\" \/><figcaption id=\"caption-attachment-33652\" class=\"wp-caption-text\">PANLOS 687301 Godzilla Q Edition med 853 deler<\/figcaption><\/figure>\n<figure id=\"attachment_33653\" aria-describedby=\"caption-attachment-33653\" style=\"width: 750px\" class=\"wp-caption aligncenter\"><img decoding=\"async\" class=\"wp-image-33653 size-full\" src=\"https:\/\/mouldking.store\/wp-content\/uploads\/2022\/11\/Creator-PANLOS-687301-Godzilla-Q-Edition-4.jpg\" alt=\"PANLOS 687301 Godzilla Q Edition With 853 Pieces\" width=\"750\" height=\"1024\" title=\"-\" srcset=\"https:\/\/mouldking.store\/wp-content\/uploads\/2022\/11\/Creator-PANLOS-687301-Godzilla-Q-Edition-4.jpg 750w, https:\/\/mouldking.store\/wp-content\/uploads\/2022\/11\/Creator-PANLOS-687301-Godzilla-Q-Edition-4-220x300.jpg 220w, https:\/\/mouldking.store\/wp-content\/uploads\/2022\/11\/Creator-PANLOS-687301-Godzilla-Q-Edition-4-300x410.jpg 300w, https:\/\/mouldking.store\/wp-content\/uploads\/2022\/11\/Creator-PANLOS-687301-Godzilla-Q-Edition-4-600x819.jpg 600w, https:\/\/mouldking.store\/wp-content\/uploads\/2022\/11\/Creator-PANLOS-687301-Godzilla-Q-Edition-4-110x150.jpg 110w, https:\/\/mouldking.store\/wp-content\/uploads\/2022\/11\/Creator-PANLOS-687301-Godzilla-Q-Edition-4-44x60.jpg 44w, https:\/\/mouldking.store\/wp-content\/uploads\/2022\/11\/Creator-PANLOS-687301-Godzilla-Q-Edition-4-66x90.jpg 66w\" sizes=\"(max-width: 750px) 100vw, 750px\" \/><figcaption id=\"caption-attachment-33653\" class=\"wp-caption-text\">PANLOS 687301 Godzilla Q Edition med 853 deler<\/figcaption><\/figure>\n<figure id=\"attachment_33654\" aria-describedby=\"caption-attachment-33654\" style=\"width: 768px\" class=\"wp-caption aligncenter\"><img decoding=\"async\" class=\"wp-image-33654 size-full\" src=\"https:\/\/mouldking.store\/wp-content\/uploads\/2022\/11\/Creator-PANLOS-687301-Godzilla-Q-Edition-3-768x976-1.jpg\" alt=\"PANLOS 687301 Godzilla Q Edition With 853 Pieces\" width=\"768\" height=\"976\" title=\"-\" srcset=\"https:\/\/mouldking.store\/wp-content\/uploads\/2022\/11\/Creator-PANLOS-687301-Godzilla-Q-Edition-3-768x976-1.jpg 768w, https:\/\/mouldking.store\/wp-content\/uploads\/2022\/11\/Creator-PANLOS-687301-Godzilla-Q-Edition-3-768x976-1-236x300.jpg 236w, https:\/\/mouldking.store\/wp-content\/uploads\/2022\/11\/Creator-PANLOS-687301-Godzilla-Q-Edition-3-768x976-1-300x381.jpg 300w, https:\/\/mouldking.store\/wp-content\/uploads\/2022\/11\/Creator-PANLOS-687301-Godzilla-Q-Edition-3-768x976-1-600x763.jpg 600w, https:\/\/mouldking.store\/wp-content\/uploads\/2022\/11\/Creator-PANLOS-687301-Godzilla-Q-Edition-3-768x976-1-118x150.jpg 118w, https:\/\/mouldking.store\/wp-content\/uploads\/2022\/11\/Creator-PANLOS-687301-Godzilla-Q-Edition-3-768x976-1-47x60.jpg 47w, https:\/\/mouldking.store\/wp-content\/uploads\/2022\/11\/Creator-PANLOS-687301-Godzilla-Q-Edition-3-768x976-1-71x90.jpg 71w\" sizes=\"(max-width: 768px) 100vw, 768px\" \/><figcaption id=\"caption-attachment-33654\" class=\"wp-caption-text\">PANLOS 687301 Godzilla Q Edition med 853 deler<\/figcaption><\/figure>\n<figure id=\"attachment_33655\" aria-describedby=\"caption-attachment-33655\" style=\"width: 768px\" class=\"wp-caption aligncenter\"><img loading=\"lazy\" decoding=\"async\" class=\"wp-image-33655 size-full\" src=\"https:\/\/mouldking.store\/wp-content\/uploads\/2022\/11\/Creator-PANLOS-687301-Godzilla-Q-Edition-2-768x739-1.jpg\" alt=\"PANLOS 687301 Godzilla Q Edition With 853 Pieces\" width=\"768\" height=\"739\" title=\"-\" srcset=\"https:\/\/mouldking.store\/wp-content\/uploads\/2022\/11\/Creator-PANLOS-687301-Godzilla-Q-Edition-2-768x739-1.jpg 768w, https:\/\/mouldking.store\/wp-content\/uploads\/2022\/11\/Creator-PANLOS-687301-Godzilla-Q-Edition-2-768x739-1-300x289.jpg 300w, https:\/\/mouldking.store\/wp-content\/uploads\/2022\/11\/Creator-PANLOS-687301-Godzilla-Q-Edition-2-768x739-1-600x577.jpg 600w, https:\/\/mouldking.store\/wp-content\/uploads\/2022\/11\/Creator-PANLOS-687301-Godzilla-Q-Edition-2-768x739-1-150x144.jpg 150w, https:\/\/mouldking.store\/wp-content\/uploads\/2022\/11\/Creator-PANLOS-687301-Godzilla-Q-Edition-2-768x739-1-62x60.jpg 62w, https:\/\/mouldking.store\/wp-content\/uploads\/2022\/11\/Creator-PANLOS-687301-Godzilla-Q-Edition-2-768x739-1-94x90.jpg 94w\" sizes=\"(max-width: 768px) 100vw, 768px\" \/><figcaption id=\"caption-attachment-33655\" class=\"wp-caption-text\">PANLOS 687301 Godzilla Q Edition med 853 deler<\/figcaption><\/figure>","protected":false},"excerpt":{"rendered":"<p>Product information: Brand: PANLOS Gender: Unisex Name: Godzilla Q Edition Age Range: &gt; 6 years old Model Number: 687301 Classification: Assemblage Plastic Block Shape: Self-Locking Bricks Material: Plastic Plastic Type: ABS Bricks Blocks: 853 PCS Contains detailed assembly instructions. Notice: 1. Without an original box, but we guarantee our products have quality assurance and nice [&hellip;]<\/p>","protected":false},"featured_media":33652,"comment_status":"closed","ping_status":"closed","template":"","meta":{"_acf_changed":false},"product_cat":[1365],"product_tag":[6391,3547,6393,1851,6392,6390],"class_list":["product","first","instock","shipping-taxable","purchasable","product-type-simple"],"acf":[],"_links":{"self":[{"href":"https:\/\/mouldking.store\/nb\/wp-json\/wp\/v2\/product\/33646","targetHints":{"allow":["GET"]}}],"collection":[{"href":"https:\/\/mouldking.store\/nb\/wp-json\/wp\/v2\/product"}],"about":[{"href":"https:\/\/mouldking.store\/nb\/wp-json\/wp\/v2\/types\/product"}],"replies":[{"embeddable":true,"href":"https:\/\/mouldking.store\/nb\/wp-json\/wp\/v2\/comments?post=33646"}],"wp:featuredmedia":[{"embeddable":true,"href":"https:\/\/mouldking.store\/nb\/wp-json\/wp\/v2\/media\/33652"}],"wp:attachment":[{"href":"https:\/\/mouldking.store\/nb\/wp-json\/wp\/v2\/media?parent=33646"}],"wp:term":[{"taxonomy":"product_cat","embeddable":true,"href":"https:\/\/mouldking.store\/nb\/wp-json\/wp\/v2\/product_cat?post=33646"},{"taxonomy":"product_tag","embeddable":true,"href":"https:\/\/mouldking.store\/nb\/wp-json\/wp\/v2\/product_tag?post=33646"}],"curies":[{"name":"wp","href":"https:\/\/api.w.org\/{rel}","templated":true}]}}