{"id":33669,"date":"2022-11-02T16:19:54","date_gmt":"2022-11-02T09:19:54","guid":{"rendered":"https:\/\/mouldking.store\/?post_type=product&#038;p=33669"},"modified":"2025-12-25T09:12:24","modified_gmt":"2025-12-25T02:12:24","slug":"moc-73196-red-super-mario-64-question-mark-block-with-2064-pieces","status":"publish","type":"product","link":"https:\/\/mouldking.store\/nb\/shop\/moc-73196-red-super-mario-64-question-mark-block-with-2064-pieces\/","title":{"rendered":"MOC 73196 Red Super Mario 64 sp\u00f8rsm\u00e5lstegnblokk med 2064 stykker"},"content":{"rendered":"<p>Produktinformasjon:<\/p>\n<ol>\n<li>Merke: MOC<\/li>\n<li>Kj\u00f8nn: Unisex<\/li>\n<li>Name: Red Super Mario 64 Question Mark Block<\/li>\n<li>Aldersgruppe: &gt; 6 \u00e5r gammel<\/li>\n<li>Model Number: 73196<\/li>\n<li>Klassifisering: Montering<\/li>\n<li>Plastblokkform: Selvl\u00e5sende murstein<\/li>\n<li>Materiale: Plast<\/li>\n<li>Plasttype: ABS<\/li>\n<li>Bricks Blocks: 2064 PCS<\/li>\n<li>Dimensions:18.5 \u00d7 18.5 \u00d7 18 cm<\/li>\n<li>Inneholder detaljerte monteringsanvisninger.<\/li>\n<\/ol>\n<p>Legge merke til:<br \/>\n1. Uten original eske, men vi garanterer at v\u00e5re produkter har kvalitetssikring og pen emballasje.<br \/>\n2. Som alle delene vi har sjekket f\u00f8r frakt, s\u00e5 hvis du finner noen deler savnet eller skadet, ikke bekymre deg og bare kontakt oss, s\u00e5 kan vi sende dem til deg p\u00e5 nytt umiddelbart gratis.<\/p>\n<figure id=\"attachment_33682\" aria-describedby=\"caption-attachment-33682\" style=\"width: 800px\" class=\"wp-caption aligncenter\"><img fetchpriority=\"high\" decoding=\"async\" class=\"wp-image-33682 size-full\" src=\"https:\/\/mouldking.store\/wp-content\/uploads\/2022\/11\/Creator-MOC-73196-Red-Super-Mario-64-Question-Mark-Block-1.jpg\" alt=\"MOC 73196 Red Super Mario 64 Question Mark Block With 2064 Pieces\" width=\"800\" height=\"800\" title=\"-\" srcset=\"https:\/\/mouldking.store\/wp-content\/uploads\/2022\/11\/Creator-MOC-73196-Red-Super-Mario-64-Question-Mark-Block-1.jpg 800w, https:\/\/mouldking.store\/wp-content\/uploads\/2022\/11\/Creator-MOC-73196-Red-Super-Mario-64-Question-Mark-Block-1-300x300.jpg 300w, https:\/\/mouldking.store\/wp-content\/uploads\/2022\/11\/Creator-MOC-73196-Red-Super-Mario-64-Question-Mark-Block-1-768x768.jpg 768w, https:\/\/mouldking.store\/wp-content\/uploads\/2022\/11\/Creator-MOC-73196-Red-Super-Mario-64-Question-Mark-Block-1-600x600.jpg 600w, https:\/\/mouldking.store\/wp-content\/uploads\/2022\/11\/Creator-MOC-73196-Red-Super-Mario-64-Question-Mark-Block-1-150x150.jpg 150w, https:\/\/mouldking.store\/wp-content\/uploads\/2022\/11\/Creator-MOC-73196-Red-Super-Mario-64-Question-Mark-Block-1-60x60.jpg 60w, https:\/\/mouldking.store\/wp-content\/uploads\/2022\/11\/Creator-MOC-73196-Red-Super-Mario-64-Question-Mark-Block-1-90x90.jpg 90w\" sizes=\"(max-width: 800px) 100vw, 800px\" \/><figcaption id=\"caption-attachment-33682\" class=\"wp-caption-text\">MOC 73196 Red Super Mario 64 sp\u00f8rsm\u00e5lstegnblokk med 2064 stykker<\/figcaption><\/figure>\n<figure id=\"attachment_33683\" aria-describedby=\"caption-attachment-33683\" style=\"width: 800px\" class=\"wp-caption aligncenter\"><img decoding=\"async\" class=\"wp-image-33683 size-full\" src=\"https:\/\/mouldking.store\/wp-content\/uploads\/2022\/11\/Creator-MOC-73196-Red-Super-Mario-64-Question-Mark-Block-4.jpg\" alt=\"MOC 73196 Red Super Mario 64 Question Mark Block With 2064 Pieces\" width=\"800\" height=\"800\" title=\"-\" srcset=\"https:\/\/mouldking.store\/wp-content\/uploads\/2022\/11\/Creator-MOC-73196-Red-Super-Mario-64-Question-Mark-Block-4.jpg 800w, https:\/\/mouldking.store\/wp-content\/uploads\/2022\/11\/Creator-MOC-73196-Red-Super-Mario-64-Question-Mark-Block-4-300x300.jpg 300w, https:\/\/mouldking.store\/wp-content\/uploads\/2022\/11\/Creator-MOC-73196-Red-Super-Mario-64-Question-Mark-Block-4-768x768.jpg 768w, https:\/\/mouldking.store\/wp-content\/uploads\/2022\/11\/Creator-MOC-73196-Red-Super-Mario-64-Question-Mark-Block-4-600x600.jpg 600w, https:\/\/mouldking.store\/wp-content\/uploads\/2022\/11\/Creator-MOC-73196-Red-Super-Mario-64-Question-Mark-Block-4-150x150.jpg 150w, https:\/\/mouldking.store\/wp-content\/uploads\/2022\/11\/Creator-MOC-73196-Red-Super-Mario-64-Question-Mark-Block-4-60x60.jpg 60w, https:\/\/mouldking.store\/wp-content\/uploads\/2022\/11\/Creator-MOC-73196-Red-Super-Mario-64-Question-Mark-Block-4-90x90.jpg 90w\" sizes=\"(max-width: 800px) 100vw, 800px\" \/><figcaption id=\"caption-attachment-33683\" class=\"wp-caption-text\">MOC 73196 Red Super Mario 64 sp\u00f8rsm\u00e5lstegnblokk med 2064 stykker<\/figcaption><\/figure>\n<figure id=\"attachment_33684\" aria-describedby=\"caption-attachment-33684\" style=\"width: 800px\" class=\"wp-caption aligncenter\"><img decoding=\"async\" class=\"wp-image-33684 size-full\" src=\"https:\/\/mouldking.store\/wp-content\/uploads\/2022\/11\/Creator-MOC-73196-Red-Super-Mario-64-Question-Mark-Block-3.jpg\" alt=\"MOC 73196 Red Super Mario 64 Question Mark Block With 2064 Pieces\" width=\"800\" height=\"800\" title=\"-\" srcset=\"https:\/\/mouldking.store\/wp-content\/uploads\/2022\/11\/Creator-MOC-73196-Red-Super-Mario-64-Question-Mark-Block-3.jpg 800w, https:\/\/mouldking.store\/wp-content\/uploads\/2022\/11\/Creator-MOC-73196-Red-Super-Mario-64-Question-Mark-Block-3-300x300.jpg 300w, https:\/\/mouldking.store\/wp-content\/uploads\/2022\/11\/Creator-MOC-73196-Red-Super-Mario-64-Question-Mark-Block-3-768x768.jpg 768w, https:\/\/mouldking.store\/wp-content\/uploads\/2022\/11\/Creator-MOC-73196-Red-Super-Mario-64-Question-Mark-Block-3-600x600.jpg 600w, https:\/\/mouldking.store\/wp-content\/uploads\/2022\/11\/Creator-MOC-73196-Red-Super-Mario-64-Question-Mark-Block-3-150x150.jpg 150w, https:\/\/mouldking.store\/wp-content\/uploads\/2022\/11\/Creator-MOC-73196-Red-Super-Mario-64-Question-Mark-Block-3-60x60.jpg 60w, https:\/\/mouldking.store\/wp-content\/uploads\/2022\/11\/Creator-MOC-73196-Red-Super-Mario-64-Question-Mark-Block-3-90x90.jpg 90w\" sizes=\"(max-width: 800px) 100vw, 800px\" \/><figcaption id=\"caption-attachment-33684\" class=\"wp-caption-text\">MOC 73196 Red Super Mario 64 sp\u00f8rsm\u00e5lstegnblokk med 2064 stykker<\/figcaption><\/figure>\n<figure id=\"attachment_33685\" aria-describedby=\"caption-attachment-33685\" style=\"width: 800px\" class=\"wp-caption aligncenter\"><img loading=\"lazy\" decoding=\"async\" class=\"wp-image-33685 size-full\" src=\"https:\/\/mouldking.store\/wp-content\/uploads\/2022\/11\/Creator-MOC-73196-Red-Super-Mario-64-Question-Mark-Block-2.jpg\" alt=\"MOC 73196 Red Super Mario 64 Question Mark Block With 2064 Pieces\" width=\"800\" height=\"800\" title=\"-\" srcset=\"https:\/\/mouldking.store\/wp-content\/uploads\/2022\/11\/Creator-MOC-73196-Red-Super-Mario-64-Question-Mark-Block-2.jpg 800w, https:\/\/mouldking.store\/wp-content\/uploads\/2022\/11\/Creator-MOC-73196-Red-Super-Mario-64-Question-Mark-Block-2-300x300.jpg 300w, https:\/\/mouldking.store\/wp-content\/uploads\/2022\/11\/Creator-MOC-73196-Red-Super-Mario-64-Question-Mark-Block-2-768x768.jpg 768w, https:\/\/mouldking.store\/wp-content\/uploads\/2022\/11\/Creator-MOC-73196-Red-Super-Mario-64-Question-Mark-Block-2-600x600.jpg 600w, https:\/\/mouldking.store\/wp-content\/uploads\/2022\/11\/Creator-MOC-73196-Red-Super-Mario-64-Question-Mark-Block-2-150x150.jpg 150w, https:\/\/mouldking.store\/wp-content\/uploads\/2022\/11\/Creator-MOC-73196-Red-Super-Mario-64-Question-Mark-Block-2-60x60.jpg 60w, https:\/\/mouldking.store\/wp-content\/uploads\/2022\/11\/Creator-MOC-73196-Red-Super-Mario-64-Question-Mark-Block-2-90x90.jpg 90w\" sizes=\"(max-width: 800px) 100vw, 800px\" \/><figcaption id=\"caption-attachment-33685\" class=\"wp-caption-text\">MOC 73196 Red Super Mario 64 sp\u00f8rsm\u00e5lstegnblokk med 2064 stykker<\/figcaption><\/figure>\n<figure id=\"attachment_33686\" aria-describedby=\"caption-attachment-33686\" style=\"width: 800px\" class=\"wp-caption aligncenter\"><img loading=\"lazy\" decoding=\"async\" class=\"wp-image-33686 size-full\" src=\"https:\/\/mouldking.store\/wp-content\/uploads\/2022\/11\/Creator-MOC-73196-Red-Super-Mario-64-Question-Mark-Block-5.jpg\" alt=\"MOC 73196 Red Super Mario 64 Question Mark Block With 2064 Pieces\" width=\"800\" height=\"800\" title=\"-\" srcset=\"https:\/\/mouldking.store\/wp-content\/uploads\/2022\/11\/Creator-MOC-73196-Red-Super-Mario-64-Question-Mark-Block-5.jpg 800w, https:\/\/mouldking.store\/wp-content\/uploads\/2022\/11\/Creator-MOC-73196-Red-Super-Mario-64-Question-Mark-Block-5-300x300.jpg 300w, https:\/\/mouldking.store\/wp-content\/uploads\/2022\/11\/Creator-MOC-73196-Red-Super-Mario-64-Question-Mark-Block-5-768x768.jpg 768w, https:\/\/mouldking.store\/wp-content\/uploads\/2022\/11\/Creator-MOC-73196-Red-Super-Mario-64-Question-Mark-Block-5-600x600.jpg 600w, https:\/\/mouldking.store\/wp-content\/uploads\/2022\/11\/Creator-MOC-73196-Red-Super-Mario-64-Question-Mark-Block-5-150x150.jpg 150w, https:\/\/mouldking.store\/wp-content\/uploads\/2022\/11\/Creator-MOC-73196-Red-Super-Mario-64-Question-Mark-Block-5-60x60.jpg 60w, https:\/\/mouldking.store\/wp-content\/uploads\/2022\/11\/Creator-MOC-73196-Red-Super-Mario-64-Question-Mark-Block-5-90x90.jpg 90w\" sizes=\"(max-width: 800px) 100vw, 800px\" \/><figcaption id=\"caption-attachment-33686\" class=\"wp-caption-text\">MOC 73196 Red Super Mario 64 sp\u00f8rsm\u00e5lstegnblokk med 2064 stykker<\/figcaption><\/figure>","protected":false},"excerpt":{"rendered":"<p>Product information: Brand: MOC Gender: Unisex Name: Red Super Mario 64 Question Mark Block Age Range: &gt; 6 years old Model Number: 73196 Classification: Assemblage Plastic Block Shape: Self-Locking Bricks Material: Plastic Plastic Type: ABS Bricks Blocks: 2064 PCS Dimensions:18.5 \u00d7 18.5 \u00d7 18 cm Contains detailed assembly instructions. Notice: 1. Without an original box, [&hellip;]<\/p>","protected":false},"featured_media":33682,"comment_status":"closed","ping_status":"closed","template":"","meta":{"_acf_changed":false},"product_cat":[1365],"product_tag":[6418,6421,6417,6419,6420,6422],"class_list":["product","first","outofstock","shipping-taxable","purchasable","product-type-simple"],"acf":[],"_links":{"self":[{"href":"https:\/\/mouldking.store\/nb\/wp-json\/wp\/v2\/product\/33669","targetHints":{"allow":["GET"]}}],"collection":[{"href":"https:\/\/mouldking.store\/nb\/wp-json\/wp\/v2\/product"}],"about":[{"href":"https:\/\/mouldking.store\/nb\/wp-json\/wp\/v2\/types\/product"}],"replies":[{"embeddable":true,"href":"https:\/\/mouldking.store\/nb\/wp-json\/wp\/v2\/comments?post=33669"}],"wp:featuredmedia":[{"embeddable":true,"href":"https:\/\/mouldking.store\/nb\/wp-json\/wp\/v2\/media\/33682"}],"wp:attachment":[{"href":"https:\/\/mouldking.store\/nb\/wp-json\/wp\/v2\/media?parent=33669"}],"wp:term":[{"taxonomy":"product_cat","embeddable":true,"href":"https:\/\/mouldking.store\/nb\/wp-json\/wp\/v2\/product_cat?post=33669"},{"taxonomy":"product_tag","embeddable":true,"href":"https:\/\/mouldking.store\/nb\/wp-json\/wp\/v2\/product_tag?post=33669"}],"curies":[{"name":"wp","href":"https:\/\/api.w.org\/{rel}","templated":true}]}}