{"id":33692,"date":"2022-11-02T16:28:33","date_gmt":"2022-11-02T09:28:33","guid":{"rendered":"https:\/\/mouldking.store\/?post_type=product&#038;p=33692"},"modified":"2022-11-02T16:28:34","modified_gmt":"2022-11-02T09:28:34","slug":"keeppley-k18003-new-chinese-style-streetscape-with-k18003-pieces","status":"publish","type":"product","link":"https:\/\/mouldking.store\/nb\/shop\/keeppley-k18003-new-chinese-style-streetscape-with-k18003-pieces\/","title":{"rendered":"Keeppley K18003 New Chinese Style Streetscape med K18003 stykker"},"content":{"rendered":"<p>Produktinformasjon:<\/p>\n<ol>\n<li>Merke: Keeppley<\/li>\n<li>Kj\u00f8nn: Unisex<\/li>\n<li>Navn: New Chinese Style Streetscape<\/li>\n<li>Aldersgruppe: &gt; 6 \u00e5r gammel<\/li>\n<li>Modellnummer: K18003<\/li>\n<li>Klassifisering: Montering<\/li>\n<li>Plastblokkform: Selvl\u00e5sende murstein<\/li>\n<li>Materiale: Plast<\/li>\n<li>Plasttype: ABS<\/li>\n<li>Mursteinsblokker: K18003 STK<\/li>\n<li>M\u00e5l: 41 \u00d7 33 \u00d7 34,5 cm<\/li>\n<li>Inneholder detaljerte monteringsanvisninger.<\/li>\n<\/ol>\n<p>Legge merke til:<br \/>\n1. Uten original eske, men vi garanterer at v\u00e5re produkter har kvalitetssikring og pen emballasje.<br \/>\n2. Som alle delene vi har sjekket f\u00f8r frakt, s\u00e5 hvis du finner noen deler savnet eller skadet, ikke bekymre deg og bare kontakt oss, s\u00e5 kan vi sende dem til deg p\u00e5 nytt umiddelbart gratis.<\/p>\n<figure id=\"attachment_33694\" aria-describedby=\"caption-attachment-33694\" style=\"width: 800px\" class=\"wp-caption aligncenter\"><img fetchpriority=\"high\" decoding=\"async\" class=\"wp-image-33694 size-full\" src=\"https:\/\/mouldking.store\/wp-content\/uploads\/2022\/11\/Modular-Building-Keeppley-K18003-New-Chinese-Style-Streetscape-1.jpg\" alt=\" Keeppley K18003 New Chinese Style Streetscape With K18003 Pieces\" width=\"800\" height=\"800\" title=\"-\" srcset=\"https:\/\/mouldking.store\/wp-content\/uploads\/2022\/11\/Modular-Building-Keeppley-K18003-New-Chinese-Style-Streetscape-1.jpg 800w, https:\/\/mouldking.store\/wp-content\/uploads\/2022\/11\/Modular-Building-Keeppley-K18003-New-Chinese-Style-Streetscape-1-300x300.jpg 300w, https:\/\/mouldking.store\/wp-content\/uploads\/2022\/11\/Modular-Building-Keeppley-K18003-New-Chinese-Style-Streetscape-1-768x768.jpg 768w, https:\/\/mouldking.store\/wp-content\/uploads\/2022\/11\/Modular-Building-Keeppley-K18003-New-Chinese-Style-Streetscape-1-600x600.jpg 600w, https:\/\/mouldking.store\/wp-content\/uploads\/2022\/11\/Modular-Building-Keeppley-K18003-New-Chinese-Style-Streetscape-1-150x150.jpg 150w, https:\/\/mouldking.store\/wp-content\/uploads\/2022\/11\/Modular-Building-Keeppley-K18003-New-Chinese-Style-Streetscape-1-60x60.jpg 60w, https:\/\/mouldking.store\/wp-content\/uploads\/2022\/11\/Modular-Building-Keeppley-K18003-New-Chinese-Style-Streetscape-1-90x90.jpg 90w\" sizes=\"(max-width: 800px) 100vw, 800px\" \/><figcaption id=\"caption-attachment-33694\" class=\"wp-caption-text\">Keeppley K18003 New Chinese Style Streetscape med K18003 stykker<\/figcaption><\/figure>\n<figure id=\"attachment_33695\" aria-describedby=\"caption-attachment-33695\" style=\"width: 603px\" class=\"wp-caption aligncenter\"><img decoding=\"async\" class=\"wp-image-33695 size-full\" src=\"https:\/\/mouldking.store\/wp-content\/uploads\/2022\/11\/Modular-Building-Keeppley-K18003-New-Chinese-Style-Streetscape-2.jpg\" alt=\" Keeppley K18003 New Chinese Style Streetscape With K18003 Pieces\" width=\"603\" height=\"557\" title=\"-\" srcset=\"https:\/\/mouldking.store\/wp-content\/uploads\/2022\/11\/Modular-Building-Keeppley-K18003-New-Chinese-Style-Streetscape-2.jpg 603w, https:\/\/mouldking.store\/wp-content\/uploads\/2022\/11\/Modular-Building-Keeppley-K18003-New-Chinese-Style-Streetscape-2-300x277.jpg 300w, https:\/\/mouldking.store\/wp-content\/uploads\/2022\/11\/Modular-Building-Keeppley-K18003-New-Chinese-Style-Streetscape-2-600x554.jpg 600w, https:\/\/mouldking.store\/wp-content\/uploads\/2022\/11\/Modular-Building-Keeppley-K18003-New-Chinese-Style-Streetscape-2-150x139.jpg 150w, https:\/\/mouldking.store\/wp-content\/uploads\/2022\/11\/Modular-Building-Keeppley-K18003-New-Chinese-Style-Streetscape-2-65x60.jpg 65w, https:\/\/mouldking.store\/wp-content\/uploads\/2022\/11\/Modular-Building-Keeppley-K18003-New-Chinese-Style-Streetscape-2-97x90.jpg 97w\" sizes=\"(max-width: 603px) 100vw, 603px\" \/><figcaption id=\"caption-attachment-33695\" class=\"wp-caption-text\">Keeppley K18003 New Chinese Style Streetscape med K18003 stykker<\/figcaption><\/figure>\n<figure id=\"attachment_33696\" aria-describedby=\"caption-attachment-33696\" style=\"width: 800px\" class=\"wp-caption aligncenter\"><img decoding=\"async\" class=\"wp-image-33696 size-full\" src=\"https:\/\/mouldking.store\/wp-content\/uploads\/2022\/11\/Modular-Building-Keeppley-K18003-New-Chinese-Style-Streetscape-3.jpg\" alt=\" Keeppley K18003 New Chinese Style Streetscape With K18003 Pieces\" width=\"800\" height=\"800\" title=\"-\" srcset=\"https:\/\/mouldking.store\/wp-content\/uploads\/2022\/11\/Modular-Building-Keeppley-K18003-New-Chinese-Style-Streetscape-3.jpg 800w, https:\/\/mouldking.store\/wp-content\/uploads\/2022\/11\/Modular-Building-Keeppley-K18003-New-Chinese-Style-Streetscape-3-300x300.jpg 300w, https:\/\/mouldking.store\/wp-content\/uploads\/2022\/11\/Modular-Building-Keeppley-K18003-New-Chinese-Style-Streetscape-3-768x768.jpg 768w, https:\/\/mouldking.store\/wp-content\/uploads\/2022\/11\/Modular-Building-Keeppley-K18003-New-Chinese-Style-Streetscape-3-600x600.jpg 600w, https:\/\/mouldking.store\/wp-content\/uploads\/2022\/11\/Modular-Building-Keeppley-K18003-New-Chinese-Style-Streetscape-3-150x150.jpg 150w, https:\/\/mouldking.store\/wp-content\/uploads\/2022\/11\/Modular-Building-Keeppley-K18003-New-Chinese-Style-Streetscape-3-60x60.jpg 60w, https:\/\/mouldking.store\/wp-content\/uploads\/2022\/11\/Modular-Building-Keeppley-K18003-New-Chinese-Style-Streetscape-3-90x90.jpg 90w\" sizes=\"(max-width: 800px) 100vw, 800px\" \/><figcaption id=\"caption-attachment-33696\" class=\"wp-caption-text\">Keeppley K18003 New Chinese Style Streetscape med K18003 stykker<\/figcaption><\/figure>\n<figure id=\"attachment_33697\" aria-describedby=\"caption-attachment-33697\" style=\"width: 800px\" class=\"wp-caption aligncenter\"><img loading=\"lazy\" decoding=\"async\" class=\"wp-image-33697 size-full\" src=\"https:\/\/mouldking.store\/wp-content\/uploads\/2022\/11\/Modular-Building-Keeppley-K18003-New-Chinese-Style-Streetscape-4.jpg\" alt=\" Keeppley K18003 New Chinese Style Streetscape With K18003 Pieces\" width=\"800\" height=\"800\" title=\"-\" srcset=\"https:\/\/mouldking.store\/wp-content\/uploads\/2022\/11\/Modular-Building-Keeppley-K18003-New-Chinese-Style-Streetscape-4.jpg 800w, https:\/\/mouldking.store\/wp-content\/uploads\/2022\/11\/Modular-Building-Keeppley-K18003-New-Chinese-Style-Streetscape-4-300x300.jpg 300w, https:\/\/mouldking.store\/wp-content\/uploads\/2022\/11\/Modular-Building-Keeppley-K18003-New-Chinese-Style-Streetscape-4-768x768.jpg 768w, https:\/\/mouldking.store\/wp-content\/uploads\/2022\/11\/Modular-Building-Keeppley-K18003-New-Chinese-Style-Streetscape-4-600x600.jpg 600w, https:\/\/mouldking.store\/wp-content\/uploads\/2022\/11\/Modular-Building-Keeppley-K18003-New-Chinese-Style-Streetscape-4-150x150.jpg 150w, https:\/\/mouldking.store\/wp-content\/uploads\/2022\/11\/Modular-Building-Keeppley-K18003-New-Chinese-Style-Streetscape-4-60x60.jpg 60w, https:\/\/mouldking.store\/wp-content\/uploads\/2022\/11\/Modular-Building-Keeppley-K18003-New-Chinese-Style-Streetscape-4-90x90.jpg 90w\" sizes=\"(max-width: 800px) 100vw, 800px\" \/><figcaption id=\"caption-attachment-33697\" class=\"wp-caption-text\">Keeppley K18003 New Chinese Style Streetscape med K18003 stykker<\/figcaption><\/figure>\n<figure id=\"attachment_33698\" aria-describedby=\"caption-attachment-33698\" style=\"width: 800px\" class=\"wp-caption aligncenter\"><img loading=\"lazy\" decoding=\"async\" class=\"wp-image-33698 size-full\" src=\"https:\/\/mouldking.store\/wp-content\/uploads\/2022\/11\/Modular-Building-Keeppley-K18003-New-Chinese-Style-Streetscape-5.jpg\" alt=\" Keeppley K18003 New Chinese Style Streetscape With K18003 Pieces\" width=\"800\" height=\"800\" title=\"-\" srcset=\"https:\/\/mouldking.store\/wp-content\/uploads\/2022\/11\/Modular-Building-Keeppley-K18003-New-Chinese-Style-Streetscape-5.jpg 800w, https:\/\/mouldking.store\/wp-content\/uploads\/2022\/11\/Modular-Building-Keeppley-K18003-New-Chinese-Style-Streetscape-5-300x300.jpg 300w, https:\/\/mouldking.store\/wp-content\/uploads\/2022\/11\/Modular-Building-Keeppley-K18003-New-Chinese-Style-Streetscape-5-768x768.jpg 768w, https:\/\/mouldking.store\/wp-content\/uploads\/2022\/11\/Modular-Building-Keeppley-K18003-New-Chinese-Style-Streetscape-5-600x600.jpg 600w, https:\/\/mouldking.store\/wp-content\/uploads\/2022\/11\/Modular-Building-Keeppley-K18003-New-Chinese-Style-Streetscape-5-150x150.jpg 150w, https:\/\/mouldking.store\/wp-content\/uploads\/2022\/11\/Modular-Building-Keeppley-K18003-New-Chinese-Style-Streetscape-5-60x60.jpg 60w, https:\/\/mouldking.store\/wp-content\/uploads\/2022\/11\/Modular-Building-Keeppley-K18003-New-Chinese-Style-Streetscape-5-90x90.jpg 90w\" sizes=\"(max-width: 800px) 100vw, 800px\" \/><figcaption id=\"caption-attachment-33698\" class=\"wp-caption-text\">Keeppley K18003 New Chinese Style Streetscape med K18003 stykker<\/figcaption><\/figure>\n<figure id=\"attachment_33700\" aria-describedby=\"caption-attachment-33700\" style=\"width: 800px\" class=\"wp-caption aligncenter\"><img loading=\"lazy\" decoding=\"async\" class=\"wp-image-33700 size-full\" src=\"https:\/\/mouldking.store\/wp-content\/uploads\/2022\/11\/Modular-Building-Keeppley-K18003-New-Chinese-Style-Streetscape-6.jpg\" alt=\" Keeppley K18003 New Chinese Style Streetscape With K18003 Pieces\" width=\"800\" height=\"800\" title=\"-\" srcset=\"https:\/\/mouldking.store\/wp-content\/uploads\/2022\/11\/Modular-Building-Keeppley-K18003-New-Chinese-Style-Streetscape-6.jpg 800w, https:\/\/mouldking.store\/wp-content\/uploads\/2022\/11\/Modular-Building-Keeppley-K18003-New-Chinese-Style-Streetscape-6-300x300.jpg 300w, https:\/\/mouldking.store\/wp-content\/uploads\/2022\/11\/Modular-Building-Keeppley-K18003-New-Chinese-Style-Streetscape-6-768x768.jpg 768w, https:\/\/mouldking.store\/wp-content\/uploads\/2022\/11\/Modular-Building-Keeppley-K18003-New-Chinese-Style-Streetscape-6-600x600.jpg 600w, https:\/\/mouldking.store\/wp-content\/uploads\/2022\/11\/Modular-Building-Keeppley-K18003-New-Chinese-Style-Streetscape-6-150x150.jpg 150w, https:\/\/mouldking.store\/wp-content\/uploads\/2022\/11\/Modular-Building-Keeppley-K18003-New-Chinese-Style-Streetscape-6-60x60.jpg 60w, https:\/\/mouldking.store\/wp-content\/uploads\/2022\/11\/Modular-Building-Keeppley-K18003-New-Chinese-Style-Streetscape-6-90x90.jpg 90w\" sizes=\"(max-width: 800px) 100vw, 800px\" \/><figcaption id=\"caption-attachment-33700\" class=\"wp-caption-text\">Keeppley K18003 New Chinese Style Streetscape med K18003 stykker<\/figcaption><\/figure>","protected":false},"excerpt":{"rendered":"<p>Product information: Brand: Keeppley Gender: Unisex Name: New Chinese Style Streetscape Age Range: &gt; 6 years old Model Number: K18003 Classification: Assemblage Plastic Block Shape: Self-Locking Bricks Material: Plastic Plastic Type: ABS Bricks Blocks: K18003 PCS Dimensions: 41 \u00d7 33 \u00d7 34.5 cm Contains detailed assembly instructions. Notice: 1. Without an original box, but we [&hellip;]<\/p>","protected":false},"featured_media":33694,"comment_status":"closed","ping_status":"closed","template":"","meta":{"_acf_changed":false},"product_cat":[1395],"product_tag":[6431,6430,6429,6434,6428,6433,6432],"class_list":["product","first","instock","shipping-taxable","purchasable","product-type-simple"],"acf":[],"_links":{"self":[{"href":"https:\/\/mouldking.store\/nb\/wp-json\/wp\/v2\/product\/33692","targetHints":{"allow":["GET"]}}],"collection":[{"href":"https:\/\/mouldking.store\/nb\/wp-json\/wp\/v2\/product"}],"about":[{"href":"https:\/\/mouldking.store\/nb\/wp-json\/wp\/v2\/types\/product"}],"replies":[{"embeddable":true,"href":"https:\/\/mouldking.store\/nb\/wp-json\/wp\/v2\/comments?post=33692"}],"wp:featuredmedia":[{"embeddable":true,"href":"https:\/\/mouldking.store\/nb\/wp-json\/wp\/v2\/media\/33694"}],"wp:attachment":[{"href":"https:\/\/mouldking.store\/nb\/wp-json\/wp\/v2\/media?parent=33692"}],"wp:term":[{"taxonomy":"product_cat","embeddable":true,"href":"https:\/\/mouldking.store\/nb\/wp-json\/wp\/v2\/product_cat?post=33692"},{"taxonomy":"product_tag","embeddable":true,"href":"https:\/\/mouldking.store\/nb\/wp-json\/wp\/v2\/product_tag?post=33692"}],"curies":[{"name":"wp","href":"https:\/\/api.w.org\/{rel}","templated":true}]}}