{"id":33713,"date":"2022-11-02T16:44:30","date_gmt":"2022-11-02T09:44:30","guid":{"rendered":"https:\/\/mouldking.store\/?post_type=product&#038;p=33713"},"modified":"2022-11-02T16:44:30","modified_gmt":"2022-11-02T09:44:30","slug":"decool-33023-114-bugatti-pull-back-vehicle-with-1034-pieces","status":"publish","type":"product","link":"https:\/\/mouldking.store\/nb\/shop\/decool-33023-114-bugatti-pull-back-vehicle-with-1034-pieces\/","title":{"rendered":"DECOOL 33023 1:14 Bugatti Pull-Back kj\u00f8ret\u00f8y med 1034 deler"},"content":{"rendered":"<p>Produktinformasjon:<\/p>\n<ol>\n<li>Merke: DECOOL<\/li>\n<li>Kj\u00f8nn: Unisex<\/li>\n<li>Name: 1:14 Bugatti Pull-Back Vehicle<\/li>\n<li>Aldersgruppe: &gt; 6 \u00e5r gammel<\/li>\n<li>Model Number: 33023<\/li>\n<li>Klassifisering: Montering<\/li>\n<li>Plastblokkform: Selvl\u00e5sende murstein<\/li>\n<li>Materiale: Plast<\/li>\n<li>Plasttype: ABS<\/li>\n<li>Bricks Blocks: 1034 PCS<\/li>\n<li>Dimensions: 28.9 x 8.5 cm<\/li>\n<li>Inneholder detaljerte monteringsanvisninger.<\/li>\n<\/ol>\n<p>Legge merke til:<br \/>\n1. Uten original eske, men vi garanterer at v\u00e5re produkter har kvalitetssikring og pen emballasje.<br \/>\n2. Som alle delene vi har sjekket f\u00f8r frakt, s\u00e5 hvis du finner noen deler savnet eller skadet, ikke bekymre deg og bare kontakt oss, s\u00e5 kan vi sende dem til deg p\u00e5 nytt umiddelbart gratis.<\/p>\n<figure id=\"attachment_33717\" aria-describedby=\"caption-attachment-33717\" style=\"width: 800px\" class=\"wp-caption aligncenter\"><img fetchpriority=\"high\" decoding=\"async\" class=\"wp-image-33717 size-full\" src=\"https:\/\/mouldking.store\/wp-content\/uploads\/2022\/11\/Technic-DECOOL-33023-114-Bugatti-Pull-Back-Vehicle-1.jpg\" alt=\"DECOOL 33023 1:14 Bugatti Pull-Back Vehicle With 1034 Pieces\" width=\"800\" height=\"800\" title=\"-\" srcset=\"https:\/\/mouldking.store\/wp-content\/uploads\/2022\/11\/Technic-DECOOL-33023-114-Bugatti-Pull-Back-Vehicle-1.jpg 800w, https:\/\/mouldking.store\/wp-content\/uploads\/2022\/11\/Technic-DECOOL-33023-114-Bugatti-Pull-Back-Vehicle-1-300x300.jpg 300w, https:\/\/mouldking.store\/wp-content\/uploads\/2022\/11\/Technic-DECOOL-33023-114-Bugatti-Pull-Back-Vehicle-1-768x768.jpg 768w, https:\/\/mouldking.store\/wp-content\/uploads\/2022\/11\/Technic-DECOOL-33023-114-Bugatti-Pull-Back-Vehicle-1-600x600.jpg 600w, https:\/\/mouldking.store\/wp-content\/uploads\/2022\/11\/Technic-DECOOL-33023-114-Bugatti-Pull-Back-Vehicle-1-150x150.jpg 150w, https:\/\/mouldking.store\/wp-content\/uploads\/2022\/11\/Technic-DECOOL-33023-114-Bugatti-Pull-Back-Vehicle-1-60x60.jpg 60w, https:\/\/mouldking.store\/wp-content\/uploads\/2022\/11\/Technic-DECOOL-33023-114-Bugatti-Pull-Back-Vehicle-1-90x90.jpg 90w\" sizes=\"(max-width: 800px) 100vw, 800px\" \/><figcaption id=\"caption-attachment-33717\" class=\"wp-caption-text\">DECOOL 33023 1:14 Bugatti Pull-Back kj\u00f8ret\u00f8y med 1034 deler<\/figcaption><\/figure>\n<figure id=\"attachment_33718\" aria-describedby=\"caption-attachment-33718\" style=\"width: 800px\" class=\"wp-caption aligncenter\"><img decoding=\"async\" class=\"wp-image-33718 size-full\" src=\"https:\/\/mouldking.store\/wp-content\/uploads\/2022\/11\/Technic-DECOOL-33023-114-Bugatti-Pull-Back-Vehicle-2.jpg\" alt=\"DECOOL 33023 1:14 Bugatti Pull-Back Vehicle With 1034 Pieces\" width=\"800\" height=\"800\" title=\"-\" srcset=\"https:\/\/mouldking.store\/wp-content\/uploads\/2022\/11\/Technic-DECOOL-33023-114-Bugatti-Pull-Back-Vehicle-2.jpg 800w, https:\/\/mouldking.store\/wp-content\/uploads\/2022\/11\/Technic-DECOOL-33023-114-Bugatti-Pull-Back-Vehicle-2-300x300.jpg 300w, https:\/\/mouldking.store\/wp-content\/uploads\/2022\/11\/Technic-DECOOL-33023-114-Bugatti-Pull-Back-Vehicle-2-768x768.jpg 768w, https:\/\/mouldking.store\/wp-content\/uploads\/2022\/11\/Technic-DECOOL-33023-114-Bugatti-Pull-Back-Vehicle-2-600x600.jpg 600w, https:\/\/mouldking.store\/wp-content\/uploads\/2022\/11\/Technic-DECOOL-33023-114-Bugatti-Pull-Back-Vehicle-2-150x150.jpg 150w, https:\/\/mouldking.store\/wp-content\/uploads\/2022\/11\/Technic-DECOOL-33023-114-Bugatti-Pull-Back-Vehicle-2-60x60.jpg 60w, https:\/\/mouldking.store\/wp-content\/uploads\/2022\/11\/Technic-DECOOL-33023-114-Bugatti-Pull-Back-Vehicle-2-90x90.jpg 90w\" sizes=\"(max-width: 800px) 100vw, 800px\" \/><figcaption id=\"caption-attachment-33718\" class=\"wp-caption-text\">DECOOL 33023 1:14 Bugatti Pull-Back kj\u00f8ret\u00f8y med 1034 deler<\/figcaption><\/figure>\n<figure id=\"attachment_33719\" aria-describedby=\"caption-attachment-33719\" style=\"width: 800px\" class=\"wp-caption aligncenter\"><img decoding=\"async\" class=\"wp-image-33719 size-full\" src=\"https:\/\/mouldking.store\/wp-content\/uploads\/2022\/11\/Technic-DECOOL-33023-114-Bugatti-Pull-Back-Vehicle-3.jpg\" alt=\"DECOOL 33023 1:14 Bugatti Pull-Back Vehicle With 1034 Pieces\" width=\"800\" height=\"800\" title=\"-\" srcset=\"https:\/\/mouldking.store\/wp-content\/uploads\/2022\/11\/Technic-DECOOL-33023-114-Bugatti-Pull-Back-Vehicle-3.jpg 800w, https:\/\/mouldking.store\/wp-content\/uploads\/2022\/11\/Technic-DECOOL-33023-114-Bugatti-Pull-Back-Vehicle-3-300x300.jpg 300w, https:\/\/mouldking.store\/wp-content\/uploads\/2022\/11\/Technic-DECOOL-33023-114-Bugatti-Pull-Back-Vehicle-3-768x768.jpg 768w, https:\/\/mouldking.store\/wp-content\/uploads\/2022\/11\/Technic-DECOOL-33023-114-Bugatti-Pull-Back-Vehicle-3-600x600.jpg 600w, https:\/\/mouldking.store\/wp-content\/uploads\/2022\/11\/Technic-DECOOL-33023-114-Bugatti-Pull-Back-Vehicle-3-150x150.jpg 150w, https:\/\/mouldking.store\/wp-content\/uploads\/2022\/11\/Technic-DECOOL-33023-114-Bugatti-Pull-Back-Vehicle-3-60x60.jpg 60w, https:\/\/mouldking.store\/wp-content\/uploads\/2022\/11\/Technic-DECOOL-33023-114-Bugatti-Pull-Back-Vehicle-3-90x90.jpg 90w\" sizes=\"(max-width: 800px) 100vw, 800px\" \/><figcaption id=\"caption-attachment-33719\" class=\"wp-caption-text\">DECOOL 33023 1:14 Bugatti Pull-Back kj\u00f8ret\u00f8y med 1034 deler<\/figcaption><\/figure>","protected":false},"excerpt":{"rendered":"<p>Product information: Brand: DECOOL Gender: Unisex Name: 1:14 Bugatti Pull-Back Vehicle Age Range: &gt; 6 years old Model Number: 33023 Classification: Assemblage Plastic Block Shape: Self-Locking Bricks Material: Plastic Plastic Type: ABS Bricks Blocks: 1034 PCS Dimensions: 28.9 x 8.5 cm Contains detailed assembly instructions. Notice: 1. Without an original box, but we guarantee our [&hellip;]<\/p>","protected":false},"featured_media":33717,"comment_status":"closed","ping_status":"closed","template":"","meta":{"_acf_changed":false},"product_cat":[1357],"product_tag":[6455,6454,1730,2463,6456,6453,6449],"class_list":["product","first","instock","shipping-taxable","purchasable","product-type-simple"],"acf":[],"_links":{"self":[{"href":"https:\/\/mouldking.store\/nb\/wp-json\/wp\/v2\/product\/33713","targetHints":{"allow":["GET"]}}],"collection":[{"href":"https:\/\/mouldking.store\/nb\/wp-json\/wp\/v2\/product"}],"about":[{"href":"https:\/\/mouldking.store\/nb\/wp-json\/wp\/v2\/types\/product"}],"replies":[{"embeddable":true,"href":"https:\/\/mouldking.store\/nb\/wp-json\/wp\/v2\/comments?post=33713"}],"wp:featuredmedia":[{"embeddable":true,"href":"https:\/\/mouldking.store\/nb\/wp-json\/wp\/v2\/media\/33717"}],"wp:attachment":[{"href":"https:\/\/mouldking.store\/nb\/wp-json\/wp\/v2\/media?parent=33713"}],"wp:term":[{"taxonomy":"product_cat","embeddable":true,"href":"https:\/\/mouldking.store\/nb\/wp-json\/wp\/v2\/product_cat?post=33713"},{"taxonomy":"product_tag","embeddable":true,"href":"https:\/\/mouldking.store\/nb\/wp-json\/wp\/v2\/product_tag?post=33713"}],"curies":[{"name":"wp","href":"https:\/\/api.w.org\/{rel}","templated":true}]}}