{"id":33836,"date":"2022-11-03T09:19:47","date_gmt":"2022-11-03T02:19:47","guid":{"rendered":"https:\/\/mouldking.store\/?post_type=product&#038;p=33836"},"modified":"2025-12-25T09:12:23","modified_gmt":"2025-12-25T02:12:23","slug":"moc-97338-yt-2400-freighter-outrider-satos-hammer-playset-with-1817-pieces","status":"publish","type":"product","link":"https:\/\/mouldking.store\/nb\/shop\/moc-97338-yt-2400-freighter-outrider-satos-hammer-playset-with-1817-pieces\/","title":{"rendered":"MOC-97338 YT-2400 Freighter \/ Outrider \/ Sato&#039;s Hammer \u2013 Lekesett med 1817 deler"},"content":{"rendered":"<p>Produktinformasjon:<\/p>\n<ol>\n<li>Merke: MOC<\/li>\n<li>Kj\u00f8nn: Unisex<\/li>\n<li>Name: YT-2400 Freighter \/ Outrider \/ Sato\u2019s Hammer \u2013 Playset<\/li>\n<li>Aldersgruppe: &gt; 6 \u00e5r gammel<\/li>\n<li>Model Number: 97338<\/li>\n<li>Klassifisering: Montering<\/li>\n<li>Plastblokkform: Selvl\u00e5sende murstein<\/li>\n<li>Materiale: Plast<\/li>\n<li>Plasttype: ABS<\/li>\n<li>Bricks Blocks: 1817 PCS<\/li>\n<li>Size: \u00a0245 x 36.8 x 17 cm<\/li>\n<li>Weight:2.01 kg<\/li>\n<li>Inneholder detaljerte monteringsanvisninger.<\/li>\n<\/ol>\n<p>Legge merke til:<br \/>\n1. Uten original eske, men vi garanterer at v\u00e5re produkter har kvalitetssikring og pen emballasje.<br \/>\n2. Som alle delene vi har sjekket f\u00f8r frakt, s\u00e5 hvis du finner noen deler savnet eller skadet, ikke bekymre deg og bare kontakt oss, s\u00e5 kan vi sende dem til deg p\u00e5 nytt umiddelbart gratis.<\/p>\n<figure id=\"attachment_33887\" aria-describedby=\"caption-attachment-33887\" style=\"width: 1024px\" class=\"wp-caption aligncenter\"><img fetchpriority=\"high\" decoding=\"async\" class=\"wp-image-33887 size-large\" src=\"https:\/\/mouldking.store\/wp-content\/uploads\/2022\/11\/MOCFACTORY-Product-12-1024x1024.png\" alt=\"MOC-97338 YT-2400 Freighter \/ Outrider \/ Sato\u2019s Hammer \u2013 Playset With 1817 pieces\" width=\"1024\" height=\"1024\" title=\"-\" srcset=\"https:\/\/mouldking.store\/wp-content\/uploads\/2022\/11\/MOCFACTORY-Product-12-1024x1024.png 1024w, https:\/\/mouldking.store\/wp-content\/uploads\/2022\/11\/MOCFACTORY-Product-12-300x300.png 300w, https:\/\/mouldking.store\/wp-content\/uploads\/2022\/11\/MOCFACTORY-Product-12-768x768.png 768w, https:\/\/mouldking.store\/wp-content\/uploads\/2022\/11\/MOCFACTORY-Product-12-600x600.png 600w, https:\/\/mouldking.store\/wp-content\/uploads\/2022\/11\/MOCFACTORY-Product-12-150x150.png 150w, https:\/\/mouldking.store\/wp-content\/uploads\/2022\/11\/MOCFACTORY-Product-12-60x60.png 60w, https:\/\/mouldking.store\/wp-content\/uploads\/2022\/11\/MOCFACTORY-Product-12-90x90.png 90w, https:\/\/mouldking.store\/wp-content\/uploads\/2022\/11\/MOCFACTORY-Product-12.png 1095w\" sizes=\"(max-width: 1024px) 100vw, 1024px\" \/><figcaption id=\"caption-attachment-33887\" class=\"wp-caption-text\">MOC-97338 YT-2400 Freighter \/ Outrider \/ Sato&#039;s Hammer \u2013 Lekesett med 1817 deler<\/figcaption><\/figure>\n<figure id=\"attachment_33838\" aria-describedby=\"caption-attachment-33838\" style=\"width: 800px\" class=\"wp-caption aligncenter\"><img decoding=\"async\" class=\"wp-image-33838 size-full\" src=\"https:\/\/mouldking.store\/wp-content\/uploads\/2022\/11\/Star-Wars-MOC-97338-YT-2400-Freighter-Outrider-Satos-Hammer-Playset-MOCBRICKLAND-4.jpg\" alt=\"MOC-97338 YT-2400 Freighter \/ Outrider \/ Sato\u2019s Hammer \u2013 Playset With 1817 pieces\" width=\"800\" height=\"800\" title=\"-\" srcset=\"https:\/\/mouldking.store\/wp-content\/uploads\/2022\/11\/Star-Wars-MOC-97338-YT-2400-Freighter-Outrider-Satos-Hammer-Playset-MOCBRICKLAND-4.jpg 800w, https:\/\/mouldking.store\/wp-content\/uploads\/2022\/11\/Star-Wars-MOC-97338-YT-2400-Freighter-Outrider-Satos-Hammer-Playset-MOCBRICKLAND-4-300x300.jpg 300w, https:\/\/mouldking.store\/wp-content\/uploads\/2022\/11\/Star-Wars-MOC-97338-YT-2400-Freighter-Outrider-Satos-Hammer-Playset-MOCBRICKLAND-4-768x768.jpg 768w, https:\/\/mouldking.store\/wp-content\/uploads\/2022\/11\/Star-Wars-MOC-97338-YT-2400-Freighter-Outrider-Satos-Hammer-Playset-MOCBRICKLAND-4-600x600.jpg 600w, https:\/\/mouldking.store\/wp-content\/uploads\/2022\/11\/Star-Wars-MOC-97338-YT-2400-Freighter-Outrider-Satos-Hammer-Playset-MOCBRICKLAND-4-150x150.jpg 150w, https:\/\/mouldking.store\/wp-content\/uploads\/2022\/11\/Star-Wars-MOC-97338-YT-2400-Freighter-Outrider-Satos-Hammer-Playset-MOCBRICKLAND-4-60x60.jpg 60w, https:\/\/mouldking.store\/wp-content\/uploads\/2022\/11\/Star-Wars-MOC-97338-YT-2400-Freighter-Outrider-Satos-Hammer-Playset-MOCBRICKLAND-4-90x90.jpg 90w\" sizes=\"(max-width: 800px) 100vw, 800px\" \/><figcaption id=\"caption-attachment-33838\" class=\"wp-caption-text\">MOC-97338 YT-2400 Freighter \/ Outrider \/ Sato&#039;s Hammer \u2013 Lekesett med 1817 deler<\/figcaption><\/figure>\n<figure id=\"attachment_33839\" aria-describedby=\"caption-attachment-33839\" style=\"width: 800px\" class=\"wp-caption aligncenter\"><img decoding=\"async\" class=\"wp-image-33839 size-full\" src=\"https:\/\/mouldking.store\/wp-content\/uploads\/2022\/11\/Star-Wars-MOC-97338-YT-2400-Freighter-Outrider-Satos-Hammer-Playset-MOCBRICKLAND-3.jpg\" alt=\"MOC-97338 YT-2400 Freighter \/ Outrider \/ Sato\u2019s Hammer \u2013 Playset With 1817 pieces\" width=\"800\" height=\"800\" title=\"-\" srcset=\"https:\/\/mouldking.store\/wp-content\/uploads\/2022\/11\/Star-Wars-MOC-97338-YT-2400-Freighter-Outrider-Satos-Hammer-Playset-MOCBRICKLAND-3.jpg 800w, https:\/\/mouldking.store\/wp-content\/uploads\/2022\/11\/Star-Wars-MOC-97338-YT-2400-Freighter-Outrider-Satos-Hammer-Playset-MOCBRICKLAND-3-300x300.jpg 300w, https:\/\/mouldking.store\/wp-content\/uploads\/2022\/11\/Star-Wars-MOC-97338-YT-2400-Freighter-Outrider-Satos-Hammer-Playset-MOCBRICKLAND-3-768x768.jpg 768w, https:\/\/mouldking.store\/wp-content\/uploads\/2022\/11\/Star-Wars-MOC-97338-YT-2400-Freighter-Outrider-Satos-Hammer-Playset-MOCBRICKLAND-3-600x600.jpg 600w, https:\/\/mouldking.store\/wp-content\/uploads\/2022\/11\/Star-Wars-MOC-97338-YT-2400-Freighter-Outrider-Satos-Hammer-Playset-MOCBRICKLAND-3-150x150.jpg 150w, https:\/\/mouldking.store\/wp-content\/uploads\/2022\/11\/Star-Wars-MOC-97338-YT-2400-Freighter-Outrider-Satos-Hammer-Playset-MOCBRICKLAND-3-60x60.jpg 60w, https:\/\/mouldking.store\/wp-content\/uploads\/2022\/11\/Star-Wars-MOC-97338-YT-2400-Freighter-Outrider-Satos-Hammer-Playset-MOCBRICKLAND-3-90x90.jpg 90w\" sizes=\"(max-width: 800px) 100vw, 800px\" \/><figcaption id=\"caption-attachment-33839\" class=\"wp-caption-text\">MOC-97338 YT-2400 Freighter \/ Outrider \/ Sato&#039;s Hammer \u2013 Lekesett med 1817 deler<\/figcaption><\/figure>\n<figure id=\"attachment_33840\" aria-describedby=\"caption-attachment-33840\" style=\"width: 800px\" class=\"wp-caption aligncenter\"><img loading=\"lazy\" decoding=\"async\" class=\"wp-image-33840 size-full\" src=\"https:\/\/mouldking.store\/wp-content\/uploads\/2022\/11\/Star-Wars-MOC-97338-YT-2400-Freighter-Outrider-Satos-Hammer-Playset-MOCBRICKLAND-2.jpg\" alt=\"MOC-97338 YT-2400 Freighter \/ Outrider \/ Sato\u2019s Hammer \u2013 Playset With 1817 pieces\" width=\"800\" height=\"800\" title=\"-\" srcset=\"https:\/\/mouldking.store\/wp-content\/uploads\/2022\/11\/Star-Wars-MOC-97338-YT-2400-Freighter-Outrider-Satos-Hammer-Playset-MOCBRICKLAND-2.jpg 800w, https:\/\/mouldking.store\/wp-content\/uploads\/2022\/11\/Star-Wars-MOC-97338-YT-2400-Freighter-Outrider-Satos-Hammer-Playset-MOCBRICKLAND-2-300x300.jpg 300w, https:\/\/mouldking.store\/wp-content\/uploads\/2022\/11\/Star-Wars-MOC-97338-YT-2400-Freighter-Outrider-Satos-Hammer-Playset-MOCBRICKLAND-2-768x768.jpg 768w, https:\/\/mouldking.store\/wp-content\/uploads\/2022\/11\/Star-Wars-MOC-97338-YT-2400-Freighter-Outrider-Satos-Hammer-Playset-MOCBRICKLAND-2-600x600.jpg 600w, https:\/\/mouldking.store\/wp-content\/uploads\/2022\/11\/Star-Wars-MOC-97338-YT-2400-Freighter-Outrider-Satos-Hammer-Playset-MOCBRICKLAND-2-150x150.jpg 150w, https:\/\/mouldking.store\/wp-content\/uploads\/2022\/11\/Star-Wars-MOC-97338-YT-2400-Freighter-Outrider-Satos-Hammer-Playset-MOCBRICKLAND-2-60x60.jpg 60w, https:\/\/mouldking.store\/wp-content\/uploads\/2022\/11\/Star-Wars-MOC-97338-YT-2400-Freighter-Outrider-Satos-Hammer-Playset-MOCBRICKLAND-2-90x90.jpg 90w\" sizes=\"(max-width: 800px) 100vw, 800px\" \/><figcaption id=\"caption-attachment-33840\" class=\"wp-caption-text\">MOC-97338 YT-2400 Freighter \/ Outrider \/ Sato&#039;s Hammer \u2013 Lekesett med 1817 deler<\/figcaption><\/figure>\n<figure id=\"attachment_33841\" aria-describedby=\"caption-attachment-33841\" style=\"width: 800px\" class=\"wp-caption aligncenter\"><img loading=\"lazy\" decoding=\"async\" class=\"wp-image-33841 size-full\" src=\"https:\/\/mouldking.store\/wp-content\/uploads\/2022\/11\/Star-Wars-MOC-97338-YT-2400-Freighter-Outrider-Satos-Hammer-Playset-MOCBRICKLAND-5.jpg\" alt=\"MOC-97338 YT-2400 Freighter \/ Outrider \/ Sato\u2019s Hammer \u2013 Playset With 1817 pieces\" width=\"800\" height=\"800\" title=\"-\" srcset=\"https:\/\/mouldking.store\/wp-content\/uploads\/2022\/11\/Star-Wars-MOC-97338-YT-2400-Freighter-Outrider-Satos-Hammer-Playset-MOCBRICKLAND-5.jpg 800w, https:\/\/mouldking.store\/wp-content\/uploads\/2022\/11\/Star-Wars-MOC-97338-YT-2400-Freighter-Outrider-Satos-Hammer-Playset-MOCBRICKLAND-5-300x300.jpg 300w, https:\/\/mouldking.store\/wp-content\/uploads\/2022\/11\/Star-Wars-MOC-97338-YT-2400-Freighter-Outrider-Satos-Hammer-Playset-MOCBRICKLAND-5-768x768.jpg 768w, https:\/\/mouldking.store\/wp-content\/uploads\/2022\/11\/Star-Wars-MOC-97338-YT-2400-Freighter-Outrider-Satos-Hammer-Playset-MOCBRICKLAND-5-600x600.jpg 600w, https:\/\/mouldking.store\/wp-content\/uploads\/2022\/11\/Star-Wars-MOC-97338-YT-2400-Freighter-Outrider-Satos-Hammer-Playset-MOCBRICKLAND-5-150x150.jpg 150w, https:\/\/mouldking.store\/wp-content\/uploads\/2022\/11\/Star-Wars-MOC-97338-YT-2400-Freighter-Outrider-Satos-Hammer-Playset-MOCBRICKLAND-5-60x60.jpg 60w, https:\/\/mouldking.store\/wp-content\/uploads\/2022\/11\/Star-Wars-MOC-97338-YT-2400-Freighter-Outrider-Satos-Hammer-Playset-MOCBRICKLAND-5-90x90.jpg 90w\" sizes=\"(max-width: 800px) 100vw, 800px\" \/><figcaption id=\"caption-attachment-33841\" class=\"wp-caption-text\">MOC-97338 YT-2400 Freighter \/ Outrider \/ Sato&#039;s Hammer \u2013 Lekesett med 1817 deler<\/figcaption><\/figure>","protected":false},"excerpt":{"rendered":"<p>Product information: Brand: MOC Gender: Unisex Name: YT-2400 Freighter \/ Outrider \/ Sato\u2019s Hammer \u2013 Playset Age Range: &gt; 6 years old Model Number: 97338 Classification: Assemblage Plastic Block Shape: Self-Locking Bricks Material: Plastic Plastic Type: ABS Bricks Blocks: 1817 PCS Size: \u00a0245 x 36.8 x 17 cm Weight:2.01 kg Contains detailed assembly instructions. Notice: [&hellip;]<\/p>","protected":false},"featured_media":33887,"comment_status":"closed","ping_status":"closed","template":"","meta":{"_acf_changed":false},"product_cat":[415],"product_tag":[6552,6550,6549,6553,6555,6554,6551,6556],"class_list":["product","first","instock","shipping-taxable","purchasable","product-type-simple"],"acf":[],"_links":{"self":[{"href":"https:\/\/mouldking.store\/nb\/wp-json\/wp\/v2\/product\/33836","targetHints":{"allow":["GET"]}}],"collection":[{"href":"https:\/\/mouldking.store\/nb\/wp-json\/wp\/v2\/product"}],"about":[{"href":"https:\/\/mouldking.store\/nb\/wp-json\/wp\/v2\/types\/product"}],"replies":[{"embeddable":true,"href":"https:\/\/mouldking.store\/nb\/wp-json\/wp\/v2\/comments?post=33836"}],"wp:featuredmedia":[{"embeddable":true,"href":"https:\/\/mouldking.store\/nb\/wp-json\/wp\/v2\/media\/33887"}],"wp:attachment":[{"href":"https:\/\/mouldking.store\/nb\/wp-json\/wp\/v2\/media?parent=33836"}],"wp:term":[{"taxonomy":"product_cat","embeddable":true,"href":"https:\/\/mouldking.store\/nb\/wp-json\/wp\/v2\/product_cat?post=33836"},{"taxonomy":"product_tag","embeddable":true,"href":"https:\/\/mouldking.store\/nb\/wp-json\/wp\/v2\/product_tag?post=33836"}],"curies":[{"name":"wp","href":"https:\/\/api.w.org\/{rel}","templated":true}]}}