{"id":33858,"date":"2022-11-03T09:54:38","date_gmt":"2022-11-03T02:54:38","guid":{"rendered":"https:\/\/mouldking.store\/?post_type=product&#038;p=33858"},"modified":"2025-12-25T09:12:23","modified_gmt":"2025-12-25T02:12:23","slug":"moc-0056-zaku-mech-with-493-pieces","status":"publish","type":"product","link":"https:\/\/mouldking.store\/nb\/shop\/moc-0056-zaku-mech-with-493-pieces\/","title":{"rendered":"MOC-0056 Zaku Mech med 493 stykker"},"content":{"rendered":"<p>Produktinformasjon:<\/p>\n<ol>\n<li>Merke: MOC<\/li>\n<li>Kj\u00f8nn: Unisex<\/li>\n<li>Name: Zaku Mech<\/li>\n<li>Aldersgruppe: &gt; 6 \u00e5r gammel<\/li>\n<li>Model Number: 0056<\/li>\n<li>Klassifisering: Montering<\/li>\n<li>Plastblokkform: Selvl\u00e5sende murstein<\/li>\n<li>Materiale: Plast<\/li>\n<li>Plasttype: ABS<\/li>\n<li>Bricks Blocks: 493PCS<\/li>\n<li>Size: 14.7 x 7.6 x 23.3 cm<\/li>\n<li>Weight:0.28 kg<\/li>\n<li>Inneholder detaljerte monteringsanvisninger.<\/li>\n<\/ol>\n<p>Legge merke til:<br \/>\n1. Uten original eske, men vi garanterer at v\u00e5re produkter har kvalitetssikring og pen emballasje.<br \/>\n2. Som alle delene vi har sjekket f\u00f8r frakt, s\u00e5 hvis du finner noen deler savnet eller skadet, ikke bekymre deg og bare kontakt oss, s\u00e5 kan vi sende dem til deg p\u00e5 nytt umiddelbart gratis.<\/p>\n<figure id=\"attachment_33884\" aria-describedby=\"caption-attachment-33884\" style=\"width: 1024px\" class=\"wp-caption aligncenter\"><img fetchpriority=\"high\" decoding=\"async\" class=\"wp-image-33884 size-large\" src=\"https:\/\/mouldking.store\/wp-content\/uploads\/2022\/11\/MOCFACTORY-Product-15-1024x1024.png\" alt=\"MOC-0056 Zaku Mech With 493 Pieces\" width=\"1024\" height=\"1024\" title=\"-\" srcset=\"https:\/\/mouldking.store\/wp-content\/uploads\/2022\/11\/MOCFACTORY-Product-15-1024x1024.png 1024w, https:\/\/mouldking.store\/wp-content\/uploads\/2022\/11\/MOCFACTORY-Product-15-300x300.png 300w, https:\/\/mouldking.store\/wp-content\/uploads\/2022\/11\/MOCFACTORY-Product-15-768x768.png 768w, https:\/\/mouldking.store\/wp-content\/uploads\/2022\/11\/MOCFACTORY-Product-15-600x600.png 600w, https:\/\/mouldking.store\/wp-content\/uploads\/2022\/11\/MOCFACTORY-Product-15-150x150.png 150w, https:\/\/mouldking.store\/wp-content\/uploads\/2022\/11\/MOCFACTORY-Product-15-60x60.png 60w, https:\/\/mouldking.store\/wp-content\/uploads\/2022\/11\/MOCFACTORY-Product-15-90x90.png 90w, https:\/\/mouldking.store\/wp-content\/uploads\/2022\/11\/MOCFACTORY-Product-15.png 1095w\" sizes=\"(max-width: 1024px) 100vw, 1024px\" \/><figcaption id=\"caption-attachment-33884\" class=\"wp-caption-text\">MOC-0056 Zaku Mech med 493 stykker<\/figcaption><\/figure>\n<figure id=\"attachment_33860\" aria-describedby=\"caption-attachment-33860\" style=\"width: 1000px\" class=\"wp-caption aligncenter\"><img decoding=\"async\" class=\"wp-image-33860 size-full\" src=\"https:\/\/mouldking.store\/wp-content\/uploads\/2022\/11\/Creator-MOC-0056-Zaku-Mech-MOCBRICKLAND-8.jpg\" alt=\"MOC-0056 Zaku Mech With 493 Pieces\" width=\"1000\" height=\"1000\" title=\"-\" srcset=\"https:\/\/mouldking.store\/wp-content\/uploads\/2022\/11\/Creator-MOC-0056-Zaku-Mech-MOCBRICKLAND-8.jpg 1000w, https:\/\/mouldking.store\/wp-content\/uploads\/2022\/11\/Creator-MOC-0056-Zaku-Mech-MOCBRICKLAND-8-300x300.jpg 300w, https:\/\/mouldking.store\/wp-content\/uploads\/2022\/11\/Creator-MOC-0056-Zaku-Mech-MOCBRICKLAND-8-768x768.jpg 768w, https:\/\/mouldking.store\/wp-content\/uploads\/2022\/11\/Creator-MOC-0056-Zaku-Mech-MOCBRICKLAND-8-600x600.jpg 600w, https:\/\/mouldking.store\/wp-content\/uploads\/2022\/11\/Creator-MOC-0056-Zaku-Mech-MOCBRICKLAND-8-150x150.jpg 150w, https:\/\/mouldking.store\/wp-content\/uploads\/2022\/11\/Creator-MOC-0056-Zaku-Mech-MOCBRICKLAND-8-60x60.jpg 60w, https:\/\/mouldking.store\/wp-content\/uploads\/2022\/11\/Creator-MOC-0056-Zaku-Mech-MOCBRICKLAND-8-90x90.jpg 90w\" sizes=\"(max-width: 1000px) 100vw, 1000px\" \/><figcaption id=\"caption-attachment-33860\" class=\"wp-caption-text\">MOC-0056 Zaku Mech med 493 stykker<\/figcaption><\/figure>\n<figure id=\"attachment_33861\" aria-describedby=\"caption-attachment-33861\" style=\"width: 1000px\" class=\"wp-caption aligncenter\"><img decoding=\"async\" class=\"wp-image-33861 size-full\" src=\"https:\/\/mouldking.store\/wp-content\/uploads\/2022\/11\/Creator-MOC-0056-Zaku-Mech-MOCBRICKLAND-6.jpg\" alt=\"MOC-0056 Zaku Mech With 493 Pieces\" width=\"1000\" height=\"1000\" title=\"-\" srcset=\"https:\/\/mouldking.store\/wp-content\/uploads\/2022\/11\/Creator-MOC-0056-Zaku-Mech-MOCBRICKLAND-6.jpg 1000w, https:\/\/mouldking.store\/wp-content\/uploads\/2022\/11\/Creator-MOC-0056-Zaku-Mech-MOCBRICKLAND-6-300x300.jpg 300w, https:\/\/mouldking.store\/wp-content\/uploads\/2022\/11\/Creator-MOC-0056-Zaku-Mech-MOCBRICKLAND-6-768x768.jpg 768w, https:\/\/mouldking.store\/wp-content\/uploads\/2022\/11\/Creator-MOC-0056-Zaku-Mech-MOCBRICKLAND-6-600x600.jpg 600w, https:\/\/mouldking.store\/wp-content\/uploads\/2022\/11\/Creator-MOC-0056-Zaku-Mech-MOCBRICKLAND-6-150x150.jpg 150w, https:\/\/mouldking.store\/wp-content\/uploads\/2022\/11\/Creator-MOC-0056-Zaku-Mech-MOCBRICKLAND-6-60x60.jpg 60w, https:\/\/mouldking.store\/wp-content\/uploads\/2022\/11\/Creator-MOC-0056-Zaku-Mech-MOCBRICKLAND-6-90x90.jpg 90w\" sizes=\"(max-width: 1000px) 100vw, 1000px\" \/><figcaption id=\"caption-attachment-33861\" class=\"wp-caption-text\">MOC-0056 Zaku Mech med 493 stykker<\/figcaption><\/figure>\n<figure id=\"attachment_33862\" aria-describedby=\"caption-attachment-33862\" style=\"width: 1000px\" class=\"wp-caption aligncenter\"><img loading=\"lazy\" decoding=\"async\" class=\"wp-image-33862 size-full\" src=\"https:\/\/mouldking.store\/wp-content\/uploads\/2022\/11\/Creator-MOC-0056-Zaku-Mech-MOCBRICKLAND-5.jpg\" alt=\"MOC-0056 Zaku Mech With 493 Pieces\" width=\"1000\" height=\"1000\" title=\"-\" srcset=\"https:\/\/mouldking.store\/wp-content\/uploads\/2022\/11\/Creator-MOC-0056-Zaku-Mech-MOCBRICKLAND-5.jpg 1000w, https:\/\/mouldking.store\/wp-content\/uploads\/2022\/11\/Creator-MOC-0056-Zaku-Mech-MOCBRICKLAND-5-300x300.jpg 300w, https:\/\/mouldking.store\/wp-content\/uploads\/2022\/11\/Creator-MOC-0056-Zaku-Mech-MOCBRICKLAND-5-768x768.jpg 768w, https:\/\/mouldking.store\/wp-content\/uploads\/2022\/11\/Creator-MOC-0056-Zaku-Mech-MOCBRICKLAND-5-600x600.jpg 600w, https:\/\/mouldking.store\/wp-content\/uploads\/2022\/11\/Creator-MOC-0056-Zaku-Mech-MOCBRICKLAND-5-150x150.jpg 150w, https:\/\/mouldking.store\/wp-content\/uploads\/2022\/11\/Creator-MOC-0056-Zaku-Mech-MOCBRICKLAND-5-60x60.jpg 60w, https:\/\/mouldking.store\/wp-content\/uploads\/2022\/11\/Creator-MOC-0056-Zaku-Mech-MOCBRICKLAND-5-90x90.jpg 90w\" sizes=\"(max-width: 1000px) 100vw, 1000px\" \/><figcaption id=\"caption-attachment-33862\" class=\"wp-caption-text\">MOC-0056 Zaku Mech med 493 stykker<\/figcaption><\/figure>\n<figure id=\"attachment_33863\" aria-describedby=\"caption-attachment-33863\" style=\"width: 1000px\" class=\"wp-caption aligncenter\"><img loading=\"lazy\" decoding=\"async\" class=\"wp-image-33863 size-full\" src=\"https:\/\/mouldking.store\/wp-content\/uploads\/2022\/11\/Creator-MOC-0056-Zaku-Mech-MOCBRICKLAND-4.jpg\" alt=\"MOC-0056 Zaku Mech With 493 Pieces\" width=\"1000\" height=\"1000\" title=\"-\" srcset=\"https:\/\/mouldking.store\/wp-content\/uploads\/2022\/11\/Creator-MOC-0056-Zaku-Mech-MOCBRICKLAND-4.jpg 1000w, https:\/\/mouldking.store\/wp-content\/uploads\/2022\/11\/Creator-MOC-0056-Zaku-Mech-MOCBRICKLAND-4-300x300.jpg 300w, https:\/\/mouldking.store\/wp-content\/uploads\/2022\/11\/Creator-MOC-0056-Zaku-Mech-MOCBRICKLAND-4-768x768.jpg 768w, https:\/\/mouldking.store\/wp-content\/uploads\/2022\/11\/Creator-MOC-0056-Zaku-Mech-MOCBRICKLAND-4-600x600.jpg 600w, https:\/\/mouldking.store\/wp-content\/uploads\/2022\/11\/Creator-MOC-0056-Zaku-Mech-MOCBRICKLAND-4-150x150.jpg 150w, https:\/\/mouldking.store\/wp-content\/uploads\/2022\/11\/Creator-MOC-0056-Zaku-Mech-MOCBRICKLAND-4-60x60.jpg 60w, https:\/\/mouldking.store\/wp-content\/uploads\/2022\/11\/Creator-MOC-0056-Zaku-Mech-MOCBRICKLAND-4-90x90.jpg 90w\" sizes=\"(max-width: 1000px) 100vw, 1000px\" \/><figcaption id=\"caption-attachment-33863\" class=\"wp-caption-text\">MOC-0056 Zaku Mech med 493 stykker<\/figcaption><\/figure>\n<figure id=\"attachment_33864\" aria-describedby=\"caption-attachment-33864\" style=\"width: 1000px\" class=\"wp-caption aligncenter\"><img loading=\"lazy\" decoding=\"async\" class=\"wp-image-33864 size-full\" src=\"https:\/\/mouldking.store\/wp-content\/uploads\/2022\/11\/Creator-MOC-0056-Zaku-Mech-MOCBRICKLAND-3.jpg\" alt=\"MOC-0056 Zaku Mech With 493 Pieces\" width=\"1000\" height=\"1000\" title=\"-\" srcset=\"https:\/\/mouldking.store\/wp-content\/uploads\/2022\/11\/Creator-MOC-0056-Zaku-Mech-MOCBRICKLAND-3.jpg 1000w, https:\/\/mouldking.store\/wp-content\/uploads\/2022\/11\/Creator-MOC-0056-Zaku-Mech-MOCBRICKLAND-3-300x300.jpg 300w, https:\/\/mouldking.store\/wp-content\/uploads\/2022\/11\/Creator-MOC-0056-Zaku-Mech-MOCBRICKLAND-3-768x768.jpg 768w, https:\/\/mouldking.store\/wp-content\/uploads\/2022\/11\/Creator-MOC-0056-Zaku-Mech-MOCBRICKLAND-3-600x600.jpg 600w, https:\/\/mouldking.store\/wp-content\/uploads\/2022\/11\/Creator-MOC-0056-Zaku-Mech-MOCBRICKLAND-3-150x150.jpg 150w, https:\/\/mouldking.store\/wp-content\/uploads\/2022\/11\/Creator-MOC-0056-Zaku-Mech-MOCBRICKLAND-3-60x60.jpg 60w, https:\/\/mouldking.store\/wp-content\/uploads\/2022\/11\/Creator-MOC-0056-Zaku-Mech-MOCBRICKLAND-3-90x90.jpg 90w\" sizes=\"(max-width: 1000px) 100vw, 1000px\" \/><figcaption id=\"caption-attachment-33864\" class=\"wp-caption-text\">MOC-0056 Zaku Mech med 493 stykker<\/figcaption><\/figure>\n<figure id=\"attachment_33865\" aria-describedby=\"caption-attachment-33865\" style=\"width: 1000px\" class=\"wp-caption aligncenter\"><img loading=\"lazy\" decoding=\"async\" class=\"wp-image-33865 size-full\" src=\"https:\/\/mouldking.store\/wp-content\/uploads\/2022\/11\/Creator-MOC-0056-Zaku-Mech-MOCBRICKLAND-2.jpg\" alt=\"MOC-0056 Zaku Mech With 493 Pieces\" width=\"1000\" height=\"1000\" title=\"-\" srcset=\"https:\/\/mouldking.store\/wp-content\/uploads\/2022\/11\/Creator-MOC-0056-Zaku-Mech-MOCBRICKLAND-2.jpg 1000w, https:\/\/mouldking.store\/wp-content\/uploads\/2022\/11\/Creator-MOC-0056-Zaku-Mech-MOCBRICKLAND-2-300x300.jpg 300w, https:\/\/mouldking.store\/wp-content\/uploads\/2022\/11\/Creator-MOC-0056-Zaku-Mech-MOCBRICKLAND-2-768x768.jpg 768w, https:\/\/mouldking.store\/wp-content\/uploads\/2022\/11\/Creator-MOC-0056-Zaku-Mech-MOCBRICKLAND-2-600x600.jpg 600w, https:\/\/mouldking.store\/wp-content\/uploads\/2022\/11\/Creator-MOC-0056-Zaku-Mech-MOCBRICKLAND-2-150x150.jpg 150w, https:\/\/mouldking.store\/wp-content\/uploads\/2022\/11\/Creator-MOC-0056-Zaku-Mech-MOCBRICKLAND-2-60x60.jpg 60w, https:\/\/mouldking.store\/wp-content\/uploads\/2022\/11\/Creator-MOC-0056-Zaku-Mech-MOCBRICKLAND-2-90x90.jpg 90w\" sizes=\"(max-width: 1000px) 100vw, 1000px\" \/><figcaption id=\"caption-attachment-33865\" class=\"wp-caption-text\">MOC-0056 Zaku Mech med 493 stykker<\/figcaption><\/figure>\n<figure id=\"attachment_33866\" aria-describedby=\"caption-attachment-33866\" style=\"width: 1000px\" class=\"wp-caption aligncenter\"><img loading=\"lazy\" decoding=\"async\" class=\"wp-image-33866 size-full\" src=\"https:\/\/mouldking.store\/wp-content\/uploads\/2022\/11\/Creator-MOC-0056-Zaku-Mech-MOCBRICKLAND-1.jpg\" alt=\"MOC-0056 Zaku Mech With 493 Pieces\" width=\"1000\" height=\"1000\" title=\"-\" srcset=\"https:\/\/mouldking.store\/wp-content\/uploads\/2022\/11\/Creator-MOC-0056-Zaku-Mech-MOCBRICKLAND-1.jpg 1000w, https:\/\/mouldking.store\/wp-content\/uploads\/2022\/11\/Creator-MOC-0056-Zaku-Mech-MOCBRICKLAND-1-300x300.jpg 300w, https:\/\/mouldking.store\/wp-content\/uploads\/2022\/11\/Creator-MOC-0056-Zaku-Mech-MOCBRICKLAND-1-768x768.jpg 768w, https:\/\/mouldking.store\/wp-content\/uploads\/2022\/11\/Creator-MOC-0056-Zaku-Mech-MOCBRICKLAND-1-600x600.jpg 600w, https:\/\/mouldking.store\/wp-content\/uploads\/2022\/11\/Creator-MOC-0056-Zaku-Mech-MOCBRICKLAND-1-150x150.jpg 150w, https:\/\/mouldking.store\/wp-content\/uploads\/2022\/11\/Creator-MOC-0056-Zaku-Mech-MOCBRICKLAND-1-60x60.jpg 60w, https:\/\/mouldking.store\/wp-content\/uploads\/2022\/11\/Creator-MOC-0056-Zaku-Mech-MOCBRICKLAND-1-90x90.jpg 90w\" sizes=\"(max-width: 1000px) 100vw, 1000px\" \/><figcaption id=\"caption-attachment-33866\" class=\"wp-caption-text\">MOC-0056 Zaku Mech med 493 stykker<\/figcaption><\/figure>","protected":false},"excerpt":{"rendered":"<p>Product information: Brand: MOC Gender: Unisex Name: Zaku Mech Age Range: &gt; 6 years old Model Number: 0056 Classification: Assemblage Plastic Block Shape: Self-Locking Bricks Material: Plastic Plastic Type: ABS Bricks Blocks: 493PCS Size: 14.7 x 7.6 x 23.3 cm Weight:0.28 kg Contains detailed assembly instructions. Notice: 1. Without an original box, but we guarantee [&hellip;]<\/p>","protected":false},"featured_media":33884,"comment_status":"closed","ping_status":"closed","template":"","meta":{"_acf_changed":false},"product_cat":[1365],"product_tag":[6571,6570,6573,6572,6574],"class_list":["product","first","instock","shipping-taxable","purchasable","product-type-simple"],"acf":[],"_links":{"self":[{"href":"https:\/\/mouldking.store\/nb\/wp-json\/wp\/v2\/product\/33858","targetHints":{"allow":["GET"]}}],"collection":[{"href":"https:\/\/mouldking.store\/nb\/wp-json\/wp\/v2\/product"}],"about":[{"href":"https:\/\/mouldking.store\/nb\/wp-json\/wp\/v2\/types\/product"}],"replies":[{"embeddable":true,"href":"https:\/\/mouldking.store\/nb\/wp-json\/wp\/v2\/comments?post=33858"}],"wp:featuredmedia":[{"embeddable":true,"href":"https:\/\/mouldking.store\/nb\/wp-json\/wp\/v2\/media\/33884"}],"wp:attachment":[{"href":"https:\/\/mouldking.store\/nb\/wp-json\/wp\/v2\/media?parent=33858"}],"wp:term":[{"taxonomy":"product_cat","embeddable":true,"href":"https:\/\/mouldking.store\/nb\/wp-json\/wp\/v2\/product_cat?post=33858"},{"taxonomy":"product_tag","embeddable":true,"href":"https:\/\/mouldking.store\/nb\/wp-json\/wp\/v2\/product_tag?post=33858"}],"curies":[{"name":"wp","href":"https:\/\/api.w.org\/{rel}","templated":true}]}}