{"id":33914,"date":"2022-11-04T10:00:16","date_gmt":"2022-11-04T03:00:16","guid":{"rendered":"https:\/\/mouldking.store\/?post_type=product&#038;p=33914"},"modified":"2022-11-04T10:00:16","modified_gmt":"2022-11-04T03:00:16","slug":"k-box-10505-fashion-sports-car-with-2421pcs","status":"publish","type":"product","link":"https:\/\/mouldking.store\/nb\/shop\/k-box-10505-fashion-sports-car-with-2421pcs\/","title":{"rendered":"K-Box 10505 Fashion Sports Car Med 2421stk"},"content":{"rendered":"<p>Produktinformasjon:<\/p>\n<ol>\n<li>Merke: K-Box<\/li>\n<li>Kj\u00f8nn: Unisex<\/li>\n<li>Navn: Mote sportsbil<\/li>\n<li>Aldersgruppe: &gt; 6 \u00e5r gammel<\/li>\n<li>Modellnummer: 10505<\/li>\n<li>Klassifisering: Montering<\/li>\n<li>Plastblokkform: Selvl\u00e5sende murstein<\/li>\n<li>Materiale: Plast<\/li>\n<li>Plasttype: ABS<\/li>\n<li>Mursteinsblokker: 2421 STK<\/li>\n<li>M\u00e5l: 25x42x18cm<\/li>\n<li>Inneholder detaljerte monteringsanvisninger.<\/li>\n<\/ol>\n<p>Legge merke til:<br \/>\n1. Uten original eske, men vi garanterer at v\u00e5re produkter har kvalitetssikring og pen emballasje.<br \/>\n2. Som alle delene vi har sjekket f\u00f8r frakt, s\u00e5 hvis du finner noen deler savnet eller skadet, ikke bekymre deg og bare kontakt oss, s\u00e5 kan vi sende dem til deg p\u00e5 nytt umiddelbart gratis.<\/p>\n<figure id=\"attachment_33915\" aria-describedby=\"caption-attachment-33915\" style=\"width: 800px\" class=\"wp-caption aligncenter\"><img fetchpriority=\"high\" decoding=\"async\" class=\"wp-image-33915 size-full\" src=\"https:\/\/mouldking.store\/wp-content\/uploads\/2022\/11\/K-Box-10505-3.jpg\" alt=\"K-Box 10505 Fashion Sports Car With 2421pcs \" width=\"800\" height=\"800\" title=\"-\" srcset=\"https:\/\/mouldking.store\/wp-content\/uploads\/2022\/11\/K-Box-10505-3.jpg 800w, https:\/\/mouldking.store\/wp-content\/uploads\/2022\/11\/K-Box-10505-3-300x300.jpg 300w, https:\/\/mouldking.store\/wp-content\/uploads\/2022\/11\/K-Box-10505-3-768x768.jpg 768w, https:\/\/mouldking.store\/wp-content\/uploads\/2022\/11\/K-Box-10505-3-600x600.jpg 600w, https:\/\/mouldking.store\/wp-content\/uploads\/2022\/11\/K-Box-10505-3-150x150.jpg 150w, https:\/\/mouldking.store\/wp-content\/uploads\/2022\/11\/K-Box-10505-3-60x60.jpg 60w, https:\/\/mouldking.store\/wp-content\/uploads\/2022\/11\/K-Box-10505-3-90x90.jpg 90w\" sizes=\"(max-width: 800px) 100vw, 800px\" \/><figcaption id=\"caption-attachment-33915\" class=\"wp-caption-text\">K-Box 10505 Fashion Sports Car Med 2421stk<\/figcaption><\/figure>\n<figure id=\"attachment_33916\" aria-describedby=\"caption-attachment-33916\" style=\"width: 800px\" class=\"wp-caption aligncenter\"><img decoding=\"async\" class=\"wp-image-33916 size-full\" src=\"https:\/\/mouldking.store\/wp-content\/uploads\/2022\/11\/K-Box-10505-2.jpg\" alt=\"K-Box 10505 Fashion Sports Car With 2421pcs \" width=\"800\" height=\"800\" title=\"-\" srcset=\"https:\/\/mouldking.store\/wp-content\/uploads\/2022\/11\/K-Box-10505-2.jpg 800w, https:\/\/mouldking.store\/wp-content\/uploads\/2022\/11\/K-Box-10505-2-300x300.jpg 300w, https:\/\/mouldking.store\/wp-content\/uploads\/2022\/11\/K-Box-10505-2-768x768.jpg 768w, https:\/\/mouldking.store\/wp-content\/uploads\/2022\/11\/K-Box-10505-2-600x600.jpg 600w, https:\/\/mouldking.store\/wp-content\/uploads\/2022\/11\/K-Box-10505-2-150x150.jpg 150w, https:\/\/mouldking.store\/wp-content\/uploads\/2022\/11\/K-Box-10505-2-60x60.jpg 60w, https:\/\/mouldking.store\/wp-content\/uploads\/2022\/11\/K-Box-10505-2-90x90.jpg 90w\" sizes=\"(max-width: 800px) 100vw, 800px\" \/><figcaption id=\"caption-attachment-33916\" class=\"wp-caption-text\">K-Box 10505 Fashion Sports Car Med 2421stk<\/figcaption><\/figure>\n<figure id=\"attachment_33917\" aria-describedby=\"caption-attachment-33917\" style=\"width: 800px\" class=\"wp-caption aligncenter\"><img decoding=\"async\" class=\"wp-image-33917 size-full\" src=\"https:\/\/mouldking.store\/wp-content\/uploads\/2022\/11\/K-Box-10505-1.jpg\" alt=\"K-Box 10505 Fashion Sports Car With 2421pcs \" width=\"800\" height=\"800\" title=\"-\" srcset=\"https:\/\/mouldking.store\/wp-content\/uploads\/2022\/11\/K-Box-10505-1.jpg 800w, https:\/\/mouldking.store\/wp-content\/uploads\/2022\/11\/K-Box-10505-1-300x300.jpg 300w, https:\/\/mouldking.store\/wp-content\/uploads\/2022\/11\/K-Box-10505-1-768x768.jpg 768w, https:\/\/mouldking.store\/wp-content\/uploads\/2022\/11\/K-Box-10505-1-600x600.jpg 600w, https:\/\/mouldking.store\/wp-content\/uploads\/2022\/11\/K-Box-10505-1-150x150.jpg 150w, https:\/\/mouldking.store\/wp-content\/uploads\/2022\/11\/K-Box-10505-1-60x60.jpg 60w, https:\/\/mouldking.store\/wp-content\/uploads\/2022\/11\/K-Box-10505-1-90x90.jpg 90w\" sizes=\"(max-width: 800px) 100vw, 800px\" \/><figcaption id=\"caption-attachment-33917\" class=\"wp-caption-text\">K-Box 10505 Fashion Sports Car Med 2421stk<\/figcaption><\/figure>\n<figure id=\"attachment_33918\" aria-describedby=\"caption-attachment-33918\" style=\"width: 800px\" class=\"wp-caption aligncenter\"><img loading=\"lazy\" decoding=\"async\" class=\"wp-image-33918 size-full\" src=\"https:\/\/mouldking.store\/wp-content\/uploads\/2022\/11\/K-Box-10505.jpg\" alt=\"K-Box 10505 Fashion Sports Car With 2421pcs \" width=\"800\" height=\"800\" title=\"-\" srcset=\"https:\/\/mouldking.store\/wp-content\/uploads\/2022\/11\/K-Box-10505.jpg 800w, https:\/\/mouldking.store\/wp-content\/uploads\/2022\/11\/K-Box-10505-300x300.jpg 300w, https:\/\/mouldking.store\/wp-content\/uploads\/2022\/11\/K-Box-10505-768x768.jpg 768w, https:\/\/mouldking.store\/wp-content\/uploads\/2022\/11\/K-Box-10505-600x600.jpg 600w, https:\/\/mouldking.store\/wp-content\/uploads\/2022\/11\/K-Box-10505-150x150.jpg 150w, https:\/\/mouldking.store\/wp-content\/uploads\/2022\/11\/K-Box-10505-60x60.jpg 60w, https:\/\/mouldking.store\/wp-content\/uploads\/2022\/11\/K-Box-10505-90x90.jpg 90w\" sizes=\"(max-width: 800px) 100vw, 800px\" \/><figcaption id=\"caption-attachment-33918\" class=\"wp-caption-text\">K-Box 10505 Fashion Sports Car Med 2421stk<\/figcaption><\/figure>","protected":false},"excerpt":{"rendered":"<p>Product information: Brand: K-Box Gender: Unisex Name: Fashion Sports Car Age Range: &gt; 6 years old Model Number: 10505 Classification: Assemblage Plastic Block Shape: Self-Locking Bricks Material: Plastic Plastic Type: ABS Bricks Blocks: 2421 PCS Dimensions: 25x42x18cm Contains detailed assembly instructions. Notice: 1. Without an original box, but we guarantee our products have quality assurance [&hellip;]<\/p>","protected":false},"featured_media":33915,"comment_status":"closed","ping_status":"closed","template":"","meta":{"_acf_changed":false},"product_cat":[1360,1357],"product_tag":[6586,6587,6588,2969,6589,6585,5166],"class_list":["product","first","instock","shipping-taxable","purchasable","product-type-variable"],"acf":[],"_links":{"self":[{"href":"https:\/\/mouldking.store\/nb\/wp-json\/wp\/v2\/product\/33914","targetHints":{"allow":["GET"]}}],"collection":[{"href":"https:\/\/mouldking.store\/nb\/wp-json\/wp\/v2\/product"}],"about":[{"href":"https:\/\/mouldking.store\/nb\/wp-json\/wp\/v2\/types\/product"}],"replies":[{"embeddable":true,"href":"https:\/\/mouldking.store\/nb\/wp-json\/wp\/v2\/comments?post=33914"}],"wp:featuredmedia":[{"embeddable":true,"href":"https:\/\/mouldking.store\/nb\/wp-json\/wp\/v2\/media\/33915"}],"wp:attachment":[{"href":"https:\/\/mouldking.store\/nb\/wp-json\/wp\/v2\/media?parent=33914"}],"wp:term":[{"taxonomy":"product_cat","embeddable":true,"href":"https:\/\/mouldking.store\/nb\/wp-json\/wp\/v2\/product_cat?post=33914"},{"taxonomy":"product_tag","embeddable":true,"href":"https:\/\/mouldking.store\/nb\/wp-json\/wp\/v2\/product_tag?post=33914"}],"curies":[{"name":"wp","href":"https:\/\/api.w.org\/{rel}","templated":true}]}}