{"id":33925,"date":"2022-11-04T10:16:57","date_gmt":"2022-11-04T03:16:57","guid":{"rendered":"https:\/\/mouldking.store\/?post_type=product&#038;p=33925"},"modified":"2022-11-04T10:16:58","modified_gmt":"2022-11-04T03:16:58","slug":"dk-6010-colorful-plant-with-288-pieces","status":"publish","type":"product","link":"https:\/\/mouldking.store\/nb\/shop\/dk-6010-colorful-plant-with-288-pieces\/","title":{"rendered":"DK 6010 Fargerik plante med 288 stk"},"content":{"rendered":"<p>Produktinformasjon:<\/p>\n<ol>\n<li>Merke: DK<\/li>\n<li>Kj\u00f8nn: Unisex<\/li>\n<li>Name: Colorful Plant<\/li>\n<li>Aldersgruppe: &gt; 6 \u00e5r gammel<\/li>\n<li>Model Number: 6010<\/li>\n<li>Klassifisering: Montering<\/li>\n<li>Plastblokkform: Selvl\u00e5sende murstein<\/li>\n<li>Materiale: Plast<\/li>\n<li>Plasttype: ABS<\/li>\n<li>Bricks Blocks: 288 PCS<\/li>\n<li>Dimensions: 14 \u00d7 11 cm<\/li>\n<li>Inneholder detaljerte monteringsanvisninger.<\/li>\n<\/ol>\n<p>Legge merke til:<br \/>\n1. Uten original eske, men vi garanterer at v\u00e5re produkter har kvalitetssikring og pen emballasje.<br \/>\n2. Som alle delene vi har sjekket f\u00f8r frakt, s\u00e5 hvis du finner noen deler savnet eller skadet, ikke bekymre deg og bare kontakt oss, s\u00e5 kan vi sende dem til deg p\u00e5 nytt umiddelbart gratis.<\/p>\n<figure id=\"attachment_33926\" aria-describedby=\"caption-attachment-33926\" style=\"width: 800px\" class=\"wp-caption aligncenter\"><img fetchpriority=\"high\" decoding=\"async\" class=\"wp-image-33926 size-full\" src=\"https:\/\/mouldking.store\/wp-content\/uploads\/2022\/11\/DK6010-1-69d8.jpg\" alt=\"DK 6010 Colorful Plant With 288 Pieces\" width=\"800\" height=\"800\" title=\"-\" srcset=\"https:\/\/mouldking.store\/wp-content\/uploads\/2022\/11\/DK6010-1-69d8.jpg 800w, https:\/\/mouldking.store\/wp-content\/uploads\/2022\/11\/DK6010-1-69d8-300x300.jpg 300w, https:\/\/mouldking.store\/wp-content\/uploads\/2022\/11\/DK6010-1-69d8-768x768.jpg 768w, https:\/\/mouldking.store\/wp-content\/uploads\/2022\/11\/DK6010-1-69d8-600x600.jpg 600w, https:\/\/mouldking.store\/wp-content\/uploads\/2022\/11\/DK6010-1-69d8-150x150.jpg 150w, https:\/\/mouldking.store\/wp-content\/uploads\/2022\/11\/DK6010-1-69d8-60x60.jpg 60w, https:\/\/mouldking.store\/wp-content\/uploads\/2022\/11\/DK6010-1-69d8-90x90.jpg 90w\" sizes=\"(max-width: 800px) 100vw, 800px\" \/><figcaption id=\"caption-attachment-33926\" class=\"wp-caption-text\">DK 6010 Fargerik plante med 288 stk<\/figcaption><\/figure>\n<figure id=\"attachment_33927\" aria-describedby=\"caption-attachment-33927\" style=\"width: 800px\" class=\"wp-caption aligncenter\"><img decoding=\"async\" class=\"wp-image-33927 size-full\" src=\"https:\/\/mouldking.store\/wp-content\/uploads\/2022\/11\/DK6010-3-1726.jpg\" alt=\"DK 6010 Colorful Plant With 288 Pieces\" width=\"800\" height=\"800\" title=\"-\" srcset=\"https:\/\/mouldking.store\/wp-content\/uploads\/2022\/11\/DK6010-3-1726.jpg 800w, https:\/\/mouldking.store\/wp-content\/uploads\/2022\/11\/DK6010-3-1726-300x300.jpg 300w, https:\/\/mouldking.store\/wp-content\/uploads\/2022\/11\/DK6010-3-1726-768x768.jpg 768w, https:\/\/mouldking.store\/wp-content\/uploads\/2022\/11\/DK6010-3-1726-600x600.jpg 600w, https:\/\/mouldking.store\/wp-content\/uploads\/2022\/11\/DK6010-3-1726-150x150.jpg 150w, https:\/\/mouldking.store\/wp-content\/uploads\/2022\/11\/DK6010-3-1726-60x60.jpg 60w, https:\/\/mouldking.store\/wp-content\/uploads\/2022\/11\/DK6010-3-1726-90x90.jpg 90w\" sizes=\"(max-width: 800px) 100vw, 800px\" \/><figcaption id=\"caption-attachment-33927\" class=\"wp-caption-text\">DK 6010 Fargerik plante med 288 stk<\/figcaption><\/figure>\n<figure id=\"attachment_33928\" aria-describedby=\"caption-attachment-33928\" style=\"width: 800px\" class=\"wp-caption aligncenter\"><img decoding=\"async\" class=\"wp-image-33928 size-full\" src=\"https:\/\/mouldking.store\/wp-content\/uploads\/2022\/11\/DK6010-2-1aa8.jpg\" alt=\"DK 6010 Colorful Plant With 288 Pieces\" width=\"800\" height=\"800\" title=\"-\" srcset=\"https:\/\/mouldking.store\/wp-content\/uploads\/2022\/11\/DK6010-2-1aa8.jpg 800w, https:\/\/mouldking.store\/wp-content\/uploads\/2022\/11\/DK6010-2-1aa8-300x300.jpg 300w, https:\/\/mouldking.store\/wp-content\/uploads\/2022\/11\/DK6010-2-1aa8-768x768.jpg 768w, https:\/\/mouldking.store\/wp-content\/uploads\/2022\/11\/DK6010-2-1aa8-600x600.jpg 600w, https:\/\/mouldking.store\/wp-content\/uploads\/2022\/11\/DK6010-2-1aa8-150x150.jpg 150w, https:\/\/mouldking.store\/wp-content\/uploads\/2022\/11\/DK6010-2-1aa8-60x60.jpg 60w, https:\/\/mouldking.store\/wp-content\/uploads\/2022\/11\/DK6010-2-1aa8-90x90.jpg 90w\" sizes=\"(max-width: 800px) 100vw, 800px\" \/><figcaption id=\"caption-attachment-33928\" class=\"wp-caption-text\">DK 6010 Fargerik plante med 288 stk<\/figcaption><\/figure>","protected":false},"excerpt":{"rendered":"<p>Product information: Brand: DK Gender: Unisex Name: Colorful Plant Age Range: &gt; 6 years old Model Number: 6010 Classification: Assemblage Plastic Block Shape: Self-Locking Bricks Material: Plastic Plastic Type: ABS Bricks Blocks: 288 PCS Dimensions: 14 \u00d7 11 cm Contains detailed assembly instructions. Notice: 1. Without an original box, but we guarantee our products have [&hellip;]<\/p>","protected":false},"featured_media":33926,"comment_status":"closed","ping_status":"closed","template":"","meta":{"_acf_changed":false},"product_cat":[1365],"product_tag":[6593,6595,6600,6599,6598,6594],"class_list":["product","first","instock","shipping-taxable","purchasable","product-type-simple"],"acf":[],"_links":{"self":[{"href":"https:\/\/mouldking.store\/nb\/wp-json\/wp\/v2\/product\/33925","targetHints":{"allow":["GET"]}}],"collection":[{"href":"https:\/\/mouldking.store\/nb\/wp-json\/wp\/v2\/product"}],"about":[{"href":"https:\/\/mouldking.store\/nb\/wp-json\/wp\/v2\/types\/product"}],"replies":[{"embeddable":true,"href":"https:\/\/mouldking.store\/nb\/wp-json\/wp\/v2\/comments?post=33925"}],"wp:featuredmedia":[{"embeddable":true,"href":"https:\/\/mouldking.store\/nb\/wp-json\/wp\/v2\/media\/33926"}],"wp:attachment":[{"href":"https:\/\/mouldking.store\/nb\/wp-json\/wp\/v2\/media?parent=33925"}],"wp:term":[{"taxonomy":"product_cat","embeddable":true,"href":"https:\/\/mouldking.store\/nb\/wp-json\/wp\/v2\/product_cat?post=33925"},{"taxonomy":"product_tag","embeddable":true,"href":"https:\/\/mouldking.store\/nb\/wp-json\/wp\/v2\/product_tag?post=33925"}],"curies":[{"name":"wp","href":"https:\/\/api.w.org\/{rel}","templated":true}]}}