{"id":33929,"date":"2022-11-04T10:26:24","date_gmt":"2022-11-04T03:26:24","guid":{"rendered":"https:\/\/mouldking.store\/?post_type=product&#038;p=33929"},"modified":"2022-11-04T10:26:25","modified_gmt":"2022-11-04T03:26:25","slug":"jaki-5107-christmas-photo-frame-fundesk-with-163-pieces","status":"publish","type":"product","link":"https:\/\/mouldking.store\/nb\/shop\/jaki-5107-christmas-photo-frame-fundesk-with-163-pieces\/","title":{"rendered":"JAKI 5107 Julefotoramme FunDesk Med 163 deler"},"content":{"rendered":"<p>Produktinformasjon:<\/p>\n<ol>\n<li>Merke: JAKI<\/li>\n<li>Kj\u00f8nn: Unisex<\/li>\n<li>Name: Christmas Photo Frame FunDesk<\/li>\n<li>Aldersgruppe: &gt; 6 \u00e5r gammel<\/li>\n<li>Model Number: 5107<\/li>\n<li>Klassifisering: Montering<\/li>\n<li>Plastblokkform: Selvl\u00e5sende murstein<\/li>\n<li>Materiale: Plast<\/li>\n<li>Plasttype: ABS<\/li>\n<li>Bricks Blocks: 163 PCS<\/li>\n<li>Dimensions: 20.7 \u00d7 8.7 \u00d7 13.6 cm<\/li>\n<li>Inneholder detaljerte monteringsanvisninger.<\/li>\n<\/ol>\n<p>Legge merke til:<br \/>\n1. Uten original eske, men vi garanterer at v\u00e5re produkter har kvalitetssikring og pen emballasje.<br \/>\n2. Som alle delene vi har sjekket f\u00f8r frakt, s\u00e5 hvis du finner noen deler savnet eller skadet, ikke bekymre deg og bare kontakt oss, s\u00e5 kan vi sende dem til deg p\u00e5 nytt umiddelbart gratis.<\/p>\n<figure id=\"attachment_33930\" aria-describedby=\"caption-attachment-33930\" style=\"width: 1000px\" class=\"wp-caption aligncenter\"><img fetchpriority=\"high\" decoding=\"async\" class=\"wp-image-33930 size-full\" src=\"https:\/\/mouldking.store\/wp-content\/uploads\/2022\/11\/JK5107-2-2407.jpg\" alt=\" JAKI 5107 Christmas Photo Frame FunDesk With 163 Pieces\" width=\"1000\" height=\"1000\" title=\"-\" srcset=\"https:\/\/mouldking.store\/wp-content\/uploads\/2022\/11\/JK5107-2-2407.jpg 1000w, https:\/\/mouldking.store\/wp-content\/uploads\/2022\/11\/JK5107-2-2407-300x300.jpg 300w, https:\/\/mouldking.store\/wp-content\/uploads\/2022\/11\/JK5107-2-2407-768x768.jpg 768w, https:\/\/mouldking.store\/wp-content\/uploads\/2022\/11\/JK5107-2-2407-600x600.jpg 600w, https:\/\/mouldking.store\/wp-content\/uploads\/2022\/11\/JK5107-2-2407-150x150.jpg 150w, https:\/\/mouldking.store\/wp-content\/uploads\/2022\/11\/JK5107-2-2407-60x60.jpg 60w, https:\/\/mouldking.store\/wp-content\/uploads\/2022\/11\/JK5107-2-2407-90x90.jpg 90w\" sizes=\"(max-width: 1000px) 100vw, 1000px\" \/><figcaption id=\"caption-attachment-33930\" class=\"wp-caption-text\">JAKI 5107 Julefotoramme FunDesk Med 163 deler<\/figcaption><\/figure>\n<figure id=\"attachment_33931\" aria-describedby=\"caption-attachment-33931\" style=\"width: 1000px\" class=\"wp-caption aligncenter\"><img decoding=\"async\" class=\"wp-image-33931 size-full\" src=\"https:\/\/mouldking.store\/wp-content\/uploads\/2022\/11\/JK5107-1-e3bf.jpg\" alt=\" JAKI 5107 Christmas Photo Frame FunDesk With 163 Pieces\" width=\"1000\" height=\"1000\" title=\"-\" srcset=\"https:\/\/mouldking.store\/wp-content\/uploads\/2022\/11\/JK5107-1-e3bf.jpg 1000w, https:\/\/mouldking.store\/wp-content\/uploads\/2022\/11\/JK5107-1-e3bf-300x300.jpg 300w, https:\/\/mouldking.store\/wp-content\/uploads\/2022\/11\/JK5107-1-e3bf-768x768.jpg 768w, https:\/\/mouldking.store\/wp-content\/uploads\/2022\/11\/JK5107-1-e3bf-600x600.jpg 600w, https:\/\/mouldking.store\/wp-content\/uploads\/2022\/11\/JK5107-1-e3bf-150x150.jpg 150w, https:\/\/mouldking.store\/wp-content\/uploads\/2022\/11\/JK5107-1-e3bf-60x60.jpg 60w, https:\/\/mouldking.store\/wp-content\/uploads\/2022\/11\/JK5107-1-e3bf-90x90.jpg 90w\" sizes=\"(max-width: 1000px) 100vw, 1000px\" \/><figcaption id=\"caption-attachment-33931\" class=\"wp-caption-text\">JAKI 5107 Julefotoramme FunDesk Med 163 deler<\/figcaption><\/figure>\n<figure id=\"attachment_33932\" aria-describedby=\"caption-attachment-33932\" style=\"width: 1000px\" class=\"wp-caption aligncenter\"><img decoding=\"async\" class=\"wp-image-33932 size-full\" src=\"https:\/\/mouldking.store\/wp-content\/uploads\/2022\/11\/JK5107-3-3645.jpg\" alt=\" JAKI 5107 Christmas Photo Frame FunDesk With 163 Pieces\" width=\"1000\" height=\"1000\" title=\"-\" srcset=\"https:\/\/mouldking.store\/wp-content\/uploads\/2022\/11\/JK5107-3-3645.jpg 1000w, https:\/\/mouldking.store\/wp-content\/uploads\/2022\/11\/JK5107-3-3645-300x300.jpg 300w, https:\/\/mouldking.store\/wp-content\/uploads\/2022\/11\/JK5107-3-3645-768x768.jpg 768w, https:\/\/mouldking.store\/wp-content\/uploads\/2022\/11\/JK5107-3-3645-600x600.jpg 600w, https:\/\/mouldking.store\/wp-content\/uploads\/2022\/11\/JK5107-3-3645-150x150.jpg 150w, https:\/\/mouldking.store\/wp-content\/uploads\/2022\/11\/JK5107-3-3645-60x60.jpg 60w, https:\/\/mouldking.store\/wp-content\/uploads\/2022\/11\/JK5107-3-3645-90x90.jpg 90w\" sizes=\"(max-width: 1000px) 100vw, 1000px\" \/><figcaption id=\"caption-attachment-33932\" class=\"wp-caption-text\">JAKI 5107 Julefotoramme FunDesk Med 163 deler<\/figcaption><\/figure>\n<figure id=\"attachment_33933\" aria-describedby=\"caption-attachment-33933\" style=\"width: 1000px\" class=\"wp-caption aligncenter\"><img loading=\"lazy\" decoding=\"async\" class=\"wp-image-33933 size-full\" src=\"https:\/\/mouldking.store\/wp-content\/uploads\/2022\/11\/JK5107-4-b61e.jpg\" alt=\" JAKI 5107 Christmas Photo Frame FunDesk With 163 Pieces\" width=\"1000\" height=\"1000\" title=\"-\" srcset=\"https:\/\/mouldking.store\/wp-content\/uploads\/2022\/11\/JK5107-4-b61e.jpg 1000w, https:\/\/mouldking.store\/wp-content\/uploads\/2022\/11\/JK5107-4-b61e-300x300.jpg 300w, https:\/\/mouldking.store\/wp-content\/uploads\/2022\/11\/JK5107-4-b61e-768x768.jpg 768w, https:\/\/mouldking.store\/wp-content\/uploads\/2022\/11\/JK5107-4-b61e-600x600.jpg 600w, https:\/\/mouldking.store\/wp-content\/uploads\/2022\/11\/JK5107-4-b61e-150x150.jpg 150w, https:\/\/mouldking.store\/wp-content\/uploads\/2022\/11\/JK5107-4-b61e-60x60.jpg 60w, https:\/\/mouldking.store\/wp-content\/uploads\/2022\/11\/JK5107-4-b61e-90x90.jpg 90w\" sizes=\"(max-width: 1000px) 100vw, 1000px\" \/><figcaption id=\"caption-attachment-33933\" class=\"wp-caption-text\">JAKI 5107 Julefotoramme FunDesk Med 163 deler<\/figcaption><\/figure>\n<figure id=\"attachment_33934\" aria-describedby=\"caption-attachment-33934\" style=\"width: 1000px\" class=\"wp-caption aligncenter\"><img loading=\"lazy\" decoding=\"async\" class=\"wp-image-33934 size-full\" src=\"https:\/\/mouldking.store\/wp-content\/uploads\/2022\/11\/JK5107-5-6d96.jpg\" alt=\" JAKI 5107 Christmas Photo Frame FunDesk With 163 Pieces\" width=\"1000\" height=\"1000\" title=\"-\" srcset=\"https:\/\/mouldking.store\/wp-content\/uploads\/2022\/11\/JK5107-5-6d96.jpg 1000w, https:\/\/mouldking.store\/wp-content\/uploads\/2022\/11\/JK5107-5-6d96-300x300.jpg 300w, https:\/\/mouldking.store\/wp-content\/uploads\/2022\/11\/JK5107-5-6d96-768x768.jpg 768w, https:\/\/mouldking.store\/wp-content\/uploads\/2022\/11\/JK5107-5-6d96-600x600.jpg 600w, https:\/\/mouldking.store\/wp-content\/uploads\/2022\/11\/JK5107-5-6d96-150x150.jpg 150w, https:\/\/mouldking.store\/wp-content\/uploads\/2022\/11\/JK5107-5-6d96-60x60.jpg 60w, https:\/\/mouldking.store\/wp-content\/uploads\/2022\/11\/JK5107-5-6d96-90x90.jpg 90w\" sizes=\"(max-width: 1000px) 100vw, 1000px\" \/><figcaption id=\"caption-attachment-33934\" class=\"wp-caption-text\">JAKI 5107 Julefotoramme FunDesk Med 163 deler<\/figcaption><\/figure>","protected":false},"excerpt":{"rendered":"<p>Product information: Brand: JAKI Gender: Unisex Name: Christmas Photo Frame FunDesk Age Range: &gt; 6 years old Model Number: 5107 Classification: Assemblage Plastic Block Shape: Self-Locking Bricks Material: Plastic Plastic Type: ABS Bricks Blocks: 163 PCS Dimensions: 20.7 \u00d7 8.7 \u00d7 13.6 cm Contains detailed assembly instructions. Notice: 1. Without an original box, but we [&hellip;]<\/p>","protected":false},"featured_media":33930,"comment_status":"closed","ping_status":"closed","template":"","meta":{"_acf_changed":false},"product_cat":[1365],"product_tag":[6602,1066,6605,6604,6440,6606,6601,6603],"class_list":["product","first","instock","shipping-taxable","purchasable","product-type-simple"],"acf":[],"_links":{"self":[{"href":"https:\/\/mouldking.store\/nb\/wp-json\/wp\/v2\/product\/33929","targetHints":{"allow":["GET"]}}],"collection":[{"href":"https:\/\/mouldking.store\/nb\/wp-json\/wp\/v2\/product"}],"about":[{"href":"https:\/\/mouldking.store\/nb\/wp-json\/wp\/v2\/types\/product"}],"replies":[{"embeddable":true,"href":"https:\/\/mouldking.store\/nb\/wp-json\/wp\/v2\/comments?post=33929"}],"wp:featuredmedia":[{"embeddable":true,"href":"https:\/\/mouldking.store\/nb\/wp-json\/wp\/v2\/media\/33930"}],"wp:attachment":[{"href":"https:\/\/mouldking.store\/nb\/wp-json\/wp\/v2\/media?parent=33929"}],"wp:term":[{"taxonomy":"product_cat","embeddable":true,"href":"https:\/\/mouldking.store\/nb\/wp-json\/wp\/v2\/product_cat?post=33929"},{"taxonomy":"product_tag","embeddable":true,"href":"https:\/\/mouldking.store\/nb\/wp-json\/wp\/v2\/product_tag?post=33929"}],"curies":[{"name":"wp","href":"https:\/\/api.w.org\/{rel}","templated":true}]}}