{"id":33935,"date":"2022-11-04T10:37:56","date_gmt":"2022-11-04T03:37:56","guid":{"rendered":"https:\/\/mouldking.store\/?post_type=product&#038;p=33935"},"modified":"2022-11-04T10:37:56","modified_gmt":"2022-11-04T03:37:56","slug":"k-box-v5004-hulkbuster-with-4123-pieces","status":"publish","type":"product","link":"https:\/\/mouldking.store\/nb\/shop\/k-box-v5004-hulkbuster-with-4123-pieces\/","title":{"rendered":"K-BOX V5004 Hulkbuster med 4123 deler"},"content":{"rendered":"<p>Produktinformasjon:<\/p>\n<ol>\n<li>Merke: K-BOX<\/li>\n<li>Kj\u00f8nn: Unisex<\/li>\n<li>Name: Hulkbuster<\/li>\n<li>Aldersgruppe: &gt; 6 \u00e5r gammel<\/li>\n<li>Model Number: V5004<\/li>\n<li>Klassifisering: Montering<\/li>\n<li>Plastblokkform: Selvl\u00e5sende murstein<\/li>\n<li>Materiale: Plast<\/li>\n<li>Plasttype: ABS<\/li>\n<li>Bricks Blocks:4123\u00a0PCS<\/li>\n<li>Dimensions: 38x18x44cm<\/li>\n<li>Inneholder detaljerte monteringsanvisninger.<\/li>\n<\/ol>\n<p>Legge merke til:<br \/>\n1. Uten original eske, men vi garanterer at v\u00e5re produkter har kvalitetssikring og pen emballasje.<br \/>\n2. Som alle delene vi har sjekket f\u00f8r frakt, s\u00e5 hvis du finner noen deler savnet eller skadet, ikke bekymre deg og bare kontakt oss, s\u00e5 kan vi sende dem til deg p\u00e5 nytt umiddelbart gratis.<\/p>\n<figure id=\"attachment_33936\" aria-describedby=\"caption-attachment-33936\" style=\"width: 800px\" class=\"wp-caption aligncenter\"><img fetchpriority=\"high\" decoding=\"async\" class=\"wp-image-33936 size-full\" src=\"https:\/\/mouldking.store\/wp-content\/uploads\/2022\/11\/V5004-1-1ad8.jpg\" alt=\" K-BOX V5004 Hulkbuster With 4123 Pieces\" width=\"800\" height=\"800\" title=\"-\" srcset=\"https:\/\/mouldking.store\/wp-content\/uploads\/2022\/11\/V5004-1-1ad8.jpg 800w, https:\/\/mouldking.store\/wp-content\/uploads\/2022\/11\/V5004-1-1ad8-300x300.jpg 300w, https:\/\/mouldking.store\/wp-content\/uploads\/2022\/11\/V5004-1-1ad8-768x768.jpg 768w, https:\/\/mouldking.store\/wp-content\/uploads\/2022\/11\/V5004-1-1ad8-600x600.jpg 600w, https:\/\/mouldking.store\/wp-content\/uploads\/2022\/11\/V5004-1-1ad8-150x150.jpg 150w, https:\/\/mouldking.store\/wp-content\/uploads\/2022\/11\/V5004-1-1ad8-60x60.jpg 60w, https:\/\/mouldking.store\/wp-content\/uploads\/2022\/11\/V5004-1-1ad8-90x90.jpg 90w\" sizes=\"(max-width: 800px) 100vw, 800px\" \/><figcaption id=\"caption-attachment-33936\" class=\"wp-caption-text\">K-BOX V5004 Hulkbuster med 4123 deler<\/figcaption><\/figure>\n<figure id=\"attachment_33937\" aria-describedby=\"caption-attachment-33937\" style=\"width: 800px\" class=\"wp-caption aligncenter\"><img decoding=\"async\" class=\"wp-image-33937 size-full\" src=\"https:\/\/mouldking.store\/wp-content\/uploads\/2022\/11\/V5004-4-271b.jpg\" alt=\" K-BOX V5004 Hulkbuster With 4123 Pieces\" width=\"800\" height=\"800\" title=\"-\" srcset=\"https:\/\/mouldking.store\/wp-content\/uploads\/2022\/11\/V5004-4-271b.jpg 800w, https:\/\/mouldking.store\/wp-content\/uploads\/2022\/11\/V5004-4-271b-300x300.jpg 300w, https:\/\/mouldking.store\/wp-content\/uploads\/2022\/11\/V5004-4-271b-768x768.jpg 768w, https:\/\/mouldking.store\/wp-content\/uploads\/2022\/11\/V5004-4-271b-600x600.jpg 600w, https:\/\/mouldking.store\/wp-content\/uploads\/2022\/11\/V5004-4-271b-150x150.jpg 150w, https:\/\/mouldking.store\/wp-content\/uploads\/2022\/11\/V5004-4-271b-60x60.jpg 60w, https:\/\/mouldking.store\/wp-content\/uploads\/2022\/11\/V5004-4-271b-90x90.jpg 90w\" sizes=\"(max-width: 800px) 100vw, 800px\" \/><figcaption id=\"caption-attachment-33937\" class=\"wp-caption-text\">K-BOX V5004 Hulkbuster med 4123 deler<\/figcaption><\/figure>\n<figure id=\"attachment_33938\" aria-describedby=\"caption-attachment-33938\" style=\"width: 800px\" class=\"wp-caption aligncenter\"><img decoding=\"async\" class=\"wp-image-33938 size-full\" src=\"https:\/\/mouldking.store\/wp-content\/uploads\/2022\/11\/V5004-2-2b31.jpg\" alt=\" K-BOX V5004 Hulkbuster With 4123 Pieces\" width=\"800\" height=\"800\" title=\"-\" srcset=\"https:\/\/mouldking.store\/wp-content\/uploads\/2022\/11\/V5004-2-2b31.jpg 800w, https:\/\/mouldking.store\/wp-content\/uploads\/2022\/11\/V5004-2-2b31-300x300.jpg 300w, https:\/\/mouldking.store\/wp-content\/uploads\/2022\/11\/V5004-2-2b31-768x768.jpg 768w, https:\/\/mouldking.store\/wp-content\/uploads\/2022\/11\/V5004-2-2b31-600x600.jpg 600w, https:\/\/mouldking.store\/wp-content\/uploads\/2022\/11\/V5004-2-2b31-150x150.jpg 150w, https:\/\/mouldking.store\/wp-content\/uploads\/2022\/11\/V5004-2-2b31-60x60.jpg 60w, https:\/\/mouldking.store\/wp-content\/uploads\/2022\/11\/V5004-2-2b31-90x90.jpg 90w\" sizes=\"(max-width: 800px) 100vw, 800px\" \/><figcaption id=\"caption-attachment-33938\" class=\"wp-caption-text\">K-BOX V5004 Hulkbuster med 4123 deler<\/figcaption><\/figure>\n<figure id=\"attachment_33939\" aria-describedby=\"caption-attachment-33939\" style=\"width: 800px\" class=\"wp-caption aligncenter\"><img loading=\"lazy\" decoding=\"async\" class=\"wp-image-33939 size-full\" src=\"https:\/\/mouldking.store\/wp-content\/uploads\/2022\/11\/V5004-5-6c90.jpg\" alt=\" K-BOX V5004 Hulkbuster With 4123 Pieces\" width=\"800\" height=\"800\" title=\"-\" srcset=\"https:\/\/mouldking.store\/wp-content\/uploads\/2022\/11\/V5004-5-6c90.jpg 800w, https:\/\/mouldking.store\/wp-content\/uploads\/2022\/11\/V5004-5-6c90-300x300.jpg 300w, https:\/\/mouldking.store\/wp-content\/uploads\/2022\/11\/V5004-5-6c90-768x768.jpg 768w, https:\/\/mouldking.store\/wp-content\/uploads\/2022\/11\/V5004-5-6c90-600x600.jpg 600w, https:\/\/mouldking.store\/wp-content\/uploads\/2022\/11\/V5004-5-6c90-150x150.jpg 150w, https:\/\/mouldking.store\/wp-content\/uploads\/2022\/11\/V5004-5-6c90-60x60.jpg 60w, https:\/\/mouldking.store\/wp-content\/uploads\/2022\/11\/V5004-5-6c90-90x90.jpg 90w\" sizes=\"(max-width: 800px) 100vw, 800px\" \/><figcaption id=\"caption-attachment-33939\" class=\"wp-caption-text\">K-BOX V5004 Hulkbuster med 4123 deler<\/figcaption><\/figure>\n<figure id=\"attachment_33940\" aria-describedby=\"caption-attachment-33940\" style=\"width: 800px\" class=\"wp-caption aligncenter\"><img loading=\"lazy\" decoding=\"async\" class=\"wp-image-33940 size-full\" src=\"https:\/\/mouldking.store\/wp-content\/uploads\/2022\/11\/V5004-3-e4f9.jpg\" alt=\" K-BOX V5004 Hulkbuster With 4123 Pieces\" width=\"800\" height=\"800\" title=\"-\" srcset=\"https:\/\/mouldking.store\/wp-content\/uploads\/2022\/11\/V5004-3-e4f9.jpg 800w, https:\/\/mouldking.store\/wp-content\/uploads\/2022\/11\/V5004-3-e4f9-300x300.jpg 300w, https:\/\/mouldking.store\/wp-content\/uploads\/2022\/11\/V5004-3-e4f9-768x768.jpg 768w, https:\/\/mouldking.store\/wp-content\/uploads\/2022\/11\/V5004-3-e4f9-600x600.jpg 600w, https:\/\/mouldking.store\/wp-content\/uploads\/2022\/11\/V5004-3-e4f9-150x150.jpg 150w, https:\/\/mouldking.store\/wp-content\/uploads\/2022\/11\/V5004-3-e4f9-60x60.jpg 60w, https:\/\/mouldking.store\/wp-content\/uploads\/2022\/11\/V5004-3-e4f9-90x90.jpg 90w\" sizes=\"(max-width: 800px) 100vw, 800px\" \/><figcaption id=\"caption-attachment-33940\" class=\"wp-caption-text\">K-BOX V5004 Hulkbuster med 4123 deler<\/figcaption><\/figure>","protected":false},"excerpt":{"rendered":"<p>Product information: Brand: K-BOX Gender: Unisex Name: Hulkbuster Age Range: &gt; 6 years old Model Number: V5004 Classification: Assemblage Plastic Block Shape: Self-Locking Bricks Material: Plastic Plastic Type: ABS Bricks Blocks:4123\u00a0PCS Dimensions: 38x18x44cm Contains detailed assembly instructions. Notice: 1. Without an original box, but we guarantee our products have quality assurance and nice packaging. 2. [&hellip;]<\/p>","protected":false},"featured_media":33936,"comment_status":"closed","ping_status":"closed","template":"","meta":{"_acf_changed":false},"product_cat":[1408],"product_tag":[6609,6610,2969,6611,6607,6608],"class_list":["product","first","instock","shipping-taxable","purchasable","product-type-simple"],"acf":[],"_links":{"self":[{"href":"https:\/\/mouldking.store\/nb\/wp-json\/wp\/v2\/product\/33935","targetHints":{"allow":["GET"]}}],"collection":[{"href":"https:\/\/mouldking.store\/nb\/wp-json\/wp\/v2\/product"}],"about":[{"href":"https:\/\/mouldking.store\/nb\/wp-json\/wp\/v2\/types\/product"}],"replies":[{"embeddable":true,"href":"https:\/\/mouldking.store\/nb\/wp-json\/wp\/v2\/comments?post=33935"}],"wp:featuredmedia":[{"embeddable":true,"href":"https:\/\/mouldking.store\/nb\/wp-json\/wp\/v2\/media\/33936"}],"wp:attachment":[{"href":"https:\/\/mouldking.store\/nb\/wp-json\/wp\/v2\/media?parent=33935"}],"wp:term":[{"taxonomy":"product_cat","embeddable":true,"href":"https:\/\/mouldking.store\/nb\/wp-json\/wp\/v2\/product_cat?post=33935"},{"taxonomy":"product_tag","embeddable":true,"href":"https:\/\/mouldking.store\/nb\/wp-json\/wp\/v2\/product_tag?post=33935"}],"curies":[{"name":"wp","href":"https:\/\/api.w.org\/{rel}","templated":true}]}}