{"id":33959,"date":"2022-11-04T11:06:24","date_gmt":"2022-11-04T04:06:24","guid":{"rendered":"https:\/\/mouldking.store\/?post_type=product&#038;p=33959"},"modified":"2022-11-04T11:06:24","modified_gmt":"2022-11-04T04:06:24","slug":"mould-king-15053-red-spider-with-818-pieces","status":"publish","type":"product","link":"https:\/\/mouldking.store\/nb\/shop\/mould-king-15053-red-spider-with-818-pieces\/","title":{"rendered":"M\u00d8LMKONG 15053 R\u00f8d Edderkopp Med 818 stk"},"content":{"rendered":"<p>Produktinformasjon:<\/p>\n<ol>\n<li>Merke: MOLD KING<\/li>\n<li>Kj\u00f8nn: Unisex<\/li>\n<li>Navn: R\u00f8d edderkopp<\/li>\n<li>Aldersgruppe: &gt; 6 \u00e5r gammel<\/li>\n<li>Modellnummer: 15053<\/li>\n<li>Klassifisering: Montering<\/li>\n<li>Plastblokkform: Selvl\u00e5sende murstein<\/li>\n<li>Materiale: Plast<\/li>\n<li>Plasttype: ABS<\/li>\n<li>Mursteinsblokker: 818 STK<\/li>\n<li>M\u00e5l: 37,7 \u00d7 21,6 \u00d7 14,4 cm<\/li>\n<li>Inneholder detaljerte monteringsanvisninger.<\/li>\n<\/ol>\n<p>Legge merke til:<br \/>\n1. Uten original eske, men vi garanterer at v\u00e5re produkter har kvalitetssikring og pen emballasje.<br \/>\n2. Som alle delene vi har sjekket f\u00f8r frakt, s\u00e5 hvis du finner noen deler savnet eller skadet, ikke bekymre deg og bare kontakt oss, s\u00e5 kan vi sende dem til deg p\u00e5 nytt umiddelbart gratis.<\/p>\n<figure id=\"attachment_33960\" aria-describedby=\"caption-attachment-33960\" style=\"width: 1080px\" class=\"wp-caption aligncenter\"><img fetchpriority=\"high\" decoding=\"async\" class=\"wp-image-33960 size-full\" src=\"https:\/\/mouldking.store\/wp-content\/uploads\/2022\/11\/15053-1-54ca.jpg\" alt=\"MOULD KING 15053 Red Spider With 818 Pieces\" width=\"1080\" height=\"1080\" title=\"-\" srcset=\"https:\/\/mouldking.store\/wp-content\/uploads\/2022\/11\/15053-1-54ca.jpg 1080w, https:\/\/mouldking.store\/wp-content\/uploads\/2022\/11\/15053-1-54ca-300x300.jpg 300w, https:\/\/mouldking.store\/wp-content\/uploads\/2022\/11\/15053-1-54ca-1024x1024.jpg 1024w, https:\/\/mouldking.store\/wp-content\/uploads\/2022\/11\/15053-1-54ca-768x768.jpg 768w, https:\/\/mouldking.store\/wp-content\/uploads\/2022\/11\/15053-1-54ca-600x600.jpg 600w, https:\/\/mouldking.store\/wp-content\/uploads\/2022\/11\/15053-1-54ca-150x150.jpg 150w, https:\/\/mouldking.store\/wp-content\/uploads\/2022\/11\/15053-1-54ca-60x60.jpg 60w, https:\/\/mouldking.store\/wp-content\/uploads\/2022\/11\/15053-1-54ca-90x90.jpg 90w\" sizes=\"(max-width: 1080px) 100vw, 1080px\" \/><figcaption id=\"caption-attachment-33960\" class=\"wp-caption-text\">M\u00d8LMKONG 15053 R\u00f8d Edderkopp Med 818 stk<\/figcaption><\/figure>\n<figure id=\"attachment_33961\" aria-describedby=\"caption-attachment-33961\" style=\"width: 1080px\" class=\"wp-caption aligncenter\"><img decoding=\"async\" class=\"wp-image-33961 size-full\" src=\"https:\/\/mouldking.store\/wp-content\/uploads\/2022\/11\/15053-2-6cff.jpg\" alt=\"MOULD KING 15053 Red Spider With 818 Pieces\" width=\"1080\" height=\"1080\" title=\"-\" srcset=\"https:\/\/mouldking.store\/wp-content\/uploads\/2022\/11\/15053-2-6cff.jpg 1080w, https:\/\/mouldking.store\/wp-content\/uploads\/2022\/11\/15053-2-6cff-300x300.jpg 300w, https:\/\/mouldking.store\/wp-content\/uploads\/2022\/11\/15053-2-6cff-1024x1024.jpg 1024w, https:\/\/mouldking.store\/wp-content\/uploads\/2022\/11\/15053-2-6cff-768x768.jpg 768w, https:\/\/mouldking.store\/wp-content\/uploads\/2022\/11\/15053-2-6cff-600x600.jpg 600w, https:\/\/mouldking.store\/wp-content\/uploads\/2022\/11\/15053-2-6cff-150x150.jpg 150w, https:\/\/mouldking.store\/wp-content\/uploads\/2022\/11\/15053-2-6cff-60x60.jpg 60w, https:\/\/mouldking.store\/wp-content\/uploads\/2022\/11\/15053-2-6cff-90x90.jpg 90w\" sizes=\"(max-width: 1080px) 100vw, 1080px\" \/><figcaption id=\"caption-attachment-33961\" class=\"wp-caption-text\">M\u00d8LMKONG 15053 R\u00f8d Edderkopp Med 818 stk<\/figcaption><\/figure>","protected":false},"excerpt":{"rendered":"<p>Product information: Brand: MOULD KING Gender: Unisex Name:Red Spider Age Range: &gt; 6 years old Model Number: 15053 Classification: Assemblage Plastic Block Shape: Self-Locking Bricks Material: Plastic Plastic Type: ABS Bricks Blocks: 818 PCS Dimensions: 37.7 \u00d7 21.6 \u00d7 14.4 cm Contains detailed assembly instructions. Notice: 1. Without an original box, but we guarantee our [&hellip;]<\/p>","protected":false},"featured_media":33960,"comment_status":"closed","ping_status":"closed","template":"","meta":{"_acf_changed":false},"product_cat":[371],"product_tag":[6628,615,6631,6627,6629,6630],"class_list":["product","first","instock","shipping-taxable","purchasable","product-type-simple"],"acf":[],"_links":{"self":[{"href":"https:\/\/mouldking.store\/nb\/wp-json\/wp\/v2\/product\/33959","targetHints":{"allow":["GET"]}}],"collection":[{"href":"https:\/\/mouldking.store\/nb\/wp-json\/wp\/v2\/product"}],"about":[{"href":"https:\/\/mouldking.store\/nb\/wp-json\/wp\/v2\/types\/product"}],"replies":[{"embeddable":true,"href":"https:\/\/mouldking.store\/nb\/wp-json\/wp\/v2\/comments?post=33959"}],"wp:featuredmedia":[{"embeddable":true,"href":"https:\/\/mouldking.store\/nb\/wp-json\/wp\/v2\/media\/33960"}],"wp:attachment":[{"href":"https:\/\/mouldking.store\/nb\/wp-json\/wp\/v2\/media?parent=33959"}],"wp:term":[{"taxonomy":"product_cat","embeddable":true,"href":"https:\/\/mouldking.store\/nb\/wp-json\/wp\/v2\/product_cat?post=33959"},{"taxonomy":"product_tag","embeddable":true,"href":"https:\/\/mouldking.store\/nb\/wp-json\/wp\/v2\/product_tag?post=33959"}],"curies":[{"name":"wp","href":"https:\/\/api.w.org\/{rel}","templated":true}]}}