{"id":33968,"date":"2022-11-04T11:21:22","date_gmt":"2022-11-04T04:21:22","guid":{"rendered":"https:\/\/mouldking.store\/?post_type=product&#038;p=33968"},"modified":"2022-11-04T11:21:22","modified_gmt":"2022-11-04T04:21:22","slug":"mould-king-27026-speed-champions-no-tim-yue-racers-car-with-443-pieces","status":"publish","type":"product","link":"https:\/\/mouldking.store\/nb\/shop\/mould-king-27026-speed-champions-no-tim-yue-racers-car-with-443-pieces\/","title":{"rendered":"Mold KING 27026 Speed Champions No.Tim Yue Racerbil med 443 stykker"},"content":{"rendered":"<p>Produktinformasjon:<\/p>\n<ol>\n<li>Brand: Mould KING<\/li>\n<li>Kj\u00f8nn: Unisex<\/li>\n<li>Name: Speed Champions No.Tim Yue Racers Car<\/li>\n<li>Aldersgruppe: &gt; 6 \u00e5r gammel<\/li>\n<li>Model Number: 27026<\/li>\n<li>Klassifisering: Montering<\/li>\n<li>Plastblokkform: Selvl\u00e5sende murstein<\/li>\n<li>Materiale: Plast<\/li>\n<li>Plasttype: ABS<\/li>\n<li>Bricks Blocks: 443 PCS<\/li>\n<li>Dimensions: 16.7\u00d78.5\u00d76.4cm<\/li>\n<li>Inneholder detaljerte monteringsanvisninger.<\/li>\n<\/ol>\n<p>Legge merke til:<br \/>\n1. Uten original eske, men vi garanterer at v\u00e5re produkter har kvalitetssikring og pen emballasje.<br \/>\n2. Som alle delene vi har sjekket f\u00f8r frakt, s\u00e5 hvis du finner noen deler savnet eller skadet, ikke bekymre deg og bare kontakt oss, s\u00e5 kan vi sende dem til deg p\u00e5 nytt umiddelbart gratis.<\/p>\n<figure id=\"attachment_33969\" aria-describedby=\"caption-attachment-33969\" style=\"width: 800px\" class=\"wp-caption aligncenter\"><img fetchpriority=\"high\" decoding=\"async\" class=\"wp-image-33969 size-full\" src=\"https:\/\/mouldking.store\/wp-content\/uploads\/2022\/11\/MK27026-1-210a.jpg\" alt=\"Mould KING 27026 Speed Champions No.Tim Yue Racers Car With 443 Pieces\" width=\"800\" height=\"800\" title=\"-\" srcset=\"https:\/\/mouldking.store\/wp-content\/uploads\/2022\/11\/MK27026-1-210a.jpg 800w, https:\/\/mouldking.store\/wp-content\/uploads\/2022\/11\/MK27026-1-210a-300x300.jpg 300w, https:\/\/mouldking.store\/wp-content\/uploads\/2022\/11\/MK27026-1-210a-768x768.jpg 768w, https:\/\/mouldking.store\/wp-content\/uploads\/2022\/11\/MK27026-1-210a-600x600.jpg 600w, https:\/\/mouldking.store\/wp-content\/uploads\/2022\/11\/MK27026-1-210a-150x150.jpg 150w, https:\/\/mouldking.store\/wp-content\/uploads\/2022\/11\/MK27026-1-210a-60x60.jpg 60w, https:\/\/mouldking.store\/wp-content\/uploads\/2022\/11\/MK27026-1-210a-90x90.jpg 90w\" sizes=\"(max-width: 800px) 100vw, 800px\" \/><figcaption id=\"caption-attachment-33969\" class=\"wp-caption-text\">Mold KING 27026 Speed Champions No.Tim Yue Racerbil med 443 stykker<\/figcaption><\/figure>\n<figure id=\"attachment_33970\" aria-describedby=\"caption-attachment-33970\" style=\"width: 800px\" class=\"wp-caption aligncenter\"><img decoding=\"async\" class=\"wp-image-33970 size-full\" src=\"https:\/\/mouldking.store\/wp-content\/uploads\/2022\/11\/MK27026-2-ed79.jpg\" alt=\"Mould KING 27026 Speed Champions No.Tim Yue Racers Car With 443 Pieces\" width=\"800\" height=\"800\" title=\"-\" srcset=\"https:\/\/mouldking.store\/wp-content\/uploads\/2022\/11\/MK27026-2-ed79.jpg 800w, https:\/\/mouldking.store\/wp-content\/uploads\/2022\/11\/MK27026-2-ed79-300x300.jpg 300w, https:\/\/mouldking.store\/wp-content\/uploads\/2022\/11\/MK27026-2-ed79-768x768.jpg 768w, https:\/\/mouldking.store\/wp-content\/uploads\/2022\/11\/MK27026-2-ed79-600x600.jpg 600w, https:\/\/mouldking.store\/wp-content\/uploads\/2022\/11\/MK27026-2-ed79-150x150.jpg 150w, https:\/\/mouldking.store\/wp-content\/uploads\/2022\/11\/MK27026-2-ed79-60x60.jpg 60w, https:\/\/mouldking.store\/wp-content\/uploads\/2022\/11\/MK27026-2-ed79-90x90.jpg 90w\" sizes=\"(max-width: 800px) 100vw, 800px\" \/><figcaption id=\"caption-attachment-33970\" class=\"wp-caption-text\">Mold KING 27026 Speed Champions No.Tim Yue Racerbil med 443 stykker<\/figcaption><\/figure>\n<figure id=\"attachment_33971\" aria-describedby=\"caption-attachment-33971\" style=\"width: 800px\" class=\"wp-caption aligncenter\"><img decoding=\"async\" class=\"wp-image-33971 size-full\" src=\"https:\/\/mouldking.store\/wp-content\/uploads\/2022\/11\/MK27026-4-89bc.jpg\" alt=\"Mould KING 27026 Speed Champions No.Tim Yue Racers Car With 443 Pieces\" width=\"800\" height=\"800\" title=\"-\" srcset=\"https:\/\/mouldking.store\/wp-content\/uploads\/2022\/11\/MK27026-4-89bc.jpg 800w, https:\/\/mouldking.store\/wp-content\/uploads\/2022\/11\/MK27026-4-89bc-300x300.jpg 300w, https:\/\/mouldking.store\/wp-content\/uploads\/2022\/11\/MK27026-4-89bc-768x768.jpg 768w, https:\/\/mouldking.store\/wp-content\/uploads\/2022\/11\/MK27026-4-89bc-600x600.jpg 600w, https:\/\/mouldking.store\/wp-content\/uploads\/2022\/11\/MK27026-4-89bc-150x150.jpg 150w, https:\/\/mouldking.store\/wp-content\/uploads\/2022\/11\/MK27026-4-89bc-60x60.jpg 60w, https:\/\/mouldking.store\/wp-content\/uploads\/2022\/11\/MK27026-4-89bc-90x90.jpg 90w\" sizes=\"(max-width: 800px) 100vw, 800px\" \/><figcaption id=\"caption-attachment-33971\" class=\"wp-caption-text\">Mold KING 27026 Speed Champions No.Tim Yue Racerbil med 443 stykker<\/figcaption><\/figure>\n<figure id=\"attachment_33972\" aria-describedby=\"caption-attachment-33972\" style=\"width: 800px\" class=\"wp-caption aligncenter\"><img loading=\"lazy\" decoding=\"async\" class=\"wp-image-33972 size-full\" src=\"https:\/\/mouldking.store\/wp-content\/uploads\/2022\/11\/MK27026-3-cd3c.jpg\" alt=\"Mould KING 27026 Speed Champions No.Tim Yue Racers Car With 443 Pieces\" width=\"800\" height=\"800\" title=\"-\" srcset=\"https:\/\/mouldking.store\/wp-content\/uploads\/2022\/11\/MK27026-3-cd3c.jpg 800w, https:\/\/mouldking.store\/wp-content\/uploads\/2022\/11\/MK27026-3-cd3c-300x300.jpg 300w, https:\/\/mouldking.store\/wp-content\/uploads\/2022\/11\/MK27026-3-cd3c-768x768.jpg 768w, https:\/\/mouldking.store\/wp-content\/uploads\/2022\/11\/MK27026-3-cd3c-600x600.jpg 600w, https:\/\/mouldking.store\/wp-content\/uploads\/2022\/11\/MK27026-3-cd3c-150x150.jpg 150w, https:\/\/mouldking.store\/wp-content\/uploads\/2022\/11\/MK27026-3-cd3c-60x60.jpg 60w, https:\/\/mouldking.store\/wp-content\/uploads\/2022\/11\/MK27026-3-cd3c-90x90.jpg 90w\" sizes=\"(max-width: 800px) 100vw, 800px\" \/><figcaption id=\"caption-attachment-33972\" class=\"wp-caption-text\">Mold KING 27026 Speed Champions No.Tim Yue Racerbil med 443 stykker<\/figcaption><\/figure>\n<figure id=\"attachment_33973\" aria-describedby=\"caption-attachment-33973\" style=\"width: 800px\" class=\"wp-caption aligncenter\"><img loading=\"lazy\" decoding=\"async\" class=\"wp-image-33973 size-full\" src=\"https:\/\/mouldking.store\/wp-content\/uploads\/2022\/11\/MK27026-5-bea7.jpg\" alt=\"Mould KING 27026 Speed Champions No.Tim Yue Racers Car With 443 Pieces\" width=\"800\" height=\"800\" title=\"-\" srcset=\"https:\/\/mouldking.store\/wp-content\/uploads\/2022\/11\/MK27026-5-bea7.jpg 800w, https:\/\/mouldking.store\/wp-content\/uploads\/2022\/11\/MK27026-5-bea7-300x300.jpg 300w, https:\/\/mouldking.store\/wp-content\/uploads\/2022\/11\/MK27026-5-bea7-768x768.jpg 768w, https:\/\/mouldking.store\/wp-content\/uploads\/2022\/11\/MK27026-5-bea7-600x600.jpg 600w, https:\/\/mouldking.store\/wp-content\/uploads\/2022\/11\/MK27026-5-bea7-150x150.jpg 150w, https:\/\/mouldking.store\/wp-content\/uploads\/2022\/11\/MK27026-5-bea7-60x60.jpg 60w, https:\/\/mouldking.store\/wp-content\/uploads\/2022\/11\/MK27026-5-bea7-90x90.jpg 90w\" sizes=\"(max-width: 800px) 100vw, 800px\" \/><figcaption id=\"caption-attachment-33973\" class=\"wp-caption-text\">Mold KING 27026 Speed Champions No.Tim Yue Racerbil med 443 stykker<\/figcaption><\/figure>","protected":false},"excerpt":{"rendered":"<p>Product information: Brand: Mould KING Gender: Unisex Name: Speed Champions No.Tim Yue Racers Car Age Range: &gt; 6 years old Model Number: 27026 Classification: Assemblage Plastic Block Shape: Self-Locking Bricks Material: Plastic Plastic Type: ABS Bricks Blocks: 443 PCS Dimensions: 16.7\u00d78.5\u00d76.4cm Contains detailed assembly instructions. Notice: 1. Without an original box, but we guarantee our [&hellip;]<\/p>","protected":false},"featured_media":33969,"comment_status":"closed","ping_status":"closed","template":"","meta":{"_acf_changed":false},"product_cat":[364],"product_tag":[6641,6635,615,6644,6640,6643,6637,6633,6642],"class_list":["product","first","instock","shipping-taxable","purchasable","product-type-simple"],"acf":[],"_links":{"self":[{"href":"https:\/\/mouldking.store\/nb\/wp-json\/wp\/v2\/product\/33968","targetHints":{"allow":["GET"]}}],"collection":[{"href":"https:\/\/mouldking.store\/nb\/wp-json\/wp\/v2\/product"}],"about":[{"href":"https:\/\/mouldking.store\/nb\/wp-json\/wp\/v2\/types\/product"}],"replies":[{"embeddable":true,"href":"https:\/\/mouldking.store\/nb\/wp-json\/wp\/v2\/comments?post=33968"}],"wp:featuredmedia":[{"embeddable":true,"href":"https:\/\/mouldking.store\/nb\/wp-json\/wp\/v2\/media\/33969"}],"wp:attachment":[{"href":"https:\/\/mouldking.store\/nb\/wp-json\/wp\/v2\/media?parent=33968"}],"wp:term":[{"taxonomy":"product_cat","embeddable":true,"href":"https:\/\/mouldking.store\/nb\/wp-json\/wp\/v2\/product_cat?post=33968"},{"taxonomy":"product_tag","embeddable":true,"href":"https:\/\/mouldking.store\/nb\/wp-json\/wp\/v2\/product_tag?post=33968"}],"curies":[{"name":"wp","href":"https:\/\/api.w.org\/{rel}","templated":true}]}}