{"id":33974,"date":"2022-11-04T11:29:19","date_gmt":"2022-11-04T04:29:19","guid":{"rendered":"https:\/\/mouldking.store\/?post_type=product&#038;p=33974"},"modified":"2022-11-04T11:29:19","modified_gmt":"2022-11-04T04:29:19","slug":"mould-king-27025-speed-champions-porsche-cayenne-racers-car-with-415-pieces","status":"publish","type":"product","link":"https:\/\/mouldking.store\/nb\/shop\/mould-king-27025-speed-champions-porsche-cayenne-racers-car-with-415-pieces\/","title":{"rendered":"MOLD KING 27025 Speed Champions Porsche Cayenne Racers bil med 415 stykker"},"content":{"rendered":"<p>Produktinformasjon:<\/p>\n<ol>\n<li>Merke: MOLD KING<\/li>\n<li>Kj\u00f8nn: Unisex<\/li>\n<li>Name: Speed Champions Porsche Cayenne Racers Car<\/li>\n<li>Aldersgruppe: &gt; 6 \u00e5r gammel<\/li>\n<li>Model Number: 27025<\/li>\n<li>Klassifisering: Montering<\/li>\n<li>Plastblokkform: Selvl\u00e5sende murstein<\/li>\n<li>Materiale: Plast<\/li>\n<li>Plasttype: ABS<\/li>\n<li>Bricks Blocks: 415 PCS<\/li>\n<li>Dimensions:\u00a016x8x7cm<\/li>\n<li>Inneholder detaljerte monteringsanvisninger.<\/li>\n<\/ol>\n<p>Legge merke til:<br \/>\n1. Uten original eske, men vi garanterer at v\u00e5re produkter har kvalitetssikring og pen emballasje.<br \/>\n2. Som alle delene vi har sjekket f\u00f8r frakt, s\u00e5 hvis du finner noen deler savnet eller skadet, ikke bekymre deg og bare kontakt oss, s\u00e5 kan vi sende dem til deg p\u00e5 nytt umiddelbart gratis.<\/p>\n<figure id=\"attachment_33975\" aria-describedby=\"caption-attachment-33975\" style=\"width: 800px\" class=\"wp-caption aligncenter\"><img fetchpriority=\"high\" decoding=\"async\" class=\"wp-image-33975 size-full\" src=\"https:\/\/mouldking.store\/wp-content\/uploads\/2022\/11\/MK27025-1-04cc.jpg\" alt=\"MOULD KING 27025 Speed Champions Porsche Cayenne Racers Car With 415 Pieces\" width=\"800\" height=\"800\" title=\"-\" srcset=\"https:\/\/mouldking.store\/wp-content\/uploads\/2022\/11\/MK27025-1-04cc.jpg 800w, https:\/\/mouldking.store\/wp-content\/uploads\/2022\/11\/MK27025-1-04cc-300x300.jpg 300w, https:\/\/mouldking.store\/wp-content\/uploads\/2022\/11\/MK27025-1-04cc-768x768.jpg 768w, https:\/\/mouldking.store\/wp-content\/uploads\/2022\/11\/MK27025-1-04cc-600x600.jpg 600w, https:\/\/mouldking.store\/wp-content\/uploads\/2022\/11\/MK27025-1-04cc-150x150.jpg 150w, https:\/\/mouldking.store\/wp-content\/uploads\/2022\/11\/MK27025-1-04cc-60x60.jpg 60w, https:\/\/mouldking.store\/wp-content\/uploads\/2022\/11\/MK27025-1-04cc-90x90.jpg 90w\" sizes=\"(max-width: 800px) 100vw, 800px\" \/><figcaption id=\"caption-attachment-33975\" class=\"wp-caption-text\">MOLD KING 27025 Speed Champions Porsche Cayenne Racers bil med 415 stykker<\/figcaption><\/figure>\n<figure id=\"attachment_33976\" aria-describedby=\"caption-attachment-33976\" style=\"width: 800px\" class=\"wp-caption aligncenter\"><img decoding=\"async\" class=\"wp-image-33976 size-full\" src=\"https:\/\/mouldking.store\/wp-content\/uploads\/2022\/11\/MK27025-2-3528.jpg\" alt=\"MOULD KING 27025 Speed Champions Porsche Cayenne Racers Car With 415 Pieces\" width=\"800\" height=\"800\" title=\"-\" srcset=\"https:\/\/mouldking.store\/wp-content\/uploads\/2022\/11\/MK27025-2-3528.jpg 800w, https:\/\/mouldking.store\/wp-content\/uploads\/2022\/11\/MK27025-2-3528-300x300.jpg 300w, https:\/\/mouldking.store\/wp-content\/uploads\/2022\/11\/MK27025-2-3528-768x768.jpg 768w, https:\/\/mouldking.store\/wp-content\/uploads\/2022\/11\/MK27025-2-3528-600x600.jpg 600w, https:\/\/mouldking.store\/wp-content\/uploads\/2022\/11\/MK27025-2-3528-150x150.jpg 150w, https:\/\/mouldking.store\/wp-content\/uploads\/2022\/11\/MK27025-2-3528-60x60.jpg 60w, https:\/\/mouldking.store\/wp-content\/uploads\/2022\/11\/MK27025-2-3528-90x90.jpg 90w\" sizes=\"(max-width: 800px) 100vw, 800px\" \/><figcaption id=\"caption-attachment-33976\" class=\"wp-caption-text\">MOLD KING 27025 Speed Champions Porsche Cayenne Racers bil med 415 stykker<\/figcaption><\/figure>\n<figure id=\"attachment_33977\" aria-describedby=\"caption-attachment-33977\" style=\"width: 800px\" class=\"wp-caption aligncenter\"><img decoding=\"async\" class=\"wp-image-33977 size-full\" src=\"https:\/\/mouldking.store\/wp-content\/uploads\/2022\/11\/MK27025-3-8bef.jpg\" alt=\"MOULD KING 27025 Speed Champions Porsche Cayenne Racers Car With 415 Pieces\" width=\"800\" height=\"800\" title=\"-\" srcset=\"https:\/\/mouldking.store\/wp-content\/uploads\/2022\/11\/MK27025-3-8bef.jpg 800w, https:\/\/mouldking.store\/wp-content\/uploads\/2022\/11\/MK27025-3-8bef-300x300.jpg 300w, https:\/\/mouldking.store\/wp-content\/uploads\/2022\/11\/MK27025-3-8bef-768x768.jpg 768w, https:\/\/mouldking.store\/wp-content\/uploads\/2022\/11\/MK27025-3-8bef-600x600.jpg 600w, https:\/\/mouldking.store\/wp-content\/uploads\/2022\/11\/MK27025-3-8bef-150x150.jpg 150w, https:\/\/mouldking.store\/wp-content\/uploads\/2022\/11\/MK27025-3-8bef-60x60.jpg 60w, https:\/\/mouldking.store\/wp-content\/uploads\/2022\/11\/MK27025-3-8bef-90x90.jpg 90w\" sizes=\"(max-width: 800px) 100vw, 800px\" \/><figcaption id=\"caption-attachment-33977\" class=\"wp-caption-text\">MOLD KING 27025 Speed Champions Porsche Cayenne Racers bil med 415 stykker<\/figcaption><\/figure>\n<figure id=\"attachment_33978\" aria-describedby=\"caption-attachment-33978\" style=\"width: 800px\" class=\"wp-caption aligncenter\"><img loading=\"lazy\" decoding=\"async\" class=\"wp-image-33978 size-full\" src=\"https:\/\/mouldking.store\/wp-content\/uploads\/2022\/11\/MK27025-4-ab12.jpg\" alt=\"MOULD KING 27025 Speed Champions Porsche Cayenne Racers Car With 415 Pieces\" width=\"800\" height=\"800\" title=\"-\" srcset=\"https:\/\/mouldking.store\/wp-content\/uploads\/2022\/11\/MK27025-4-ab12.jpg 800w, https:\/\/mouldking.store\/wp-content\/uploads\/2022\/11\/MK27025-4-ab12-300x300.jpg 300w, https:\/\/mouldking.store\/wp-content\/uploads\/2022\/11\/MK27025-4-ab12-768x768.jpg 768w, https:\/\/mouldking.store\/wp-content\/uploads\/2022\/11\/MK27025-4-ab12-600x600.jpg 600w, https:\/\/mouldking.store\/wp-content\/uploads\/2022\/11\/MK27025-4-ab12-150x150.jpg 150w, https:\/\/mouldking.store\/wp-content\/uploads\/2022\/11\/MK27025-4-ab12-60x60.jpg 60w, https:\/\/mouldking.store\/wp-content\/uploads\/2022\/11\/MK27025-4-ab12-90x90.jpg 90w\" sizes=\"(max-width: 800px) 100vw, 800px\" \/><figcaption id=\"caption-attachment-33978\" class=\"wp-caption-text\">MOLD KING 27025 Speed Champions Porsche Cayenne Racers bil med 415 stykker<\/figcaption><\/figure>\n<figure id=\"attachment_33979\" aria-describedby=\"caption-attachment-33979\" style=\"width: 800px\" class=\"wp-caption aligncenter\"><img loading=\"lazy\" decoding=\"async\" class=\"wp-image-33979 size-full\" src=\"https:\/\/mouldking.store\/wp-content\/uploads\/2022\/11\/MK27025-5-34e4.jpg\" alt=\"MOULD KING 27025 Speed Champions Porsche Cayenne Racers Car With 415 Pieces\" width=\"800\" height=\"800\" title=\"-\" srcset=\"https:\/\/mouldking.store\/wp-content\/uploads\/2022\/11\/MK27025-5-34e4.jpg 800w, https:\/\/mouldking.store\/wp-content\/uploads\/2022\/11\/MK27025-5-34e4-300x300.jpg 300w, https:\/\/mouldking.store\/wp-content\/uploads\/2022\/11\/MK27025-5-34e4-768x768.jpg 768w, https:\/\/mouldking.store\/wp-content\/uploads\/2022\/11\/MK27025-5-34e4-600x600.jpg 600w, https:\/\/mouldking.store\/wp-content\/uploads\/2022\/11\/MK27025-5-34e4-150x150.jpg 150w, https:\/\/mouldking.store\/wp-content\/uploads\/2022\/11\/MK27025-5-34e4-60x60.jpg 60w, https:\/\/mouldking.store\/wp-content\/uploads\/2022\/11\/MK27025-5-34e4-90x90.jpg 90w\" sizes=\"(max-width: 800px) 100vw, 800px\" \/><figcaption id=\"caption-attachment-33979\" class=\"wp-caption-text\">MOLD KING 27025 Speed Champions Porsche Cayenne Racers bil med 415 stykker<\/figcaption><\/figure>","protected":false},"excerpt":{"rendered":"<p>Product information: Brand: MOULD KING Gender: Unisex Name: Speed Champions Porsche Cayenne Racers Car Age Range: &gt; 6 years old Model Number: 27025 Classification: Assemblage Plastic Block Shape: Self-Locking Bricks Material: Plastic Plastic Type: ABS Bricks Blocks: 415 PCS Dimensions:\u00a016x8x7cm Contains detailed assembly instructions. Notice: 1. Without an original box, but we guarantee our products [&hellip;]<\/p>","protected":false},"featured_media":33975,"comment_status":"closed","ping_status":"closed","template":"","meta":{"_acf_changed":false},"product_cat":[364],"product_tag":[6646,6647,6635,615,6649,6645,2754,6637,6633,6648],"class_list":["product","first","instock","shipping-taxable","purchasable","product-type-simple"],"acf":[],"_links":{"self":[{"href":"https:\/\/mouldking.store\/nb\/wp-json\/wp\/v2\/product\/33974","targetHints":{"allow":["GET"]}}],"collection":[{"href":"https:\/\/mouldking.store\/nb\/wp-json\/wp\/v2\/product"}],"about":[{"href":"https:\/\/mouldking.store\/nb\/wp-json\/wp\/v2\/types\/product"}],"replies":[{"embeddable":true,"href":"https:\/\/mouldking.store\/nb\/wp-json\/wp\/v2\/comments?post=33974"}],"wp:featuredmedia":[{"embeddable":true,"href":"https:\/\/mouldking.store\/nb\/wp-json\/wp\/v2\/media\/33975"}],"wp:attachment":[{"href":"https:\/\/mouldking.store\/nb\/wp-json\/wp\/v2\/media?parent=33974"}],"wp:term":[{"taxonomy":"product_cat","embeddable":true,"href":"https:\/\/mouldking.store\/nb\/wp-json\/wp\/v2\/product_cat?post=33974"},{"taxonomy":"product_tag","embeddable":true,"href":"https:\/\/mouldking.store\/nb\/wp-json\/wp\/v2\/product_tag?post=33974"}],"curies":[{"name":"wp","href":"https:\/\/api.w.org\/{rel}","templated":true}]}}