{"id":33994,"date":"2022-11-04T12:13:14","date_gmt":"2022-11-04T05:13:14","guid":{"rendered":"https:\/\/mouldking.store\/?post_type=product&#038;p=33994"},"modified":"2022-11-04T12:13:14","modified_gmt":"2022-11-04T05:13:14","slug":"jaki-1365-christmas-diy-music-box-christmas-fiesta-with-543-pieces","status":"publish","type":"product","link":"https:\/\/mouldking.store\/nb\/shop\/jaki-1365-christmas-diy-music-box-christmas-fiesta-with-543-pieces\/","title":{"rendered":"JAKI 1365 Christmas DIY Music Box Christmas Fiesta Med 543 stk"},"content":{"rendered":"<p>Produktinformasjon:<\/p>\n<ol>\n<li>Merke: JAKI<\/li>\n<li>Kj\u00f8nn: Unisex<\/li>\n<li>Name: Christmas DIY Music Box Christmas Fiesta<\/li>\n<li>Aldersgruppe: &gt; 6 \u00e5r gammel<\/li>\n<li>Model Number: 1365<\/li>\n<li>Klassifisering: Montering<\/li>\n<li>Plastblokkform: Selvl\u00e5sende murstein<\/li>\n<li>Materiale: Plast<\/li>\n<li>Plasttype: ABS<\/li>\n<li>Bricks Blocks: 543 PCS<\/li>\n<li>Dimensions: 19 \u00d7 19 \u00d7 29 cm<\/li>\n<li>Inneholder detaljerte monteringsanvisninger.<\/li>\n<\/ol>\n<p>Legge merke til:<br \/>\n1. Uten original eske, men vi garanterer at v\u00e5re produkter har kvalitetssikring og pen emballasje.<br \/>\n2. Som alle delene vi har sjekket f\u00f8r frakt, s\u00e5 hvis du finner noen deler savnet eller skadet, ikke bekymre deg og bare kontakt oss, s\u00e5 kan vi sende dem til deg p\u00e5 nytt umiddelbart gratis.<\/p>\n<figure id=\"attachment_33995\" aria-describedby=\"caption-attachment-33995\" style=\"width: 1000px\" class=\"wp-caption aligncenter\"><img fetchpriority=\"high\" decoding=\"async\" class=\"wp-image-33995 size-full\" src=\"https:\/\/mouldking.store\/wp-content\/uploads\/2022\/11\/JK1365-1-6ec4.jpg\" alt=\"JAKI 1365 Christmas DIY Music Box Christmas Fiesta With 543 Pieces\" width=\"1000\" height=\"1000\" title=\"-\" srcset=\"https:\/\/mouldking.store\/wp-content\/uploads\/2022\/11\/JK1365-1-6ec4.jpg 1000w, https:\/\/mouldking.store\/wp-content\/uploads\/2022\/11\/JK1365-1-6ec4-300x300.jpg 300w, https:\/\/mouldking.store\/wp-content\/uploads\/2022\/11\/JK1365-1-6ec4-768x768.jpg 768w, https:\/\/mouldking.store\/wp-content\/uploads\/2022\/11\/JK1365-1-6ec4-600x600.jpg 600w, https:\/\/mouldking.store\/wp-content\/uploads\/2022\/11\/JK1365-1-6ec4-150x150.jpg 150w, https:\/\/mouldking.store\/wp-content\/uploads\/2022\/11\/JK1365-1-6ec4-60x60.jpg 60w, https:\/\/mouldking.store\/wp-content\/uploads\/2022\/11\/JK1365-1-6ec4-90x90.jpg 90w\" sizes=\"(max-width: 1000px) 100vw, 1000px\" \/><figcaption id=\"caption-attachment-33995\" class=\"wp-caption-text\">JAKI 1365 Christmas DIY Music Box Christmas Fiesta Med 543 stk<\/figcaption><\/figure>\n<figure id=\"attachment_33996\" aria-describedby=\"caption-attachment-33996\" style=\"width: 1000px\" class=\"wp-caption aligncenter\"><img decoding=\"async\" class=\"wp-image-33996 size-full\" src=\"https:\/\/mouldking.store\/wp-content\/uploads\/2022\/11\/JK1365-2-496d.jpg\" alt=\"JAKI 1365 Christmas DIY Music Box Christmas Fiesta With 543 Pieces\" width=\"1000\" height=\"1000\" title=\"-\" srcset=\"https:\/\/mouldking.store\/wp-content\/uploads\/2022\/11\/JK1365-2-496d.jpg 1000w, https:\/\/mouldking.store\/wp-content\/uploads\/2022\/11\/JK1365-2-496d-300x300.jpg 300w, https:\/\/mouldking.store\/wp-content\/uploads\/2022\/11\/JK1365-2-496d-768x768.jpg 768w, https:\/\/mouldking.store\/wp-content\/uploads\/2022\/11\/JK1365-2-496d-600x600.jpg 600w, https:\/\/mouldking.store\/wp-content\/uploads\/2022\/11\/JK1365-2-496d-150x150.jpg 150w, https:\/\/mouldking.store\/wp-content\/uploads\/2022\/11\/JK1365-2-496d-60x60.jpg 60w, https:\/\/mouldking.store\/wp-content\/uploads\/2022\/11\/JK1365-2-496d-90x90.jpg 90w\" sizes=\"(max-width: 1000px) 100vw, 1000px\" \/><figcaption id=\"caption-attachment-33996\" class=\"wp-caption-text\">JAKI 1365 Christmas DIY Music Box Christmas Fiesta Med 543 stk<\/figcaption><\/figure>\n<figure id=\"attachment_33997\" aria-describedby=\"caption-attachment-33997\" style=\"width: 1000px\" class=\"wp-caption aligncenter\"><img decoding=\"async\" class=\"wp-image-33997 size-full\" src=\"https:\/\/mouldking.store\/wp-content\/uploads\/2022\/11\/JK1365-3-e049.jpg\" alt=\"JAKI 1365 Christmas DIY Music Box Christmas Fiesta With 543 Pieces\" width=\"1000\" height=\"1000\" title=\"-\" srcset=\"https:\/\/mouldking.store\/wp-content\/uploads\/2022\/11\/JK1365-3-e049.jpg 1000w, https:\/\/mouldking.store\/wp-content\/uploads\/2022\/11\/JK1365-3-e049-300x300.jpg 300w, https:\/\/mouldking.store\/wp-content\/uploads\/2022\/11\/JK1365-3-e049-768x768.jpg 768w, https:\/\/mouldking.store\/wp-content\/uploads\/2022\/11\/JK1365-3-e049-600x600.jpg 600w, https:\/\/mouldking.store\/wp-content\/uploads\/2022\/11\/JK1365-3-e049-150x150.jpg 150w, https:\/\/mouldking.store\/wp-content\/uploads\/2022\/11\/JK1365-3-e049-60x60.jpg 60w, https:\/\/mouldking.store\/wp-content\/uploads\/2022\/11\/JK1365-3-e049-90x90.jpg 90w\" sizes=\"(max-width: 1000px) 100vw, 1000px\" \/><figcaption id=\"caption-attachment-33997\" class=\"wp-caption-text\">JAKI 1365 Christmas DIY Music Box Christmas Fiesta Med 543 stk<\/figcaption><\/figure>\n<figure id=\"attachment_33998\" aria-describedby=\"caption-attachment-33998\" style=\"width: 1000px\" class=\"wp-caption aligncenter\"><img loading=\"lazy\" decoding=\"async\" class=\"wp-image-33998 size-full\" src=\"https:\/\/mouldking.store\/wp-content\/uploads\/2022\/11\/JK1365-4-7d15.jpg\" alt=\"JAKI 1365 Christmas DIY Music Box Christmas Fiesta With 543 Pieces\" width=\"1000\" height=\"1000\" title=\"-\" srcset=\"https:\/\/mouldking.store\/wp-content\/uploads\/2022\/11\/JK1365-4-7d15.jpg 1000w, https:\/\/mouldking.store\/wp-content\/uploads\/2022\/11\/JK1365-4-7d15-300x300.jpg 300w, https:\/\/mouldking.store\/wp-content\/uploads\/2022\/11\/JK1365-4-7d15-768x768.jpg 768w, https:\/\/mouldking.store\/wp-content\/uploads\/2022\/11\/JK1365-4-7d15-600x600.jpg 600w, https:\/\/mouldking.store\/wp-content\/uploads\/2022\/11\/JK1365-4-7d15-150x150.jpg 150w, https:\/\/mouldking.store\/wp-content\/uploads\/2022\/11\/JK1365-4-7d15-60x60.jpg 60w, https:\/\/mouldking.store\/wp-content\/uploads\/2022\/11\/JK1365-4-7d15-90x90.jpg 90w\" sizes=\"(max-width: 1000px) 100vw, 1000px\" \/><figcaption id=\"caption-attachment-33998\" class=\"wp-caption-text\">JAKI 1365 Christmas DIY Music Box Christmas Fiesta Med 543 stk<\/figcaption><\/figure>\n<figure id=\"attachment_33999\" aria-describedby=\"caption-attachment-33999\" style=\"width: 1000px\" class=\"wp-caption aligncenter\"><img loading=\"lazy\" decoding=\"async\" class=\"wp-image-33999 size-full\" src=\"https:\/\/mouldking.store\/wp-content\/uploads\/2022\/11\/JK1365-5-29be.jpg\" alt=\"JAKI 1365 Christmas DIY Music Box Christmas Fiesta With 543 Pieces\" width=\"1000\" height=\"1000\" title=\"-\" srcset=\"https:\/\/mouldking.store\/wp-content\/uploads\/2022\/11\/JK1365-5-29be.jpg 1000w, https:\/\/mouldking.store\/wp-content\/uploads\/2022\/11\/JK1365-5-29be-300x300.jpg 300w, https:\/\/mouldking.store\/wp-content\/uploads\/2022\/11\/JK1365-5-29be-768x768.jpg 768w, https:\/\/mouldking.store\/wp-content\/uploads\/2022\/11\/JK1365-5-29be-600x600.jpg 600w, https:\/\/mouldking.store\/wp-content\/uploads\/2022\/11\/JK1365-5-29be-150x150.jpg 150w, https:\/\/mouldking.store\/wp-content\/uploads\/2022\/11\/JK1365-5-29be-60x60.jpg 60w, https:\/\/mouldking.store\/wp-content\/uploads\/2022\/11\/JK1365-5-29be-90x90.jpg 90w\" sizes=\"(max-width: 1000px) 100vw, 1000px\" \/><figcaption id=\"caption-attachment-33999\" class=\"wp-caption-text\">JAKI 1365 Christmas DIY Music Box Christmas Fiesta Med 543 stk<\/figcaption><\/figure>","protected":false},"excerpt":{"rendered":"<p>Product information: Brand: JAKI Gender: Unisex Name: Christmas DIY Music Box Christmas Fiesta Age Range: &gt; 6 years old Model Number: 1365 Classification: Assemblage Plastic Block Shape: Self-Locking Bricks Material: Plastic Plastic Type: ABS Bricks Blocks: 543 PCS Dimensions: 19 \u00d7 19 \u00d7 29 cm Contains detailed assembly instructions. Notice: 1. Without an original box, [&hellip;]<\/p>","protected":false},"featured_media":33995,"comment_status":"closed","ping_status":"closed","template":"","meta":{"_acf_changed":false},"product_cat":[1365],"product_tag":[6670,1066,6672,6673,6671,6440,6674,6669,1370],"class_list":["product","first","instock","shipping-taxable","purchasable","product-type-simple"],"acf":[],"_links":{"self":[{"href":"https:\/\/mouldking.store\/nb\/wp-json\/wp\/v2\/product\/33994","targetHints":{"allow":["GET"]}}],"collection":[{"href":"https:\/\/mouldking.store\/nb\/wp-json\/wp\/v2\/product"}],"about":[{"href":"https:\/\/mouldking.store\/nb\/wp-json\/wp\/v2\/types\/product"}],"replies":[{"embeddable":true,"href":"https:\/\/mouldking.store\/nb\/wp-json\/wp\/v2\/comments?post=33994"}],"wp:featuredmedia":[{"embeddable":true,"href":"https:\/\/mouldking.store\/nb\/wp-json\/wp\/v2\/media\/33995"}],"wp:attachment":[{"href":"https:\/\/mouldking.store\/nb\/wp-json\/wp\/v2\/media?parent=33994"}],"wp:term":[{"taxonomy":"product_cat","embeddable":true,"href":"https:\/\/mouldking.store\/nb\/wp-json\/wp\/v2\/product_cat?post=33994"},{"taxonomy":"product_tag","embeddable":true,"href":"https:\/\/mouldking.store\/nb\/wp-json\/wp\/v2\/product_tag?post=33994"}],"curies":[{"name":"wp","href":"https:\/\/api.w.org\/{rel}","templated":true}]}}