{"id":34000,"date":"2022-11-04T12:20:13","date_gmt":"2022-11-04T05:20:13","guid":{"rendered":"https:\/\/mouldking.store\/?post_type=product&#038;p=34000"},"modified":"2022-11-04T17:42:53","modified_gmt":"2022-11-04T10:42:53","slug":"mould-king-13045-walking-brick-hudy-rabbit-with-344-pieces","status":"publish","type":"product","link":"https:\/\/mouldking.store\/nb\/shop\/mould-king-13045-walking-brick-hudy-rabbit-with-344-pieces\/","title":{"rendered":"Mold King 13045 Walking Brick Hudy-Rabbit med 344 stykker"},"content":{"rendered":"<p>Produktinformasjon:<\/p>\n<ol>\n<li>Merke: Mold King<\/li>\n<li>Kj\u00f8nn: Unisex<\/li>\n<li>Name: Walking Brick Hudy-Rabbit<\/li>\n<li>Aldersgruppe: &gt; 6 \u00e5r gammel<\/li>\n<li>Model Number: 13045<\/li>\n<li>Klassifisering: Montering<\/li>\n<li>Plastblokkform: Selvl\u00e5sende murstein<\/li>\n<li>Materiale: Plast<\/li>\n<li>Plasttype: ABS<\/li>\n<li>Bricks Blocks: 344PCS<\/li>\n<li>Dimensions:10.5x12x19.5cm<\/li>\n<li>Inneholder detaljerte monteringsanvisninger.<\/li>\n<\/ol>\n<p>Legge merke til:<br \/>\n1. Uten original eske, men vi garanterer at v\u00e5re produkter har kvalitetssikring og pen emballasje.<br \/>\n2. Som alle delene vi har sjekket f\u00f8r frakt, s\u00e5 hvis du finner noen deler savnet eller skadet, ikke bekymre deg og bare kontakt oss, s\u00e5 kan vi sende dem til deg p\u00e5 nytt umiddelbart gratis.<\/p>\n<figure id=\"attachment_34001\" aria-describedby=\"caption-attachment-34001\" style=\"width: 800px\" class=\"wp-caption aligncenter\"><img fetchpriority=\"high\" decoding=\"async\" class=\"wp-image-34001 size-full\" src=\"https:\/\/mouldking.store\/wp-content\/uploads\/2022\/11\/Mould-King-13045-4.jpg\" alt=\"Mould King 13045 Walking Brick Hudy-Rabbit With 344 Pieces\" width=\"800\" height=\"800\" title=\"-\" srcset=\"https:\/\/mouldking.store\/wp-content\/uploads\/2022\/11\/Mould-King-13045-4.jpg 800w, https:\/\/mouldking.store\/wp-content\/uploads\/2022\/11\/Mould-King-13045-4-300x300.jpg 300w, https:\/\/mouldking.store\/wp-content\/uploads\/2022\/11\/Mould-King-13045-4-768x768.jpg 768w, https:\/\/mouldking.store\/wp-content\/uploads\/2022\/11\/Mould-King-13045-4-600x600.jpg 600w, https:\/\/mouldking.store\/wp-content\/uploads\/2022\/11\/Mould-King-13045-4-150x150.jpg 150w, https:\/\/mouldking.store\/wp-content\/uploads\/2022\/11\/Mould-King-13045-4-60x60.jpg 60w, https:\/\/mouldking.store\/wp-content\/uploads\/2022\/11\/Mould-King-13045-4-90x90.jpg 90w\" sizes=\"(max-width: 800px) 100vw, 800px\" \/><figcaption id=\"caption-attachment-34001\" class=\"wp-caption-text\">Mold King 13045 Walking Brick Hudy-Rabbit med 344 stykker<\/figcaption><\/figure>\n<figure id=\"attachment_34002\" aria-describedby=\"caption-attachment-34002\" style=\"width: 800px\" class=\"wp-caption aligncenter\"><img decoding=\"async\" class=\"wp-image-34002 size-full\" src=\"https:\/\/mouldking.store\/wp-content\/uploads\/2022\/11\/Mould-King-13045-3.jpg\" alt=\"Mould King 13045 Walking Brick Hudy-Rabbit With 344 Pieces\" width=\"800\" height=\"800\" title=\"-\" srcset=\"https:\/\/mouldking.store\/wp-content\/uploads\/2022\/11\/Mould-King-13045-3.jpg 800w, https:\/\/mouldking.store\/wp-content\/uploads\/2022\/11\/Mould-King-13045-3-300x300.jpg 300w, https:\/\/mouldking.store\/wp-content\/uploads\/2022\/11\/Mould-King-13045-3-768x768.jpg 768w, https:\/\/mouldking.store\/wp-content\/uploads\/2022\/11\/Mould-King-13045-3-600x600.jpg 600w, https:\/\/mouldking.store\/wp-content\/uploads\/2022\/11\/Mould-King-13045-3-150x150.jpg 150w, https:\/\/mouldking.store\/wp-content\/uploads\/2022\/11\/Mould-King-13045-3-60x60.jpg 60w, https:\/\/mouldking.store\/wp-content\/uploads\/2022\/11\/Mould-King-13045-3-90x90.jpg 90w\" sizes=\"(max-width: 800px) 100vw, 800px\" \/><figcaption id=\"caption-attachment-34002\" class=\"wp-caption-text\">Mold King 13045 Walking Brick Hudy-Rabbit med 344 stykker<\/figcaption><\/figure>\n<figure id=\"attachment_34003\" aria-describedby=\"caption-attachment-34003\" style=\"width: 800px\" class=\"wp-caption aligncenter\"><img decoding=\"async\" class=\"wp-image-34003 size-full\" src=\"https:\/\/mouldking.store\/wp-content\/uploads\/2022\/11\/Mould-King-13045-2.jpg\" alt=\"Mould King 13045 Walking Brick Hudy-Rabbit With 344 Pieces\" width=\"800\" height=\"800\" title=\"-\" srcset=\"https:\/\/mouldking.store\/wp-content\/uploads\/2022\/11\/Mould-King-13045-2.jpg 800w, https:\/\/mouldking.store\/wp-content\/uploads\/2022\/11\/Mould-King-13045-2-300x300.jpg 300w, https:\/\/mouldking.store\/wp-content\/uploads\/2022\/11\/Mould-King-13045-2-768x768.jpg 768w, https:\/\/mouldking.store\/wp-content\/uploads\/2022\/11\/Mould-King-13045-2-600x600.jpg 600w, https:\/\/mouldking.store\/wp-content\/uploads\/2022\/11\/Mould-King-13045-2-150x150.jpg 150w, https:\/\/mouldking.store\/wp-content\/uploads\/2022\/11\/Mould-King-13045-2-60x60.jpg 60w, https:\/\/mouldking.store\/wp-content\/uploads\/2022\/11\/Mould-King-13045-2-90x90.jpg 90w\" sizes=\"(max-width: 800px) 100vw, 800px\" \/><figcaption id=\"caption-attachment-34003\" class=\"wp-caption-text\">Mold King 13045 Walking Brick Hudy-Rabbit med 344 stykker<\/figcaption><\/figure>\n<figure id=\"attachment_34004\" aria-describedby=\"caption-attachment-34004\" style=\"width: 800px\" class=\"wp-caption aligncenter\"><img loading=\"lazy\" decoding=\"async\" class=\"wp-image-34004 size-full\" src=\"https:\/\/mouldking.store\/wp-content\/uploads\/2022\/11\/Mould-King-13045-1.jpg\" alt=\"Mould King 13045 Walking Brick Hudy-Rabbit With 344 Pieces\" width=\"800\" height=\"800\" title=\"-\" srcset=\"https:\/\/mouldking.store\/wp-content\/uploads\/2022\/11\/Mould-King-13045-1.jpg 800w, https:\/\/mouldking.store\/wp-content\/uploads\/2022\/11\/Mould-King-13045-1-300x300.jpg 300w, https:\/\/mouldking.store\/wp-content\/uploads\/2022\/11\/Mould-King-13045-1-768x768.jpg 768w, https:\/\/mouldking.store\/wp-content\/uploads\/2022\/11\/Mould-King-13045-1-600x600.jpg 600w, https:\/\/mouldking.store\/wp-content\/uploads\/2022\/11\/Mould-King-13045-1-150x150.jpg 150w, https:\/\/mouldking.store\/wp-content\/uploads\/2022\/11\/Mould-King-13045-1-60x60.jpg 60w, https:\/\/mouldking.store\/wp-content\/uploads\/2022\/11\/Mould-King-13045-1-90x90.jpg 90w\" sizes=\"(max-width: 800px) 100vw, 800px\" \/><figcaption id=\"caption-attachment-34004\" class=\"wp-caption-text\">Mold King 13045 Walking Brick Hudy-Rabbit med 344 stykker<\/figcaption><\/figure>\n<figure id=\"attachment_34005\" aria-describedby=\"caption-attachment-34005\" style=\"width: 800px\" class=\"wp-caption aligncenter\"><img loading=\"lazy\" decoding=\"async\" class=\"wp-image-34005 size-full\" src=\"https:\/\/mouldking.store\/wp-content\/uploads\/2022\/11\/Mould-King-13045.jpg\" alt=\"Mould King 13045 Walking Brick Hudy-Rabbit With 344 Pieces\" width=\"800\" height=\"800\" title=\"-\" srcset=\"https:\/\/mouldking.store\/wp-content\/uploads\/2022\/11\/Mould-King-13045.jpg 800w, https:\/\/mouldking.store\/wp-content\/uploads\/2022\/11\/Mould-King-13045-300x300.jpg 300w, https:\/\/mouldking.store\/wp-content\/uploads\/2022\/11\/Mould-King-13045-768x768.jpg 768w, https:\/\/mouldking.store\/wp-content\/uploads\/2022\/11\/Mould-King-13045-600x600.jpg 600w, https:\/\/mouldking.store\/wp-content\/uploads\/2022\/11\/Mould-King-13045-150x150.jpg 150w, https:\/\/mouldking.store\/wp-content\/uploads\/2022\/11\/Mould-King-13045-60x60.jpg 60w, https:\/\/mouldking.store\/wp-content\/uploads\/2022\/11\/Mould-King-13045-90x90.jpg 90w\" sizes=\"(max-width: 800px) 100vw, 800px\" \/><figcaption id=\"caption-attachment-34005\" class=\"wp-caption-text\">Mold King 13045 Walking Brick Hudy-Rabbit med 344 stykker<\/figcaption><\/figure>","protected":false},"excerpt":{"rendered":"<p>Product information: Brand: Mould King Gender: Unisex Name: Walking Brick Hudy-Rabbit Age Range: &gt; 6 years old Model Number: 13045 Classification: Assemblage Plastic Block Shape: Self-Locking Bricks Material: Plastic Plastic Type: ABS Bricks Blocks: 344PCS Dimensions:10.5x12x19.5cm Contains detailed assembly instructions. Notice: 1. Without an original box, but we guarantee our products have quality assurance and [&hellip;]<\/p>","protected":false},"featured_media":34001,"comment_status":"closed","ping_status":"closed","template":"","meta":{"_acf_changed":false},"product_cat":[1357],"product_tag":[813,6678,615,6680,6675,6677,6676,6679],"class_list":["product","first","instock","shipping-taxable","purchasable","product-type-simple"],"acf":[],"_links":{"self":[{"href":"https:\/\/mouldking.store\/nb\/wp-json\/wp\/v2\/product\/34000","targetHints":{"allow":["GET"]}}],"collection":[{"href":"https:\/\/mouldking.store\/nb\/wp-json\/wp\/v2\/product"}],"about":[{"href":"https:\/\/mouldking.store\/nb\/wp-json\/wp\/v2\/types\/product"}],"replies":[{"embeddable":true,"href":"https:\/\/mouldking.store\/nb\/wp-json\/wp\/v2\/comments?post=34000"}],"wp:featuredmedia":[{"embeddable":true,"href":"https:\/\/mouldking.store\/nb\/wp-json\/wp\/v2\/media\/34001"}],"wp:attachment":[{"href":"https:\/\/mouldking.store\/nb\/wp-json\/wp\/v2\/media?parent=34000"}],"wp:term":[{"taxonomy":"product_cat","embeddable":true,"href":"https:\/\/mouldking.store\/nb\/wp-json\/wp\/v2\/product_cat?post=34000"},{"taxonomy":"product_tag","embeddable":true,"href":"https:\/\/mouldking.store\/nb\/wp-json\/wp\/v2\/product_tag?post=34000"}],"curies":[{"name":"wp","href":"https:\/\/api.w.org\/{rel}","templated":true}]}}