{"id":34041,"date":"2022-11-04T15:06:27","date_gmt":"2022-11-04T08:06:27","guid":{"rendered":"https:\/\/mouldking.store\/?post_type=product&#038;p=34041"},"modified":"2025-12-25T09:12:23","modified_gmt":"2025-12-25T02:12:23","slug":"moc-116001-8-x-8-reisiger-mad-max-the-war-rig-with-1306-pieces","status":"publish","type":"product","link":"https:\/\/mouldking.store\/nb\/shop\/moc-116001-8-x-8-reisiger-mad-max-the-war-rig-with-1306-pieces\/","title":{"rendered":"MOC-116001 8 x 8 Reisiger Mad Max Krigsriggen med 1306 stykker"},"content":{"rendered":"<p>Produktinformasjon:<\/p>\n<ol>\n<li>Merke: MOC<\/li>\n<li>Kj\u00f8nn: Unisex<\/li>\n<li>Name: 8 x 8 Reisinger Mad Max The War Rig<\/li>\n<li>Aldersgruppe: &gt; 6 \u00e5r gammel<\/li>\n<li>Model Number: 116001<\/li>\n<li>Klassifisering: Montering<\/li>\n<li>Plastblokkform: Selvl\u00e5sende murstein<\/li>\n<li>Materiale: Plast<\/li>\n<li>Plasttype: ABS<\/li>\n<li>Bricks Blocks: 1306 PCS<\/li>\n<li>Size: 40 x 7 x 20 cm<\/li>\n<li>Weight:1.03 kg<\/li>\n<li>Inneholder detaljerte monteringsanvisninger.<\/li>\n<\/ol>\n<p>Legge merke til:<br \/>\n1. Uten original eske, men vi garanterer at v\u00e5re produkter har kvalitetssikring og pen emballasje.<br \/>\n2. Som alle delene vi har sjekket f\u00f8r frakt, s\u00e5 hvis du finner noen deler savnet eller skadet, ikke bekymre deg og bare kontakt oss, s\u00e5 kan vi sende dem til deg p\u00e5 nytt umiddelbart gratis.<\/p>\n<figure id=\"attachment_34049\" aria-describedby=\"caption-attachment-34049\" style=\"width: 1024px\" class=\"wp-caption aligncenter\"><img fetchpriority=\"high\" decoding=\"async\" class=\"wp-image-34049 size-large\" src=\"https:\/\/mouldking.store\/wp-content\/uploads\/2022\/11\/MOCFACTORY-Product-23-1024x1024.png\" alt=\" MOC-116001 8 x 8 Reisiger Mad Max The War Rig With 1306 Pieces\" width=\"1024\" height=\"1024\" title=\"-\" srcset=\"https:\/\/mouldking.store\/wp-content\/uploads\/2022\/11\/MOCFACTORY-Product-23-1024x1024.png 1024w, https:\/\/mouldking.store\/wp-content\/uploads\/2022\/11\/MOCFACTORY-Product-23-300x300.png 300w, https:\/\/mouldking.store\/wp-content\/uploads\/2022\/11\/MOCFACTORY-Product-23-768x768.png 768w, https:\/\/mouldking.store\/wp-content\/uploads\/2022\/11\/MOCFACTORY-Product-23-600x600.png 600w, https:\/\/mouldking.store\/wp-content\/uploads\/2022\/11\/MOCFACTORY-Product-23-150x150.png 150w, https:\/\/mouldking.store\/wp-content\/uploads\/2022\/11\/MOCFACTORY-Product-23-60x60.png 60w, https:\/\/mouldking.store\/wp-content\/uploads\/2022\/11\/MOCFACTORY-Product-23-90x90.png 90w, https:\/\/mouldking.store\/wp-content\/uploads\/2022\/11\/MOCFACTORY-Product-23.png 1095w\" sizes=\"(max-width: 1024px) 100vw, 1024px\" \/><figcaption id=\"caption-attachment-34049\" class=\"wp-caption-text\">MOC-116001 8 x 8 Reisiger Mad Max Krigsriggen med 1306 stykker<\/figcaption><\/figure>\n<figure id=\"attachment_34043\" aria-describedby=\"caption-attachment-34043\" style=\"width: 1000px\" class=\"wp-caption aligncenter\"><img decoding=\"async\" class=\"wp-image-34043 size-full\" src=\"https:\/\/mouldking.store\/wp-content\/uploads\/2022\/11\/c9088-2.jpg\" alt=\" MOC-116001 8 x 8 Reisiger Mad Max The War Rig With 1306 Pieces\" width=\"1000\" height=\"1000\" title=\"-\" srcset=\"https:\/\/mouldking.store\/wp-content\/uploads\/2022\/11\/c9088-2.jpg 1000w, https:\/\/mouldking.store\/wp-content\/uploads\/2022\/11\/c9088-2-300x300.jpg 300w, https:\/\/mouldking.store\/wp-content\/uploads\/2022\/11\/c9088-2-768x768.jpg 768w, https:\/\/mouldking.store\/wp-content\/uploads\/2022\/11\/c9088-2-600x600.jpg 600w, https:\/\/mouldking.store\/wp-content\/uploads\/2022\/11\/c9088-2-150x150.jpg 150w, https:\/\/mouldking.store\/wp-content\/uploads\/2022\/11\/c9088-2-60x60.jpg 60w, https:\/\/mouldking.store\/wp-content\/uploads\/2022\/11\/c9088-2-90x90.jpg 90w\" sizes=\"(max-width: 1000px) 100vw, 1000px\" \/><figcaption id=\"caption-attachment-34043\" class=\"wp-caption-text\">MOC-116001 8 x 8 Reisiger Mad Max Krigsriggen med 1306 stykker<\/figcaption><\/figure>\n<figure id=\"attachment_34044\" aria-describedby=\"caption-attachment-34044\" style=\"width: 1000px\" class=\"wp-caption aligncenter\"><img decoding=\"async\" class=\"wp-image-34044 size-full\" src=\"https:\/\/mouldking.store\/wp-content\/uploads\/2022\/11\/c9088-1.jpg\" alt=\" MOC-116001 8 x 8 Reisiger Mad Max The War Rig With 1306 Pieces\" width=\"1000\" height=\"1000\" title=\"-\" srcset=\"https:\/\/mouldking.store\/wp-content\/uploads\/2022\/11\/c9088-1.jpg 1000w, https:\/\/mouldking.store\/wp-content\/uploads\/2022\/11\/c9088-1-300x300.jpg 300w, https:\/\/mouldking.store\/wp-content\/uploads\/2022\/11\/c9088-1-768x768.jpg 768w, https:\/\/mouldking.store\/wp-content\/uploads\/2022\/11\/c9088-1-600x600.jpg 600w, https:\/\/mouldking.store\/wp-content\/uploads\/2022\/11\/c9088-1-150x150.jpg 150w, https:\/\/mouldking.store\/wp-content\/uploads\/2022\/11\/c9088-1-60x60.jpg 60w, https:\/\/mouldking.store\/wp-content\/uploads\/2022\/11\/c9088-1-90x90.jpg 90w\" sizes=\"(max-width: 1000px) 100vw, 1000px\" \/><figcaption id=\"caption-attachment-34044\" class=\"wp-caption-text\">MOC-116001 8 x 8 Reisiger Mad Max Krigsriggen med 1306 stykker<\/figcaption><\/figure>\n<figure id=\"attachment_34045\" aria-describedby=\"caption-attachment-34045\" style=\"width: 1000px\" class=\"wp-caption aligncenter\"><img loading=\"lazy\" decoding=\"async\" class=\"wp-image-34045 size-full\" src=\"https:\/\/mouldking.store\/wp-content\/uploads\/2022\/11\/c9088-3.jpg\" alt=\" MOC-116001 8 x 8 Reisiger Mad Max The War Rig With 1306 Pieces\" width=\"1000\" height=\"1000\" title=\"-\" srcset=\"https:\/\/mouldking.store\/wp-content\/uploads\/2022\/11\/c9088-3.jpg 1000w, https:\/\/mouldking.store\/wp-content\/uploads\/2022\/11\/c9088-3-300x300.jpg 300w, https:\/\/mouldking.store\/wp-content\/uploads\/2022\/11\/c9088-3-768x768.jpg 768w, https:\/\/mouldking.store\/wp-content\/uploads\/2022\/11\/c9088-3-600x600.jpg 600w, https:\/\/mouldking.store\/wp-content\/uploads\/2022\/11\/c9088-3-150x150.jpg 150w, https:\/\/mouldking.store\/wp-content\/uploads\/2022\/11\/c9088-3-60x60.jpg 60w, https:\/\/mouldking.store\/wp-content\/uploads\/2022\/11\/c9088-3-90x90.jpg 90w\" sizes=\"(max-width: 1000px) 100vw, 1000px\" \/><figcaption id=\"caption-attachment-34045\" class=\"wp-caption-text\">MOC-116001 8 x 8 Reisiger Mad Max Krigsriggen med 1306 stykker<\/figcaption><\/figure>\n<figure id=\"attachment_34046\" aria-describedby=\"caption-attachment-34046\" style=\"width: 1000px\" class=\"wp-caption aligncenter\"><img loading=\"lazy\" decoding=\"async\" class=\"wp-image-34046 size-full\" src=\"https:\/\/mouldking.store\/wp-content\/uploads\/2022\/11\/c9088-4.jpg\" alt=\" MOC-116001 8 x 8 Reisiger Mad Max The War Rig With 1306 Pieces\" width=\"1000\" height=\"1000\" title=\"-\" srcset=\"https:\/\/mouldking.store\/wp-content\/uploads\/2022\/11\/c9088-4.jpg 1000w, https:\/\/mouldking.store\/wp-content\/uploads\/2022\/11\/c9088-4-300x300.jpg 300w, https:\/\/mouldking.store\/wp-content\/uploads\/2022\/11\/c9088-4-768x768.jpg 768w, https:\/\/mouldking.store\/wp-content\/uploads\/2022\/11\/c9088-4-600x600.jpg 600w, https:\/\/mouldking.store\/wp-content\/uploads\/2022\/11\/c9088-4-150x150.jpg 150w, https:\/\/mouldking.store\/wp-content\/uploads\/2022\/11\/c9088-4-60x60.jpg 60w, https:\/\/mouldking.store\/wp-content\/uploads\/2022\/11\/c9088-4-90x90.jpg 90w\" sizes=\"(max-width: 1000px) 100vw, 1000px\" \/><figcaption id=\"caption-attachment-34046\" class=\"wp-caption-text\">MOC-116001 8 x 8 Reisiger Mad Max Krigsriggen med 1306 stykker<\/figcaption><\/figure>\n<figure id=\"attachment_34047\" aria-describedby=\"caption-attachment-34047\" style=\"width: 1000px\" class=\"wp-caption aligncenter\"><img loading=\"lazy\" decoding=\"async\" class=\"wp-image-34047 size-full\" src=\"https:\/\/mouldking.store\/wp-content\/uploads\/2022\/11\/c9088-5.jpg\" alt=\" MOC-116001 8 x 8 Reisiger Mad Max The War Rig With 1306 Pieces\" width=\"1000\" height=\"1000\" title=\"-\" srcset=\"https:\/\/mouldking.store\/wp-content\/uploads\/2022\/11\/c9088-5.jpg 1000w, https:\/\/mouldking.store\/wp-content\/uploads\/2022\/11\/c9088-5-300x300.jpg 300w, https:\/\/mouldking.store\/wp-content\/uploads\/2022\/11\/c9088-5-768x768.jpg 768w, https:\/\/mouldking.store\/wp-content\/uploads\/2022\/11\/c9088-5-600x600.jpg 600w, https:\/\/mouldking.store\/wp-content\/uploads\/2022\/11\/c9088-5-150x150.jpg 150w, https:\/\/mouldking.store\/wp-content\/uploads\/2022\/11\/c9088-5-60x60.jpg 60w, https:\/\/mouldking.store\/wp-content\/uploads\/2022\/11\/c9088-5-90x90.jpg 90w\" sizes=\"(max-width: 1000px) 100vw, 1000px\" \/><figcaption id=\"caption-attachment-34047\" class=\"wp-caption-text\">MOC-116001 8 x 8 Reisiger Mad Max Krigsriggen med 1306 stykker<\/figcaption><\/figure>\n<figure id=\"attachment_34048\" aria-describedby=\"caption-attachment-34048\" style=\"width: 1000px\" class=\"wp-caption aligncenter\"><img loading=\"lazy\" decoding=\"async\" class=\"wp-image-34048 size-full\" src=\"https:\/\/mouldking.store\/wp-content\/uploads\/2022\/11\/c9088-6.jpg\" alt=\" MOC-116001 8 x 8 Reisiger Mad Max The War Rig With 1306 Pieces\" width=\"1000\" height=\"1000\" title=\"-\" srcset=\"https:\/\/mouldking.store\/wp-content\/uploads\/2022\/11\/c9088-6.jpg 1000w, https:\/\/mouldking.store\/wp-content\/uploads\/2022\/11\/c9088-6-300x300.jpg 300w, https:\/\/mouldking.store\/wp-content\/uploads\/2022\/11\/c9088-6-768x768.jpg 768w, https:\/\/mouldking.store\/wp-content\/uploads\/2022\/11\/c9088-6-600x600.jpg 600w, https:\/\/mouldking.store\/wp-content\/uploads\/2022\/11\/c9088-6-150x150.jpg 150w, https:\/\/mouldking.store\/wp-content\/uploads\/2022\/11\/c9088-6-60x60.jpg 60w, https:\/\/mouldking.store\/wp-content\/uploads\/2022\/11\/c9088-6-90x90.jpg 90w\" sizes=\"(max-width: 1000px) 100vw, 1000px\" \/><figcaption id=\"caption-attachment-34048\" class=\"wp-caption-text\">MOC-116001 8 x 8 Reisiger Mad Max Krigsriggen med 1306 stykker<\/figcaption><\/figure>","protected":false},"excerpt":{"rendered":"<p>Product information: Brand: MOC Gender: Unisex Name: 8 x 8 Reisinger Mad Max The War Rig Age Range: &gt; 6 years old Model Number: 116001 Classification: Assemblage Plastic Block Shape: Self-Locking Bricks Material: Plastic Plastic Type: ABS Bricks Blocks: 1306 PCS Size: 40 x 7 x 20 cm Weight:1.03 kg Contains detailed assembly instructions. Notice: [&hellip;]<\/p>","protected":false},"featured_media":34049,"comment_status":"closed","ping_status":"closed","template":"","meta":{"_acf_changed":false},"product_cat":[364],"product_tag":[6716,6719,6720,6717,6715,6714,6718],"class_list":["product","first","instock","shipping-taxable","purchasable","product-type-simple"],"acf":[],"_links":{"self":[{"href":"https:\/\/mouldking.store\/nb\/wp-json\/wp\/v2\/product\/34041","targetHints":{"allow":["GET"]}}],"collection":[{"href":"https:\/\/mouldking.store\/nb\/wp-json\/wp\/v2\/product"}],"about":[{"href":"https:\/\/mouldking.store\/nb\/wp-json\/wp\/v2\/types\/product"}],"replies":[{"embeddable":true,"href":"https:\/\/mouldking.store\/nb\/wp-json\/wp\/v2\/comments?post=34041"}],"wp:featuredmedia":[{"embeddable":true,"href":"https:\/\/mouldking.store\/nb\/wp-json\/wp\/v2\/media\/34049"}],"wp:attachment":[{"href":"https:\/\/mouldking.store\/nb\/wp-json\/wp\/v2\/media?parent=34041"}],"wp:term":[{"taxonomy":"product_cat","embeddable":true,"href":"https:\/\/mouldking.store\/nb\/wp-json\/wp\/v2\/product_cat?post=34041"},{"taxonomy":"product_tag","embeddable":true,"href":"https:\/\/mouldking.store\/nb\/wp-json\/wp\/v2\/product_tag?post=34041"}],"curies":[{"name":"wp","href":"https:\/\/api.w.org\/{rel}","templated":true}]}}