{"id":34065,"date":"2022-11-04T16:08:05","date_gmt":"2022-11-04T09:08:05","guid":{"rendered":"https:\/\/mouldking.store\/?post_type=product&#038;p=34065"},"modified":"2025-12-25T09:12:22","modified_gmt":"2025-12-25T02:12:22","slug":"moc-89571-the-nutcracker-and-the-mouse-king-organ-mouse-king-with-206-pieces","status":"publish","type":"product","link":"https:\/\/mouldking.store\/nb\/shop\/moc-89571-the-nutcracker-and-the-mouse-king-organ-mouse-king-with-206-pieces\/","title":{"rendered":"MOC-89571 N\u00f8tteknekkeren og musekongen \u2013 Orgelmusekongen med 206 deler"},"content":{"rendered":"<p>Produktinformasjon:<\/p>\n<ol>\n<li>Merke: MOC<\/li>\n<li>Kj\u00f8nn: Unisex<\/li>\n<li>Name: The Nutcracker And The Mouse King \u2013 Organ Mouse King<\/li>\n<li>Aldersgruppe: &gt; 6 \u00e5r gammel<\/li>\n<li>Model Number: 89571<\/li>\n<li>Klassifisering: Montering<\/li>\n<li>Plastblokkform: Selvl\u00e5sende murstein<\/li>\n<li>Materiale: Plast<\/li>\n<li>Plasttype: ABS<\/li>\n<li>Bricks Blocks: 206 PCS<\/li>\n<li>Size: \u00a07.9 x 7.2 x 20.9 cm<\/li>\n<li>Weight:\u00a00.16 kg<\/li>\n<li>Inneholder detaljerte monteringsanvisninger.<\/li>\n<\/ol>\n<p>Legge merke til:<br \/>\n1. Uten original eske, men vi garanterer at v\u00e5re produkter har kvalitetssikring og pen emballasje.<br \/>\n2. Som alle delene vi har sjekket f\u00f8r frakt, s\u00e5 hvis du finner noen deler savnet eller skadet, ikke bekymre deg og bare kontakt oss, s\u00e5 kan vi sende dem til deg p\u00e5 nytt umiddelbart gratis.<\/p>\n<figure id=\"attachment_34066\" aria-describedby=\"caption-attachment-34066\" style=\"width: 1024px\" class=\"wp-caption aligncenter\"><img fetchpriority=\"high\" decoding=\"async\" class=\"wp-image-34066 size-large\" src=\"https:\/\/mouldking.store\/wp-content\/uploads\/2022\/11\/MOCFACTORY-Product-28-1024x1024.png\" alt=\"MOC-89571 The Nutcracker And The Mouse King \u2013 Organ Mouse King With 206 Pieces\" width=\"1024\" height=\"1024\" title=\"-\" srcset=\"https:\/\/mouldking.store\/wp-content\/uploads\/2022\/11\/MOCFACTORY-Product-28-1024x1024.png 1024w, https:\/\/mouldking.store\/wp-content\/uploads\/2022\/11\/MOCFACTORY-Product-28-300x300.png 300w, https:\/\/mouldking.store\/wp-content\/uploads\/2022\/11\/MOCFACTORY-Product-28-768x768.png 768w, https:\/\/mouldking.store\/wp-content\/uploads\/2022\/11\/MOCFACTORY-Product-28-600x600.png 600w, https:\/\/mouldking.store\/wp-content\/uploads\/2022\/11\/MOCFACTORY-Product-28-150x150.png 150w, https:\/\/mouldking.store\/wp-content\/uploads\/2022\/11\/MOCFACTORY-Product-28-60x60.png 60w, https:\/\/mouldking.store\/wp-content\/uploads\/2022\/11\/MOCFACTORY-Product-28-90x90.png 90w, https:\/\/mouldking.store\/wp-content\/uploads\/2022\/11\/MOCFACTORY-Product-28.png 1095w\" sizes=\"(max-width: 1024px) 100vw, 1024px\" \/><figcaption id=\"caption-attachment-34066\" class=\"wp-caption-text\">MOC-89571 N\u00f8tteknekkeren og musekongen \u2013 Orgelmusekongen med 206 deler<\/figcaption><\/figure>\n<figure id=\"attachment_34068\" aria-describedby=\"caption-attachment-34068\" style=\"width: 1000px\" class=\"wp-caption aligncenter\"><img decoding=\"async\" class=\"wp-image-34068 size-full\" src=\"https:\/\/mouldking.store\/wp-content\/uploads\/2022\/11\/c9103y04-2.jpg\" alt=\"MOC-89571 The Nutcracker And The Mouse King \u2013 Organ Mouse King With 206 Pieces\" width=\"1000\" height=\"1000\" title=\"-\" srcset=\"https:\/\/mouldking.store\/wp-content\/uploads\/2022\/11\/c9103y04-2.jpg 1000w, https:\/\/mouldking.store\/wp-content\/uploads\/2022\/11\/c9103y04-2-300x300.jpg 300w, https:\/\/mouldking.store\/wp-content\/uploads\/2022\/11\/c9103y04-2-768x768.jpg 768w, https:\/\/mouldking.store\/wp-content\/uploads\/2022\/11\/c9103y04-2-600x600.jpg 600w, https:\/\/mouldking.store\/wp-content\/uploads\/2022\/11\/c9103y04-2-150x150.jpg 150w, https:\/\/mouldking.store\/wp-content\/uploads\/2022\/11\/c9103y04-2-60x60.jpg 60w, https:\/\/mouldking.store\/wp-content\/uploads\/2022\/11\/c9103y04-2-90x90.jpg 90w\" sizes=\"(max-width: 1000px) 100vw, 1000px\" \/><figcaption id=\"caption-attachment-34068\" class=\"wp-caption-text\">MOC-89571 N\u00f8tteknekkeren og musekongen \u2013 Orgelmusekongen med 206 deler<\/figcaption><\/figure>\n<figure id=\"attachment_34069\" aria-describedby=\"caption-attachment-34069\" style=\"width: 1000px\" class=\"wp-caption aligncenter\"><img decoding=\"async\" class=\"wp-image-34069 size-full\" src=\"https:\/\/mouldking.store\/wp-content\/uploads\/2022\/11\/c9103y04-3.jpg\" alt=\"MOC-89571 The Nutcracker And The Mouse King \u2013 Organ Mouse King With 206 Pieces\" width=\"1000\" height=\"1000\" title=\"-\" srcset=\"https:\/\/mouldking.store\/wp-content\/uploads\/2022\/11\/c9103y04-3.jpg 1000w, https:\/\/mouldking.store\/wp-content\/uploads\/2022\/11\/c9103y04-3-300x300.jpg 300w, https:\/\/mouldking.store\/wp-content\/uploads\/2022\/11\/c9103y04-3-768x768.jpg 768w, https:\/\/mouldking.store\/wp-content\/uploads\/2022\/11\/c9103y04-3-600x600.jpg 600w, https:\/\/mouldking.store\/wp-content\/uploads\/2022\/11\/c9103y04-3-150x150.jpg 150w, https:\/\/mouldking.store\/wp-content\/uploads\/2022\/11\/c9103y04-3-60x60.jpg 60w, https:\/\/mouldking.store\/wp-content\/uploads\/2022\/11\/c9103y04-3-90x90.jpg 90w\" sizes=\"(max-width: 1000px) 100vw, 1000px\" \/><figcaption id=\"caption-attachment-34069\" class=\"wp-caption-text\">MOC-89571 N\u00f8tteknekkeren og musekongen \u2013 Orgelmusekongen med 206 deler<\/figcaption><\/figure>\n<figure id=\"attachment_34070\" aria-describedby=\"caption-attachment-34070\" style=\"width: 1000px\" class=\"wp-caption aligncenter\"><img loading=\"lazy\" decoding=\"async\" class=\"wp-image-34070 size-full\" src=\"https:\/\/mouldking.store\/wp-content\/uploads\/2022\/11\/c9103y04-4.jpg\" alt=\"MOC-89571 The Nutcracker And The Mouse King \u2013 Organ Mouse King With 206 Pieces\" width=\"1000\" height=\"1000\" title=\"-\" srcset=\"https:\/\/mouldking.store\/wp-content\/uploads\/2022\/11\/c9103y04-4.jpg 1000w, https:\/\/mouldking.store\/wp-content\/uploads\/2022\/11\/c9103y04-4-300x300.jpg 300w, https:\/\/mouldking.store\/wp-content\/uploads\/2022\/11\/c9103y04-4-768x768.jpg 768w, https:\/\/mouldking.store\/wp-content\/uploads\/2022\/11\/c9103y04-4-600x600.jpg 600w, https:\/\/mouldking.store\/wp-content\/uploads\/2022\/11\/c9103y04-4-150x150.jpg 150w, https:\/\/mouldking.store\/wp-content\/uploads\/2022\/11\/c9103y04-4-60x60.jpg 60w, https:\/\/mouldking.store\/wp-content\/uploads\/2022\/11\/c9103y04-4-90x90.jpg 90w\" sizes=\"(max-width: 1000px) 100vw, 1000px\" \/><figcaption id=\"caption-attachment-34070\" class=\"wp-caption-text\">MOC-89571 N\u00f8tteknekkeren og musekongen \u2013 Orgelmusekongen med 206 deler<\/figcaption><\/figure>\n<figure id=\"attachment_34071\" aria-describedby=\"caption-attachment-34071\" style=\"width: 1000px\" class=\"wp-caption aligncenter\"><img loading=\"lazy\" decoding=\"async\" class=\"wp-image-34071 size-full\" src=\"https:\/\/mouldking.store\/wp-content\/uploads\/2022\/11\/c9103y04-5.jpg\" alt=\"MOC-89571 The Nutcracker And The Mouse King \u2013 Organ Mouse King With 206 Pieces\" width=\"1000\" height=\"1000\" title=\"-\" srcset=\"https:\/\/mouldking.store\/wp-content\/uploads\/2022\/11\/c9103y04-5.jpg 1000w, https:\/\/mouldking.store\/wp-content\/uploads\/2022\/11\/c9103y04-5-300x300.jpg 300w, https:\/\/mouldking.store\/wp-content\/uploads\/2022\/11\/c9103y04-5-768x768.jpg 768w, https:\/\/mouldking.store\/wp-content\/uploads\/2022\/11\/c9103y04-5-600x600.jpg 600w, https:\/\/mouldking.store\/wp-content\/uploads\/2022\/11\/c9103y04-5-150x150.jpg 150w, https:\/\/mouldking.store\/wp-content\/uploads\/2022\/11\/c9103y04-5-60x60.jpg 60w, https:\/\/mouldking.store\/wp-content\/uploads\/2022\/11\/c9103y04-5-90x90.jpg 90w\" sizes=\"(max-width: 1000px) 100vw, 1000px\" \/><figcaption id=\"caption-attachment-34071\" class=\"wp-caption-text\">MOC-89571 N\u00f8tteknekkeren og musekongen \u2013 Orgelmusekongen med 206 deler<\/figcaption><\/figure>\n<figure id=\"attachment_34072\" aria-describedby=\"caption-attachment-34072\" style=\"width: 1000px\" class=\"wp-caption aligncenter\"><img loading=\"lazy\" decoding=\"async\" class=\"wp-image-34072 size-full\" src=\"https:\/\/mouldking.store\/wp-content\/uploads\/2022\/11\/c9103y04-6.jpg\" alt=\"MOC-89571 The Nutcracker And The Mouse King \u2013 Organ Mouse King With 206 Pieces\" width=\"1000\" height=\"1000\" title=\"-\" srcset=\"https:\/\/mouldking.store\/wp-content\/uploads\/2022\/11\/c9103y04-6.jpg 1000w, https:\/\/mouldking.store\/wp-content\/uploads\/2022\/11\/c9103y04-6-300x300.jpg 300w, https:\/\/mouldking.store\/wp-content\/uploads\/2022\/11\/c9103y04-6-768x768.jpg 768w, https:\/\/mouldking.store\/wp-content\/uploads\/2022\/11\/c9103y04-6-600x600.jpg 600w, https:\/\/mouldking.store\/wp-content\/uploads\/2022\/11\/c9103y04-6-150x150.jpg 150w, https:\/\/mouldking.store\/wp-content\/uploads\/2022\/11\/c9103y04-6-60x60.jpg 60w, https:\/\/mouldking.store\/wp-content\/uploads\/2022\/11\/c9103y04-6-90x90.jpg 90w\" sizes=\"(max-width: 1000px) 100vw, 1000px\" \/><figcaption id=\"caption-attachment-34072\" class=\"wp-caption-text\">MOC-89571 N\u00f8tteknekkeren og musekongen \u2013 Orgelmusekongen med 206 deler<\/figcaption><\/figure>\n<figure id=\"attachment_34073\" aria-describedby=\"caption-attachment-34073\" style=\"width: 1000px\" class=\"wp-caption aligncenter\"><img loading=\"lazy\" decoding=\"async\" class=\"wp-image-34073 size-full\" src=\"https:\/\/mouldking.store\/wp-content\/uploads\/2022\/11\/c9103y04-7.jpg\" alt=\"MOC-89571 The Nutcracker And The Mouse King \u2013 Organ Mouse King With 206 Pieces\" width=\"1000\" height=\"1000\" title=\"-\" srcset=\"https:\/\/mouldking.store\/wp-content\/uploads\/2022\/11\/c9103y04-7.jpg 1000w, https:\/\/mouldking.store\/wp-content\/uploads\/2022\/11\/c9103y04-7-300x300.jpg 300w, https:\/\/mouldking.store\/wp-content\/uploads\/2022\/11\/c9103y04-7-768x768.jpg 768w, https:\/\/mouldking.store\/wp-content\/uploads\/2022\/11\/c9103y04-7-600x600.jpg 600w, https:\/\/mouldking.store\/wp-content\/uploads\/2022\/11\/c9103y04-7-150x150.jpg 150w, https:\/\/mouldking.store\/wp-content\/uploads\/2022\/11\/c9103y04-7-60x60.jpg 60w, https:\/\/mouldking.store\/wp-content\/uploads\/2022\/11\/c9103y04-7-90x90.jpg 90w\" sizes=\"(max-width: 1000px) 100vw, 1000px\" \/><figcaption id=\"caption-attachment-34073\" class=\"wp-caption-text\">v<\/figcaption><\/figure>\n<figure id=\"attachment_34074\" aria-describedby=\"caption-attachment-34074\" style=\"width: 1000px\" class=\"wp-caption aligncenter\"><img loading=\"lazy\" decoding=\"async\" class=\"wp-image-34074 size-full\" src=\"https:\/\/mouldking.store\/wp-content\/uploads\/2022\/11\/c9103y04-8.jpg\" alt=\"MOC-89571 The Nutcracker And The Mouse King \u2013 Organ Mouse King With 206 Pieces\" width=\"1000\" height=\"1000\" title=\"-\" srcset=\"https:\/\/mouldking.store\/wp-content\/uploads\/2022\/11\/c9103y04-8.jpg 1000w, https:\/\/mouldking.store\/wp-content\/uploads\/2022\/11\/c9103y04-8-300x300.jpg 300w, https:\/\/mouldking.store\/wp-content\/uploads\/2022\/11\/c9103y04-8-768x768.jpg 768w, https:\/\/mouldking.store\/wp-content\/uploads\/2022\/11\/c9103y04-8-600x600.jpg 600w, https:\/\/mouldking.store\/wp-content\/uploads\/2022\/11\/c9103y04-8-150x150.jpg 150w, https:\/\/mouldking.store\/wp-content\/uploads\/2022\/11\/c9103y04-8-60x60.jpg 60w, https:\/\/mouldking.store\/wp-content\/uploads\/2022\/11\/c9103y04-8-90x90.jpg 90w\" sizes=\"(max-width: 1000px) 100vw, 1000px\" \/><figcaption id=\"caption-attachment-34074\" class=\"wp-caption-text\">MOC-89571 N\u00f8tteknekkeren og musekongen \u2013 Orgelmusekongen med 206 deler<\/figcaption><\/figure>\n<figure id=\"attachment_34075\" aria-describedby=\"caption-attachment-34075\" style=\"width: 1000px\" class=\"wp-caption aligncenter\"><img loading=\"lazy\" decoding=\"async\" class=\"wp-image-34075 size-full\" src=\"https:\/\/mouldking.store\/wp-content\/uploads\/2022\/11\/c9103y04-9.jpg\" alt=\"MOC-89571 The Nutcracker And The Mouse King \u2013 Organ Mouse King With 206 Pieces\" width=\"1000\" height=\"1000\" title=\"-\" srcset=\"https:\/\/mouldking.store\/wp-content\/uploads\/2022\/11\/c9103y04-9.jpg 1000w, https:\/\/mouldking.store\/wp-content\/uploads\/2022\/11\/c9103y04-9-300x300.jpg 300w, https:\/\/mouldking.store\/wp-content\/uploads\/2022\/11\/c9103y04-9-768x768.jpg 768w, https:\/\/mouldking.store\/wp-content\/uploads\/2022\/11\/c9103y04-9-600x600.jpg 600w, https:\/\/mouldking.store\/wp-content\/uploads\/2022\/11\/c9103y04-9-150x150.jpg 150w, https:\/\/mouldking.store\/wp-content\/uploads\/2022\/11\/c9103y04-9-60x60.jpg 60w, https:\/\/mouldking.store\/wp-content\/uploads\/2022\/11\/c9103y04-9-90x90.jpg 90w\" sizes=\"(max-width: 1000px) 100vw, 1000px\" \/><figcaption id=\"caption-attachment-34075\" class=\"wp-caption-text\">MOC-89571 N\u00f8tteknekkeren og musekongen \u2013 Orgelmusekongen med 206 deler<\/figcaption><\/figure>\n<p><img loading=\"lazy\" decoding=\"async\" class=\"aligncenter wp-image-34076 size-full\" src=\"https:\/\/mouldking.store\/wp-content\/uploads\/2022\/11\/c9103y04-10.jpg\" alt=\"MOC-89571 The Nutcracker And The Mouse King \u2013 Organ Mouse King With 206 Pieces\" width=\"1000\" height=\"1000\" title=\"-\" srcset=\"https:\/\/mouldking.store\/wp-content\/uploads\/2022\/11\/c9103y04-10.jpg 1000w, https:\/\/mouldking.store\/wp-content\/uploads\/2022\/11\/c9103y04-10-300x300.jpg 300w, https:\/\/mouldking.store\/wp-content\/uploads\/2022\/11\/c9103y04-10-768x768.jpg 768w, https:\/\/mouldking.store\/wp-content\/uploads\/2022\/11\/c9103y04-10-600x600.jpg 600w, https:\/\/mouldking.store\/wp-content\/uploads\/2022\/11\/c9103y04-10-150x150.jpg 150w, https:\/\/mouldking.store\/wp-content\/uploads\/2022\/11\/c9103y04-10-60x60.jpg 60w, https:\/\/mouldking.store\/wp-content\/uploads\/2022\/11\/c9103y04-10-90x90.jpg 90w\" sizes=\"(max-width: 1000px) 100vw, 1000px\" \/><\/p>","protected":false},"excerpt":{"rendered":"<p>Product information: Brand: MOC Gender: Unisex Name: The Nutcracker And The Mouse King \u2013 Organ Mouse King Age Range: &gt; 6 years old Model Number: 89571 Classification: Assemblage Plastic Block Shape: Self-Locking Bricks Material: Plastic Plastic Type: ABS Bricks Blocks: 206 PCS Size: \u00a07.9 x 7.2 x 20.9 cm Weight:\u00a00.16 kg Contains detailed assembly instructions. [&hellip;]<\/p>","protected":false},"featured_media":34066,"comment_status":"closed","ping_status":"closed","template":"","meta":{"_acf_changed":false},"product_cat":[1365],"product_tag":[6729,6728,6730,6724,6723,6725,6731],"class_list":["product","first","instock","shipping-taxable","purchasable","product-type-simple"],"acf":[],"_links":{"self":[{"href":"https:\/\/mouldking.store\/nb\/wp-json\/wp\/v2\/product\/34065","targetHints":{"allow":["GET"]}}],"collection":[{"href":"https:\/\/mouldking.store\/nb\/wp-json\/wp\/v2\/product"}],"about":[{"href":"https:\/\/mouldking.store\/nb\/wp-json\/wp\/v2\/types\/product"}],"replies":[{"embeddable":true,"href":"https:\/\/mouldking.store\/nb\/wp-json\/wp\/v2\/comments?post=34065"}],"wp:featuredmedia":[{"embeddable":true,"href":"https:\/\/mouldking.store\/nb\/wp-json\/wp\/v2\/media\/34066"}],"wp:attachment":[{"href":"https:\/\/mouldking.store\/nb\/wp-json\/wp\/v2\/media?parent=34065"}],"wp:term":[{"taxonomy":"product_cat","embeddable":true,"href":"https:\/\/mouldking.store\/nb\/wp-json\/wp\/v2\/product_cat?post=34065"},{"taxonomy":"product_tag","embeddable":true,"href":"https:\/\/mouldking.store\/nb\/wp-json\/wp\/v2\/product_tag?post=34065"}],"curies":[{"name":"wp","href":"https:\/\/api.w.org\/{rel}","templated":true}]}}