{"id":34153,"date":"2022-11-04T18:14:47","date_gmt":"2022-11-04T11:14:47","guid":{"rendered":"https:\/\/mouldking.store\/?post_type=product&#038;p=34153"},"modified":"2022-11-04T18:14:47","modified_gmt":"2022-11-04T11:14:47","slug":"trumpeter-08117-transformers-movie-cybertron-b-127-bumblebee","status":"publish","type":"product","link":"https:\/\/mouldking.store\/nb\/shop\/trumpeter-08117-transformers-movie-cybertron-b-127-bumblebee\/","title":{"rendered":"TRUMPETER 08117 Transformers Movie Cybertron B-127 Bumblebee"},"content":{"rendered":"<p>Produktinformasjon:<\/p>\n<ol>\n<li>Merke: TRUMPETER<\/li>\n<li>Kj\u00f8nn: Unisex<\/li>\n<li>Name: Transformers Movie Cybertron B-127 Bumblebee<\/li>\n<li>Aldersgruppe: &gt; 6 \u00e5r gammel<\/li>\n<li>Model Number: 08117<\/li>\n<li>Klassifisering: Montering<\/li>\n<li>Plastblokkform: Selvl\u00e5sende murstein<\/li>\n<li>Materiale: Plast<\/li>\n<li>Plasttype: ABS<\/li>\n<li>Size: 68 x 32 x 92 mm<\/li>\n<li>Inneholder detaljerte monteringsanvisninger.<\/li>\n<\/ol>\n<p>Legge merke til:<br \/>\n1. Uten original eske, men vi garanterer at v\u00e5re produkter har kvalitetssikring og pen emballasje.<br \/>\n2. Som alle delene vi har sjekket f\u00f8r frakt, s\u00e5 hvis du finner noen deler savnet eller skadet, ikke bekymre deg og bare kontakt oss, s\u00e5 kan vi sende dem til deg p\u00e5 nytt umiddelbart gratis.<\/p>\n<figure id=\"attachment_34154\" aria-describedby=\"caption-attachment-34154\" style=\"width: 800px\" class=\"wp-caption aligncenter\"><img fetchpriority=\"high\" decoding=\"async\" class=\"wp-image-34154 size-full\" src=\"https:\/\/mouldking.store\/wp-content\/uploads\/2022\/11\/TRUMPETER-08117-5.jpg\" alt=\"TRUMPETER 08117 Transformers Movie Cybertron B-127 Bumblebee \" width=\"800\" height=\"800\" title=\"-\" srcset=\"https:\/\/mouldking.store\/wp-content\/uploads\/2022\/11\/TRUMPETER-08117-5.jpg 800w, https:\/\/mouldking.store\/wp-content\/uploads\/2022\/11\/TRUMPETER-08117-5-300x300.jpg 300w, https:\/\/mouldking.store\/wp-content\/uploads\/2022\/11\/TRUMPETER-08117-5-768x768.jpg 768w, https:\/\/mouldking.store\/wp-content\/uploads\/2022\/11\/TRUMPETER-08117-5-600x600.jpg 600w, https:\/\/mouldking.store\/wp-content\/uploads\/2022\/11\/TRUMPETER-08117-5-150x150.jpg 150w, https:\/\/mouldking.store\/wp-content\/uploads\/2022\/11\/TRUMPETER-08117-5-60x60.jpg 60w, https:\/\/mouldking.store\/wp-content\/uploads\/2022\/11\/TRUMPETER-08117-5-90x90.jpg 90w\" sizes=\"(max-width: 800px) 100vw, 800px\" \/><figcaption id=\"caption-attachment-34154\" class=\"wp-caption-text\">TRUMPETER 08117 Transformers Movie Cybertron B-127 Bumblebee<\/figcaption><\/figure>\n<figure id=\"attachment_34155\" aria-describedby=\"caption-attachment-34155\" style=\"width: 600px\" class=\"wp-caption aligncenter\"><img decoding=\"async\" class=\"wp-image-34155 size-full\" src=\"https:\/\/mouldking.store\/wp-content\/uploads\/2022\/11\/TRUMPETER-08117-4.jpg\" alt=\"TRUMPETER 08117 Transformers Movie Cybertron B-127 Bumblebee \" width=\"600\" height=\"600\" title=\"-\" srcset=\"https:\/\/mouldking.store\/wp-content\/uploads\/2022\/11\/TRUMPETER-08117-4.jpg 600w, https:\/\/mouldking.store\/wp-content\/uploads\/2022\/11\/TRUMPETER-08117-4-300x300.jpg 300w, https:\/\/mouldking.store\/wp-content\/uploads\/2022\/11\/TRUMPETER-08117-4-150x150.jpg 150w, https:\/\/mouldking.store\/wp-content\/uploads\/2022\/11\/TRUMPETER-08117-4-60x60.jpg 60w, https:\/\/mouldking.store\/wp-content\/uploads\/2022\/11\/TRUMPETER-08117-4-90x90.jpg 90w\" sizes=\"(max-width: 600px) 100vw, 600px\" \/><figcaption id=\"caption-attachment-34155\" class=\"wp-caption-text\">TRUMPETER 08117 Transformers Movie Cybertron B-127 Bumblebee<\/figcaption><\/figure>\n<figure id=\"attachment_34156\" aria-describedby=\"caption-attachment-34156\" style=\"width: 600px\" class=\"wp-caption aligncenter\"><img decoding=\"async\" class=\"wp-image-34156 size-full\" src=\"https:\/\/mouldking.store\/wp-content\/uploads\/2022\/11\/TRUMPETER-08117-3.jpg\" alt=\"TRUMPETER 08117 Transformers Movie Cybertron B-127 Bumblebee \" width=\"600\" height=\"600\" title=\"-\" srcset=\"https:\/\/mouldking.store\/wp-content\/uploads\/2022\/11\/TRUMPETER-08117-3.jpg 600w, https:\/\/mouldking.store\/wp-content\/uploads\/2022\/11\/TRUMPETER-08117-3-300x300.jpg 300w, https:\/\/mouldking.store\/wp-content\/uploads\/2022\/11\/TRUMPETER-08117-3-150x150.jpg 150w, https:\/\/mouldking.store\/wp-content\/uploads\/2022\/11\/TRUMPETER-08117-3-60x60.jpg 60w, https:\/\/mouldking.store\/wp-content\/uploads\/2022\/11\/TRUMPETER-08117-3-90x90.jpg 90w\" sizes=\"(max-width: 600px) 100vw, 600px\" \/><figcaption id=\"caption-attachment-34156\" class=\"wp-caption-text\">TRUMPETER 08117 Transformers Movie Cybertron B-127 Bumblebee<\/figcaption><\/figure>\n<figure id=\"attachment_34157\" aria-describedby=\"caption-attachment-34157\" style=\"width: 600px\" class=\"wp-caption aligncenter\"><img loading=\"lazy\" decoding=\"async\" class=\"wp-image-34157 size-full\" src=\"https:\/\/mouldking.store\/wp-content\/uploads\/2022\/11\/TRUMPETER-08117-2.jpg\" alt=\"TRUMPETER 08117 Transformers Movie Cybertron B-127 Bumblebee \" width=\"600\" height=\"600\" title=\"-\" srcset=\"https:\/\/mouldking.store\/wp-content\/uploads\/2022\/11\/TRUMPETER-08117-2.jpg 600w, https:\/\/mouldking.store\/wp-content\/uploads\/2022\/11\/TRUMPETER-08117-2-300x300.jpg 300w, https:\/\/mouldking.store\/wp-content\/uploads\/2022\/11\/TRUMPETER-08117-2-150x150.jpg 150w, https:\/\/mouldking.store\/wp-content\/uploads\/2022\/11\/TRUMPETER-08117-2-60x60.jpg 60w, https:\/\/mouldking.store\/wp-content\/uploads\/2022\/11\/TRUMPETER-08117-2-90x90.jpg 90w\" sizes=\"(max-width: 600px) 100vw, 600px\" \/><figcaption id=\"caption-attachment-34157\" class=\"wp-caption-text\">TRUMPETER 08117 Transformers Movie Cybertron B-127 Bumblebee<\/figcaption><\/figure>\n<figure id=\"attachment_34158\" aria-describedby=\"caption-attachment-34158\" style=\"width: 600px\" class=\"wp-caption aligncenter\"><img loading=\"lazy\" decoding=\"async\" class=\"wp-image-34158 size-full\" src=\"https:\/\/mouldking.store\/wp-content\/uploads\/2022\/11\/TRUMPETER-08117-1.jpg\" alt=\"TRUMPETER 08117 Transformers Movie Cybertron B-127 Bumblebee \" width=\"600\" height=\"600\" title=\"-\" srcset=\"https:\/\/mouldking.store\/wp-content\/uploads\/2022\/11\/TRUMPETER-08117-1.jpg 600w, https:\/\/mouldking.store\/wp-content\/uploads\/2022\/11\/TRUMPETER-08117-1-300x300.jpg 300w, https:\/\/mouldking.store\/wp-content\/uploads\/2022\/11\/TRUMPETER-08117-1-150x150.jpg 150w, https:\/\/mouldking.store\/wp-content\/uploads\/2022\/11\/TRUMPETER-08117-1-60x60.jpg 60w, https:\/\/mouldking.store\/wp-content\/uploads\/2022\/11\/TRUMPETER-08117-1-90x90.jpg 90w\" sizes=\"(max-width: 600px) 100vw, 600px\" \/><figcaption id=\"caption-attachment-34158\" class=\"wp-caption-text\">TRUMPETER 08117 Transformers Movie Cybertron B-127 Bumblebee<\/figcaption><\/figure>","protected":false},"excerpt":{"rendered":"<p>Product information: Brand: TRUMPETER Gender: Unisex Name: Transformers Movie Cybertron B-127 Bumblebee Age Range: &gt; 6 years old Model Number: 08117 Classification: Assemblage Plastic Block Shape: Self-Locking Bricks Material: Plastic Plastic Type: ABS Size: 68 x 32 x 92 mm Contains detailed assembly instructions. Notice: 1. Without an original box, but we guarantee our products [&hellip;]<\/p>","protected":false},"featured_media":34154,"comment_status":"closed","ping_status":"closed","template":"","meta":{"_acf_changed":false},"product_cat":[1408],"product_tag":[6794,6797,6798,6796,6801,434,6795,6800,6793,6799,6792],"class_list":["product","first","instock","shipping-taxable","purchasable","product-type-simple"],"acf":[],"_links":{"self":[{"href":"https:\/\/mouldking.store\/nb\/wp-json\/wp\/v2\/product\/34153","targetHints":{"allow":["GET"]}}],"collection":[{"href":"https:\/\/mouldking.store\/nb\/wp-json\/wp\/v2\/product"}],"about":[{"href":"https:\/\/mouldking.store\/nb\/wp-json\/wp\/v2\/types\/product"}],"replies":[{"embeddable":true,"href":"https:\/\/mouldking.store\/nb\/wp-json\/wp\/v2\/comments?post=34153"}],"wp:featuredmedia":[{"embeddable":true,"href":"https:\/\/mouldking.store\/nb\/wp-json\/wp\/v2\/media\/34154"}],"wp:attachment":[{"href":"https:\/\/mouldking.store\/nb\/wp-json\/wp\/v2\/media?parent=34153"}],"wp:term":[{"taxonomy":"product_cat","embeddable":true,"href":"https:\/\/mouldking.store\/nb\/wp-json\/wp\/v2\/product_cat?post=34153"},{"taxonomy":"product_tag","embeddable":true,"href":"https:\/\/mouldking.store\/nb\/wp-json\/wp\/v2\/product_tag?post=34153"}],"curies":[{"name":"wp","href":"https:\/\/api.w.org\/{rel}","templated":true}]}}