{"id":34168,"date":"2022-11-05T11:07:42","date_gmt":"2022-11-05T04:07:42","guid":{"rendered":"https:\/\/mouldking.store\/?post_type=product&#038;p=34168"},"modified":"2022-11-05T11:07:42","modified_gmt":"2022-11-05T04:07:42","slug":"52toys-bb-25cl-stegosaur","status":"publish","type":"product","link":"https:\/\/mouldking.store\/nb\/shop\/52toys-bb-25cl-stegosaur\/","title":{"rendered":"52LEKER BB-25CL STEGOSAUR"},"content":{"rendered":"<p>Produktinformasjon:<\/p>\n<ol>\n<li>Merke: 52TOYS<\/li>\n<li>Kj\u00f8nn: Unisex<\/li>\n<li>Name: STEGOSAUR<\/li>\n<li>Aldersgruppe: &gt; 6 \u00e5r gammel<\/li>\n<li>Model Number: BB-25CL<\/li>\n<li>Klassifisering: Montering<\/li>\n<li>Plastblokkform: Selvl\u00e5sende murstein<\/li>\n<li>Materiale: Plast<\/li>\n<li>Plasttype: ABS<\/li>\n<li>Size: 15 cm<\/li>\n<li>Inneholder detaljerte monteringsanvisninger.<\/li>\n<\/ol>\n<p>Legge merke til:<br \/>\n1. Uten original eske, men vi garanterer at v\u00e5re produkter har kvalitetssikring og pen emballasje.<br \/>\n2. Som alle delene vi har sjekket f\u00f8r frakt, s\u00e5 hvis du finner noen deler savnet eller skadet, ikke bekymre deg og bare kontakt oss, s\u00e5 kan vi sende dem til deg p\u00e5 nytt umiddelbart gratis.<\/p>\n<figure id=\"attachment_34169\" aria-describedby=\"caption-attachment-34169\" style=\"width: 800px\" class=\"wp-caption aligncenter\"><img fetchpriority=\"high\" decoding=\"async\" class=\"wp-image-34169 size-full\" src=\"https:\/\/mouldking.store\/wp-content\/uploads\/2022\/11\/2TOYS-BB-25CL-6.jpg\" alt=\"52TOYS BB-25CL STEGOSAUR\" width=\"800\" height=\"800\" title=\"-\" srcset=\"https:\/\/mouldking.store\/wp-content\/uploads\/2022\/11\/2TOYS-BB-25CL-6.jpg 800w, https:\/\/mouldking.store\/wp-content\/uploads\/2022\/11\/2TOYS-BB-25CL-6-300x300.jpg 300w, https:\/\/mouldking.store\/wp-content\/uploads\/2022\/11\/2TOYS-BB-25CL-6-768x768.jpg 768w, https:\/\/mouldking.store\/wp-content\/uploads\/2022\/11\/2TOYS-BB-25CL-6-600x600.jpg 600w, https:\/\/mouldking.store\/wp-content\/uploads\/2022\/11\/2TOYS-BB-25CL-6-150x150.jpg 150w, https:\/\/mouldking.store\/wp-content\/uploads\/2022\/11\/2TOYS-BB-25CL-6-60x60.jpg 60w, https:\/\/mouldking.store\/wp-content\/uploads\/2022\/11\/2TOYS-BB-25CL-6-90x90.jpg 90w\" sizes=\"(max-width: 800px) 100vw, 800px\" \/><figcaption id=\"caption-attachment-34169\" class=\"wp-caption-text\">52LEKER BB-25CL STEGOSAUR<\/figcaption><\/figure>\n<figure id=\"attachment_34170\" aria-describedby=\"caption-attachment-34170\" style=\"width: 770px\" class=\"wp-caption aligncenter\"><img decoding=\"async\" class=\"wp-image-34170 size-full\" src=\"https:\/\/mouldking.store\/wp-content\/uploads\/2022\/11\/2TOYS-BB-25CL-5.jpg\" alt=\"52TOYS BB-25CL STEGOSAUR\" width=\"770\" height=\"1024\" title=\"-\" srcset=\"https:\/\/mouldking.store\/wp-content\/uploads\/2022\/11\/2TOYS-BB-25CL-5.jpg 770w, https:\/\/mouldking.store\/wp-content\/uploads\/2022\/11\/2TOYS-BB-25CL-5-226x300.jpg 226w, https:\/\/mouldking.store\/wp-content\/uploads\/2022\/11\/2TOYS-BB-25CL-5-768x1021.jpg 768w, https:\/\/mouldking.store\/wp-content\/uploads\/2022\/11\/2TOYS-BB-25CL-5-300x399.jpg 300w, https:\/\/mouldking.store\/wp-content\/uploads\/2022\/11\/2TOYS-BB-25CL-5-600x798.jpg 600w, https:\/\/mouldking.store\/wp-content\/uploads\/2022\/11\/2TOYS-BB-25CL-5-113x150.jpg 113w, https:\/\/mouldking.store\/wp-content\/uploads\/2022\/11\/2TOYS-BB-25CL-5-45x60.jpg 45w, https:\/\/mouldking.store\/wp-content\/uploads\/2022\/11\/2TOYS-BB-25CL-5-68x90.jpg 68w\" sizes=\"(max-width: 770px) 100vw, 770px\" \/><figcaption id=\"caption-attachment-34170\" class=\"wp-caption-text\">52LEKER BB-25CL STEGOSAUR<\/figcaption><\/figure>\n<figure id=\"attachment_34171\" aria-describedby=\"caption-attachment-34171\" style=\"width: 717px\" class=\"wp-caption aligncenter\"><img decoding=\"async\" class=\"wp-image-34171 size-full\" src=\"https:\/\/mouldking.store\/wp-content\/uploads\/2022\/11\/2TOYS-BB-25CL-4.jpg\" alt=\"52TOYS BB-25CL STEGOSAUR\" width=\"717\" height=\"1024\" title=\"-\" srcset=\"https:\/\/mouldking.store\/wp-content\/uploads\/2022\/11\/2TOYS-BB-25CL-4.jpg 717w, https:\/\/mouldking.store\/wp-content\/uploads\/2022\/11\/2TOYS-BB-25CL-4-210x300.jpg 210w, https:\/\/mouldking.store\/wp-content\/uploads\/2022\/11\/2TOYS-BB-25CL-4-300x428.jpg 300w, https:\/\/mouldking.store\/wp-content\/uploads\/2022\/11\/2TOYS-BB-25CL-4-600x857.jpg 600w, https:\/\/mouldking.store\/wp-content\/uploads\/2022\/11\/2TOYS-BB-25CL-4-105x150.jpg 105w, https:\/\/mouldking.store\/wp-content\/uploads\/2022\/11\/2TOYS-BB-25CL-4-42x60.jpg 42w, https:\/\/mouldking.store\/wp-content\/uploads\/2022\/11\/2TOYS-BB-25CL-4-63x90.jpg 63w\" sizes=\"(max-width: 717px) 100vw, 717px\" \/><figcaption id=\"caption-attachment-34171\" class=\"wp-caption-text\">52LEKER BB-25CL STEGOSAUR<\/figcaption><\/figure>\n<figure id=\"attachment_34172\" aria-describedby=\"caption-attachment-34172\" style=\"width: 800px\" class=\"wp-caption aligncenter\"><img loading=\"lazy\" decoding=\"async\" class=\"wp-image-34172 size-full\" src=\"https:\/\/mouldking.store\/wp-content\/uploads\/2022\/11\/2TOYS-BB-25CL-3.jpg\" alt=\"52TOYS BB-25CL STEGOSAUR\" width=\"800\" height=\"800\" title=\"-\" srcset=\"https:\/\/mouldking.store\/wp-content\/uploads\/2022\/11\/2TOYS-BB-25CL-3.jpg 800w, https:\/\/mouldking.store\/wp-content\/uploads\/2022\/11\/2TOYS-BB-25CL-3-300x300.jpg 300w, https:\/\/mouldking.store\/wp-content\/uploads\/2022\/11\/2TOYS-BB-25CL-3-768x768.jpg 768w, https:\/\/mouldking.store\/wp-content\/uploads\/2022\/11\/2TOYS-BB-25CL-3-600x600.jpg 600w, https:\/\/mouldking.store\/wp-content\/uploads\/2022\/11\/2TOYS-BB-25CL-3-150x150.jpg 150w, https:\/\/mouldking.store\/wp-content\/uploads\/2022\/11\/2TOYS-BB-25CL-3-60x60.jpg 60w, https:\/\/mouldking.store\/wp-content\/uploads\/2022\/11\/2TOYS-BB-25CL-3-90x90.jpg 90w\" sizes=\"(max-width: 800px) 100vw, 800px\" \/><figcaption id=\"caption-attachment-34172\" class=\"wp-caption-text\">52LEKER BB-25CL STEGOSAUR<\/figcaption><\/figure>\n<figure id=\"attachment_34173\" aria-describedby=\"caption-attachment-34173\" style=\"width: 800px\" class=\"wp-caption aligncenter\"><img loading=\"lazy\" decoding=\"async\" class=\"wp-image-34173 size-full\" src=\"https:\/\/mouldking.store\/wp-content\/uploads\/2022\/11\/2TOYS-BB-25CL-2.jpg\" alt=\"52TOYS BB-25CL STEGOSAUR\" width=\"800\" height=\"800\" title=\"-\" srcset=\"https:\/\/mouldking.store\/wp-content\/uploads\/2022\/11\/2TOYS-BB-25CL-2.jpg 800w, https:\/\/mouldking.store\/wp-content\/uploads\/2022\/11\/2TOYS-BB-25CL-2-300x300.jpg 300w, https:\/\/mouldking.store\/wp-content\/uploads\/2022\/11\/2TOYS-BB-25CL-2-768x768.jpg 768w, https:\/\/mouldking.store\/wp-content\/uploads\/2022\/11\/2TOYS-BB-25CL-2-600x600.jpg 600w, https:\/\/mouldking.store\/wp-content\/uploads\/2022\/11\/2TOYS-BB-25CL-2-150x150.jpg 150w, https:\/\/mouldking.store\/wp-content\/uploads\/2022\/11\/2TOYS-BB-25CL-2-60x60.jpg 60w, https:\/\/mouldking.store\/wp-content\/uploads\/2022\/11\/2TOYS-BB-25CL-2-90x90.jpg 90w\" sizes=\"(max-width: 800px) 100vw, 800px\" \/><figcaption id=\"caption-attachment-34173\" class=\"wp-caption-text\">52LEKER BB-25CL STEGOSAUR<\/figcaption><\/figure>\n<figure id=\"attachment_34174\" aria-describedby=\"caption-attachment-34174\" style=\"width: 800px\" class=\"wp-caption aligncenter\"><img loading=\"lazy\" decoding=\"async\" class=\"wp-image-34174 size-full\" src=\"https:\/\/mouldking.store\/wp-content\/uploads\/2022\/11\/2TOYS-BB-25CL.jpg\" alt=\"52TOYS BB-25CL STEGOSAUR\" width=\"800\" height=\"800\" title=\"-\" srcset=\"https:\/\/mouldking.store\/wp-content\/uploads\/2022\/11\/2TOYS-BB-25CL.jpg 800w, https:\/\/mouldking.store\/wp-content\/uploads\/2022\/11\/2TOYS-BB-25CL-300x300.jpg 300w, https:\/\/mouldking.store\/wp-content\/uploads\/2022\/11\/2TOYS-BB-25CL-768x768.jpg 768w, https:\/\/mouldking.store\/wp-content\/uploads\/2022\/11\/2TOYS-BB-25CL-600x600.jpg 600w, https:\/\/mouldking.store\/wp-content\/uploads\/2022\/11\/2TOYS-BB-25CL-150x150.jpg 150w, https:\/\/mouldking.store\/wp-content\/uploads\/2022\/11\/2TOYS-BB-25CL-60x60.jpg 60w, https:\/\/mouldking.store\/wp-content\/uploads\/2022\/11\/2TOYS-BB-25CL-90x90.jpg 90w\" sizes=\"(max-width: 800px) 100vw, 800px\" \/><figcaption id=\"caption-attachment-34174\" class=\"wp-caption-text\">52LEKER BB-25CL STEGOSAUR<\/figcaption><\/figure>","protected":false},"excerpt":{"rendered":"<p>Product information: Brand: 52TOYS Gender: Unisex Name: STEGOSAUR Age Range: &gt; 6 years old Model Number: BB-25CL Classification: Assemblage Plastic Block Shape: Self-Locking Bricks Material: Plastic Plastic Type: ABS Size: 15 cm Contains detailed assembly instructions. Notice: 1. Without an original box, but we guarantee our products have quality assurance and nice packaging. 2. As [&hellip;]<\/p>","protected":false},"featured_media":34169,"comment_status":"closed","ping_status":"closed","template":"","meta":{"_acf_changed":false},"product_cat":[1408],"product_tag":[6179,6809,6806,6807,6808],"class_list":["product","first","instock","shipping-taxable","purchasable","product-type-simple"],"acf":[],"_links":{"self":[{"href":"https:\/\/mouldking.store\/nb\/wp-json\/wp\/v2\/product\/34168","targetHints":{"allow":["GET"]}}],"collection":[{"href":"https:\/\/mouldking.store\/nb\/wp-json\/wp\/v2\/product"}],"about":[{"href":"https:\/\/mouldking.store\/nb\/wp-json\/wp\/v2\/types\/product"}],"replies":[{"embeddable":true,"href":"https:\/\/mouldking.store\/nb\/wp-json\/wp\/v2\/comments?post=34168"}],"wp:featuredmedia":[{"embeddable":true,"href":"https:\/\/mouldking.store\/nb\/wp-json\/wp\/v2\/media\/34169"}],"wp:attachment":[{"href":"https:\/\/mouldking.store\/nb\/wp-json\/wp\/v2\/media?parent=34168"}],"wp:term":[{"taxonomy":"product_cat","embeddable":true,"href":"https:\/\/mouldking.store\/nb\/wp-json\/wp\/v2\/product_cat?post=34168"},{"taxonomy":"product_tag","embeddable":true,"href":"https:\/\/mouldking.store\/nb\/wp-json\/wp\/v2\/product_tag?post=34168"}],"curies":[{"name":"wp","href":"https:\/\/api.w.org\/{rel}","templated":true}]}}