{"id":34228,"date":"2022-11-07T09:46:37","date_gmt":"2022-11-07T02:46:37","guid":{"rendered":"https:\/\/mouldking.store\/?post_type=product&#038;p=34228"},"modified":"2022-11-07T09:46:38","modified_gmt":"2022-11-07T02:46:38","slug":"52toys-bb-08gp-glacier","status":"publish","type":"product","link":"https:\/\/mouldking.store\/nb\/shop\/52toys-bb-08gp-glacier\/","title":{"rendered":"52LEKER BB-08GP GLASIER"},"content":{"rendered":"<p>Produktinformasjon:<\/p>\n<ol>\n<li>Merke: 52TOYS<\/li>\n<li>Kj\u00f8nn: Unisex<\/li>\n<li>Name: GLACIER<\/li>\n<li>Aldersgruppe: &gt; 6 \u00e5r gammel<\/li>\n<li>Model Number: BB-08GP<\/li>\n<li>Klassifisering: Montering<\/li>\n<li>Plastblokkform: Selvl\u00e5sende murstein<\/li>\n<li>Materiale: Plast<\/li>\n<li>Plasttype: ABS<\/li>\n<li>Size: 15 cm<\/li>\n<li>Inneholder detaljerte monteringsanvisninger.<\/li>\n<\/ol>\n<p>Legge merke til:<br \/>\n1. Uten original eske, men vi garanterer at v\u00e5re produkter har kvalitetssikring og pen emballasje.<br \/>\n2. Som alle delene vi har sjekket f\u00f8r frakt, s\u00e5 hvis du finner noen deler savnet eller skadet, ikke bekymre deg og bare kontakt oss, s\u00e5 kan vi sende dem til deg p\u00e5 nytt umiddelbart gratis.<\/p>\n<figure id=\"attachment_34230\" aria-describedby=\"caption-attachment-34230\" style=\"width: 748px\" class=\"wp-caption aligncenter\"><img fetchpriority=\"high\" decoding=\"async\" class=\"wp-image-34230 size-full\" src=\"https:\/\/mouldking.store\/wp-content\/uploads\/2022\/11\/52TOYS-BB-08GP-3.jpg\" alt=\" 52TOYS BB-08GP GLACIER \" width=\"748\" height=\"748\" title=\"-\" srcset=\"https:\/\/mouldking.store\/wp-content\/uploads\/2022\/11\/52TOYS-BB-08GP-3.jpg 748w, https:\/\/mouldking.store\/wp-content\/uploads\/2022\/11\/52TOYS-BB-08GP-3-300x300.jpg 300w, https:\/\/mouldking.store\/wp-content\/uploads\/2022\/11\/52TOYS-BB-08GP-3-600x600.jpg 600w, https:\/\/mouldking.store\/wp-content\/uploads\/2022\/11\/52TOYS-BB-08GP-3-150x150.jpg 150w, https:\/\/mouldking.store\/wp-content\/uploads\/2022\/11\/52TOYS-BB-08GP-3-60x60.jpg 60w, https:\/\/mouldking.store\/wp-content\/uploads\/2022\/11\/52TOYS-BB-08GP-3-90x90.jpg 90w\" sizes=\"(max-width: 748px) 100vw, 748px\" \/><figcaption id=\"caption-attachment-34230\" class=\"wp-caption-text\">52LEKER BB-08GP GLASIER<\/figcaption><\/figure>\n<figure id=\"attachment_34231\" aria-describedby=\"caption-attachment-34231\" style=\"width: 735px\" class=\"wp-caption aligncenter\"><img decoding=\"async\" class=\"wp-image-34231 size-full\" src=\"https:\/\/mouldking.store\/wp-content\/uploads\/2022\/11\/52TOYS-BB-08GP-2.jpg\" alt=\" 52TOYS BB-08GP GLACIER \" width=\"735\" height=\"1024\" title=\"-\" srcset=\"https:\/\/mouldking.store\/wp-content\/uploads\/2022\/11\/52TOYS-BB-08GP-2.jpg 735w, https:\/\/mouldking.store\/wp-content\/uploads\/2022\/11\/52TOYS-BB-08GP-2-215x300.jpg 215w, https:\/\/mouldking.store\/wp-content\/uploads\/2022\/11\/52TOYS-BB-08GP-2-300x418.jpg 300w, https:\/\/mouldking.store\/wp-content\/uploads\/2022\/11\/52TOYS-BB-08GP-2-600x836.jpg 600w, https:\/\/mouldking.store\/wp-content\/uploads\/2022\/11\/52TOYS-BB-08GP-2-108x150.jpg 108w, https:\/\/mouldking.store\/wp-content\/uploads\/2022\/11\/52TOYS-BB-08GP-2-43x60.jpg 43w, https:\/\/mouldking.store\/wp-content\/uploads\/2022\/11\/52TOYS-BB-08GP-2-65x90.jpg 65w\" sizes=\"(max-width: 735px) 100vw, 735px\" \/><figcaption id=\"caption-attachment-34231\" class=\"wp-caption-text\">52LEKER BB-08GP GLASIER<\/figcaption><\/figure>\n<figure id=\"attachment_34232\" aria-describedby=\"caption-attachment-34232\" style=\"width: 467px\" class=\"wp-caption aligncenter\"><img decoding=\"async\" class=\"wp-image-34232 size-full\" src=\"https:\/\/mouldking.store\/wp-content\/uploads\/2022\/11\/52TOYS-BB-08GP.jpg\" alt=\" 52TOYS BB-08GP GLACIER \" width=\"467\" height=\"1024\" title=\"-\" srcset=\"https:\/\/mouldking.store\/wp-content\/uploads\/2022\/11\/52TOYS-BB-08GP.jpg 467w, https:\/\/mouldking.store\/wp-content\/uploads\/2022\/11\/52TOYS-BB-08GP-137x300.jpg 137w, https:\/\/mouldking.store\/wp-content\/uploads\/2022\/11\/52TOYS-BB-08GP-300x658.jpg 300w, https:\/\/mouldking.store\/wp-content\/uploads\/2022\/11\/52TOYS-BB-08GP-68x150.jpg 68w, https:\/\/mouldking.store\/wp-content\/uploads\/2022\/11\/52TOYS-BB-08GP-27x60.jpg 27w, https:\/\/mouldking.store\/wp-content\/uploads\/2022\/11\/52TOYS-BB-08GP-41x90.jpg 41w\" sizes=\"(max-width: 467px) 100vw, 467px\" \/><figcaption id=\"caption-attachment-34232\" class=\"wp-caption-text\">52LEKER BB-08GP GLASIER<\/figcaption><\/figure>","protected":false},"excerpt":{"rendered":"<p>Product information: Brand: 52TOYS Gender: Unisex Name: GLACIER Age Range: &gt; 6 years old Model Number: BB-08GP Classification: Assemblage Plastic Block Shape: Self-Locking Bricks Material: Plastic Plastic Type: ABS Size: 15 cm Contains detailed assembly instructions. Notice: 1. Without an original box, but we guarantee our products have quality assurance and nice packaging. 2. As [&hellip;]<\/p>","protected":false},"featured_media":34230,"comment_status":"closed","ping_status":"closed","template":"","meta":{"_acf_changed":false},"product_cat":[1365,1408],"product_tag":[6179,6840,6837,6838,6839],"class_list":["product","first","instock","shipping-taxable","purchasable","product-type-simple"],"acf":[],"_links":{"self":[{"href":"https:\/\/mouldking.store\/nb\/wp-json\/wp\/v2\/product\/34228","targetHints":{"allow":["GET"]}}],"collection":[{"href":"https:\/\/mouldking.store\/nb\/wp-json\/wp\/v2\/product"}],"about":[{"href":"https:\/\/mouldking.store\/nb\/wp-json\/wp\/v2\/types\/product"}],"replies":[{"embeddable":true,"href":"https:\/\/mouldking.store\/nb\/wp-json\/wp\/v2\/comments?post=34228"}],"wp:featuredmedia":[{"embeddable":true,"href":"https:\/\/mouldking.store\/nb\/wp-json\/wp\/v2\/media\/34230"}],"wp:attachment":[{"href":"https:\/\/mouldking.store\/nb\/wp-json\/wp\/v2\/media?parent=34228"}],"wp:term":[{"taxonomy":"product_cat","embeddable":true,"href":"https:\/\/mouldking.store\/nb\/wp-json\/wp\/v2\/product_cat?post=34228"},{"taxonomy":"product_tag","embeddable":true,"href":"https:\/\/mouldking.store\/nb\/wp-json\/wp\/v2\/product_tag?post=34228"}],"curies":[{"name":"wp","href":"https:\/\/api.w.org\/{rel}","templated":true}]}}