{"id":34345,"date":"2022-11-07T11:48:21","date_gmt":"2022-11-07T04:48:21","guid":{"rendered":"https:\/\/mouldking.store\/?post_type=product&#038;p=34345"},"modified":"2022-11-07T11:48:22","modified_gmt":"2022-11-07T04:48:22","slug":"52toys-mb-14-chinese-dragon-azure","status":"publish","type":"product","link":"https:\/\/mouldking.store\/nb\/shop\/52toys-mb-14-chinese-dragon-azure\/","title":{"rendered":"52TOYS MB-14 CHINESE DRAGON Azure"},"content":{"rendered":"<p>Produktinformasjon:<\/p>\n<ol>\n<li>Merke: 52TOYS<\/li>\n<li>Kj\u00f8nn: Unisex<\/li>\n<li>Name: CHINESE DRAGON Azure<\/li>\n<li>Aldersgruppe: &gt; 6 \u00e5r gammel<\/li>\n<li>Model Number: MB-14<\/li>\n<li>Klassifisering: Montering<\/li>\n<li>Plastblokkform: Selvl\u00e5sende murstein<\/li>\n<li>Materiale: Plast<\/li>\n<li>Plasttype: ABS<\/li>\n<li>Size: \u00a029.5cm<\/li>\n<li>Inneholder detaljerte monteringsanvisninger.<\/li>\n<\/ol>\n<p>Legge merke til:<br \/>\n1. Uten original eske, men vi garanterer at v\u00e5re produkter har kvalitetssikring og pen emballasje.<br \/>\n2. Som alle delene vi har sjekket f\u00f8r frakt, s\u00e5 hvis du finner noen deler savnet eller skadet, ikke bekymre deg og bare kontakt oss, s\u00e5 kan vi sende dem til deg p\u00e5 nytt umiddelbart gratis.<\/p>\n<figure id=\"attachment_34346\" aria-describedby=\"caption-attachment-34346\" style=\"width: 800px\" class=\"wp-caption aligncenter\"><img fetchpriority=\"high\" decoding=\"async\" class=\"wp-image-34346 size-full\" src=\"https:\/\/mouldking.store\/wp-content\/uploads\/2022\/11\/52TOYS-MB-14-10.jpg\" alt=\"52TOYS MB-14 CHINESE DRAGON Azure \" width=\"800\" height=\"800\" title=\"-\" srcset=\"https:\/\/mouldking.store\/wp-content\/uploads\/2022\/11\/52TOYS-MB-14-10.jpg 800w, https:\/\/mouldking.store\/wp-content\/uploads\/2022\/11\/52TOYS-MB-14-10-300x300.jpg 300w, https:\/\/mouldking.store\/wp-content\/uploads\/2022\/11\/52TOYS-MB-14-10-768x768.jpg 768w, https:\/\/mouldking.store\/wp-content\/uploads\/2022\/11\/52TOYS-MB-14-10-600x600.jpg 600w, https:\/\/mouldking.store\/wp-content\/uploads\/2022\/11\/52TOYS-MB-14-10-150x150.jpg 150w, https:\/\/mouldking.store\/wp-content\/uploads\/2022\/11\/52TOYS-MB-14-10-60x60.jpg 60w, https:\/\/mouldking.store\/wp-content\/uploads\/2022\/11\/52TOYS-MB-14-10-90x90.jpg 90w\" sizes=\"(max-width: 800px) 100vw, 800px\" \/><figcaption id=\"caption-attachment-34346\" class=\"wp-caption-text\">52TOYS MB-14 CHINESE DRAGON Azure<\/figcaption><\/figure>\n<figure id=\"attachment_34347\" aria-describedby=\"caption-attachment-34347\" style=\"width: 800px\" class=\"wp-caption aligncenter\"><img decoding=\"async\" class=\"wp-image-34347 size-full\" src=\"https:\/\/mouldking.store\/wp-content\/uploads\/2022\/11\/52TOYS-MB-14-9.jpg\" alt=\"52TOYS MB-14 CHINESE DRAGON Azure \" width=\"800\" height=\"800\" title=\"-\" srcset=\"https:\/\/mouldking.store\/wp-content\/uploads\/2022\/11\/52TOYS-MB-14-9.jpg 800w, https:\/\/mouldking.store\/wp-content\/uploads\/2022\/11\/52TOYS-MB-14-9-300x300.jpg 300w, https:\/\/mouldking.store\/wp-content\/uploads\/2022\/11\/52TOYS-MB-14-9-768x768.jpg 768w, https:\/\/mouldking.store\/wp-content\/uploads\/2022\/11\/52TOYS-MB-14-9-600x600.jpg 600w, https:\/\/mouldking.store\/wp-content\/uploads\/2022\/11\/52TOYS-MB-14-9-150x150.jpg 150w, https:\/\/mouldking.store\/wp-content\/uploads\/2022\/11\/52TOYS-MB-14-9-60x60.jpg 60w, https:\/\/mouldking.store\/wp-content\/uploads\/2022\/11\/52TOYS-MB-14-9-90x90.jpg 90w\" sizes=\"(max-width: 800px) 100vw, 800px\" \/><figcaption id=\"caption-attachment-34347\" class=\"wp-caption-text\">52TOYS MB-14 CHINESE DRAGON Azure<\/figcaption><\/figure>\n<figure id=\"attachment_34348\" aria-describedby=\"caption-attachment-34348\" style=\"width: 800px\" class=\"wp-caption aligncenter\"><img decoding=\"async\" class=\"wp-image-34348 size-full\" src=\"https:\/\/mouldking.store\/wp-content\/uploads\/2022\/11\/52TOYS-MB-14-8.jpg\" alt=\"52TOYS MB-14 CHINESE DRAGON Azure \" width=\"800\" height=\"800\" title=\"-\" srcset=\"https:\/\/mouldking.store\/wp-content\/uploads\/2022\/11\/52TOYS-MB-14-8.jpg 800w, https:\/\/mouldking.store\/wp-content\/uploads\/2022\/11\/52TOYS-MB-14-8-300x300.jpg 300w, https:\/\/mouldking.store\/wp-content\/uploads\/2022\/11\/52TOYS-MB-14-8-768x768.jpg 768w, https:\/\/mouldking.store\/wp-content\/uploads\/2022\/11\/52TOYS-MB-14-8-600x600.jpg 600w, https:\/\/mouldking.store\/wp-content\/uploads\/2022\/11\/52TOYS-MB-14-8-150x150.jpg 150w, https:\/\/mouldking.store\/wp-content\/uploads\/2022\/11\/52TOYS-MB-14-8-60x60.jpg 60w, https:\/\/mouldking.store\/wp-content\/uploads\/2022\/11\/52TOYS-MB-14-8-90x90.jpg 90w\" sizes=\"(max-width: 800px) 100vw, 800px\" \/><figcaption id=\"caption-attachment-34348\" class=\"wp-caption-text\">52TOYS MB-14 CHINESE DRAGON Azure<\/figcaption><\/figure>\n<figure id=\"attachment_34349\" aria-describedby=\"caption-attachment-34349\" style=\"width: 800px\" class=\"wp-caption aligncenter\"><img loading=\"lazy\" decoding=\"async\" class=\"wp-image-34349 size-full\" src=\"https:\/\/mouldking.store\/wp-content\/uploads\/2022\/11\/52TOYS-MB-14-7.jpg\" alt=\"52TOYS MB-14 CHINESE DRAGON Azure \" width=\"800\" height=\"800\" title=\"-\" srcset=\"https:\/\/mouldking.store\/wp-content\/uploads\/2022\/11\/52TOYS-MB-14-7.jpg 800w, https:\/\/mouldking.store\/wp-content\/uploads\/2022\/11\/52TOYS-MB-14-7-300x300.jpg 300w, https:\/\/mouldking.store\/wp-content\/uploads\/2022\/11\/52TOYS-MB-14-7-768x768.jpg 768w, https:\/\/mouldking.store\/wp-content\/uploads\/2022\/11\/52TOYS-MB-14-7-600x600.jpg 600w, https:\/\/mouldking.store\/wp-content\/uploads\/2022\/11\/52TOYS-MB-14-7-150x150.jpg 150w, https:\/\/mouldking.store\/wp-content\/uploads\/2022\/11\/52TOYS-MB-14-7-60x60.jpg 60w, https:\/\/mouldking.store\/wp-content\/uploads\/2022\/11\/52TOYS-MB-14-7-90x90.jpg 90w\" sizes=\"(max-width: 800px) 100vw, 800px\" \/><figcaption id=\"caption-attachment-34349\" class=\"wp-caption-text\">52TOYS MB-14 CHINESE DRAGON Azure<\/figcaption><\/figure>\n<figure id=\"attachment_34350\" aria-describedby=\"caption-attachment-34350\" style=\"width: 720px\" class=\"wp-caption aligncenter\"><img loading=\"lazy\" decoding=\"async\" class=\"wp-image-34350 size-full\" src=\"https:\/\/mouldking.store\/wp-content\/uploads\/2022\/11\/52TOYS-MB-14-6.jpg\" alt=\"52TOYS MB-14 CHINESE DRAGON Azure \" width=\"720\" height=\"1024\" title=\"-\" srcset=\"https:\/\/mouldking.store\/wp-content\/uploads\/2022\/11\/52TOYS-MB-14-6.jpg 720w, https:\/\/mouldking.store\/wp-content\/uploads\/2022\/11\/52TOYS-MB-14-6-211x300.jpg 211w, https:\/\/mouldking.store\/wp-content\/uploads\/2022\/11\/52TOYS-MB-14-6-300x427.jpg 300w, https:\/\/mouldking.store\/wp-content\/uploads\/2022\/11\/52TOYS-MB-14-6-600x853.jpg 600w, https:\/\/mouldking.store\/wp-content\/uploads\/2022\/11\/52TOYS-MB-14-6-105x150.jpg 105w, https:\/\/mouldking.store\/wp-content\/uploads\/2022\/11\/52TOYS-MB-14-6-42x60.jpg 42w, https:\/\/mouldking.store\/wp-content\/uploads\/2022\/11\/52TOYS-MB-14-6-63x90.jpg 63w\" sizes=\"(max-width: 720px) 100vw, 720px\" \/><figcaption id=\"caption-attachment-34350\" class=\"wp-caption-text\">52TOYS MB-14 CHINESE DRAGON Azure<\/figcaption><\/figure>\n<figure id=\"attachment_34351\" aria-describedby=\"caption-attachment-34351\" style=\"width: 517px\" class=\"wp-caption aligncenter\"><img loading=\"lazy\" decoding=\"async\" class=\"wp-image-34351 size-full\" src=\"https:\/\/mouldking.store\/wp-content\/uploads\/2022\/11\/52TOYS-MB-14-5.jpg\" alt=\"52TOYS MB-14 CHINESE DRAGON Azure \" width=\"517\" height=\"1024\" title=\"-\" srcset=\"https:\/\/mouldking.store\/wp-content\/uploads\/2022\/11\/52TOYS-MB-14-5.jpg 517w, https:\/\/mouldking.store\/wp-content\/uploads\/2022\/11\/52TOYS-MB-14-5-151x300.jpg 151w, https:\/\/mouldking.store\/wp-content\/uploads\/2022\/11\/52TOYS-MB-14-5-300x594.jpg 300w, https:\/\/mouldking.store\/wp-content\/uploads\/2022\/11\/52TOYS-MB-14-5-76x150.jpg 76w, https:\/\/mouldking.store\/wp-content\/uploads\/2022\/11\/52TOYS-MB-14-5-30x60.jpg 30w, https:\/\/mouldking.store\/wp-content\/uploads\/2022\/11\/52TOYS-MB-14-5-45x90.jpg 45w\" sizes=\"(max-width: 517px) 100vw, 517px\" \/><figcaption id=\"caption-attachment-34351\" class=\"wp-caption-text\">52TOYS MB-14 CHINESE DRAGON Azure<\/figcaption><\/figure>\n<figure id=\"attachment_34352\" aria-describedby=\"caption-attachment-34352\" style=\"width: 653px\" class=\"wp-caption aligncenter\"><img loading=\"lazy\" decoding=\"async\" class=\"wp-image-34352 size-full\" src=\"https:\/\/mouldking.store\/wp-content\/uploads\/2022\/11\/52TOYS-MB-14-4.jpg\" alt=\"52TOYS MB-14 CHINESE DRAGON Azure \" width=\"653\" height=\"1024\" title=\"-\" srcset=\"https:\/\/mouldking.store\/wp-content\/uploads\/2022\/11\/52TOYS-MB-14-4.jpg 653w, https:\/\/mouldking.store\/wp-content\/uploads\/2022\/11\/52TOYS-MB-14-4-191x300.jpg 191w, https:\/\/mouldking.store\/wp-content\/uploads\/2022\/11\/52TOYS-MB-14-4-300x470.jpg 300w, https:\/\/mouldking.store\/wp-content\/uploads\/2022\/11\/52TOYS-MB-14-4-600x941.jpg 600w, https:\/\/mouldking.store\/wp-content\/uploads\/2022\/11\/52TOYS-MB-14-4-96x150.jpg 96w, https:\/\/mouldking.store\/wp-content\/uploads\/2022\/11\/52TOYS-MB-14-4-38x60.jpg 38w, https:\/\/mouldking.store\/wp-content\/uploads\/2022\/11\/52TOYS-MB-14-4-57x90.jpg 57w\" sizes=\"(max-width: 653px) 100vw, 653px\" \/><figcaption id=\"caption-attachment-34352\" class=\"wp-caption-text\">52TOYS MB-14 CHINESE DRAGON Azure<\/figcaption><\/figure>\n<figure id=\"attachment_34353\" aria-describedby=\"caption-attachment-34353\" style=\"width: 718px\" class=\"wp-caption aligncenter\"><img loading=\"lazy\" decoding=\"async\" class=\"wp-image-34353 size-full\" src=\"https:\/\/mouldking.store\/wp-content\/uploads\/2022\/11\/52TOYS-MB-14-3.jpg\" alt=\"52TOYS MB-14 CHINESE DRAGON Azure \" width=\"718\" height=\"1024\" title=\"-\" srcset=\"https:\/\/mouldking.store\/wp-content\/uploads\/2022\/11\/52TOYS-MB-14-3.jpg 718w, https:\/\/mouldking.store\/wp-content\/uploads\/2022\/11\/52TOYS-MB-14-3-210x300.jpg 210w, https:\/\/mouldking.store\/wp-content\/uploads\/2022\/11\/52TOYS-MB-14-3-300x428.jpg 300w, https:\/\/mouldking.store\/wp-content\/uploads\/2022\/11\/52TOYS-MB-14-3-600x856.jpg 600w, https:\/\/mouldking.store\/wp-content\/uploads\/2022\/11\/52TOYS-MB-14-3-105x150.jpg 105w, https:\/\/mouldking.store\/wp-content\/uploads\/2022\/11\/52TOYS-MB-14-3-42x60.jpg 42w, https:\/\/mouldking.store\/wp-content\/uploads\/2022\/11\/52TOYS-MB-14-3-63x90.jpg 63w\" sizes=\"(max-width: 718px) 100vw, 718px\" \/><figcaption id=\"caption-attachment-34353\" class=\"wp-caption-text\">52TOYS MB-14 CHINESE DRAGON Azure<\/figcaption><\/figure>\n<figure id=\"attachment_34354\" aria-describedby=\"caption-attachment-34354\" style=\"width: 619px\" class=\"wp-caption aligncenter\"><img loading=\"lazy\" decoding=\"async\" class=\"wp-image-34354 size-full\" src=\"https:\/\/mouldking.store\/wp-content\/uploads\/2022\/11\/52TOYS-MB-14-2.jpg\" alt=\"52TOYS MB-14 CHINESE DRAGON Azure \" width=\"619\" height=\"1024\" title=\"-\" srcset=\"https:\/\/mouldking.store\/wp-content\/uploads\/2022\/11\/52TOYS-MB-14-2.jpg 619w, https:\/\/mouldking.store\/wp-content\/uploads\/2022\/11\/52TOYS-MB-14-2-181x300.jpg 181w, https:\/\/mouldking.store\/wp-content\/uploads\/2022\/11\/52TOYS-MB-14-2-300x496.jpg 300w, https:\/\/mouldking.store\/wp-content\/uploads\/2022\/11\/52TOYS-MB-14-2-600x993.jpg 600w, https:\/\/mouldking.store\/wp-content\/uploads\/2022\/11\/52TOYS-MB-14-2-91x150.jpg 91w, https:\/\/mouldking.store\/wp-content\/uploads\/2022\/11\/52TOYS-MB-14-2-36x60.jpg 36w, https:\/\/mouldking.store\/wp-content\/uploads\/2022\/11\/52TOYS-MB-14-2-54x90.jpg 54w\" sizes=\"(max-width: 619px) 100vw, 619px\" \/><figcaption id=\"caption-attachment-34354\" class=\"wp-caption-text\">52TOYS MB-14 CHINESE DRAGON Azure<\/figcaption><\/figure>\n<figure id=\"attachment_34355\" aria-describedby=\"caption-attachment-34355\" style=\"width: 506px\" class=\"wp-caption aligncenter\"><img loading=\"lazy\" decoding=\"async\" class=\"wp-image-34355 size-full\" src=\"https:\/\/mouldking.store\/wp-content\/uploads\/2022\/11\/52TOYS-MB-14.jpg\" alt=\"52TOYS MB-14 CHINESE DRAGON Azure \" width=\"506\" height=\"1024\" title=\"-\" srcset=\"https:\/\/mouldking.store\/wp-content\/uploads\/2022\/11\/52TOYS-MB-14.jpg 506w, https:\/\/mouldking.store\/wp-content\/uploads\/2022\/11\/52TOYS-MB-14-148x300.jpg 148w, https:\/\/mouldking.store\/wp-content\/uploads\/2022\/11\/52TOYS-MB-14-300x607.jpg 300w, https:\/\/mouldking.store\/wp-content\/uploads\/2022\/11\/52TOYS-MB-14-74x150.jpg 74w, https:\/\/mouldking.store\/wp-content\/uploads\/2022\/11\/52TOYS-MB-14-30x60.jpg 30w, https:\/\/mouldking.store\/wp-content\/uploads\/2022\/11\/52TOYS-MB-14-44x90.jpg 44w\" sizes=\"(max-width: 506px) 100vw, 506px\" \/><figcaption id=\"caption-attachment-34355\" class=\"wp-caption-text\">52TOYS MB-14 CHINESE DRAGON Azure<\/figcaption><\/figure>","protected":false},"excerpt":{"rendered":"<p>Product information: Brand: 52TOYS Gender: Unisex Name: CHINESE DRAGON Azure Age Range: &gt; 6 years old Model Number: MB-14 Classification: Assemblage Plastic Block Shape: Self-Locking Bricks Material: Plastic Plastic Type: ABS Size: \u00a029.5cm Contains detailed assembly instructions. Notice: 1. Without an original box, but we guarantee our products have quality assurance and nice packaging. 2. [&hellip;]<\/p>","protected":false},"featured_media":34346,"comment_status":"closed","ping_status":"closed","template":"","meta":{"_acf_changed":false},"product_cat":[1408],"product_tag":[6179,6901,6897,6899,6462,6900,6902,1771,6898],"class_list":["product","first","instock","shipping-taxable","purchasable","product-type-simple"],"acf":[],"_links":{"self":[{"href":"https:\/\/mouldking.store\/nb\/wp-json\/wp\/v2\/product\/34345","targetHints":{"allow":["GET"]}}],"collection":[{"href":"https:\/\/mouldking.store\/nb\/wp-json\/wp\/v2\/product"}],"about":[{"href":"https:\/\/mouldking.store\/nb\/wp-json\/wp\/v2\/types\/product"}],"replies":[{"embeddable":true,"href":"https:\/\/mouldking.store\/nb\/wp-json\/wp\/v2\/comments?post=34345"}],"wp:featuredmedia":[{"embeddable":true,"href":"https:\/\/mouldking.store\/nb\/wp-json\/wp\/v2\/media\/34346"}],"wp:attachment":[{"href":"https:\/\/mouldking.store\/nb\/wp-json\/wp\/v2\/media?parent=34345"}],"wp:term":[{"taxonomy":"product_cat","embeddable":true,"href":"https:\/\/mouldking.store\/nb\/wp-json\/wp\/v2\/product_cat?post=34345"},{"taxonomy":"product_tag","embeddable":true,"href":"https:\/\/mouldking.store\/nb\/wp-json\/wp\/v2\/product_tag?post=34345"}],"curies":[{"name":"wp","href":"https:\/\/api.w.org\/{rel}","templated":true}]}}