{"id":34547,"date":"2022-11-07T16:33:17","date_gmt":"2022-11-07T09:33:17","guid":{"rendered":"https:\/\/mouldking.store\/?post_type=product&#038;p=34547"},"modified":"2022-11-07T16:33:18","modified_gmt":"2022-11-07T09:33:18","slug":"52toys-bb-17-sharkira-shark","status":"publish","type":"product","link":"https:\/\/mouldking.store\/nb\/shop\/52toys-bb-17-sharkira-shark\/","title":{"rendered":"52LEKER BB-17 SHARKIRA Hai"},"content":{"rendered":"<p>Produktinformasjon:<\/p>\n<ol>\n<li>Merke: 52TOYS<\/li>\n<li>Kj\u00f8nn: Unisex<\/li>\n<li>Name: SHARKIRA Shark<\/li>\n<li>Aldersgruppe: &gt; 6 \u00e5r gammel<\/li>\n<li>Model Number: BB-17<\/li>\n<li>Klassifisering: Montering<\/li>\n<li>Plastblokkform: Selvl\u00e5sende murstein<\/li>\n<li>Materiale: Plast<\/li>\n<li>Plasttype: ABS<\/li>\n<li>Size: 19 cm<\/li>\n<li>Inneholder detaljerte monteringsanvisninger.<\/li>\n<\/ol>\n<p>Legge merke til:<br \/>\n1. Uten original eske, men vi garanterer at v\u00e5re produkter har kvalitetssikring og pen emballasje.<br \/>\n2. Som alle delene vi har sjekket f\u00f8r frakt, s\u00e5 hvis du finner noen deler savnet eller skadet, ikke bekymre deg og bare kontakt oss, s\u00e5 kan vi sende dem til deg p\u00e5 nytt umiddelbart gratis.<\/p>\n<figure id=\"attachment_34548\" aria-describedby=\"caption-attachment-34548\" style=\"width: 800px\" class=\"wp-caption aligncenter\"><img fetchpriority=\"high\" decoding=\"async\" class=\"wp-image-34548 size-full\" src=\"https:\/\/mouldking.store\/wp-content\/uploads\/2022\/11\/52TOYS-BB-17-10.jpg\" alt=\"52TOYS BB-17 SHARKIRA Shark\" width=\"800\" height=\"800\" title=\"-\" srcset=\"https:\/\/mouldking.store\/wp-content\/uploads\/2022\/11\/52TOYS-BB-17-10.jpg 800w, https:\/\/mouldking.store\/wp-content\/uploads\/2022\/11\/52TOYS-BB-17-10-300x300.jpg 300w, https:\/\/mouldking.store\/wp-content\/uploads\/2022\/11\/52TOYS-BB-17-10-768x768.jpg 768w, https:\/\/mouldking.store\/wp-content\/uploads\/2022\/11\/52TOYS-BB-17-10-600x600.jpg 600w, https:\/\/mouldking.store\/wp-content\/uploads\/2022\/11\/52TOYS-BB-17-10-150x150.jpg 150w, https:\/\/mouldking.store\/wp-content\/uploads\/2022\/11\/52TOYS-BB-17-10-60x60.jpg 60w, https:\/\/mouldking.store\/wp-content\/uploads\/2022\/11\/52TOYS-BB-17-10-90x90.jpg 90w\" sizes=\"(max-width: 800px) 100vw, 800px\" \/><figcaption id=\"caption-attachment-34548\" class=\"wp-caption-text\">52LEKER BB-17 SHARKIRA Hai<\/figcaption><\/figure>\n<figure id=\"attachment_34549\" aria-describedby=\"caption-attachment-34549\" style=\"width: 724px\" class=\"wp-caption aligncenter\"><img decoding=\"async\" class=\"wp-image-34549 size-full\" src=\"https:\/\/mouldking.store\/wp-content\/uploads\/2022\/11\/52TOYS-BB-17-9.jpg\" alt=\"52TOYS BB-17 SHARKIRA Shark\" width=\"724\" height=\"1024\" title=\"-\" srcset=\"https:\/\/mouldking.store\/wp-content\/uploads\/2022\/11\/52TOYS-BB-17-9.jpg 724w, https:\/\/mouldking.store\/wp-content\/uploads\/2022\/11\/52TOYS-BB-17-9-212x300.jpg 212w, https:\/\/mouldking.store\/wp-content\/uploads\/2022\/11\/52TOYS-BB-17-9-300x424.jpg 300w, https:\/\/mouldking.store\/wp-content\/uploads\/2022\/11\/52TOYS-BB-17-9-600x849.jpg 600w, https:\/\/mouldking.store\/wp-content\/uploads\/2022\/11\/52TOYS-BB-17-9-106x150.jpg 106w, https:\/\/mouldking.store\/wp-content\/uploads\/2022\/11\/52TOYS-BB-17-9-42x60.jpg 42w, https:\/\/mouldking.store\/wp-content\/uploads\/2022\/11\/52TOYS-BB-17-9-64x90.jpg 64w\" sizes=\"(max-width: 724px) 100vw, 724px\" \/><figcaption id=\"caption-attachment-34549\" class=\"wp-caption-text\">52LEKER BB-17 SHARKIRA Hai<\/figcaption><\/figure>\n<figure id=\"attachment_34550\" aria-describedby=\"caption-attachment-34550\" style=\"width: 750px\" class=\"wp-caption aligncenter\"><img decoding=\"async\" class=\"wp-image-34550 size-full\" src=\"https:\/\/mouldking.store\/wp-content\/uploads\/2022\/11\/52TOYS-BB-17-8.jpg\" alt=\"52TOYS BB-17 SHARKIRA Shark\" width=\"750\" height=\"1000\" title=\"-\" srcset=\"https:\/\/mouldking.store\/wp-content\/uploads\/2022\/11\/52TOYS-BB-17-8.jpg 750w, https:\/\/mouldking.store\/wp-content\/uploads\/2022\/11\/52TOYS-BB-17-8-225x300.jpg 225w, https:\/\/mouldking.store\/wp-content\/uploads\/2022\/11\/52TOYS-BB-17-8-300x400.jpg 300w, https:\/\/mouldking.store\/wp-content\/uploads\/2022\/11\/52TOYS-BB-17-8-600x800.jpg 600w, https:\/\/mouldking.store\/wp-content\/uploads\/2022\/11\/52TOYS-BB-17-8-113x150.jpg 113w, https:\/\/mouldking.store\/wp-content\/uploads\/2022\/11\/52TOYS-BB-17-8-45x60.jpg 45w, https:\/\/mouldking.store\/wp-content\/uploads\/2022\/11\/52TOYS-BB-17-8-68x90.jpg 68w\" sizes=\"(max-width: 750px) 100vw, 750px\" \/><figcaption id=\"caption-attachment-34550\" class=\"wp-caption-text\">52LEKER BB-17 SHARKIRA Hai<\/figcaption><\/figure>\n<figure id=\"attachment_34551\" aria-describedby=\"caption-attachment-34551\" style=\"width: 750px\" class=\"wp-caption aligncenter\"><img loading=\"lazy\" decoding=\"async\" class=\"wp-image-34551 size-full\" src=\"https:\/\/mouldking.store\/wp-content\/uploads\/2022\/11\/52TOYS-BB-17-7.jpg\" alt=\"52TOYS BB-17 SHARKIRA Shark\" width=\"750\" height=\"1000\" title=\"-\" srcset=\"https:\/\/mouldking.store\/wp-content\/uploads\/2022\/11\/52TOYS-BB-17-7.jpg 750w, https:\/\/mouldking.store\/wp-content\/uploads\/2022\/11\/52TOYS-BB-17-7-225x300.jpg 225w, https:\/\/mouldking.store\/wp-content\/uploads\/2022\/11\/52TOYS-BB-17-7-300x400.jpg 300w, https:\/\/mouldking.store\/wp-content\/uploads\/2022\/11\/52TOYS-BB-17-7-600x800.jpg 600w, https:\/\/mouldking.store\/wp-content\/uploads\/2022\/11\/52TOYS-BB-17-7-113x150.jpg 113w, https:\/\/mouldking.store\/wp-content\/uploads\/2022\/11\/52TOYS-BB-17-7-45x60.jpg 45w, https:\/\/mouldking.store\/wp-content\/uploads\/2022\/11\/52TOYS-BB-17-7-68x90.jpg 68w\" sizes=\"(max-width: 750px) 100vw, 750px\" \/><figcaption id=\"caption-attachment-34551\" class=\"wp-caption-text\">52LEKER BB-17 SHARKIRA Hai<\/figcaption><\/figure>\n<figure id=\"attachment_34552\" aria-describedby=\"caption-attachment-34552\" style=\"width: 750px\" class=\"wp-caption aligncenter\"><img loading=\"lazy\" decoding=\"async\" class=\"wp-image-34552 size-full\" src=\"https:\/\/mouldking.store\/wp-content\/uploads\/2022\/11\/52TOYS-BB-17-6.jpg\" alt=\"52TOYS BB-17 SHARKIRA Shark\" width=\"750\" height=\"1000\" title=\"-\" srcset=\"https:\/\/mouldking.store\/wp-content\/uploads\/2022\/11\/52TOYS-BB-17-6.jpg 750w, https:\/\/mouldking.store\/wp-content\/uploads\/2022\/11\/52TOYS-BB-17-6-225x300.jpg 225w, https:\/\/mouldking.store\/wp-content\/uploads\/2022\/11\/52TOYS-BB-17-6-300x400.jpg 300w, https:\/\/mouldking.store\/wp-content\/uploads\/2022\/11\/52TOYS-BB-17-6-600x800.jpg 600w, https:\/\/mouldking.store\/wp-content\/uploads\/2022\/11\/52TOYS-BB-17-6-113x150.jpg 113w, https:\/\/mouldking.store\/wp-content\/uploads\/2022\/11\/52TOYS-BB-17-6-45x60.jpg 45w, https:\/\/mouldking.store\/wp-content\/uploads\/2022\/11\/52TOYS-BB-17-6-68x90.jpg 68w\" sizes=\"(max-width: 750px) 100vw, 750px\" \/><figcaption id=\"caption-attachment-34552\" class=\"wp-caption-text\">52LEKER BB-17 SHARKIRA Hai<\/figcaption><\/figure>\n<figure id=\"attachment_34553\" aria-describedby=\"caption-attachment-34553\" style=\"width: 724px\" class=\"wp-caption aligncenter\"><img loading=\"lazy\" decoding=\"async\" class=\"wp-image-34553 size-full\" src=\"https:\/\/mouldking.store\/wp-content\/uploads\/2022\/11\/52TOYS-BB-17-5.jpg\" alt=\"52TOYS BB-17 SHARKIRA Shark\" width=\"724\" height=\"1024\" title=\"-\" srcset=\"https:\/\/mouldking.store\/wp-content\/uploads\/2022\/11\/52TOYS-BB-17-5.jpg 724w, https:\/\/mouldking.store\/wp-content\/uploads\/2022\/11\/52TOYS-BB-17-5-212x300.jpg 212w, https:\/\/mouldking.store\/wp-content\/uploads\/2022\/11\/52TOYS-BB-17-5-300x424.jpg 300w, https:\/\/mouldking.store\/wp-content\/uploads\/2022\/11\/52TOYS-BB-17-5-600x849.jpg 600w, https:\/\/mouldking.store\/wp-content\/uploads\/2022\/11\/52TOYS-BB-17-5-106x150.jpg 106w, https:\/\/mouldking.store\/wp-content\/uploads\/2022\/11\/52TOYS-BB-17-5-42x60.jpg 42w, https:\/\/mouldking.store\/wp-content\/uploads\/2022\/11\/52TOYS-BB-17-5-64x90.jpg 64w\" sizes=\"(max-width: 724px) 100vw, 724px\" \/><figcaption id=\"caption-attachment-34553\" class=\"wp-caption-text\">52LEKER BB-17 SHARKIRA Hai<\/figcaption><\/figure>\n<figure id=\"attachment_34554\" aria-describedby=\"caption-attachment-34554\" style=\"width: 855px\" class=\"wp-caption aligncenter\"><img loading=\"lazy\" decoding=\"async\" class=\"wp-image-34554 size-full\" src=\"https:\/\/mouldking.store\/wp-content\/uploads\/2022\/11\/52TOYS-BB-17-4.jpg\" alt=\"52TOYS BB-17 SHARKIRA Shark\" width=\"855\" height=\"1024\" title=\"-\" srcset=\"https:\/\/mouldking.store\/wp-content\/uploads\/2022\/11\/52TOYS-BB-17-4.jpg 855w, https:\/\/mouldking.store\/wp-content\/uploads\/2022\/11\/52TOYS-BB-17-4-250x300.jpg 250w, https:\/\/mouldking.store\/wp-content\/uploads\/2022\/11\/52TOYS-BB-17-4-768x920.jpg 768w, https:\/\/mouldking.store\/wp-content\/uploads\/2022\/11\/52TOYS-BB-17-4-300x359.jpg 300w, https:\/\/mouldking.store\/wp-content\/uploads\/2022\/11\/52TOYS-BB-17-4-600x719.jpg 600w, https:\/\/mouldking.store\/wp-content\/uploads\/2022\/11\/52TOYS-BB-17-4-125x150.jpg 125w, https:\/\/mouldking.store\/wp-content\/uploads\/2022\/11\/52TOYS-BB-17-4-50x60.jpg 50w, https:\/\/mouldking.store\/wp-content\/uploads\/2022\/11\/52TOYS-BB-17-4-75x90.jpg 75w\" sizes=\"(max-width: 855px) 100vw, 855px\" \/><figcaption id=\"caption-attachment-34554\" class=\"wp-caption-text\">52LEKER BB-17 SHARKIRA Hai<\/figcaption><\/figure>\n<figure id=\"attachment_34555\" aria-describedby=\"caption-attachment-34555\" style=\"width: 579px\" class=\"wp-caption aligncenter\"><img loading=\"lazy\" decoding=\"async\" class=\"wp-image-34555 size-full\" src=\"https:\/\/mouldking.store\/wp-content\/uploads\/2022\/11\/52TOYS-BB-17-3.jpg\" alt=\"52TOYS BB-17 SHARKIRA Shark\" width=\"579\" height=\"1024\" title=\"-\" srcset=\"https:\/\/mouldking.store\/wp-content\/uploads\/2022\/11\/52TOYS-BB-17-3.jpg 579w, https:\/\/mouldking.store\/wp-content\/uploads\/2022\/11\/52TOYS-BB-17-3-170x300.jpg 170w, https:\/\/mouldking.store\/wp-content\/uploads\/2022\/11\/52TOYS-BB-17-3-300x531.jpg 300w, https:\/\/mouldking.store\/wp-content\/uploads\/2022\/11\/52TOYS-BB-17-3-85x150.jpg 85w, https:\/\/mouldking.store\/wp-content\/uploads\/2022\/11\/52TOYS-BB-17-3-34x60.jpg 34w, https:\/\/mouldking.store\/wp-content\/uploads\/2022\/11\/52TOYS-BB-17-3-51x90.jpg 51w\" sizes=\"(max-width: 579px) 100vw, 579px\" \/><figcaption id=\"caption-attachment-34555\" class=\"wp-caption-text\">52LEKER BB-17 SHARKIRA Hai<\/figcaption><\/figure>\n<figure id=\"attachment_34556\" aria-describedby=\"caption-attachment-34556\" style=\"width: 612px\" class=\"wp-caption aligncenter\"><img loading=\"lazy\" decoding=\"async\" class=\"wp-image-34556 size-full\" src=\"https:\/\/mouldking.store\/wp-content\/uploads\/2022\/11\/52TOYS-BB-17-2.jpg\" alt=\"52TOYS BB-17 SHARKIRA Shark\" width=\"612\" height=\"1024\" title=\"-\" srcset=\"https:\/\/mouldking.store\/wp-content\/uploads\/2022\/11\/52TOYS-BB-17-2.jpg 612w, https:\/\/mouldking.store\/wp-content\/uploads\/2022\/11\/52TOYS-BB-17-2-179x300.jpg 179w, https:\/\/mouldking.store\/wp-content\/uploads\/2022\/11\/52TOYS-BB-17-2-300x502.jpg 300w, https:\/\/mouldking.store\/wp-content\/uploads\/2022\/11\/52TOYS-BB-17-2-600x1004.jpg 600w, https:\/\/mouldking.store\/wp-content\/uploads\/2022\/11\/52TOYS-BB-17-2-90x150.jpg 90w, https:\/\/mouldking.store\/wp-content\/uploads\/2022\/11\/52TOYS-BB-17-2-36x60.jpg 36w, https:\/\/mouldking.store\/wp-content\/uploads\/2022\/11\/52TOYS-BB-17-2-54x90.jpg 54w\" sizes=\"(max-width: 612px) 100vw, 612px\" \/><figcaption id=\"caption-attachment-34556\" class=\"wp-caption-text\">52LEKER BB-17 SHARKIRA Hai<\/figcaption><\/figure>\n<figure id=\"attachment_34557\" aria-describedby=\"caption-attachment-34557\" style=\"width: 648px\" class=\"wp-caption aligncenter\"><img loading=\"lazy\" decoding=\"async\" class=\"wp-image-34557 size-full\" src=\"https:\/\/mouldking.store\/wp-content\/uploads\/2022\/11\/52TOYS-BB-17.jpg\" alt=\"52TOYS BB-17 SHARKIRA Shark\" width=\"648\" height=\"1024\" title=\"-\" srcset=\"https:\/\/mouldking.store\/wp-content\/uploads\/2022\/11\/52TOYS-BB-17.jpg 648w, https:\/\/mouldking.store\/wp-content\/uploads\/2022\/11\/52TOYS-BB-17-190x300.jpg 190w, https:\/\/mouldking.store\/wp-content\/uploads\/2022\/11\/52TOYS-BB-17-300x474.jpg 300w, https:\/\/mouldking.store\/wp-content\/uploads\/2022\/11\/52TOYS-BB-17-600x948.jpg 600w, https:\/\/mouldking.store\/wp-content\/uploads\/2022\/11\/52TOYS-BB-17-95x150.jpg 95w, https:\/\/mouldking.store\/wp-content\/uploads\/2022\/11\/52TOYS-BB-17-38x60.jpg 38w, https:\/\/mouldking.store\/wp-content\/uploads\/2022\/11\/52TOYS-BB-17-57x90.jpg 57w\" sizes=\"(max-width: 648px) 100vw, 648px\" \/><figcaption id=\"caption-attachment-34557\" class=\"wp-caption-text\">52LEKER BB-17 SHARKIRA Hai<\/figcaption><\/figure>","protected":false},"excerpt":{"rendered":"<p>Product information: Brand: 52TOYS Gender: Unisex Name: SHARKIRA Shark Age Range: &gt; 6 years old Model Number: BB-17 Classification: Assemblage Plastic Block Shape: Self-Locking Bricks Material: Plastic Plastic Type: ABS Size: 19 cm Contains detailed assembly instructions. Notice: 1. Without an original box, but we guarantee our products have quality assurance and nice packaging. 2. [&hellip;]<\/p>","protected":false},"featured_media":34548,"comment_status":"closed","ping_status":"closed","template":"","meta":{"_acf_changed":false},"product_cat":[1365],"product_tag":[6179,7010,7007,7008,5969,7009,7011],"class_list":["product","first","instock","shipping-taxable","purchasable","product-type-simple"],"acf":[],"_links":{"self":[{"href":"https:\/\/mouldking.store\/nb\/wp-json\/wp\/v2\/product\/34547","targetHints":{"allow":["GET"]}}],"collection":[{"href":"https:\/\/mouldking.store\/nb\/wp-json\/wp\/v2\/product"}],"about":[{"href":"https:\/\/mouldking.store\/nb\/wp-json\/wp\/v2\/types\/product"}],"replies":[{"embeddable":true,"href":"https:\/\/mouldking.store\/nb\/wp-json\/wp\/v2\/comments?post=34547"}],"wp:featuredmedia":[{"embeddable":true,"href":"https:\/\/mouldking.store\/nb\/wp-json\/wp\/v2\/media\/34548"}],"wp:attachment":[{"href":"https:\/\/mouldking.store\/nb\/wp-json\/wp\/v2\/media?parent=34547"}],"wp:term":[{"taxonomy":"product_cat","embeddable":true,"href":"https:\/\/mouldking.store\/nb\/wp-json\/wp\/v2\/product_cat?post=34547"},{"taxonomy":"product_tag","embeddable":true,"href":"https:\/\/mouldking.store\/nb\/wp-json\/wp\/v2\/product_tag?post=34547"}],"curies":[{"name":"wp","href":"https:\/\/api.w.org\/{rel}","templated":true}]}}