{"id":34624,"date":"2022-11-07T17:32:51","date_gmt":"2022-11-07T10:32:51","guid":{"rendered":"https:\/\/mouldking.store\/?post_type=product&#038;p=34624"},"modified":"2022-11-07T17:32:52","modified_gmt":"2022-11-07T10:32:52","slug":"52toys-bb-31ch-chromeribs","status":"publish","type":"product","link":"https:\/\/mouldking.store\/nb\/shop\/52toys-bb-31ch-chromeribs\/","title":{"rendered":"52LEKER BB-31CH CHROMERIBS"},"content":{"rendered":"<p>Produktinformasjon:<\/p>\n<ol>\n<li>Merke: 52TOYS<\/li>\n<li>Kj\u00f8nn: Unisex<\/li>\n<li>Name: CHROMERIBS<\/li>\n<li>Aldersgruppe: &gt; 6 \u00e5r gammel<\/li>\n<li>Model Number: BB-31CH<\/li>\n<li>Klassifisering: Montering<\/li>\n<li>Plastblokkform: Selvl\u00e5sende murstein<\/li>\n<li>Materiale: Plast<\/li>\n<li>Plasttype: ABS<\/li>\n<li>Size: 17.5 cm<\/li>\n<li>Inneholder detaljerte monteringsanvisninger.<\/li>\n<\/ol>\n<p>Legge merke til:<br \/>\n1. Uten original eske, men vi garanterer at v\u00e5re produkter har kvalitetssikring og pen emballasje.<br \/>\n2. Som alle delene vi har sjekket f\u00f8r frakt, s\u00e5 hvis du finner noen deler savnet eller skadet, ikke bekymre deg og bare kontakt oss, s\u00e5 kan vi sende dem til deg p\u00e5 nytt umiddelbart gratis.<\/p>\n<figure id=\"attachment_34625\" aria-describedby=\"caption-attachment-34625\" style=\"width: 800px\" class=\"wp-caption aligncenter\"><img fetchpriority=\"high\" decoding=\"async\" class=\"wp-image-34625 size-full\" src=\"https:\/\/mouldking.store\/wp-content\/uploads\/2022\/11\/52TOYS-BB-31CH-13.jpg\" alt=\"52TOYS BB-31CH CHROMERIBS \" width=\"800\" height=\"800\" title=\"-\" srcset=\"https:\/\/mouldking.store\/wp-content\/uploads\/2022\/11\/52TOYS-BB-31CH-13.jpg 800w, https:\/\/mouldking.store\/wp-content\/uploads\/2022\/11\/52TOYS-BB-31CH-13-300x300.jpg 300w, https:\/\/mouldking.store\/wp-content\/uploads\/2022\/11\/52TOYS-BB-31CH-13-768x768.jpg 768w, https:\/\/mouldking.store\/wp-content\/uploads\/2022\/11\/52TOYS-BB-31CH-13-600x600.jpg 600w, https:\/\/mouldking.store\/wp-content\/uploads\/2022\/11\/52TOYS-BB-31CH-13-150x150.jpg 150w, https:\/\/mouldking.store\/wp-content\/uploads\/2022\/11\/52TOYS-BB-31CH-13-60x60.jpg 60w, https:\/\/mouldking.store\/wp-content\/uploads\/2022\/11\/52TOYS-BB-31CH-13-90x90.jpg 90w\" sizes=\"(max-width: 800px) 100vw, 800px\" \/><figcaption id=\"caption-attachment-34625\" class=\"wp-caption-text\">52LEKER BB-31CH CHROMERIBS<\/figcaption><\/figure>\n<figure id=\"attachment_34626\" aria-describedby=\"caption-attachment-34626\" style=\"width: 800px\" class=\"wp-caption aligncenter\"><img decoding=\"async\" class=\"wp-image-34626 size-full\" src=\"https:\/\/mouldking.store\/wp-content\/uploads\/2022\/11\/52TOYS-BB-31CH-12.jpg\" alt=\"52TOYS BB-31CH CHROMERIBS \" width=\"800\" height=\"800\" title=\"-\" srcset=\"https:\/\/mouldking.store\/wp-content\/uploads\/2022\/11\/52TOYS-BB-31CH-12.jpg 800w, https:\/\/mouldking.store\/wp-content\/uploads\/2022\/11\/52TOYS-BB-31CH-12-300x300.jpg 300w, https:\/\/mouldking.store\/wp-content\/uploads\/2022\/11\/52TOYS-BB-31CH-12-768x768.jpg 768w, https:\/\/mouldking.store\/wp-content\/uploads\/2022\/11\/52TOYS-BB-31CH-12-600x600.jpg 600w, https:\/\/mouldking.store\/wp-content\/uploads\/2022\/11\/52TOYS-BB-31CH-12-150x150.jpg 150w, https:\/\/mouldking.store\/wp-content\/uploads\/2022\/11\/52TOYS-BB-31CH-12-60x60.jpg 60w, https:\/\/mouldking.store\/wp-content\/uploads\/2022\/11\/52TOYS-BB-31CH-12-90x90.jpg 90w\" sizes=\"(max-width: 800px) 100vw, 800px\" \/><figcaption id=\"caption-attachment-34626\" class=\"wp-caption-text\">52LEKER BB-31CH CHROMERIBS<\/figcaption><\/figure>\n<figure id=\"attachment_34627\" aria-describedby=\"caption-attachment-34627\" style=\"width: 800px\" class=\"wp-caption aligncenter\"><img decoding=\"async\" class=\"wp-image-34627 size-full\" src=\"https:\/\/mouldking.store\/wp-content\/uploads\/2022\/11\/52TOYS-BB-31CH-11.jpg\" alt=\"52TOYS BB-31CH CHROMERIBS \" width=\"800\" height=\"800\" title=\"-\" srcset=\"https:\/\/mouldking.store\/wp-content\/uploads\/2022\/11\/52TOYS-BB-31CH-11.jpg 800w, https:\/\/mouldking.store\/wp-content\/uploads\/2022\/11\/52TOYS-BB-31CH-11-300x300.jpg 300w, https:\/\/mouldking.store\/wp-content\/uploads\/2022\/11\/52TOYS-BB-31CH-11-768x768.jpg 768w, https:\/\/mouldking.store\/wp-content\/uploads\/2022\/11\/52TOYS-BB-31CH-11-600x600.jpg 600w, https:\/\/mouldking.store\/wp-content\/uploads\/2022\/11\/52TOYS-BB-31CH-11-150x150.jpg 150w, https:\/\/mouldking.store\/wp-content\/uploads\/2022\/11\/52TOYS-BB-31CH-11-60x60.jpg 60w, https:\/\/mouldking.store\/wp-content\/uploads\/2022\/11\/52TOYS-BB-31CH-11-90x90.jpg 90w\" sizes=\"(max-width: 800px) 100vw, 800px\" \/><figcaption id=\"caption-attachment-34627\" class=\"wp-caption-text\">52LEKER BB-31CH CHROMERIBS<\/figcaption><\/figure>\n<figure id=\"attachment_34628\" aria-describedby=\"caption-attachment-34628\" style=\"width: 800px\" class=\"wp-caption aligncenter\"><img loading=\"lazy\" decoding=\"async\" class=\"wp-image-34628 size-full\" src=\"https:\/\/mouldking.store\/wp-content\/uploads\/2022\/11\/52TOYS-BB-31CH-10.jpg\" alt=\"52TOYS BB-31CH CHROMERIBS \" width=\"800\" height=\"800\" title=\"-\" srcset=\"https:\/\/mouldking.store\/wp-content\/uploads\/2022\/11\/52TOYS-BB-31CH-10.jpg 800w, https:\/\/mouldking.store\/wp-content\/uploads\/2022\/11\/52TOYS-BB-31CH-10-300x300.jpg 300w, https:\/\/mouldking.store\/wp-content\/uploads\/2022\/11\/52TOYS-BB-31CH-10-768x768.jpg 768w, https:\/\/mouldking.store\/wp-content\/uploads\/2022\/11\/52TOYS-BB-31CH-10-600x600.jpg 600w, https:\/\/mouldking.store\/wp-content\/uploads\/2022\/11\/52TOYS-BB-31CH-10-150x150.jpg 150w, https:\/\/mouldking.store\/wp-content\/uploads\/2022\/11\/52TOYS-BB-31CH-10-60x60.jpg 60w, https:\/\/mouldking.store\/wp-content\/uploads\/2022\/11\/52TOYS-BB-31CH-10-90x90.jpg 90w\" sizes=\"(max-width: 800px) 100vw, 800px\" \/><figcaption id=\"caption-attachment-34628\" class=\"wp-caption-text\">52LEKER BB-31CH CHROMERIBS<\/figcaption><\/figure>\n<figure id=\"attachment_34629\" aria-describedby=\"caption-attachment-34629\" style=\"width: 790px\" class=\"wp-caption aligncenter\"><img loading=\"lazy\" decoding=\"async\" class=\"wp-image-34629 size-full\" src=\"https:\/\/mouldking.store\/wp-content\/uploads\/2022\/11\/52TOYS-BB-31CH-9.jpg\" alt=\"52TOYS BB-31CH CHROMERIBS \" width=\"790\" height=\"1013\" title=\"-\" srcset=\"https:\/\/mouldking.store\/wp-content\/uploads\/2022\/11\/52TOYS-BB-31CH-9.jpg 790w, https:\/\/mouldking.store\/wp-content\/uploads\/2022\/11\/52TOYS-BB-31CH-9-234x300.jpg 234w, https:\/\/mouldking.store\/wp-content\/uploads\/2022\/11\/52TOYS-BB-31CH-9-768x985.jpg 768w, https:\/\/mouldking.store\/wp-content\/uploads\/2022\/11\/52TOYS-BB-31CH-9-300x385.jpg 300w, https:\/\/mouldking.store\/wp-content\/uploads\/2022\/11\/52TOYS-BB-31CH-9-600x769.jpg 600w, https:\/\/mouldking.store\/wp-content\/uploads\/2022\/11\/52TOYS-BB-31CH-9-117x150.jpg 117w, https:\/\/mouldking.store\/wp-content\/uploads\/2022\/11\/52TOYS-BB-31CH-9-47x60.jpg 47w, https:\/\/mouldking.store\/wp-content\/uploads\/2022\/11\/52TOYS-BB-31CH-9-70x90.jpg 70w\" sizes=\"(max-width: 790px) 100vw, 790px\" \/><figcaption id=\"caption-attachment-34629\" class=\"wp-caption-text\">52LEKER BB-31CH CHROMERIBS<\/figcaption><\/figure>\n<figure id=\"attachment_34630\" aria-describedby=\"caption-attachment-34630\" style=\"width: 737px\" class=\"wp-caption aligncenter\"><img loading=\"lazy\" decoding=\"async\" class=\"wp-image-34630 size-full\" src=\"https:\/\/mouldking.store\/wp-content\/uploads\/2022\/11\/52TOYS-BB-31CH-8.jpg\" alt=\"52TOYS BB-31CH CHROMERIBS \" width=\"737\" height=\"1024\" title=\"-\" srcset=\"https:\/\/mouldking.store\/wp-content\/uploads\/2022\/11\/52TOYS-BB-31CH-8.jpg 737w, https:\/\/mouldking.store\/wp-content\/uploads\/2022\/11\/52TOYS-BB-31CH-8-216x300.jpg 216w, https:\/\/mouldking.store\/wp-content\/uploads\/2022\/11\/52TOYS-BB-31CH-8-300x417.jpg 300w, https:\/\/mouldking.store\/wp-content\/uploads\/2022\/11\/52TOYS-BB-31CH-8-600x834.jpg 600w, https:\/\/mouldking.store\/wp-content\/uploads\/2022\/11\/52TOYS-BB-31CH-8-108x150.jpg 108w, https:\/\/mouldking.store\/wp-content\/uploads\/2022\/11\/52TOYS-BB-31CH-8-43x60.jpg 43w, https:\/\/mouldking.store\/wp-content\/uploads\/2022\/11\/52TOYS-BB-31CH-8-65x90.jpg 65w\" sizes=\"(max-width: 737px) 100vw, 737px\" \/><figcaption id=\"caption-attachment-34630\" class=\"wp-caption-text\">52LEKER BB-31CH CHROMERIBS<\/figcaption><\/figure>\n<figure id=\"attachment_34631\" aria-describedby=\"caption-attachment-34631\" style=\"width: 790px\" class=\"wp-caption aligncenter\"><img loading=\"lazy\" decoding=\"async\" class=\"wp-image-34631 size-full\" src=\"https:\/\/mouldking.store\/wp-content\/uploads\/2022\/11\/52TOYS-BB-31CH-7.jpg\" alt=\"52TOYS BB-31CH CHROMERIBS \" width=\"790\" height=\"534\" title=\"-\" srcset=\"https:\/\/mouldking.store\/wp-content\/uploads\/2022\/11\/52TOYS-BB-31CH-7.jpg 790w, https:\/\/mouldking.store\/wp-content\/uploads\/2022\/11\/52TOYS-BB-31CH-7-300x203.jpg 300w, https:\/\/mouldking.store\/wp-content\/uploads\/2022\/11\/52TOYS-BB-31CH-7-768x519.jpg 768w, https:\/\/mouldking.store\/wp-content\/uploads\/2022\/11\/52TOYS-BB-31CH-7-600x406.jpg 600w, https:\/\/mouldking.store\/wp-content\/uploads\/2022\/11\/52TOYS-BB-31CH-7-150x101.jpg 150w, https:\/\/mouldking.store\/wp-content\/uploads\/2022\/11\/52TOYS-BB-31CH-7-89x60.jpg 89w, https:\/\/mouldking.store\/wp-content\/uploads\/2022\/11\/52TOYS-BB-31CH-7-133x90.jpg 133w\" sizes=\"(max-width: 790px) 100vw, 790px\" \/><figcaption id=\"caption-attachment-34631\" class=\"wp-caption-text\">52LEKER BB-31CH CHROMERIBS<\/figcaption><\/figure>\n<figure id=\"attachment_34632\" aria-describedby=\"caption-attachment-34632\" style=\"width: 790px\" class=\"wp-caption aligncenter\"><img loading=\"lazy\" decoding=\"async\" class=\"wp-image-34632 size-full\" src=\"https:\/\/mouldking.store\/wp-content\/uploads\/2022\/11\/52TOYS-BB-31CH-6.jpg\" alt=\"52TOYS BB-31CH CHROMERIBS \" width=\"790\" height=\"534\" title=\"-\" srcset=\"https:\/\/mouldking.store\/wp-content\/uploads\/2022\/11\/52TOYS-BB-31CH-6.jpg 790w, https:\/\/mouldking.store\/wp-content\/uploads\/2022\/11\/52TOYS-BB-31CH-6-300x203.jpg 300w, https:\/\/mouldking.store\/wp-content\/uploads\/2022\/11\/52TOYS-BB-31CH-6-768x519.jpg 768w, https:\/\/mouldking.store\/wp-content\/uploads\/2022\/11\/52TOYS-BB-31CH-6-600x406.jpg 600w, https:\/\/mouldking.store\/wp-content\/uploads\/2022\/11\/52TOYS-BB-31CH-6-150x101.jpg 150w, https:\/\/mouldking.store\/wp-content\/uploads\/2022\/11\/52TOYS-BB-31CH-6-89x60.jpg 89w, https:\/\/mouldking.store\/wp-content\/uploads\/2022\/11\/52TOYS-BB-31CH-6-133x90.jpg 133w\" sizes=\"(max-width: 790px) 100vw, 790px\" \/><figcaption id=\"caption-attachment-34632\" class=\"wp-caption-text\">52LEKER BB-31CH CHROMERIBS<\/figcaption><\/figure>\n<figure id=\"attachment_34633\" aria-describedby=\"caption-attachment-34633\" style=\"width: 667px\" class=\"wp-caption aligncenter\"><img loading=\"lazy\" decoding=\"async\" class=\"wp-image-34633 size-full\" src=\"https:\/\/mouldking.store\/wp-content\/uploads\/2022\/11\/52TOYS-BB-31CH-5.jpg\" alt=\"52TOYS BB-31CH CHROMERIBS \" width=\"667\" height=\"1024\" title=\"-\" srcset=\"https:\/\/mouldking.store\/wp-content\/uploads\/2022\/11\/52TOYS-BB-31CH-5.jpg 667w, https:\/\/mouldking.store\/wp-content\/uploads\/2022\/11\/52TOYS-BB-31CH-5-195x300.jpg 195w, https:\/\/mouldking.store\/wp-content\/uploads\/2022\/11\/52TOYS-BB-31CH-5-300x461.jpg 300w, https:\/\/mouldking.store\/wp-content\/uploads\/2022\/11\/52TOYS-BB-31CH-5-600x921.jpg 600w, https:\/\/mouldking.store\/wp-content\/uploads\/2022\/11\/52TOYS-BB-31CH-5-98x150.jpg 98w, https:\/\/mouldking.store\/wp-content\/uploads\/2022\/11\/52TOYS-BB-31CH-5-39x60.jpg 39w, https:\/\/mouldking.store\/wp-content\/uploads\/2022\/11\/52TOYS-BB-31CH-5-59x90.jpg 59w\" sizes=\"(max-width: 667px) 100vw, 667px\" \/><figcaption id=\"caption-attachment-34633\" class=\"wp-caption-text\">52LEKER BB-31CH CHROMERIBS<\/figcaption><\/figure>\n<figure id=\"attachment_34634\" aria-describedby=\"caption-attachment-34634\" style=\"width: 661px\" class=\"wp-caption aligncenter\"><img loading=\"lazy\" decoding=\"async\" class=\"wp-image-34634 size-full\" src=\"https:\/\/mouldking.store\/wp-content\/uploads\/2022\/11\/52TOYS-BB-31CH-4.jpg\" alt=\"52TOYS BB-31CH CHROMERIBS \" width=\"661\" height=\"1024\" title=\"-\" srcset=\"https:\/\/mouldking.store\/wp-content\/uploads\/2022\/11\/52TOYS-BB-31CH-4.jpg 661w, https:\/\/mouldking.store\/wp-content\/uploads\/2022\/11\/52TOYS-BB-31CH-4-194x300.jpg 194w, https:\/\/mouldking.store\/wp-content\/uploads\/2022\/11\/52TOYS-BB-31CH-4-300x465.jpg 300w, https:\/\/mouldking.store\/wp-content\/uploads\/2022\/11\/52TOYS-BB-31CH-4-600x930.jpg 600w, https:\/\/mouldking.store\/wp-content\/uploads\/2022\/11\/52TOYS-BB-31CH-4-97x150.jpg 97w, https:\/\/mouldking.store\/wp-content\/uploads\/2022\/11\/52TOYS-BB-31CH-4-39x60.jpg 39w, https:\/\/mouldking.store\/wp-content\/uploads\/2022\/11\/52TOYS-BB-31CH-4-58x90.jpg 58w\" sizes=\"(max-width: 661px) 100vw, 661px\" \/><figcaption id=\"caption-attachment-34634\" class=\"wp-caption-text\">52LEKER BB-31CH CHROMERIBS<\/figcaption><\/figure>\n<figure id=\"attachment_34635\" aria-describedby=\"caption-attachment-34635\" style=\"width: 764px\" class=\"wp-caption aligncenter\"><img loading=\"lazy\" decoding=\"async\" class=\"wp-image-34635 size-full\" src=\"https:\/\/mouldking.store\/wp-content\/uploads\/2022\/11\/52TOYS-BB-31CH-3.jpg\" alt=\"52TOYS BB-31CH CHROMERIBS \" width=\"764\" height=\"1024\" title=\"-\" srcset=\"https:\/\/mouldking.store\/wp-content\/uploads\/2022\/11\/52TOYS-BB-31CH-3.jpg 764w, https:\/\/mouldking.store\/wp-content\/uploads\/2022\/11\/52TOYS-BB-31CH-3-224x300.jpg 224w, https:\/\/mouldking.store\/wp-content\/uploads\/2022\/11\/52TOYS-BB-31CH-3-300x402.jpg 300w, https:\/\/mouldking.store\/wp-content\/uploads\/2022\/11\/52TOYS-BB-31CH-3-600x804.jpg 600w, https:\/\/mouldking.store\/wp-content\/uploads\/2022\/11\/52TOYS-BB-31CH-3-112x150.jpg 112w, https:\/\/mouldking.store\/wp-content\/uploads\/2022\/11\/52TOYS-BB-31CH-3-45x60.jpg 45w, https:\/\/mouldking.store\/wp-content\/uploads\/2022\/11\/52TOYS-BB-31CH-3-67x90.jpg 67w\" sizes=\"(max-width: 764px) 100vw, 764px\" \/><figcaption id=\"caption-attachment-34635\" class=\"wp-caption-text\">52LEKER BB-31CH CHROMERIBS<\/figcaption><\/figure>\n<figure id=\"attachment_34636\" aria-describedby=\"caption-attachment-34636\" style=\"width: 1024px\" class=\"wp-caption aligncenter\"><img loading=\"lazy\" decoding=\"async\" class=\"wp-image-34636 size-full\" src=\"https:\/\/mouldking.store\/wp-content\/uploads\/2022\/11\/52TOYS-BB-31CH-2.jpg\" alt=\"52TOYS BB-31CH CHROMERIBS \" width=\"1024\" height=\"965\" title=\"-\" srcset=\"https:\/\/mouldking.store\/wp-content\/uploads\/2022\/11\/52TOYS-BB-31CH-2.jpg 1024w, https:\/\/mouldking.store\/wp-content\/uploads\/2022\/11\/52TOYS-BB-31CH-2-300x283.jpg 300w, https:\/\/mouldking.store\/wp-content\/uploads\/2022\/11\/52TOYS-BB-31CH-2-768x724.jpg 768w, https:\/\/mouldking.store\/wp-content\/uploads\/2022\/11\/52TOYS-BB-31CH-2-600x565.jpg 600w, https:\/\/mouldking.store\/wp-content\/uploads\/2022\/11\/52TOYS-BB-31CH-2-150x141.jpg 150w, https:\/\/mouldking.store\/wp-content\/uploads\/2022\/11\/52TOYS-BB-31CH-2-64x60.jpg 64w, https:\/\/mouldking.store\/wp-content\/uploads\/2022\/11\/52TOYS-BB-31CH-2-96x90.jpg 96w\" sizes=\"(max-width: 1024px) 100vw, 1024px\" \/><figcaption id=\"caption-attachment-34636\" class=\"wp-caption-text\">52LEKER BB-31CH CHROMERIBS<\/figcaption><\/figure>\n<figure id=\"attachment_34637\" aria-describedby=\"caption-attachment-34637\" style=\"width: 515px\" class=\"wp-caption aligncenter\"><img loading=\"lazy\" decoding=\"async\" class=\"wp-image-34637 size-full\" src=\"https:\/\/mouldking.store\/wp-content\/uploads\/2022\/11\/52TOYS-BB-31CH.jpg\" alt=\"52TOYS BB-31CH CHROMERIBS \" width=\"515\" height=\"1024\" title=\"-\" srcset=\"https:\/\/mouldking.store\/wp-content\/uploads\/2022\/11\/52TOYS-BB-31CH.jpg 515w, https:\/\/mouldking.store\/wp-content\/uploads\/2022\/11\/52TOYS-BB-31CH-151x300.jpg 151w, https:\/\/mouldking.store\/wp-content\/uploads\/2022\/11\/52TOYS-BB-31CH-300x597.jpg 300w, https:\/\/mouldking.store\/wp-content\/uploads\/2022\/11\/52TOYS-BB-31CH-75x150.jpg 75w, https:\/\/mouldking.store\/wp-content\/uploads\/2022\/11\/52TOYS-BB-31CH-30x60.jpg 30w, https:\/\/mouldking.store\/wp-content\/uploads\/2022\/11\/52TOYS-BB-31CH-45x90.jpg 45w\" sizes=\"(max-width: 515px) 100vw, 515px\" \/><figcaption id=\"caption-attachment-34637\" class=\"wp-caption-text\">52LEKER BB-31CH CHROMERIBS<\/figcaption><\/figure>","protected":false},"excerpt":{"rendered":"<p>Product information: Brand: 52TOYS Gender: Unisex Name: CHROMERIBS Age Range: &gt; 6 years old Model Number: BB-31CH Classification: Assemblage Plastic Block Shape: Self-Locking Bricks Material: Plastic Plastic Type: ABS Size: 17.5 cm Contains detailed assembly instructions. Notice: 1. Without an original box, but we guarantee our products have quality assurance and nice packaging. 2. As [&hellip;]<\/p>","protected":false},"featured_media":34625,"comment_status":"closed","ping_status":"closed","template":"","meta":{"_acf_changed":false},"product_cat":[1365],"product_tag":[6179,7045,7042,7043,7044],"class_list":["product","first","instock","shipping-taxable","purchasable","product-type-simple"],"acf":[],"_links":{"self":[{"href":"https:\/\/mouldking.store\/nb\/wp-json\/wp\/v2\/product\/34624","targetHints":{"allow":["GET"]}}],"collection":[{"href":"https:\/\/mouldking.store\/nb\/wp-json\/wp\/v2\/product"}],"about":[{"href":"https:\/\/mouldking.store\/nb\/wp-json\/wp\/v2\/types\/product"}],"replies":[{"embeddable":true,"href":"https:\/\/mouldking.store\/nb\/wp-json\/wp\/v2\/comments?post=34624"}],"wp:featuredmedia":[{"embeddable":true,"href":"https:\/\/mouldking.store\/nb\/wp-json\/wp\/v2\/media\/34625"}],"wp:attachment":[{"href":"https:\/\/mouldking.store\/nb\/wp-json\/wp\/v2\/media?parent=34624"}],"wp:term":[{"taxonomy":"product_cat","embeddable":true,"href":"https:\/\/mouldking.store\/nb\/wp-json\/wp\/v2\/product_cat?post=34624"},{"taxonomy":"product_tag","embeddable":true,"href":"https:\/\/mouldking.store\/nb\/wp-json\/wp\/v2\/product_tag?post=34624"}],"curies":[{"name":"wp","href":"https:\/\/api.w.org\/{rel}","templated":true}]}}