{"id":34696,"date":"2022-11-08T09:42:38","date_gmt":"2022-11-08T02:42:38","guid":{"rendered":"https:\/\/mouldking.store\/?post_type=product&#038;p=34696"},"modified":"2022-11-08T09:42:38","modified_gmt":"2022-11-08T02:42:38","slug":"trumpeter-08118-transformers-bumblebee-autobot-cliffjumper-in-red-with-60-pieces","status":"publish","type":"product","link":"https:\/\/mouldking.store\/nb\/shop\/trumpeter-08118-transformers-bumblebee-autobot-cliffjumper-in-red-with-60-pieces\/","title":{"rendered":"TRUMPETER 08118 Transformers Bumblebee Autobot Cliffjumper i r\u00f8dt med 60 stykker"},"content":{"rendered":"<p>Produktinformasjon:<\/p>\n<ol>\n<li>Merke: TRUMPETER<\/li>\n<li>Kj\u00f8nn: Unisex<\/li>\n<li>Navn: Transformers Bumblebee Autobot Cliffjumper In Red<\/li>\n<li>Aldersgruppe: &gt; 6 \u00e5r gammel<\/li>\n<li>Modellnummer: 08118<\/li>\n<li>Klassifisering: Montering<\/li>\n<li>Plastblokkform: Selvl\u00e5sende murstein<\/li>\n<li>Materiale: Plast<\/li>\n<li>Plasttype: ABS<\/li>\n<li>Mursteinsblokker:60 STK<\/li>\n<li>St\u00f8rrelse: 68 x 32 x 92 mm<\/li>\n<li>Inneholder detaljerte monteringsanvisninger.<\/li>\n<\/ol>\n<p>Legge merke til:<br \/>\n1. Uten original eske, men vi garanterer at v\u00e5re produkter har kvalitetssikring og pen emballasje.<br \/>\n2. Som alle delene vi har sjekket f\u00f8r frakt, s\u00e5 hvis du finner noen deler savnet eller skadet, ikke bekymre deg og bare kontakt oss, s\u00e5 kan vi sende dem til deg p\u00e5 nytt umiddelbart gratis.<\/p>\n<figure id=\"attachment_34697\" aria-describedby=\"caption-attachment-34697\" style=\"width: 800px\" class=\"wp-caption aligncenter\"><img fetchpriority=\"high\" decoding=\"async\" class=\"wp-image-34697 size-full\" src=\"https:\/\/mouldking.store\/wp-content\/uploads\/2022\/11\/TRUMPETER-08118-11.jpg\" alt=\"TRUMPETER 08118 Transformers Bumblebee Autobot Cliffjumper In Red With 60 Pieces\" width=\"800\" height=\"800\" title=\"-\" srcset=\"https:\/\/mouldking.store\/wp-content\/uploads\/2022\/11\/TRUMPETER-08118-11.jpg 800w, https:\/\/mouldking.store\/wp-content\/uploads\/2022\/11\/TRUMPETER-08118-11-300x300.jpg 300w, https:\/\/mouldking.store\/wp-content\/uploads\/2022\/11\/TRUMPETER-08118-11-768x768.jpg 768w, https:\/\/mouldking.store\/wp-content\/uploads\/2022\/11\/TRUMPETER-08118-11-600x600.jpg 600w, https:\/\/mouldking.store\/wp-content\/uploads\/2022\/11\/TRUMPETER-08118-11-150x150.jpg 150w, https:\/\/mouldking.store\/wp-content\/uploads\/2022\/11\/TRUMPETER-08118-11-60x60.jpg 60w, https:\/\/mouldking.store\/wp-content\/uploads\/2022\/11\/TRUMPETER-08118-11-90x90.jpg 90w\" sizes=\"(max-width: 800px) 100vw, 800px\" \/><figcaption id=\"caption-attachment-34697\" class=\"wp-caption-text\">TRUMPETER 08118 Transformers Bumblebee Autobot Cliffjumper i r\u00f8dt med 60 stykker<\/figcaption><\/figure>\n<figure id=\"attachment_34698\" aria-describedby=\"caption-attachment-34698\" style=\"width: 596px\" class=\"wp-caption aligncenter\"><img decoding=\"async\" class=\"wp-image-34698 size-full\" src=\"https:\/\/mouldking.store\/wp-content\/uploads\/2022\/11\/TRUMPETER-08118-10.jpg\" alt=\"TRUMPETER 08118 Transformers Bumblebee Autobot Cliffjumper In Red With 60 Pieces\" width=\"596\" height=\"1024\" title=\"-\" srcset=\"https:\/\/mouldking.store\/wp-content\/uploads\/2022\/11\/TRUMPETER-08118-10.jpg 596w, https:\/\/mouldking.store\/wp-content\/uploads\/2022\/11\/TRUMPETER-08118-10-175x300.jpg 175w, https:\/\/mouldking.store\/wp-content\/uploads\/2022\/11\/TRUMPETER-08118-10-300x515.jpg 300w, https:\/\/mouldking.store\/wp-content\/uploads\/2022\/11\/TRUMPETER-08118-10-87x150.jpg 87w, https:\/\/mouldking.store\/wp-content\/uploads\/2022\/11\/TRUMPETER-08118-10-35x60.jpg 35w, https:\/\/mouldking.store\/wp-content\/uploads\/2022\/11\/TRUMPETER-08118-10-52x90.jpg 52w\" sizes=\"(max-width: 596px) 100vw, 596px\" \/><figcaption id=\"caption-attachment-34698\" class=\"wp-caption-text\">TRUMPETER 08118 Transformers Bumblebee Autobot Cliffjumper i r\u00f8dt med 60 stykker<\/figcaption><\/figure>\n<figure id=\"attachment_34699\" aria-describedby=\"caption-attachment-34699\" style=\"width: 576px\" class=\"wp-caption aligncenter\"><img decoding=\"async\" class=\"wp-image-34699 size-full\" src=\"https:\/\/mouldking.store\/wp-content\/uploads\/2022\/11\/TRUMPETER-08118-9.jpg\" alt=\"TRUMPETER 08118 Transformers Bumblebee Autobot Cliffjumper In Red With 60 Pieces\" width=\"576\" height=\"1024\" title=\"-\" srcset=\"https:\/\/mouldking.store\/wp-content\/uploads\/2022\/11\/TRUMPETER-08118-9.jpg 576w, https:\/\/mouldking.store\/wp-content\/uploads\/2022\/11\/TRUMPETER-08118-9-169x300.jpg 169w, https:\/\/mouldking.store\/wp-content\/uploads\/2022\/11\/TRUMPETER-08118-9-300x533.jpg 300w, https:\/\/mouldking.store\/wp-content\/uploads\/2022\/11\/TRUMPETER-08118-9-84x150.jpg 84w, https:\/\/mouldking.store\/wp-content\/uploads\/2022\/11\/TRUMPETER-08118-9-34x60.jpg 34w, https:\/\/mouldking.store\/wp-content\/uploads\/2022\/11\/TRUMPETER-08118-9-51x90.jpg 51w\" sizes=\"(max-width: 576px) 100vw, 576px\" \/><figcaption id=\"caption-attachment-34699\" class=\"wp-caption-text\">TRUMPETER 08118 Transformers Bumblebee Autobot Cliffjumper i r\u00f8dt med 60 stykker<\/figcaption><\/figure>\n<figure id=\"attachment_34700\" aria-describedby=\"caption-attachment-34700\" style=\"width: 576px\" class=\"wp-caption aligncenter\"><img loading=\"lazy\" decoding=\"async\" class=\"wp-image-34700 size-full\" src=\"https:\/\/mouldking.store\/wp-content\/uploads\/2022\/11\/TRUMPETER-08118-8.jpg\" alt=\"TRUMPETER 08118 Transformers Bumblebee Autobot Cliffjumper In Red With 60 Pieces\" width=\"576\" height=\"1024\" title=\"-\" srcset=\"https:\/\/mouldking.store\/wp-content\/uploads\/2022\/11\/TRUMPETER-08118-8.jpg 576w, https:\/\/mouldking.store\/wp-content\/uploads\/2022\/11\/TRUMPETER-08118-8-169x300.jpg 169w, https:\/\/mouldking.store\/wp-content\/uploads\/2022\/11\/TRUMPETER-08118-8-300x533.jpg 300w, https:\/\/mouldking.store\/wp-content\/uploads\/2022\/11\/TRUMPETER-08118-8-84x150.jpg 84w, https:\/\/mouldking.store\/wp-content\/uploads\/2022\/11\/TRUMPETER-08118-8-34x60.jpg 34w, https:\/\/mouldking.store\/wp-content\/uploads\/2022\/11\/TRUMPETER-08118-8-51x90.jpg 51w\" sizes=\"(max-width: 576px) 100vw, 576px\" \/><figcaption id=\"caption-attachment-34700\" class=\"wp-caption-text\">TRUMPETER 08118 Transformers Bumblebee Autobot Cliffjumper i r\u00f8dt med 60 stykker<\/figcaption><\/figure>\n<figure id=\"attachment_34701\" aria-describedby=\"caption-attachment-34701\" style=\"width: 576px\" class=\"wp-caption aligncenter\"><img loading=\"lazy\" decoding=\"async\" class=\"wp-image-34701 size-full\" src=\"https:\/\/mouldking.store\/wp-content\/uploads\/2022\/11\/TRUMPETER-08118-7.jpg\" alt=\"TRUMPETER 08118 Transformers Bumblebee Autobot Cliffjumper In Red With 60 Pieces\" width=\"576\" height=\"1024\" title=\"-\" srcset=\"https:\/\/mouldking.store\/wp-content\/uploads\/2022\/11\/TRUMPETER-08118-7.jpg 576w, https:\/\/mouldking.store\/wp-content\/uploads\/2022\/11\/TRUMPETER-08118-7-169x300.jpg 169w, https:\/\/mouldking.store\/wp-content\/uploads\/2022\/11\/TRUMPETER-08118-7-300x533.jpg 300w, https:\/\/mouldking.store\/wp-content\/uploads\/2022\/11\/TRUMPETER-08118-7-84x150.jpg 84w, https:\/\/mouldking.store\/wp-content\/uploads\/2022\/11\/TRUMPETER-08118-7-34x60.jpg 34w, https:\/\/mouldking.store\/wp-content\/uploads\/2022\/11\/TRUMPETER-08118-7-51x90.jpg 51w\" sizes=\"(max-width: 576px) 100vw, 576px\" \/><figcaption id=\"caption-attachment-34701\" class=\"wp-caption-text\">TRUMPETER 08118 Transformers Bumblebee Autobot Cliffjumper i r\u00f8dt med 60 stykker<\/figcaption><\/figure>\n<figure id=\"attachment_34702\" aria-describedby=\"caption-attachment-34702\" style=\"width: 576px\" class=\"wp-caption aligncenter\"><img loading=\"lazy\" decoding=\"async\" class=\"wp-image-34702 size-full\" src=\"https:\/\/mouldking.store\/wp-content\/uploads\/2022\/11\/TRUMPETER-08118-6.jpg\" alt=\"TRUMPETER 08118 Transformers Bumblebee Autobot Cliffjumper In Red With 60 Pieces\" width=\"576\" height=\"1024\" title=\"-\" srcset=\"https:\/\/mouldking.store\/wp-content\/uploads\/2022\/11\/TRUMPETER-08118-6.jpg 576w, https:\/\/mouldking.store\/wp-content\/uploads\/2022\/11\/TRUMPETER-08118-6-169x300.jpg 169w, https:\/\/mouldking.store\/wp-content\/uploads\/2022\/11\/TRUMPETER-08118-6-300x533.jpg 300w, https:\/\/mouldking.store\/wp-content\/uploads\/2022\/11\/TRUMPETER-08118-6-84x150.jpg 84w, https:\/\/mouldking.store\/wp-content\/uploads\/2022\/11\/TRUMPETER-08118-6-34x60.jpg 34w, https:\/\/mouldking.store\/wp-content\/uploads\/2022\/11\/TRUMPETER-08118-6-51x90.jpg 51w\" sizes=\"(max-width: 576px) 100vw, 576px\" \/><figcaption id=\"caption-attachment-34702\" class=\"wp-caption-text\">TRUMPETER 08118 Transformers Bumblebee Autobot Cliffjumper i r\u00f8dt med 60 stykker<\/figcaption><\/figure>\n<figure id=\"attachment_34703\" aria-describedby=\"caption-attachment-34703\" style=\"width: 576px\" class=\"wp-caption aligncenter\"><img loading=\"lazy\" decoding=\"async\" class=\"wp-image-34703 size-full\" src=\"https:\/\/mouldking.store\/wp-content\/uploads\/2022\/11\/TRUMPETER-08118-5.jpg\" alt=\"TRUMPETER 08118 Transformers Bumblebee Autobot Cliffjumper In Red With 60 Pieces\" width=\"576\" height=\"1024\" title=\"-\" srcset=\"https:\/\/mouldking.store\/wp-content\/uploads\/2022\/11\/TRUMPETER-08118-5.jpg 576w, https:\/\/mouldking.store\/wp-content\/uploads\/2022\/11\/TRUMPETER-08118-5-169x300.jpg 169w, https:\/\/mouldking.store\/wp-content\/uploads\/2022\/11\/TRUMPETER-08118-5-300x533.jpg 300w, https:\/\/mouldking.store\/wp-content\/uploads\/2022\/11\/TRUMPETER-08118-5-84x150.jpg 84w, https:\/\/mouldking.store\/wp-content\/uploads\/2022\/11\/TRUMPETER-08118-5-34x60.jpg 34w, https:\/\/mouldking.store\/wp-content\/uploads\/2022\/11\/TRUMPETER-08118-5-51x90.jpg 51w\" sizes=\"(max-width: 576px) 100vw, 576px\" \/><figcaption id=\"caption-attachment-34703\" class=\"wp-caption-text\">TRUMPETER 08118 Transformers Bumblebee Autobot Cliffjumper i r\u00f8dt med 60 stykker<\/figcaption><\/figure>\n<figure id=\"attachment_34704\" aria-describedby=\"caption-attachment-34704\" style=\"width: 750px\" class=\"wp-caption aligncenter\"><img loading=\"lazy\" decoding=\"async\" class=\"wp-image-34704 size-full\" src=\"https:\/\/mouldking.store\/wp-content\/uploads\/2022\/11\/TRUMPETER-08118-4.jpg\" alt=\"TRUMPETER 08118 Transformers Bumblebee Autobot Cliffjumper In Red With 60 Pieces\" width=\"750\" height=\"998\" title=\"-\" srcset=\"https:\/\/mouldking.store\/wp-content\/uploads\/2022\/11\/TRUMPETER-08118-4.jpg 750w, https:\/\/mouldking.store\/wp-content\/uploads\/2022\/11\/TRUMPETER-08118-4-225x300.jpg 225w, https:\/\/mouldking.store\/wp-content\/uploads\/2022\/11\/TRUMPETER-08118-4-300x399.jpg 300w, https:\/\/mouldking.store\/wp-content\/uploads\/2022\/11\/TRUMPETER-08118-4-600x798.jpg 600w, https:\/\/mouldking.store\/wp-content\/uploads\/2022\/11\/TRUMPETER-08118-4-113x150.jpg 113w, https:\/\/mouldking.store\/wp-content\/uploads\/2022\/11\/TRUMPETER-08118-4-45x60.jpg 45w, https:\/\/mouldking.store\/wp-content\/uploads\/2022\/11\/TRUMPETER-08118-4-68x90.jpg 68w\" sizes=\"(max-width: 750px) 100vw, 750px\" \/><figcaption id=\"caption-attachment-34704\" class=\"wp-caption-text\">TRUMPETER 08118 Transformers Bumblebee Autobot Cliffjumper i r\u00f8dt med 60 stykker<\/figcaption><\/figure>\n<figure id=\"attachment_34705\" aria-describedby=\"caption-attachment-34705\" style=\"width: 750px\" class=\"wp-caption aligncenter\"><img loading=\"lazy\" decoding=\"async\" class=\"wp-image-34705 size-full\" src=\"https:\/\/mouldking.store\/wp-content\/uploads\/2022\/11\/TRUMPETER-08118-3.jpg\" alt=\"TRUMPETER 08118 Transformers Bumblebee Autobot Cliffjumper In Red With 60 Pieces\" width=\"750\" height=\"1001\" title=\"-\" srcset=\"https:\/\/mouldking.store\/wp-content\/uploads\/2022\/11\/TRUMPETER-08118-3.jpg 750w, https:\/\/mouldking.store\/wp-content\/uploads\/2022\/11\/TRUMPETER-08118-3-225x300.jpg 225w, https:\/\/mouldking.store\/wp-content\/uploads\/2022\/11\/TRUMPETER-08118-3-300x400.jpg 300w, https:\/\/mouldking.store\/wp-content\/uploads\/2022\/11\/TRUMPETER-08118-3-600x801.jpg 600w, https:\/\/mouldking.store\/wp-content\/uploads\/2022\/11\/TRUMPETER-08118-3-112x150.jpg 112w, https:\/\/mouldking.store\/wp-content\/uploads\/2022\/11\/TRUMPETER-08118-3-45x60.jpg 45w, https:\/\/mouldking.store\/wp-content\/uploads\/2022\/11\/TRUMPETER-08118-3-67x90.jpg 67w\" sizes=\"(max-width: 750px) 100vw, 750px\" \/><figcaption id=\"caption-attachment-34705\" class=\"wp-caption-text\">TRUMPETER 08118 Transformers Bumblebee Autobot Cliffjumper i r\u00f8dt med 60 stykker<\/figcaption><\/figure>\n<figure id=\"attachment_34706\" aria-describedby=\"caption-attachment-34706\" style=\"width: 750px\" class=\"wp-caption aligncenter\"><img loading=\"lazy\" decoding=\"async\" class=\"wp-image-34706 size-full\" src=\"https:\/\/mouldking.store\/wp-content\/uploads\/2022\/11\/TRUMPETER-08118-2.jpg\" alt=\"TRUMPETER 08118 Transformers Bumblebee Autobot Cliffjumper In Red With 60 Pieces\" width=\"750\" height=\"999\" title=\"-\" srcset=\"https:\/\/mouldking.store\/wp-content\/uploads\/2022\/11\/TRUMPETER-08118-2.jpg 750w, https:\/\/mouldking.store\/wp-content\/uploads\/2022\/11\/TRUMPETER-08118-2-225x300.jpg 225w, https:\/\/mouldking.store\/wp-content\/uploads\/2022\/11\/TRUMPETER-08118-2-300x400.jpg 300w, https:\/\/mouldking.store\/wp-content\/uploads\/2022\/11\/TRUMPETER-08118-2-600x799.jpg 600w, https:\/\/mouldking.store\/wp-content\/uploads\/2022\/11\/TRUMPETER-08118-2-113x150.jpg 113w, https:\/\/mouldking.store\/wp-content\/uploads\/2022\/11\/TRUMPETER-08118-2-45x60.jpg 45w, https:\/\/mouldking.store\/wp-content\/uploads\/2022\/11\/TRUMPETER-08118-2-68x90.jpg 68w\" sizes=\"(max-width: 750px) 100vw, 750px\" \/><figcaption id=\"caption-attachment-34706\" class=\"wp-caption-text\">TRUMPETER 08118 Transformers Bumblebee Autobot Cliffjumper i r\u00f8dt med 60 stykker<\/figcaption><\/figure>\n<figure id=\"attachment_34707\" aria-describedby=\"caption-attachment-34707\" style=\"width: 576px\" class=\"wp-caption aligncenter\"><img loading=\"lazy\" decoding=\"async\" class=\"wp-image-34707 size-full\" src=\"https:\/\/mouldking.store\/wp-content\/uploads\/2022\/11\/TRUMPETER-08118.jpg\" alt=\"TRUMPETER 08118 Transformers Bumblebee Autobot Cliffjumper In Red With 60 Pieces\" width=\"576\" height=\"1024\" title=\"-\" srcset=\"https:\/\/mouldking.store\/wp-content\/uploads\/2022\/11\/TRUMPETER-08118.jpg 576w, https:\/\/mouldking.store\/wp-content\/uploads\/2022\/11\/TRUMPETER-08118-169x300.jpg 169w, https:\/\/mouldking.store\/wp-content\/uploads\/2022\/11\/TRUMPETER-08118-300x533.jpg 300w, https:\/\/mouldking.store\/wp-content\/uploads\/2022\/11\/TRUMPETER-08118-84x150.jpg 84w, https:\/\/mouldking.store\/wp-content\/uploads\/2022\/11\/TRUMPETER-08118-34x60.jpg 34w, https:\/\/mouldking.store\/wp-content\/uploads\/2022\/11\/TRUMPETER-08118-51x90.jpg 51w\" sizes=\"(max-width: 576px) 100vw, 576px\" \/><figcaption id=\"caption-attachment-34707\" class=\"wp-caption-text\">TRUMPETER 08118 Transformers Bumblebee Autobot Cliffjumper i r\u00f8dt med 60 stykker<\/figcaption><\/figure>","protected":false},"excerpt":{"rendered":"<p>Product information: Brand: TRUMPETER Gender: Unisex Name: Transformers Bumblebee Autobot Cliffjumper In Red Age Range: &gt; 6 years old Model Number: 08118 Classification: Assemblage Plastic Block Shape: Self-Locking Bricks Material: Plastic Plastic Type: ABS Bricks Blocks:60 PCS Size: 68 x 32 x 92mm Contains detailed assembly instructions. Notice: 1. Without an original box, but we [&hellip;]<\/p>","protected":false},"featured_media":34697,"comment_status":"closed","ping_status":"closed","template":"","meta":{"_acf_changed":false},"product_cat":[1408],"product_tag":[7076,7071,6798,7077,6795,7079,7080,6793,7078,7075],"class_list":["product","first","instock","shipping-taxable","purchasable","product-type-simple"],"acf":[],"_links":{"self":[{"href":"https:\/\/mouldking.store\/nb\/wp-json\/wp\/v2\/product\/34696","targetHints":{"allow":["GET"]}}],"collection":[{"href":"https:\/\/mouldking.store\/nb\/wp-json\/wp\/v2\/product"}],"about":[{"href":"https:\/\/mouldking.store\/nb\/wp-json\/wp\/v2\/types\/product"}],"replies":[{"embeddable":true,"href":"https:\/\/mouldking.store\/nb\/wp-json\/wp\/v2\/comments?post=34696"}],"wp:featuredmedia":[{"embeddable":true,"href":"https:\/\/mouldking.store\/nb\/wp-json\/wp\/v2\/media\/34697"}],"wp:attachment":[{"href":"https:\/\/mouldking.store\/nb\/wp-json\/wp\/v2\/media?parent=34696"}],"wp:term":[{"taxonomy":"product_cat","embeddable":true,"href":"https:\/\/mouldking.store\/nb\/wp-json\/wp\/v2\/product_cat?post=34696"},{"taxonomy":"product_tag","embeddable":true,"href":"https:\/\/mouldking.store\/nb\/wp-json\/wp\/v2\/product_tag?post=34696"}],"curies":[{"name":"wp","href":"https:\/\/api.w.org\/{rel}","templated":true}]}}