{"id":34809,"date":"2022-11-08T11:28:02","date_gmt":"2022-11-08T04:28:02","guid":{"rendered":"https:\/\/mouldking.store\/?post_type=product&#038;p=34809"},"modified":"2022-11-08T11:28:02","modified_gmt":"2022-11-08T04:28:02","slug":"52toys-bb-13km-karma-kuma-black-bear","status":"publish","type":"product","link":"https:\/\/mouldking.store\/nb\/shop\/52toys-bb-13km-karma-kuma-black-bear\/","title":{"rendered":"52TOYS BB-13KM Karma Kuma Black Bear"},"content":{"rendered":"<p>Produktinformasjon:<\/p>\n<ol>\n<li>Merke: 52TOYS<\/li>\n<li>Kj\u00f8nn: Unisex<\/li>\n<li>Name: Karma Kuma Black Bear<\/li>\n<li>Aldersgruppe: &gt; 6 \u00e5r gammel<\/li>\n<li>Model Number: BB-13KM<\/li>\n<li>Klassifisering: Montering<\/li>\n<li>Plastblokkform: Selvl\u00e5sende murstein<\/li>\n<li>Materiale: Plast<\/li>\n<li>Plasttype: ABS<\/li>\n<li>St\u00f8rrelse: 9 cm<\/li>\n<li>Inneholder detaljerte monteringsanvisninger.<\/li>\n<\/ol>\n<p>Legge merke til:<br \/>\n1. Uten original eske, men vi garanterer at v\u00e5re produkter har kvalitetssikring og pen emballasje.<br \/>\n2. Som alle delene vi har sjekket f\u00f8r frakt, s\u00e5 hvis du finner noen deler savnet eller skadet, ikke bekymre deg og bare kontakt oss, s\u00e5 kan vi sende dem til deg p\u00e5 nytt umiddelbart gratis.<\/p>\n<figure id=\"attachment_34810\" aria-describedby=\"caption-attachment-34810\" style=\"width: 800px\" class=\"wp-caption aligncenter\"><img fetchpriority=\"high\" decoding=\"async\" class=\"wp-image-34810 size-full\" src=\"https:\/\/mouldking.store\/wp-content\/uploads\/2022\/11\/52TOYS-BB-13KM-8.jpg\" alt=\" 52TOYS BB-13KM Karma Kuma Black Bear\" width=\"800\" height=\"800\" title=\"-\" srcset=\"https:\/\/mouldking.store\/wp-content\/uploads\/2022\/11\/52TOYS-BB-13KM-8.jpg 800w, https:\/\/mouldking.store\/wp-content\/uploads\/2022\/11\/52TOYS-BB-13KM-8-300x300.jpg 300w, https:\/\/mouldking.store\/wp-content\/uploads\/2022\/11\/52TOYS-BB-13KM-8-768x768.jpg 768w, https:\/\/mouldking.store\/wp-content\/uploads\/2022\/11\/52TOYS-BB-13KM-8-600x600.jpg 600w, https:\/\/mouldking.store\/wp-content\/uploads\/2022\/11\/52TOYS-BB-13KM-8-150x150.jpg 150w, https:\/\/mouldking.store\/wp-content\/uploads\/2022\/11\/52TOYS-BB-13KM-8-60x60.jpg 60w, https:\/\/mouldking.store\/wp-content\/uploads\/2022\/11\/52TOYS-BB-13KM-8-90x90.jpg 90w\" sizes=\"(max-width: 800px) 100vw, 800px\" \/><figcaption id=\"caption-attachment-34810\" class=\"wp-caption-text\">52TOYS BB-13KM Karma Kuma Black Bear<\/figcaption><\/figure>\n<figure id=\"attachment_34811\" aria-describedby=\"caption-attachment-34811\" style=\"width: 738px\" class=\"wp-caption aligncenter\"><img decoding=\"async\" class=\"wp-image-34811 size-full\" src=\"https:\/\/mouldking.store\/wp-content\/uploads\/2022\/11\/52TOYS-BB-13KM-7.jpg\" alt=\" 52TOYS BB-13KM Karma Kuma Black Bear\" width=\"738\" height=\"1024\" title=\"-\" srcset=\"https:\/\/mouldking.store\/wp-content\/uploads\/2022\/11\/52TOYS-BB-13KM-7.jpg 738w, https:\/\/mouldking.store\/wp-content\/uploads\/2022\/11\/52TOYS-BB-13KM-7-216x300.jpg 216w, https:\/\/mouldking.store\/wp-content\/uploads\/2022\/11\/52TOYS-BB-13KM-7-300x416.jpg 300w, https:\/\/mouldking.store\/wp-content\/uploads\/2022\/11\/52TOYS-BB-13KM-7-600x833.jpg 600w, https:\/\/mouldking.store\/wp-content\/uploads\/2022\/11\/52TOYS-BB-13KM-7-108x150.jpg 108w, https:\/\/mouldking.store\/wp-content\/uploads\/2022\/11\/52TOYS-BB-13KM-7-43x60.jpg 43w, https:\/\/mouldking.store\/wp-content\/uploads\/2022\/11\/52TOYS-BB-13KM-7-65x90.jpg 65w\" sizes=\"(max-width: 738px) 100vw, 738px\" \/><figcaption id=\"caption-attachment-34811\" class=\"wp-caption-text\">52TOYS BB-13KM Karma Kuma Black Bear<\/figcaption><\/figure>\n<figure id=\"attachment_34812\" aria-describedby=\"caption-attachment-34812\" style=\"width: 1024px\" class=\"wp-caption aligncenter\"><img decoding=\"async\" class=\"wp-image-34812 size-full\" src=\"https:\/\/mouldking.store\/wp-content\/uploads\/2022\/11\/52TOYS-BB-13KM-6.jpg\" alt=\" 52TOYS BB-13KM Karma Kuma Black Bear\" width=\"1024\" height=\"683\" title=\"-\" srcset=\"https:\/\/mouldking.store\/wp-content\/uploads\/2022\/11\/52TOYS-BB-13KM-6.jpg 1024w, https:\/\/mouldking.store\/wp-content\/uploads\/2022\/11\/52TOYS-BB-13KM-6-300x200.jpg 300w, https:\/\/mouldking.store\/wp-content\/uploads\/2022\/11\/52TOYS-BB-13KM-6-768x512.jpg 768w, https:\/\/mouldking.store\/wp-content\/uploads\/2022\/11\/52TOYS-BB-13KM-6-600x400.jpg 600w, https:\/\/mouldking.store\/wp-content\/uploads\/2022\/11\/52TOYS-BB-13KM-6-150x100.jpg 150w, https:\/\/mouldking.store\/wp-content\/uploads\/2022\/11\/52TOYS-BB-13KM-6-90x60.jpg 90w, https:\/\/mouldking.store\/wp-content\/uploads\/2022\/11\/52TOYS-BB-13KM-6-135x90.jpg 135w\" sizes=\"(max-width: 1024px) 100vw, 1024px\" \/><figcaption id=\"caption-attachment-34812\" class=\"wp-caption-text\">52TOYS BB-13KM Karma Kuma Black Bear<\/figcaption><\/figure>\n<figure id=\"attachment_34813\" aria-describedby=\"caption-attachment-34813\" style=\"width: 1024px\" class=\"wp-caption aligncenter\"><img loading=\"lazy\" decoding=\"async\" class=\"wp-image-34813 size-full\" src=\"https:\/\/mouldking.store\/wp-content\/uploads\/2022\/11\/52TOYS-BB-13KM-5.jpg\" alt=\" 52TOYS BB-13KM Karma Kuma Black Bear\" width=\"1024\" height=\"705\" title=\"-\" srcset=\"https:\/\/mouldking.store\/wp-content\/uploads\/2022\/11\/52TOYS-BB-13KM-5.jpg 1024w, https:\/\/mouldking.store\/wp-content\/uploads\/2022\/11\/52TOYS-BB-13KM-5-300x207.jpg 300w, https:\/\/mouldking.store\/wp-content\/uploads\/2022\/11\/52TOYS-BB-13KM-5-768x529.jpg 768w, https:\/\/mouldking.store\/wp-content\/uploads\/2022\/11\/52TOYS-BB-13KM-5-600x413.jpg 600w, https:\/\/mouldking.store\/wp-content\/uploads\/2022\/11\/52TOYS-BB-13KM-5-150x103.jpg 150w, https:\/\/mouldking.store\/wp-content\/uploads\/2022\/11\/52TOYS-BB-13KM-5-87x60.jpg 87w, https:\/\/mouldking.store\/wp-content\/uploads\/2022\/11\/52TOYS-BB-13KM-5-131x90.jpg 131w\" sizes=\"(max-width: 1024px) 100vw, 1024px\" \/><figcaption id=\"caption-attachment-34813\" class=\"wp-caption-text\">52TOYS BB-13KM Karma Kuma Black Bear<\/figcaption><\/figure>\n<figure id=\"attachment_34814\" aria-describedby=\"caption-attachment-34814\" style=\"width: 1024px\" class=\"wp-caption aligncenter\"><img loading=\"lazy\" decoding=\"async\" class=\"wp-image-34814 size-full\" src=\"https:\/\/mouldking.store\/wp-content\/uploads\/2022\/11\/52TOYS-BB-13KM-4.jpg\" alt=\" 52TOYS BB-13KM Karma Kuma Black Bear\" width=\"1024\" height=\"683\" title=\"-\" srcset=\"https:\/\/mouldking.store\/wp-content\/uploads\/2022\/11\/52TOYS-BB-13KM-4.jpg 1024w, https:\/\/mouldking.store\/wp-content\/uploads\/2022\/11\/52TOYS-BB-13KM-4-300x200.jpg 300w, https:\/\/mouldking.store\/wp-content\/uploads\/2022\/11\/52TOYS-BB-13KM-4-768x512.jpg 768w, https:\/\/mouldking.store\/wp-content\/uploads\/2022\/11\/52TOYS-BB-13KM-4-600x400.jpg 600w, https:\/\/mouldking.store\/wp-content\/uploads\/2022\/11\/52TOYS-BB-13KM-4-150x100.jpg 150w, https:\/\/mouldking.store\/wp-content\/uploads\/2022\/11\/52TOYS-BB-13KM-4-90x60.jpg 90w, https:\/\/mouldking.store\/wp-content\/uploads\/2022\/11\/52TOYS-BB-13KM-4-135x90.jpg 135w\" sizes=\"(max-width: 1024px) 100vw, 1024px\" \/><figcaption id=\"caption-attachment-34814\" class=\"wp-caption-text\">52TOYS BB-13KM Karma Kuma Black Bear<\/figcaption><\/figure>\n<figure id=\"attachment_34815\" aria-describedby=\"caption-attachment-34815\" style=\"width: 1024px\" class=\"wp-caption aligncenter\"><img loading=\"lazy\" decoding=\"async\" class=\"wp-image-34815 size-full\" src=\"https:\/\/mouldking.store\/wp-content\/uploads\/2022\/11\/52TOYS-BB-13KM-3.jpg\" alt=\" 52TOYS BB-13KM Karma Kuma Black Bear\" width=\"1024\" height=\"683\" title=\"-\" srcset=\"https:\/\/mouldking.store\/wp-content\/uploads\/2022\/11\/52TOYS-BB-13KM-3.jpg 1024w, https:\/\/mouldking.store\/wp-content\/uploads\/2022\/11\/52TOYS-BB-13KM-3-300x200.jpg 300w, https:\/\/mouldking.store\/wp-content\/uploads\/2022\/11\/52TOYS-BB-13KM-3-768x512.jpg 768w, https:\/\/mouldking.store\/wp-content\/uploads\/2022\/11\/52TOYS-BB-13KM-3-600x400.jpg 600w, https:\/\/mouldking.store\/wp-content\/uploads\/2022\/11\/52TOYS-BB-13KM-3-150x100.jpg 150w, https:\/\/mouldking.store\/wp-content\/uploads\/2022\/11\/52TOYS-BB-13KM-3-90x60.jpg 90w, https:\/\/mouldking.store\/wp-content\/uploads\/2022\/11\/52TOYS-BB-13KM-3-135x90.jpg 135w\" sizes=\"(max-width: 1024px) 100vw, 1024px\" \/><figcaption id=\"caption-attachment-34815\" class=\"wp-caption-text\">52TOYS BB-13KM Karma Kuma Black Bear<\/figcaption><\/figure>\n<figure id=\"attachment_34816\" aria-describedby=\"caption-attachment-34816\" style=\"width: 1024px\" class=\"wp-caption aligncenter\"><img loading=\"lazy\" decoding=\"async\" class=\"wp-image-34816 size-full\" src=\"https:\/\/mouldking.store\/wp-content\/uploads\/2022\/11\/52TOYS-BB-13KM-2.jpg\" alt=\" 52TOYS BB-13KM Karma Kuma Black Bear\" width=\"1024\" height=\"683\" title=\"-\" srcset=\"https:\/\/mouldking.store\/wp-content\/uploads\/2022\/11\/52TOYS-BB-13KM-2.jpg 1024w, https:\/\/mouldking.store\/wp-content\/uploads\/2022\/11\/52TOYS-BB-13KM-2-300x200.jpg 300w, https:\/\/mouldking.store\/wp-content\/uploads\/2022\/11\/52TOYS-BB-13KM-2-768x512.jpg 768w, https:\/\/mouldking.store\/wp-content\/uploads\/2022\/11\/52TOYS-BB-13KM-2-600x400.jpg 600w, https:\/\/mouldking.store\/wp-content\/uploads\/2022\/11\/52TOYS-BB-13KM-2-150x100.jpg 150w, https:\/\/mouldking.store\/wp-content\/uploads\/2022\/11\/52TOYS-BB-13KM-2-90x60.jpg 90w, https:\/\/mouldking.store\/wp-content\/uploads\/2022\/11\/52TOYS-BB-13KM-2-135x90.jpg 135w\" sizes=\"(max-width: 1024px) 100vw, 1024px\" \/><figcaption id=\"caption-attachment-34816\" class=\"wp-caption-text\">52TOYS BB-13KM Karma Kuma Black Bear<\/figcaption><\/figure>\n<figure id=\"attachment_34817\" aria-describedby=\"caption-attachment-34817\" style=\"width: 1024px\" class=\"wp-caption aligncenter\"><img loading=\"lazy\" decoding=\"async\" class=\"wp-image-34817 size-full\" src=\"https:\/\/mouldking.store\/wp-content\/uploads\/2022\/11\/52TOYS-BB-13KM.jpg\" alt=\" 52TOYS BB-13KM Karma Kuma Black Bear\" width=\"1024\" height=\"683\" title=\"-\" srcset=\"https:\/\/mouldking.store\/wp-content\/uploads\/2022\/11\/52TOYS-BB-13KM.jpg 1024w, https:\/\/mouldking.store\/wp-content\/uploads\/2022\/11\/52TOYS-BB-13KM-300x200.jpg 300w, https:\/\/mouldking.store\/wp-content\/uploads\/2022\/11\/52TOYS-BB-13KM-768x512.jpg 768w, https:\/\/mouldking.store\/wp-content\/uploads\/2022\/11\/52TOYS-BB-13KM-600x400.jpg 600w, https:\/\/mouldking.store\/wp-content\/uploads\/2022\/11\/52TOYS-BB-13KM-150x100.jpg 150w, https:\/\/mouldking.store\/wp-content\/uploads\/2022\/11\/52TOYS-BB-13KM-90x60.jpg 90w, https:\/\/mouldking.store\/wp-content\/uploads\/2022\/11\/52TOYS-BB-13KM-135x90.jpg 135w\" sizes=\"(max-width: 1024px) 100vw, 1024px\" \/><figcaption id=\"caption-attachment-34817\" class=\"wp-caption-text\">52TOYS BB-13KM Karma Kuma Black Bear<\/figcaption><\/figure>","protected":false},"excerpt":{"rendered":"<p>Product information: Brand: 52TOYS Gender: Unisex Name: Karma Kuma Black Bear Age Range: &gt; 6 years old Model Number: BB-13KM Classification: Assemblage Plastic Block Shape: Self-Locking Bricks Material: Plastic Plastic Type: ABS Size: 9 cm Contains detailed assembly instructions. Notice: 1. Without an original box, but we guarantee our products have quality assurance and nice [&hellip;]<\/p>","protected":false},"featured_media":34810,"comment_status":"closed","ping_status":"closed","template":"","meta":{"_acf_changed":false},"product_cat":[1365],"product_tag":[6179,7143,7139,7140,2271,7142,7141,7144],"class_list":["product","first","instock","shipping-taxable","purchasable","product-type-simple"],"acf":[],"_links":{"self":[{"href":"https:\/\/mouldking.store\/nb\/wp-json\/wp\/v2\/product\/34809","targetHints":{"allow":["GET"]}}],"collection":[{"href":"https:\/\/mouldking.store\/nb\/wp-json\/wp\/v2\/product"}],"about":[{"href":"https:\/\/mouldking.store\/nb\/wp-json\/wp\/v2\/types\/product"}],"replies":[{"embeddable":true,"href":"https:\/\/mouldking.store\/nb\/wp-json\/wp\/v2\/comments?post=34809"}],"wp:featuredmedia":[{"embeddable":true,"href":"https:\/\/mouldking.store\/nb\/wp-json\/wp\/v2\/media\/34810"}],"wp:attachment":[{"href":"https:\/\/mouldking.store\/nb\/wp-json\/wp\/v2\/media?parent=34809"}],"wp:term":[{"taxonomy":"product_cat","embeddable":true,"href":"https:\/\/mouldking.store\/nb\/wp-json\/wp\/v2\/product_cat?post=34809"},{"taxonomy":"product_tag","embeddable":true,"href":"https:\/\/mouldking.store\/nb\/wp-json\/wp\/v2\/product_tag?post=34809"}],"curies":[{"name":"wp","href":"https:\/\/api.w.org\/{rel}","templated":true}]}}