{"id":34877,"date":"2022-11-08T12:29:19","date_gmt":"2022-11-08T05:29:19","guid":{"rendered":"https:\/\/mouldking.store\/?post_type=product&#038;p=34877"},"modified":"2022-11-08T12:29:19","modified_gmt":"2022-11-08T05:29:19","slug":"jie-star-6366-purple-lamborghini-sports-car-with-1212-pieces","status":"publish","type":"product","link":"https:\/\/mouldking.store\/nb\/shop\/jie-star-6366-purple-lamborghini-sports-car-with-1212-pieces\/","title":{"rendered":"JIE STAR 6366 Lilla Lamborghini sportsbil med 1212 stk"},"content":{"rendered":"<p>Produktinformasjon:<\/p>\n<ol>\n<li>Merke: JIE STAR<\/li>\n<li>Kj\u00f8nn: Unisex<\/li>\n<li>Name: Purple Lamborghini Sports Car<\/li>\n<li>Aldersgruppe: &gt; 6 \u00e5r gammel<\/li>\n<li>Model Number: 6366<\/li>\n<li>Klassifisering: Montering<\/li>\n<li>Plastblokkform: Selvl\u00e5sende murstein<\/li>\n<li>Materiale: Plast<\/li>\n<li>Plasttype: ABS<\/li>\n<li>Bricks Blocks:1212 PCS<\/li>\n<li>Size: 35.7\u00d78.78cm<\/li>\n<li>Inneholder detaljerte monteringsanvisninger.<\/li>\n<\/ol>\n<p>Legge merke til:<br \/>\n1. Uten original eske, men vi garanterer at v\u00e5re produkter har kvalitetssikring og pen emballasje.<br \/>\n2. Som alle delene vi har sjekket f\u00f8r frakt, s\u00e5 hvis du finner noen deler savnet eller skadet, ikke bekymre deg og bare kontakt oss, s\u00e5 kan vi sende dem til deg p\u00e5 nytt umiddelbart gratis.<\/p>\n<figure id=\"attachment_34878\" aria-describedby=\"caption-attachment-34878\" style=\"width: 1024px\" class=\"wp-caption aligncenter\"><img fetchpriority=\"high\" decoding=\"async\" class=\"wp-image-34878 size-full\" src=\"https:\/\/mouldking.store\/wp-content\/uploads\/2022\/11\/JIE-STAR-6366-5.jpg\" alt=\"JIE STAR 6366 Purple Lamborghini Sports Car With 1212 Pieces\" width=\"1024\" height=\"1024\" title=\"-\" srcset=\"https:\/\/mouldking.store\/wp-content\/uploads\/2022\/11\/JIE-STAR-6366-5.jpg 1024w, https:\/\/mouldking.store\/wp-content\/uploads\/2022\/11\/JIE-STAR-6366-5-300x300.jpg 300w, https:\/\/mouldking.store\/wp-content\/uploads\/2022\/11\/JIE-STAR-6366-5-768x768.jpg 768w, https:\/\/mouldking.store\/wp-content\/uploads\/2022\/11\/JIE-STAR-6366-5-600x600.jpg 600w, https:\/\/mouldking.store\/wp-content\/uploads\/2022\/11\/JIE-STAR-6366-5-150x150.jpg 150w, https:\/\/mouldking.store\/wp-content\/uploads\/2022\/11\/JIE-STAR-6366-5-60x60.jpg 60w, https:\/\/mouldking.store\/wp-content\/uploads\/2022\/11\/JIE-STAR-6366-5-90x90.jpg 90w\" sizes=\"(max-width: 1024px) 100vw, 1024px\" \/><figcaption id=\"caption-attachment-34878\" class=\"wp-caption-text\">JIE STAR 6366 Lilla Lamborghini sportsbil med 1212 stk<\/figcaption><\/figure>\n<figure id=\"attachment_34879\" aria-describedby=\"caption-attachment-34879\" style=\"width: 800px\" class=\"wp-caption aligncenter\"><img decoding=\"async\" class=\"wp-image-34879 size-full\" src=\"https:\/\/mouldking.store\/wp-content\/uploads\/2022\/11\/JIE-STAR-6366-4.jpg\" alt=\"JIE STAR 6366 Purple Lamborghini Sports Car With 1212 Pieces\" width=\"800\" height=\"800\" title=\"-\" srcset=\"https:\/\/mouldking.store\/wp-content\/uploads\/2022\/11\/JIE-STAR-6366-4.jpg 800w, https:\/\/mouldking.store\/wp-content\/uploads\/2022\/11\/JIE-STAR-6366-4-300x300.jpg 300w, https:\/\/mouldking.store\/wp-content\/uploads\/2022\/11\/JIE-STAR-6366-4-768x768.jpg 768w, https:\/\/mouldking.store\/wp-content\/uploads\/2022\/11\/JIE-STAR-6366-4-600x600.jpg 600w, https:\/\/mouldking.store\/wp-content\/uploads\/2022\/11\/JIE-STAR-6366-4-150x150.jpg 150w, https:\/\/mouldking.store\/wp-content\/uploads\/2022\/11\/JIE-STAR-6366-4-60x60.jpg 60w, https:\/\/mouldking.store\/wp-content\/uploads\/2022\/11\/JIE-STAR-6366-4-90x90.jpg 90w\" sizes=\"(max-width: 800px) 100vw, 800px\" \/><figcaption id=\"caption-attachment-34879\" class=\"wp-caption-text\">JIE STAR 6366 Lilla Lamborghini sportsbil med 1212 stk<\/figcaption><\/figure>\n<figure id=\"attachment_34880\" aria-describedby=\"caption-attachment-34880\" style=\"width: 819px\" class=\"wp-caption aligncenter\"><img decoding=\"async\" class=\"wp-image-34880 size-full\" src=\"https:\/\/mouldking.store\/wp-content\/uploads\/2022\/11\/JIE-STAR-6366-3.jpg\" alt=\"JIE STAR 6366 Purple Lamborghini Sports Car With 1212 Pieces\" width=\"819\" height=\"1024\" title=\"-\" srcset=\"https:\/\/mouldking.store\/wp-content\/uploads\/2022\/11\/JIE-STAR-6366-3.jpg 819w, https:\/\/mouldking.store\/wp-content\/uploads\/2022\/11\/JIE-STAR-6366-3-240x300.jpg 240w, https:\/\/mouldking.store\/wp-content\/uploads\/2022\/11\/JIE-STAR-6366-3-768x960.jpg 768w, https:\/\/mouldking.store\/wp-content\/uploads\/2022\/11\/JIE-STAR-6366-3-300x375.jpg 300w, https:\/\/mouldking.store\/wp-content\/uploads\/2022\/11\/JIE-STAR-6366-3-600x750.jpg 600w, https:\/\/mouldking.store\/wp-content\/uploads\/2022\/11\/JIE-STAR-6366-3-120x150.jpg 120w, https:\/\/mouldking.store\/wp-content\/uploads\/2022\/11\/JIE-STAR-6366-3-48x60.jpg 48w, https:\/\/mouldking.store\/wp-content\/uploads\/2022\/11\/JIE-STAR-6366-3-72x90.jpg 72w\" sizes=\"(max-width: 819px) 100vw, 819px\" \/><figcaption id=\"caption-attachment-34880\" class=\"wp-caption-text\">JIE STAR 6366 Lilla Lamborghini sportsbil med 1212 stk<\/figcaption><\/figure>\n<figure id=\"attachment_34881\" aria-describedby=\"caption-attachment-34881\" style=\"width: 620px\" class=\"wp-caption aligncenter\"><img loading=\"lazy\" decoding=\"async\" class=\"wp-image-34881 size-full\" src=\"https:\/\/mouldking.store\/wp-content\/uploads\/2022\/11\/JIE-STAR-6366-2.jpg\" alt=\"JIE STAR 6366 Purple Lamborghini Sports Car With 1212 Pieces\" width=\"620\" height=\"1024\" title=\"-\" srcset=\"https:\/\/mouldking.store\/wp-content\/uploads\/2022\/11\/JIE-STAR-6366-2.jpg 620w, https:\/\/mouldking.store\/wp-content\/uploads\/2022\/11\/JIE-STAR-6366-2-182x300.jpg 182w, https:\/\/mouldking.store\/wp-content\/uploads\/2022\/11\/JIE-STAR-6366-2-300x495.jpg 300w, https:\/\/mouldking.store\/wp-content\/uploads\/2022\/11\/JIE-STAR-6366-2-600x991.jpg 600w, https:\/\/mouldking.store\/wp-content\/uploads\/2022\/11\/JIE-STAR-6366-2-91x150.jpg 91w, https:\/\/mouldking.store\/wp-content\/uploads\/2022\/11\/JIE-STAR-6366-2-36x60.jpg 36w, https:\/\/mouldking.store\/wp-content\/uploads\/2022\/11\/JIE-STAR-6366-2-54x90.jpg 54w\" sizes=\"(max-width: 620px) 100vw, 620px\" \/><figcaption id=\"caption-attachment-34881\" class=\"wp-caption-text\">JIE STAR 6366 Lilla Lamborghini sportsbil med 1212 stk<\/figcaption><\/figure>\n<figure id=\"attachment_34882\" aria-describedby=\"caption-attachment-34882\" style=\"width: 1024px\" class=\"wp-caption aligncenter\"><img loading=\"lazy\" decoding=\"async\" class=\"wp-image-34882 size-full\" src=\"https:\/\/mouldking.store\/wp-content\/uploads\/2022\/11\/JIE-STAR-6366.jpg\" alt=\"JIE STAR 6366 Purple Lamborghini Sports Car With 1212 Pieces\" width=\"1024\" height=\"1024\" title=\"-\" srcset=\"https:\/\/mouldking.store\/wp-content\/uploads\/2022\/11\/JIE-STAR-6366.jpg 1024w, https:\/\/mouldking.store\/wp-content\/uploads\/2022\/11\/JIE-STAR-6366-300x300.jpg 300w, https:\/\/mouldking.store\/wp-content\/uploads\/2022\/11\/JIE-STAR-6366-768x768.jpg 768w, https:\/\/mouldking.store\/wp-content\/uploads\/2022\/11\/JIE-STAR-6366-600x600.jpg 600w, https:\/\/mouldking.store\/wp-content\/uploads\/2022\/11\/JIE-STAR-6366-150x150.jpg 150w, https:\/\/mouldking.store\/wp-content\/uploads\/2022\/11\/JIE-STAR-6366-60x60.jpg 60w, https:\/\/mouldking.store\/wp-content\/uploads\/2022\/11\/JIE-STAR-6366-90x90.jpg 90w\" sizes=\"(max-width: 1024px) 100vw, 1024px\" \/><figcaption id=\"caption-attachment-34882\" class=\"wp-caption-text\">JIE STAR 6366 Lilla Lamborghini sportsbil med 1212 stk<\/figcaption><\/figure>","protected":false},"excerpt":{"rendered":"<p>Product information: Brand: JIE STAR Gender: Unisex Name: Purple Lamborghini Sports Car Age Range: &gt; 6 years old Model Number: 6366 Classification: Assemblage Plastic Block Shape: Self-Locking Bricks Material: Plastic Plastic Type: ABS Bricks Blocks:1212 PCS Size: 35.7\u00d78.78cm Contains detailed assembly instructions. Notice: 1. Without an original box, but we guarantee our products have quality [&hellip;]<\/p>","protected":false},"featured_media":34878,"comment_status":"closed","ping_status":"closed","template":"","meta":{"_acf_changed":false},"product_cat":[1357],"product_tag":[7180,2256,7182,7179,596,7181,7183,7184,5166],"class_list":["product","first","instock","shipping-taxable","purchasable","product-type-simple"],"acf":[],"_links":{"self":[{"href":"https:\/\/mouldking.store\/nb\/wp-json\/wp\/v2\/product\/34877","targetHints":{"allow":["GET"]}}],"collection":[{"href":"https:\/\/mouldking.store\/nb\/wp-json\/wp\/v2\/product"}],"about":[{"href":"https:\/\/mouldking.store\/nb\/wp-json\/wp\/v2\/types\/product"}],"replies":[{"embeddable":true,"href":"https:\/\/mouldking.store\/nb\/wp-json\/wp\/v2\/comments?post=34877"}],"wp:featuredmedia":[{"embeddable":true,"href":"https:\/\/mouldking.store\/nb\/wp-json\/wp\/v2\/media\/34878"}],"wp:attachment":[{"href":"https:\/\/mouldking.store\/nb\/wp-json\/wp\/v2\/media?parent=34877"}],"wp:term":[{"taxonomy":"product_cat","embeddable":true,"href":"https:\/\/mouldking.store\/nb\/wp-json\/wp\/v2\/product_cat?post=34877"},{"taxonomy":"product_tag","embeddable":true,"href":"https:\/\/mouldking.store\/nb\/wp-json\/wp\/v2\/product_tag?post=34877"}],"curies":[{"name":"wp","href":"https:\/\/api.w.org\/{rel}","templated":true}]}}