{"id":34948,"date":"2022-11-17T15:35:36","date_gmt":"2022-11-17T08:35:36","guid":{"rendered":"https:\/\/mouldking.store\/?post_type=product&#038;p=34948"},"modified":"2022-11-17T15:35:40","modified_gmt":"2022-11-17T08:35:40","slug":"jiestar-91101-yellow-mclaren-sports-car-with-3316-pieces","status":"publish","type":"product","link":"https:\/\/mouldking.store\/nb\/shop\/jiestar-91101-yellow-mclaren-sports-car-with-3316-pieces\/","title":{"rendered":"JIESTAR 91101 Yellow McLaren Sports Car With 3316 Pieces"},"content":{"rendered":"<p>Produktinformasjon:<\/p>\n<ol>\n<li>Merke: JIE STAR<\/li>\n<li>Kj\u00f8nn: Unisex<\/li>\n<li>Name: Yellow McLaren Sports Car<\/li>\n<li>Aldersgruppe: &gt; 6 \u00e5r gammel<\/li>\n<li>Model Number: 91101<\/li>\n<li>Klassifisering: Montering<\/li>\n<li>Plastblokkform: Selvl\u00e5sende murstein<\/li>\n<li>Materiale: Plast<\/li>\n<li>Plasttype: ABS<\/li>\n<li>Mursteinblokker:3316 STK<\/li>\n<li>Size: 62x37x15cm<\/li>\n<li>Inneholder detaljerte monteringsanvisninger.<\/li>\n<\/ol>\n<p>Legge merke til:<br \/>\n1. Uten original eske, men vi garanterer at v\u00e5re produkter har kvalitetssikring og pen emballasje.<br \/>\n2. Som alle delene vi har sjekket f\u00f8r frakt, s\u00e5 hvis du finner noen deler savnet eller skadet, ikke bekymre deg og bare kontakt oss, s\u00e5 kan vi sende dem til deg p\u00e5 nytt umiddelbart gratis.<\/p>\n<figure id=\"attachment_34949\" aria-describedby=\"caption-attachment-34949\" style=\"width: 768px\" class=\"wp-caption aligncenter\"><img fetchpriority=\"high\" decoding=\"async\" class=\"wp-image-34949 size-full\" src=\"https:\/\/mouldking.store\/wp-content\/uploads\/2022\/11\/91101-1-065c-768x768-1.jpg\" alt=\"JIESTAR 91101 Yellow McLaren Sports Car With 3316 Pieces\" width=\"768\" height=\"768\" title=\"-\" srcset=\"https:\/\/mouldking.store\/wp-content\/uploads\/2022\/11\/91101-1-065c-768x768-1.jpg 768w, https:\/\/mouldking.store\/wp-content\/uploads\/2022\/11\/91101-1-065c-768x768-1-300x300.jpg 300w, https:\/\/mouldking.store\/wp-content\/uploads\/2022\/11\/91101-1-065c-768x768-1-600x600.jpg 600w, https:\/\/mouldking.store\/wp-content\/uploads\/2022\/11\/91101-1-065c-768x768-1-150x150.jpg 150w, https:\/\/mouldking.store\/wp-content\/uploads\/2022\/11\/91101-1-065c-768x768-1-60x60.jpg 60w, https:\/\/mouldking.store\/wp-content\/uploads\/2022\/11\/91101-1-065c-768x768-1-90x90.jpg 90w\" sizes=\"(max-width: 768px) 100vw, 768px\" \/><figcaption id=\"caption-attachment-34949\" class=\"wp-caption-text\">JIESTAR 91101 Yellow McLaren Sports Car With 3316 Pieces<\/figcaption><\/figure>\n<figure id=\"attachment_34950\" aria-describedby=\"caption-attachment-34950\" style=\"width: 768px\" class=\"wp-caption aligncenter\"><img decoding=\"async\" class=\"wp-image-34950 size-full\" src=\"https:\/\/mouldking.store\/wp-content\/uploads\/2022\/11\/91101-4-de0f-768x768-1.jpg\" alt=\"JIESTAR 91101 Yellow McLaren Sports Car With 3316 Pieces\" width=\"768\" height=\"768\" title=\"-\" srcset=\"https:\/\/mouldking.store\/wp-content\/uploads\/2022\/11\/91101-4-de0f-768x768-1.jpg 768w, https:\/\/mouldking.store\/wp-content\/uploads\/2022\/11\/91101-4-de0f-768x768-1-300x300.jpg 300w, https:\/\/mouldking.store\/wp-content\/uploads\/2022\/11\/91101-4-de0f-768x768-1-600x600.jpg 600w, https:\/\/mouldking.store\/wp-content\/uploads\/2022\/11\/91101-4-de0f-768x768-1-150x150.jpg 150w, https:\/\/mouldking.store\/wp-content\/uploads\/2022\/11\/91101-4-de0f-768x768-1-60x60.jpg 60w, https:\/\/mouldking.store\/wp-content\/uploads\/2022\/11\/91101-4-de0f-768x768-1-90x90.jpg 90w\" sizes=\"(max-width: 768px) 100vw, 768px\" \/><figcaption id=\"caption-attachment-34950\" class=\"wp-caption-text\">JIESTAR 91101 Yellow McLaren Sports Car With 3316 Pieces<\/figcaption><\/figure>\n<figure id=\"attachment_34951\" aria-describedby=\"caption-attachment-34951\" style=\"width: 768px\" class=\"wp-caption aligncenter\"><img decoding=\"async\" class=\"wp-image-34951 size-full\" src=\"https:\/\/mouldking.store\/wp-content\/uploads\/2022\/11\/91101-2-0537-768x768-1.jpg\" alt=\"JIESTAR 91101 Yellow McLaren Sports Car With 3316 Pieces\" width=\"768\" height=\"768\" title=\"-\" srcset=\"https:\/\/mouldking.store\/wp-content\/uploads\/2022\/11\/91101-2-0537-768x768-1.jpg 768w, https:\/\/mouldking.store\/wp-content\/uploads\/2022\/11\/91101-2-0537-768x768-1-300x300.jpg 300w, https:\/\/mouldking.store\/wp-content\/uploads\/2022\/11\/91101-2-0537-768x768-1-600x600.jpg 600w, https:\/\/mouldking.store\/wp-content\/uploads\/2022\/11\/91101-2-0537-768x768-1-150x150.jpg 150w, https:\/\/mouldking.store\/wp-content\/uploads\/2022\/11\/91101-2-0537-768x768-1-60x60.jpg 60w, https:\/\/mouldking.store\/wp-content\/uploads\/2022\/11\/91101-2-0537-768x768-1-90x90.jpg 90w\" sizes=\"(max-width: 768px) 100vw, 768px\" \/><figcaption id=\"caption-attachment-34951\" class=\"wp-caption-text\">JIESTAR 91101 Yellow McLaren Sports Car With 3316 Pieces<\/figcaption><\/figure>\n<figure id=\"attachment_34952\" aria-describedby=\"caption-attachment-34952\" style=\"width: 768px\" class=\"wp-caption aligncenter\"><img loading=\"lazy\" decoding=\"async\" class=\"wp-image-34952 size-full\" src=\"https:\/\/mouldking.store\/wp-content\/uploads\/2022\/11\/91101-3-627f-768x768-1.jpg\" alt=\"JIESTAR 91101 Yellow McLaren Sports Car With 3316 Pieces\" width=\"768\" height=\"768\" title=\"-\" srcset=\"https:\/\/mouldking.store\/wp-content\/uploads\/2022\/11\/91101-3-627f-768x768-1.jpg 768w, https:\/\/mouldking.store\/wp-content\/uploads\/2022\/11\/91101-3-627f-768x768-1-300x300.jpg 300w, https:\/\/mouldking.store\/wp-content\/uploads\/2022\/11\/91101-3-627f-768x768-1-600x600.jpg 600w, https:\/\/mouldking.store\/wp-content\/uploads\/2022\/11\/91101-3-627f-768x768-1-150x150.jpg 150w, https:\/\/mouldking.store\/wp-content\/uploads\/2022\/11\/91101-3-627f-768x768-1-60x60.jpg 60w, https:\/\/mouldking.store\/wp-content\/uploads\/2022\/11\/91101-3-627f-768x768-1-90x90.jpg 90w\" sizes=\"(max-width: 768px) 100vw, 768px\" \/><figcaption id=\"caption-attachment-34952\" class=\"wp-caption-text\">JIESTAR 91101 Yellow McLaren Sports Car With 3316 Pieces<\/figcaption><\/figure>\n<figure id=\"attachment_34953\" aria-describedby=\"caption-attachment-34953\" style=\"width: 768px\" class=\"wp-caption aligncenter\"><img loading=\"lazy\" decoding=\"async\" class=\"wp-image-34953 size-full\" src=\"https:\/\/mouldking.store\/wp-content\/uploads\/2022\/11\/91101-5-0971-1-768x768-1.jpg\" alt=\"JIESTAR 91101 Yellow McLaren Sports Car With 3316 Pieces\" width=\"768\" height=\"768\" title=\"-\" srcset=\"https:\/\/mouldking.store\/wp-content\/uploads\/2022\/11\/91101-5-0971-1-768x768-1.jpg 768w, https:\/\/mouldking.store\/wp-content\/uploads\/2022\/11\/91101-5-0971-1-768x768-1-300x300.jpg 300w, https:\/\/mouldking.store\/wp-content\/uploads\/2022\/11\/91101-5-0971-1-768x768-1-600x600.jpg 600w, https:\/\/mouldking.store\/wp-content\/uploads\/2022\/11\/91101-5-0971-1-768x768-1-150x150.jpg 150w, https:\/\/mouldking.store\/wp-content\/uploads\/2022\/11\/91101-5-0971-1-768x768-1-60x60.jpg 60w, https:\/\/mouldking.store\/wp-content\/uploads\/2022\/11\/91101-5-0971-1-768x768-1-90x90.jpg 90w\" sizes=\"(max-width: 768px) 100vw, 768px\" \/><figcaption id=\"caption-attachment-34953\" class=\"wp-caption-text\">JIESTAR 91101 Yellow McLaren Sports Car With 3316 Pieces<\/figcaption><\/figure>","protected":false},"excerpt":{"rendered":"<p>Product information: Brand: JIE STAR Gender: Unisex Name: Yellow McLaren Sports Car Age Range: &gt; 6 years old Model Number: 91101 Classification: Assemblage Plastic Block Shape: Self-Locking Bricks Material: Plastic Plastic Type: ABS Bricks Blocks:3316 PCS Size: 62x37x15cm Contains detailed assembly instructions. Notice: 1. Without an original box, but we guarantee our products have quality [&hellip;]<\/p>","protected":false},"featured_media":34949,"comment_status":"closed","ping_status":"closed","template":"","meta":{"_acf_changed":false},"product_cat":[1360,1357,364],"product_tag":[3075,7187,7188,7185,1744,5166,7186],"class_list":["product","first","instock","shipping-taxable","purchasable","product-type-variable"],"acf":[],"_links":{"self":[{"href":"https:\/\/mouldking.store\/nb\/wp-json\/wp\/v2\/product\/34948","targetHints":{"allow":["GET"]}}],"collection":[{"href":"https:\/\/mouldking.store\/nb\/wp-json\/wp\/v2\/product"}],"about":[{"href":"https:\/\/mouldking.store\/nb\/wp-json\/wp\/v2\/types\/product"}],"replies":[{"embeddable":true,"href":"https:\/\/mouldking.store\/nb\/wp-json\/wp\/v2\/comments?post=34948"}],"wp:featuredmedia":[{"embeddable":true,"href":"https:\/\/mouldking.store\/nb\/wp-json\/wp\/v2\/media\/34949"}],"wp:attachment":[{"href":"https:\/\/mouldking.store\/nb\/wp-json\/wp\/v2\/media?parent=34948"}],"wp:term":[{"taxonomy":"product_cat","embeddable":true,"href":"https:\/\/mouldking.store\/nb\/wp-json\/wp\/v2\/product_cat?post=34948"},{"taxonomy":"product_tag","embeddable":true,"href":"https:\/\/mouldking.store\/nb\/wp-json\/wp\/v2\/product_tag?post=34948"}],"curies":[{"name":"wp","href":"https:\/\/api.w.org\/{rel}","templated":true}]}}