{"id":34960,"date":"2022-11-17T15:51:10","date_gmt":"2022-11-17T08:51:10","guid":{"rendered":"https:\/\/mouldking.store\/?post_type=product&#038;p=34960"},"modified":"2022-11-17T15:51:10","modified_gmt":"2022-11-17T08:51:10","slug":"zhegao-00997-christmas-snow-music-box-with-800-pieces","status":"publish","type":"product","link":"https:\/\/mouldking.store\/nb\/shop\/zhegao-00997-christmas-snow-music-box-with-800-pieces\/","title":{"rendered":"ZheGao 00997 julesn\u00f8musikkboks med 800 stk"},"content":{"rendered":"<p>Produktinformasjon:<\/p>\n<ol>\n<li>Merke: ZheGao<\/li>\n<li>Kj\u00f8nn: Unisex<\/li>\n<li>Name:Christmas Snow Music Box<\/li>\n<li>Aldersgruppe: &gt; 6 \u00e5r gammel<\/li>\n<li>Model Number: 00997<\/li>\n<li>Klassifisering: Montering<\/li>\n<li>Plastblokkform: Selvl\u00e5sende murstein<\/li>\n<li>Materiale: Plast<\/li>\n<li>Plasttype: ABS<\/li>\n<li>Bricks Blocks:800 PCS<\/li>\n<li>Size: 12.4\u00d718.4cm<\/li>\n<li>Inneholder detaljerte monteringsanvisninger.<\/li>\n<\/ol>\n<p>Legge merke til:<br \/>\n1. Uten original eske, men vi garanterer at v\u00e5re produkter har kvalitetssikring og pen emballasje.<br \/>\n2. Som alle delene vi har sjekket f\u00f8r frakt, s\u00e5 hvis du finner noen deler savnet eller skadet, ikke bekymre deg og bare kontakt oss, s\u00e5 kan vi sende dem til deg p\u00e5 nytt umiddelbart gratis.<\/p>\n<figure id=\"attachment_34962\" aria-describedby=\"caption-attachment-34962\" style=\"width: 768px\" class=\"wp-caption aligncenter\"><img fetchpriority=\"high\" decoding=\"async\" class=\"wp-image-34962 size-full\" src=\"https:\/\/mouldking.store\/wp-content\/uploads\/2022\/11\/Christmas-Snow-Music-Box-ZheGao-00997-4.jpg\" alt=\"ZheGao 00997 Christmas Snow Music Box With 800 Pieces\" width=\"768\" height=\"768\" title=\"-\" srcset=\"https:\/\/mouldking.store\/wp-content\/uploads\/2022\/11\/Christmas-Snow-Music-Box-ZheGao-00997-4.jpg 768w, https:\/\/mouldking.store\/wp-content\/uploads\/2022\/11\/Christmas-Snow-Music-Box-ZheGao-00997-4-300x300.jpg 300w, https:\/\/mouldking.store\/wp-content\/uploads\/2022\/11\/Christmas-Snow-Music-Box-ZheGao-00997-4-600x600.jpg 600w, https:\/\/mouldking.store\/wp-content\/uploads\/2022\/11\/Christmas-Snow-Music-Box-ZheGao-00997-4-150x150.jpg 150w, https:\/\/mouldking.store\/wp-content\/uploads\/2022\/11\/Christmas-Snow-Music-Box-ZheGao-00997-4-60x60.jpg 60w, https:\/\/mouldking.store\/wp-content\/uploads\/2022\/11\/Christmas-Snow-Music-Box-ZheGao-00997-4-90x90.jpg 90w\" sizes=\"(max-width: 768px) 100vw, 768px\" \/><figcaption id=\"caption-attachment-34962\" class=\"wp-caption-text\">ZheGao 00997 julesn\u00f8musikkboks med 800 stk<\/figcaption><\/figure>\n<figure id=\"attachment_34963\" aria-describedby=\"caption-attachment-34963\" style=\"width: 768px\" class=\"wp-caption aligncenter\"><img decoding=\"async\" class=\"wp-image-34963 size-full\" src=\"https:\/\/mouldking.store\/wp-content\/uploads\/2022\/11\/Christmas-Snow-Music-Box-ZheGao-00997-3.jpg\" alt=\"ZheGao 00997 Christmas Snow Music Box With 800 Pieces\" width=\"768\" height=\"768\" title=\"-\" srcset=\"https:\/\/mouldking.store\/wp-content\/uploads\/2022\/11\/Christmas-Snow-Music-Box-ZheGao-00997-3.jpg 768w, https:\/\/mouldking.store\/wp-content\/uploads\/2022\/11\/Christmas-Snow-Music-Box-ZheGao-00997-3-300x300.jpg 300w, https:\/\/mouldking.store\/wp-content\/uploads\/2022\/11\/Christmas-Snow-Music-Box-ZheGao-00997-3-600x600.jpg 600w, https:\/\/mouldking.store\/wp-content\/uploads\/2022\/11\/Christmas-Snow-Music-Box-ZheGao-00997-3-150x150.jpg 150w, https:\/\/mouldking.store\/wp-content\/uploads\/2022\/11\/Christmas-Snow-Music-Box-ZheGao-00997-3-60x60.jpg 60w, https:\/\/mouldking.store\/wp-content\/uploads\/2022\/11\/Christmas-Snow-Music-Box-ZheGao-00997-3-90x90.jpg 90w\" sizes=\"(max-width: 768px) 100vw, 768px\" \/><figcaption id=\"caption-attachment-34963\" class=\"wp-caption-text\">ZheGao 00997 julesn\u00f8musikkboks med 800 stk<\/figcaption><\/figure>\n<figure id=\"attachment_34964\" aria-describedby=\"caption-attachment-34964\" style=\"width: 768px\" class=\"wp-caption aligncenter\"><img decoding=\"async\" class=\"wp-image-34964 size-full\" src=\"https:\/\/mouldking.store\/wp-content\/uploads\/2022\/11\/Christmas-Snow-Music-Box-ZheGao-00997-2.jpg\" alt=\"ZheGao 00997 Christmas Snow Music Box With 800 Pieces\" width=\"768\" height=\"768\" title=\"-\" srcset=\"https:\/\/mouldking.store\/wp-content\/uploads\/2022\/11\/Christmas-Snow-Music-Box-ZheGao-00997-2.jpg 768w, https:\/\/mouldking.store\/wp-content\/uploads\/2022\/11\/Christmas-Snow-Music-Box-ZheGao-00997-2-300x300.jpg 300w, https:\/\/mouldking.store\/wp-content\/uploads\/2022\/11\/Christmas-Snow-Music-Box-ZheGao-00997-2-600x600.jpg 600w, https:\/\/mouldking.store\/wp-content\/uploads\/2022\/11\/Christmas-Snow-Music-Box-ZheGao-00997-2-150x150.jpg 150w, https:\/\/mouldking.store\/wp-content\/uploads\/2022\/11\/Christmas-Snow-Music-Box-ZheGao-00997-2-60x60.jpg 60w, https:\/\/mouldking.store\/wp-content\/uploads\/2022\/11\/Christmas-Snow-Music-Box-ZheGao-00997-2-90x90.jpg 90w\" sizes=\"(max-width: 768px) 100vw, 768px\" \/><figcaption id=\"caption-attachment-34964\" class=\"wp-caption-text\">ZheGao 00997 julesn\u00f8musikkboks med 800 stk<\/figcaption><\/figure>\n<figure id=\"attachment_34965\" aria-describedby=\"caption-attachment-34965\" style=\"width: 768px\" class=\"wp-caption aligncenter\"><img loading=\"lazy\" decoding=\"async\" class=\"wp-image-34965 size-full\" src=\"https:\/\/mouldking.store\/wp-content\/uploads\/2022\/11\/Christmas-Snow-Music-Box-ZheGao-00997-1.jpg\" alt=\"ZheGao 00997 Christmas Snow Music Box With 800 Pieces\" width=\"768\" height=\"768\" title=\"-\" srcset=\"https:\/\/mouldking.store\/wp-content\/uploads\/2022\/11\/Christmas-Snow-Music-Box-ZheGao-00997-1.jpg 768w, https:\/\/mouldking.store\/wp-content\/uploads\/2022\/11\/Christmas-Snow-Music-Box-ZheGao-00997-1-300x300.jpg 300w, https:\/\/mouldking.store\/wp-content\/uploads\/2022\/11\/Christmas-Snow-Music-Box-ZheGao-00997-1-600x600.jpg 600w, https:\/\/mouldking.store\/wp-content\/uploads\/2022\/11\/Christmas-Snow-Music-Box-ZheGao-00997-1-150x150.jpg 150w, https:\/\/mouldking.store\/wp-content\/uploads\/2022\/11\/Christmas-Snow-Music-Box-ZheGao-00997-1-60x60.jpg 60w, https:\/\/mouldking.store\/wp-content\/uploads\/2022\/11\/Christmas-Snow-Music-Box-ZheGao-00997-1-90x90.jpg 90w\" sizes=\"(max-width: 768px) 100vw, 768px\" \/><figcaption id=\"caption-attachment-34965\" class=\"wp-caption-text\">ZheGao 00997 julesn\u00f8musikkboks med 800 stk<\/figcaption><\/figure>","protected":false},"excerpt":{"rendered":"<p>Product information: Brand: ZheGao Gender: Unisex Name:Christmas Snow Music Box Age Range: &gt; 6 years old Model Number: 00997 Classification: Assemblage Plastic Block Shape: Self-Locking Bricks Material: Plastic Plastic Type: ABS Bricks Blocks:800 PCS Size: 12.4\u00d718.4cm Contains detailed assembly instructions. Notice: 1. Without an original box, but we guarantee our products have quality assurance and [&hellip;]<\/p>","protected":false},"featured_media":34962,"comment_status":"closed","ping_status":"closed","template":"","meta":{"_acf_changed":false},"product_cat":[1365],"product_tag":[7197,1066,7199,1370,7198,1698,7200,7201,7196],"class_list":["product","first","instock","shipping-taxable","purchasable","product-type-simple"],"acf":[],"_links":{"self":[{"href":"https:\/\/mouldking.store\/nb\/wp-json\/wp\/v2\/product\/34960","targetHints":{"allow":["GET"]}}],"collection":[{"href":"https:\/\/mouldking.store\/nb\/wp-json\/wp\/v2\/product"}],"about":[{"href":"https:\/\/mouldking.store\/nb\/wp-json\/wp\/v2\/types\/product"}],"replies":[{"embeddable":true,"href":"https:\/\/mouldking.store\/nb\/wp-json\/wp\/v2\/comments?post=34960"}],"wp:featuredmedia":[{"embeddable":true,"href":"https:\/\/mouldking.store\/nb\/wp-json\/wp\/v2\/media\/34962"}],"wp:attachment":[{"href":"https:\/\/mouldking.store\/nb\/wp-json\/wp\/v2\/media?parent=34960"}],"wp:term":[{"taxonomy":"product_cat","embeddable":true,"href":"https:\/\/mouldking.store\/nb\/wp-json\/wp\/v2\/product_cat?post=34960"},{"taxonomy":"product_tag","embeddable":true,"href":"https:\/\/mouldking.store\/nb\/wp-json\/wp\/v2\/product_tag?post=34960"}],"curies":[{"name":"wp","href":"https:\/\/api.w.org\/{rel}","templated":true}]}}