{"id":34970,"date":"2022-11-17T16:04:23","date_gmt":"2022-11-17T09:04:23","guid":{"rendered":"https:\/\/mouldking.store\/?post_type=product&#038;p=34970"},"modified":"2022-11-17T16:04:24","modified_gmt":"2022-11-17T09:04:24","slug":"zhegao-dz1014-painting-space-exploration-with-542pcs","status":"publish","type":"product","link":"https:\/\/mouldking.store\/nb\/shop\/zhegao-dz1014-painting-space-exploration-with-542pcs\/","title":{"rendered":"ZheGao DZ1014 Maleri Utforskning av rom med 542 stk"},"content":{"rendered":"<p>Produktinformasjon:<\/p>\n<ol>\n<li>Merke: ZheGao<\/li>\n<li>Kj\u00f8nn: Unisex<\/li>\n<li>Name: Painting Space Exploration<\/li>\n<li>Aldersgruppe: &gt; 6 \u00e5r gammel<\/li>\n<li>Model Number: DZ1014<\/li>\n<li>Klassifisering: Montering<\/li>\n<li>Plastblokkform: Selvl\u00e5sende murstein<\/li>\n<li>Materiale: Plast<\/li>\n<li>Plasttype: ABS<\/li>\n<li>Bricks Blocks:542pcs<\/li>\n<li>St\u00f8rrelse: 29x22x7cm<\/li>\n<li>Inneholder detaljerte monteringsanvisninger.<\/li>\n<\/ol>\n<p>Legge merke til:<br \/>\n1. Uten original eske, men vi garanterer at v\u00e5re produkter har kvalitetssikring og pen emballasje.<br \/>\n2. Som alle delene vi har sjekket f\u00f8r frakt, s\u00e5 hvis du finner noen deler savnet eller skadet, ikke bekymre deg og bare kontakt oss, s\u00e5 kan vi sende dem til deg p\u00e5 nytt umiddelbart gratis.<\/p>\n<figure id=\"attachment_34971\" aria-describedby=\"caption-attachment-34971\" style=\"width: 768px\" class=\"wp-caption aligncenter\"><img fetchpriority=\"high\" decoding=\"async\" class=\"wp-image-34971 size-full\" src=\"https:\/\/mouldking.store\/wp-content\/uploads\/2022\/11\/DZ1014-1-3a56-768x768-1.jpg\" alt=\"ZheGao DZ1014 Painting Space Exploration With 542pcs \" width=\"768\" height=\"768\" title=\"-\" srcset=\"https:\/\/mouldking.store\/wp-content\/uploads\/2022\/11\/DZ1014-1-3a56-768x768-1.jpg 768w, https:\/\/mouldking.store\/wp-content\/uploads\/2022\/11\/DZ1014-1-3a56-768x768-1-300x300.jpg 300w, https:\/\/mouldking.store\/wp-content\/uploads\/2022\/11\/DZ1014-1-3a56-768x768-1-600x600.jpg 600w, https:\/\/mouldking.store\/wp-content\/uploads\/2022\/11\/DZ1014-1-3a56-768x768-1-150x150.jpg 150w, https:\/\/mouldking.store\/wp-content\/uploads\/2022\/11\/DZ1014-1-3a56-768x768-1-60x60.jpg 60w, https:\/\/mouldking.store\/wp-content\/uploads\/2022\/11\/DZ1014-1-3a56-768x768-1-90x90.jpg 90w\" sizes=\"(max-width: 768px) 100vw, 768px\" \/><figcaption id=\"caption-attachment-34971\" class=\"wp-caption-text\">ZheGao DZ1014 Maleri Utforskning av rom med 542 stk<\/figcaption><\/figure>\n<figure id=\"attachment_34972\" aria-describedby=\"caption-attachment-34972\" style=\"width: 768px\" class=\"wp-caption aligncenter\"><img decoding=\"async\" class=\"wp-image-34972 size-full\" src=\"https:\/\/mouldking.store\/wp-content\/uploads\/2022\/11\/DZ1014-2-0a05-768x768-1.jpg\" alt=\"ZheGao DZ1014 Painting Space Exploration With 542pcs \" width=\"768\" height=\"768\" title=\"-\" srcset=\"https:\/\/mouldking.store\/wp-content\/uploads\/2022\/11\/DZ1014-2-0a05-768x768-1.jpg 768w, https:\/\/mouldking.store\/wp-content\/uploads\/2022\/11\/DZ1014-2-0a05-768x768-1-300x300.jpg 300w, https:\/\/mouldking.store\/wp-content\/uploads\/2022\/11\/DZ1014-2-0a05-768x768-1-600x600.jpg 600w, https:\/\/mouldking.store\/wp-content\/uploads\/2022\/11\/DZ1014-2-0a05-768x768-1-150x150.jpg 150w, https:\/\/mouldking.store\/wp-content\/uploads\/2022\/11\/DZ1014-2-0a05-768x768-1-60x60.jpg 60w, https:\/\/mouldking.store\/wp-content\/uploads\/2022\/11\/DZ1014-2-0a05-768x768-1-90x90.jpg 90w\" sizes=\"(max-width: 768px) 100vw, 768px\" \/><figcaption id=\"caption-attachment-34972\" class=\"wp-caption-text\">ZheGao DZ1014 Maleri Utforskning av rom med 542 stk<\/figcaption><\/figure>\n<figure id=\"attachment_34973\" aria-describedby=\"caption-attachment-34973\" style=\"width: 768px\" class=\"wp-caption aligncenter\"><img decoding=\"async\" class=\"wp-image-34973 size-full\" src=\"https:\/\/mouldking.store\/wp-content\/uploads\/2022\/11\/DZ1014-3-b627-3-768x768-1.jpg\" alt=\"ZheGao DZ1014 Painting Space Exploration With 542pcs \" width=\"768\" height=\"768\" title=\"-\" srcset=\"https:\/\/mouldking.store\/wp-content\/uploads\/2022\/11\/DZ1014-3-b627-3-768x768-1.jpg 768w, https:\/\/mouldking.store\/wp-content\/uploads\/2022\/11\/DZ1014-3-b627-3-768x768-1-300x300.jpg 300w, https:\/\/mouldking.store\/wp-content\/uploads\/2022\/11\/DZ1014-3-b627-3-768x768-1-600x600.jpg 600w, https:\/\/mouldking.store\/wp-content\/uploads\/2022\/11\/DZ1014-3-b627-3-768x768-1-150x150.jpg 150w, https:\/\/mouldking.store\/wp-content\/uploads\/2022\/11\/DZ1014-3-b627-3-768x768-1-60x60.jpg 60w, https:\/\/mouldking.store\/wp-content\/uploads\/2022\/11\/DZ1014-3-b627-3-768x768-1-90x90.jpg 90w\" sizes=\"(max-width: 768px) 100vw, 768px\" \/><figcaption id=\"caption-attachment-34973\" class=\"wp-caption-text\">ZheGao DZ1014 Maleri Utforskning av rom med 542 stk<\/figcaption><\/figure>","protected":false},"excerpt":{"rendered":"<p>Product information: Brand: ZheGao Gender: Unisex Name: Painting Space Exploration Age Range: &gt; 6 years old Model Number: DZ1014 Classification: Assemblage Plastic Block Shape: Self-Locking Bricks Material: Plastic Plastic Type: ABS Bricks Blocks:542pcs Size: 29x22x7cm Contains detailed assembly instructions. Notice: 1. Without an original box, but we guarantee our products have quality assurance and nice [&hellip;]<\/p>","protected":false},"featured_media":34971,"comment_status":"closed","ping_status":"closed","template":"","meta":{"_acf_changed":false},"product_cat":[1365],"product_tag":[7209,7210,7204,7212,2276,7211,1698,7213,7214,7208],"class_list":["product","first","instock","shipping-taxable","purchasable","product-type-simple"],"acf":[],"_links":{"self":[{"href":"https:\/\/mouldking.store\/nb\/wp-json\/wp\/v2\/product\/34970","targetHints":{"allow":["GET"]}}],"collection":[{"href":"https:\/\/mouldking.store\/nb\/wp-json\/wp\/v2\/product"}],"about":[{"href":"https:\/\/mouldking.store\/nb\/wp-json\/wp\/v2\/types\/product"}],"replies":[{"embeddable":true,"href":"https:\/\/mouldking.store\/nb\/wp-json\/wp\/v2\/comments?post=34970"}],"wp:featuredmedia":[{"embeddable":true,"href":"https:\/\/mouldking.store\/nb\/wp-json\/wp\/v2\/media\/34971"}],"wp:attachment":[{"href":"https:\/\/mouldking.store\/nb\/wp-json\/wp\/v2\/media?parent=34970"}],"wp:term":[{"taxonomy":"product_cat","embeddable":true,"href":"https:\/\/mouldking.store\/nb\/wp-json\/wp\/v2\/product_cat?post=34970"},{"taxonomy":"product_tag","embeddable":true,"href":"https:\/\/mouldking.store\/nb\/wp-json\/wp\/v2\/product_tag?post=34970"}],"curies":[{"name":"wp","href":"https:\/\/api.w.org\/{rel}","templated":true}]}}