{"id":34984,"date":"2022-11-17T16:25:43","date_gmt":"2022-11-17T09:25:43","guid":{"rendered":"https:\/\/mouldking.store\/?post_type=product&#038;p=34984"},"modified":"2022-11-17T16:25:43","modified_gmt":"2022-11-17T09:25:43","slug":"im-master-9809-drift-sports-car-with-2732-pieces","status":"publish","type":"product","link":"https:\/\/mouldking.store\/nb\/shop\/im-master-9809-drift-sports-car-with-2732-pieces\/","title":{"rendered":"IM.Master 9809 Drift sportsbil med 2732 stk"},"content":{"rendered":"<p>Produktinformasjon:<\/p>\n<ol>\n<li>Brand: IM.Master<\/li>\n<li>Kj\u00f8nn: Unisex<\/li>\n<li>Name: Drift Sports Car<\/li>\n<li>Aldersgruppe: &gt; 6 \u00e5r gammel<\/li>\n<li>Model Number: 9809<\/li>\n<li>Klassifisering: Montering<\/li>\n<li>Plastblokkform: Selvl\u00e5sende murstein<\/li>\n<li>Materiale: Plast<\/li>\n<li>Plasttype: ABS<\/li>\n<li>Bricks Blocks:2732 PCS<\/li>\n<li>Size: \u00a051 \u00d7 23 \u00d7 13 cm<\/li>\n<li>Inneholder detaljerte monteringsanvisninger.<\/li>\n<\/ol>\n<p>Legge merke til:<br \/>\n1. Uten original eske, men vi garanterer at v\u00e5re produkter har kvalitetssikring og pen emballasje.<br \/>\n2. Som alle delene vi har sjekket f\u00f8r frakt, s\u00e5 hvis du finner noen deler savnet eller skadet, ikke bekymre deg og bare kontakt oss, s\u00e5 kan vi sende dem til deg p\u00e5 nytt umiddelbart gratis.<\/p>\n<figure id=\"attachment_34985\" aria-describedby=\"caption-attachment-34985\" style=\"width: 768px\" class=\"wp-caption aligncenter\"><img fetchpriority=\"high\" decoding=\"async\" class=\"wp-image-34985 size-full\" src=\"https:\/\/mouldking.store\/wp-content\/uploads\/2022\/11\/9809-1-4ba5-768x768-1.jpg\" alt=\"IM.Master 9809 Drift Sports Car With 2732 Pieces\" width=\"768\" height=\"768\" title=\"-\" srcset=\"https:\/\/mouldking.store\/wp-content\/uploads\/2022\/11\/9809-1-4ba5-768x768-1.jpg 768w, https:\/\/mouldking.store\/wp-content\/uploads\/2022\/11\/9809-1-4ba5-768x768-1-300x300.jpg 300w, https:\/\/mouldking.store\/wp-content\/uploads\/2022\/11\/9809-1-4ba5-768x768-1-600x600.jpg 600w, https:\/\/mouldking.store\/wp-content\/uploads\/2022\/11\/9809-1-4ba5-768x768-1-150x150.jpg 150w, https:\/\/mouldking.store\/wp-content\/uploads\/2022\/11\/9809-1-4ba5-768x768-1-60x60.jpg 60w, https:\/\/mouldking.store\/wp-content\/uploads\/2022\/11\/9809-1-4ba5-768x768-1-90x90.jpg 90w\" sizes=\"(max-width: 768px) 100vw, 768px\" \/><figcaption id=\"caption-attachment-34985\" class=\"wp-caption-text\">IM.Master 9809 Drift sportsbil med 2732 stk<\/figcaption><\/figure>\n<figure id=\"attachment_34986\" aria-describedby=\"caption-attachment-34986\" style=\"width: 768px\" class=\"wp-caption aligncenter\"><img decoding=\"async\" class=\"wp-image-34986 size-full\" src=\"https:\/\/mouldking.store\/wp-content\/uploads\/2022\/11\/9809-3-25b1-768x768-1.jpg\" alt=\"IM.Master 9809 Drift Sports Car With 2732 Pieces\" width=\"768\" height=\"768\" title=\"-\" srcset=\"https:\/\/mouldking.store\/wp-content\/uploads\/2022\/11\/9809-3-25b1-768x768-1.jpg 768w, https:\/\/mouldking.store\/wp-content\/uploads\/2022\/11\/9809-3-25b1-768x768-1-300x300.jpg 300w, https:\/\/mouldking.store\/wp-content\/uploads\/2022\/11\/9809-3-25b1-768x768-1-600x600.jpg 600w, https:\/\/mouldking.store\/wp-content\/uploads\/2022\/11\/9809-3-25b1-768x768-1-150x150.jpg 150w, https:\/\/mouldking.store\/wp-content\/uploads\/2022\/11\/9809-3-25b1-768x768-1-60x60.jpg 60w, https:\/\/mouldking.store\/wp-content\/uploads\/2022\/11\/9809-3-25b1-768x768-1-90x90.jpg 90w\" sizes=\"(max-width: 768px) 100vw, 768px\" \/><figcaption id=\"caption-attachment-34986\" class=\"wp-caption-text\">IM.Master 9809 Drift sportsbil med 2732 stk<\/figcaption><\/figure>\n<figure id=\"attachment_34987\" aria-describedby=\"caption-attachment-34987\" style=\"width: 768px\" class=\"wp-caption aligncenter\"><img decoding=\"async\" class=\"wp-image-34987 size-full\" src=\"https:\/\/mouldking.store\/wp-content\/uploads\/2022\/11\/9809-2-3e5c-768x768-1.jpg\" alt=\"IM.Master 9809 Drift Sports Car With 2732 Pieces\" width=\"768\" height=\"768\" title=\"-\" srcset=\"https:\/\/mouldking.store\/wp-content\/uploads\/2022\/11\/9809-2-3e5c-768x768-1.jpg 768w, https:\/\/mouldking.store\/wp-content\/uploads\/2022\/11\/9809-2-3e5c-768x768-1-300x300.jpg 300w, https:\/\/mouldking.store\/wp-content\/uploads\/2022\/11\/9809-2-3e5c-768x768-1-600x600.jpg 600w, https:\/\/mouldking.store\/wp-content\/uploads\/2022\/11\/9809-2-3e5c-768x768-1-150x150.jpg 150w, https:\/\/mouldking.store\/wp-content\/uploads\/2022\/11\/9809-2-3e5c-768x768-1-60x60.jpg 60w, https:\/\/mouldking.store\/wp-content\/uploads\/2022\/11\/9809-2-3e5c-768x768-1-90x90.jpg 90w\" sizes=\"(max-width: 768px) 100vw, 768px\" \/><figcaption id=\"caption-attachment-34987\" class=\"wp-caption-text\">IM.Master 9809 Drift sportsbil med 2732 stk<\/figcaption><\/figure>\n<figure id=\"attachment_34988\" aria-describedby=\"caption-attachment-34988\" style=\"width: 768px\" class=\"wp-caption aligncenter\"><img loading=\"lazy\" decoding=\"async\" class=\"wp-image-34988 size-full\" src=\"https:\/\/mouldking.store\/wp-content\/uploads\/2022\/11\/9809-5-766b-768x768-1.jpg\" alt=\"IM.Master 9809 Drift Sports Car With 2732 Pieces\" width=\"768\" height=\"768\" title=\"-\" srcset=\"https:\/\/mouldking.store\/wp-content\/uploads\/2022\/11\/9809-5-766b-768x768-1.jpg 768w, https:\/\/mouldking.store\/wp-content\/uploads\/2022\/11\/9809-5-766b-768x768-1-300x300.jpg 300w, https:\/\/mouldking.store\/wp-content\/uploads\/2022\/11\/9809-5-766b-768x768-1-600x600.jpg 600w, https:\/\/mouldking.store\/wp-content\/uploads\/2022\/11\/9809-5-766b-768x768-1-150x150.jpg 150w, https:\/\/mouldking.store\/wp-content\/uploads\/2022\/11\/9809-5-766b-768x768-1-60x60.jpg 60w, https:\/\/mouldking.store\/wp-content\/uploads\/2022\/11\/9809-5-766b-768x768-1-90x90.jpg 90w\" sizes=\"(max-width: 768px) 100vw, 768px\" \/><figcaption id=\"caption-attachment-34988\" class=\"wp-caption-text\">IM.Master 9809 Drift sportsbil med 2732 stk<\/figcaption><\/figure>\n<figure id=\"attachment_34989\" aria-describedby=\"caption-attachment-34989\" style=\"width: 768px\" class=\"wp-caption aligncenter\"><img loading=\"lazy\" decoding=\"async\" class=\"wp-image-34989 size-full\" src=\"https:\/\/mouldking.store\/wp-content\/uploads\/2022\/11\/9809-4-f23f-768x768-1.jpg\" alt=\"IM.Master 9809 Drift Sports Car With 2732 Pieces\" width=\"768\" height=\"768\" title=\"-\" srcset=\"https:\/\/mouldking.store\/wp-content\/uploads\/2022\/11\/9809-4-f23f-768x768-1.jpg 768w, https:\/\/mouldking.store\/wp-content\/uploads\/2022\/11\/9809-4-f23f-768x768-1-300x300.jpg 300w, https:\/\/mouldking.store\/wp-content\/uploads\/2022\/11\/9809-4-f23f-768x768-1-600x600.jpg 600w, https:\/\/mouldking.store\/wp-content\/uploads\/2022\/11\/9809-4-f23f-768x768-1-150x150.jpg 150w, https:\/\/mouldking.store\/wp-content\/uploads\/2022\/11\/9809-4-f23f-768x768-1-60x60.jpg 60w, https:\/\/mouldking.store\/wp-content\/uploads\/2022\/11\/9809-4-f23f-768x768-1-90x90.jpg 90w\" sizes=\"(max-width: 768px) 100vw, 768px\" \/><figcaption id=\"caption-attachment-34989\" class=\"wp-caption-text\">IM.Master 9809 Drift sportsbil med 2732 stk<\/figcaption><\/figure>","protected":false},"excerpt":{"rendered":"<p>Product information: Brand: IM.Master Gender: Unisex Name: Drift Sports Car Age Range: &gt; 6 years old Model Number: 9809 Classification: Assemblage Plastic Block Shape: Self-Locking Bricks Material: Plastic Plastic Type: ABS Bricks Blocks:2732 PCS Size: \u00a051 \u00d7 23 \u00d7 13 cm Contains detailed assembly instructions. Notice: 1. Without an original box, but we guarantee our [&hellip;]<\/p>","protected":false},"featured_media":34986,"comment_status":"closed","ping_status":"closed","template":"","meta":{"_acf_changed":false},"product_cat":[1360,1357],"product_tag":[7230,7231,7232,7229,7233,7234,7228,5166],"class_list":["product","first","instock","shipping-taxable","purchasable","product-type-variable"],"acf":[],"_links":{"self":[{"href":"https:\/\/mouldking.store\/nb\/wp-json\/wp\/v2\/product\/34984","targetHints":{"allow":["GET"]}}],"collection":[{"href":"https:\/\/mouldking.store\/nb\/wp-json\/wp\/v2\/product"}],"about":[{"href":"https:\/\/mouldking.store\/nb\/wp-json\/wp\/v2\/types\/product"}],"replies":[{"embeddable":true,"href":"https:\/\/mouldking.store\/nb\/wp-json\/wp\/v2\/comments?post=34984"}],"wp:featuredmedia":[{"embeddable":true,"href":"https:\/\/mouldking.store\/nb\/wp-json\/wp\/v2\/media\/34986"}],"wp:attachment":[{"href":"https:\/\/mouldking.store\/nb\/wp-json\/wp\/v2\/media?parent=34984"}],"wp:term":[{"taxonomy":"product_cat","embeddable":true,"href":"https:\/\/mouldking.store\/nb\/wp-json\/wp\/v2\/product_cat?post=34984"},{"taxonomy":"product_tag","embeddable":true,"href":"https:\/\/mouldking.store\/nb\/wp-json\/wp\/v2\/product_tag?post=34984"}],"curies":[{"name":"wp","href":"https:\/\/api.w.org\/{rel}","templated":true}]}}