{"id":35026,"date":"2022-11-17T17:21:53","date_gmt":"2022-11-17T10:21:53","guid":{"rendered":"https:\/\/mouldking.store\/?post_type=product&#038;p=35026"},"modified":"2022-11-17T17:21:53","modified_gmt":"2022-11-17T10:21:53","slug":"mould-king-13153-green-double-sided-vehicle-with-836-pieces","status":"publish","type":"product","link":"https:\/\/mouldking.store\/nb\/shop\/mould-king-13153-green-double-sided-vehicle-with-836-pieces\/","title":{"rendered":"MOULD KING 13153 Green Double-sided Vehicle With 836 Pieces"},"content":{"rendered":"<p>Produktinformasjon:<\/p>\n<ol>\n<li>Merke: MOLD KING<\/li>\n<li>Kj\u00f8nn: Unisex<\/li>\n<li>Name: Green Double-sided Vehicle<\/li>\n<li>Aldersgruppe: &gt; 6 \u00e5r gammel<\/li>\n<li>Model Number: 13153<\/li>\n<li>Klassifisering: Montering<\/li>\n<li>Plastblokkform: Selvl\u00e5sende murstein<\/li>\n<li>Materiale: Plast<\/li>\n<li>Plasttype: ABS<\/li>\n<li>Bricks Blocks:836 PCS<\/li>\n<li>Size: 26.4 \u00d7 16 \u00d7 11.4 cm<\/li>\n<li>Inneholder detaljerte monteringsanvisninger.<\/li>\n<\/ol>\n<p>Legge merke til:<br \/>\n1. Uten original eske, men vi garanterer at v\u00e5re produkter har kvalitetssikring og pen emballasje.<br \/>\n2. Som alle delene vi har sjekket f\u00f8r frakt, s\u00e5 hvis du finner noen deler savnet eller skadet, ikke bekymre deg og bare kontakt oss, s\u00e5 kan vi sende dem til deg p\u00e5 nytt umiddelbart gratis.<\/p>\n<figure id=\"attachment_35027\" aria-describedby=\"caption-attachment-35027\" style=\"width: 768px\" class=\"wp-caption aligncenter\"><img fetchpriority=\"high\" decoding=\"async\" class=\"wp-image-35027 size-full\" src=\"https:\/\/mouldking.store\/wp-content\/uploads\/2022\/11\/MK13153-1-4d12-768x768-1.jpg\" alt=\"MOULD KING 13153 Green Double-sided Vehicle With 836 Pieces\" width=\"768\" height=\"768\" title=\"-\" srcset=\"https:\/\/mouldking.store\/wp-content\/uploads\/2022\/11\/MK13153-1-4d12-768x768-1.jpg 768w, https:\/\/mouldking.store\/wp-content\/uploads\/2022\/11\/MK13153-1-4d12-768x768-1-300x300.jpg 300w, https:\/\/mouldking.store\/wp-content\/uploads\/2022\/11\/MK13153-1-4d12-768x768-1-600x600.jpg 600w, https:\/\/mouldking.store\/wp-content\/uploads\/2022\/11\/MK13153-1-4d12-768x768-1-150x150.jpg 150w, https:\/\/mouldking.store\/wp-content\/uploads\/2022\/11\/MK13153-1-4d12-768x768-1-60x60.jpg 60w, https:\/\/mouldking.store\/wp-content\/uploads\/2022\/11\/MK13153-1-4d12-768x768-1-90x90.jpg 90w\" sizes=\"(max-width: 768px) 100vw, 768px\" \/><figcaption id=\"caption-attachment-35027\" class=\"wp-caption-text\">MOULD KING 13153 Green Double-sided Vehicle With 836 Pieces<\/figcaption><\/figure>\n<figure id=\"attachment_35028\" aria-describedby=\"caption-attachment-35028\" style=\"width: 768px\" class=\"wp-caption aligncenter\"><img decoding=\"async\" class=\"wp-image-35028 size-full\" src=\"https:\/\/mouldking.store\/wp-content\/uploads\/2022\/11\/MK13153-2-c682-768x768-1.jpg\" alt=\"MOULD KING 13153 Green Double-sided Vehicle With 836 Pieces\" width=\"768\" height=\"768\" title=\"-\" srcset=\"https:\/\/mouldking.store\/wp-content\/uploads\/2022\/11\/MK13153-2-c682-768x768-1.jpg 768w, https:\/\/mouldking.store\/wp-content\/uploads\/2022\/11\/MK13153-2-c682-768x768-1-300x300.jpg 300w, https:\/\/mouldking.store\/wp-content\/uploads\/2022\/11\/MK13153-2-c682-768x768-1-600x600.jpg 600w, https:\/\/mouldking.store\/wp-content\/uploads\/2022\/11\/MK13153-2-c682-768x768-1-150x150.jpg 150w, https:\/\/mouldking.store\/wp-content\/uploads\/2022\/11\/MK13153-2-c682-768x768-1-60x60.jpg 60w, https:\/\/mouldking.store\/wp-content\/uploads\/2022\/11\/MK13153-2-c682-768x768-1-90x90.jpg 90w\" sizes=\"(max-width: 768px) 100vw, 768px\" \/><figcaption id=\"caption-attachment-35028\" class=\"wp-caption-text\">MOULD KING 13153 Green Double-sided Vehicle With 836 Pieces<\/figcaption><\/figure>\n<figure id=\"attachment_35029\" aria-describedby=\"caption-attachment-35029\" style=\"width: 768px\" class=\"wp-caption aligncenter\"><img decoding=\"async\" class=\"wp-image-35029 size-full\" src=\"https:\/\/mouldking.store\/wp-content\/uploads\/2022\/11\/MK13153-3-a5cc-768x768-1.jpg\" alt=\"MOULD KING 13153 Green Double-sided Vehicle With 836 Pieces\" width=\"768\" height=\"768\" title=\"-\" srcset=\"https:\/\/mouldking.store\/wp-content\/uploads\/2022\/11\/MK13153-3-a5cc-768x768-1.jpg 768w, https:\/\/mouldking.store\/wp-content\/uploads\/2022\/11\/MK13153-3-a5cc-768x768-1-300x300.jpg 300w, https:\/\/mouldking.store\/wp-content\/uploads\/2022\/11\/MK13153-3-a5cc-768x768-1-600x600.jpg 600w, https:\/\/mouldking.store\/wp-content\/uploads\/2022\/11\/MK13153-3-a5cc-768x768-1-150x150.jpg 150w, https:\/\/mouldking.store\/wp-content\/uploads\/2022\/11\/MK13153-3-a5cc-768x768-1-60x60.jpg 60w, https:\/\/mouldking.store\/wp-content\/uploads\/2022\/11\/MK13153-3-a5cc-768x768-1-90x90.jpg 90w\" sizes=\"(max-width: 768px) 100vw, 768px\" \/><figcaption id=\"caption-attachment-35029\" class=\"wp-caption-text\">MOULD KING 13153 Green Double-sided Vehicle With 836 Pieces<\/figcaption><\/figure>\n<figure id=\"attachment_35030\" aria-describedby=\"caption-attachment-35030\" style=\"width: 768px\" class=\"wp-caption aligncenter\"><img loading=\"lazy\" decoding=\"async\" class=\"wp-image-35030 size-full\" src=\"https:\/\/mouldking.store\/wp-content\/uploads\/2022\/11\/MK13153-4-a377-768x768-1.jpg\" alt=\"MOULD KING 13153 Green Double-sided Vehicle With 836 Pieces\" width=\"768\" height=\"768\" title=\"-\" srcset=\"https:\/\/mouldking.store\/wp-content\/uploads\/2022\/11\/MK13153-4-a377-768x768-1.jpg 768w, https:\/\/mouldking.store\/wp-content\/uploads\/2022\/11\/MK13153-4-a377-768x768-1-300x300.jpg 300w, https:\/\/mouldking.store\/wp-content\/uploads\/2022\/11\/MK13153-4-a377-768x768-1-600x600.jpg 600w, https:\/\/mouldking.store\/wp-content\/uploads\/2022\/11\/MK13153-4-a377-768x768-1-150x150.jpg 150w, https:\/\/mouldking.store\/wp-content\/uploads\/2022\/11\/MK13153-4-a377-768x768-1-60x60.jpg 60w, https:\/\/mouldking.store\/wp-content\/uploads\/2022\/11\/MK13153-4-a377-768x768-1-90x90.jpg 90w\" sizes=\"(max-width: 768px) 100vw, 768px\" \/><figcaption id=\"caption-attachment-35030\" class=\"wp-caption-text\">MOULD KING 13153 Green Double-sided Vehicle With 836 Pieces<\/figcaption><\/figure>\n<figure id=\"attachment_35031\" aria-describedby=\"caption-attachment-35031\" style=\"width: 768px\" class=\"wp-caption aligncenter\"><img loading=\"lazy\" decoding=\"async\" class=\"wp-image-35031 size-full\" src=\"https:\/\/mouldking.store\/wp-content\/uploads\/2022\/11\/MK13153-5-fa6e-768x768-1.jpg\" alt=\"MOULD KING 13153 Green Double-sided Vehicle With 836 Pieces\" width=\"768\" height=\"768\" title=\"-\" srcset=\"https:\/\/mouldking.store\/wp-content\/uploads\/2022\/11\/MK13153-5-fa6e-768x768-1.jpg 768w, https:\/\/mouldking.store\/wp-content\/uploads\/2022\/11\/MK13153-5-fa6e-768x768-1-300x300.jpg 300w, https:\/\/mouldking.store\/wp-content\/uploads\/2022\/11\/MK13153-5-fa6e-768x768-1-600x600.jpg 600w, https:\/\/mouldking.store\/wp-content\/uploads\/2022\/11\/MK13153-5-fa6e-768x768-1-150x150.jpg 150w, https:\/\/mouldking.store\/wp-content\/uploads\/2022\/11\/MK13153-5-fa6e-768x768-1-60x60.jpg 60w, https:\/\/mouldking.store\/wp-content\/uploads\/2022\/11\/MK13153-5-fa6e-768x768-1-90x90.jpg 90w\" sizes=\"(max-width: 768px) 100vw, 768px\" \/><figcaption id=\"caption-attachment-35031\" class=\"wp-caption-text\">MOULD KING 13153 Green Double-sided Vehicle With 836 Pieces<\/figcaption><\/figure>","protected":false},"excerpt":{"rendered":"<p>Product information: Brand: MOULD KING Gender: Unisex Name: Green Double-sided Vehicle Age Range: &gt; 6 years old Model Number: 13153 Classification: Assemblage Plastic Block Shape: Self-Locking Bricks Material: Plastic Plastic Type: ABS Bricks Blocks:836 PCS Size: 26.4 \u00d7 16 \u00d7 11.4 cm Contains detailed assembly instructions. Notice: 1. Without an original box, but we guarantee [&hellip;]<\/p>","protected":false},"featured_media":35027,"comment_status":"closed","ping_status":"closed","template":"","meta":{"_acf_changed":false},"product_cat":[1357],"product_tag":[7277,7278,7279,615,7280,7281,7276],"class_list":["product","first","instock","shipping-taxable","purchasable","product-type-simple"],"acf":[],"_links":{"self":[{"href":"https:\/\/mouldking.store\/nb\/wp-json\/wp\/v2\/product\/35026","targetHints":{"allow":["GET"]}}],"collection":[{"href":"https:\/\/mouldking.store\/nb\/wp-json\/wp\/v2\/product"}],"about":[{"href":"https:\/\/mouldking.store\/nb\/wp-json\/wp\/v2\/types\/product"}],"replies":[{"embeddable":true,"href":"https:\/\/mouldking.store\/nb\/wp-json\/wp\/v2\/comments?post=35026"}],"wp:featuredmedia":[{"embeddable":true,"href":"https:\/\/mouldking.store\/nb\/wp-json\/wp\/v2\/media\/35027"}],"wp:attachment":[{"href":"https:\/\/mouldking.store\/nb\/wp-json\/wp\/v2\/media?parent=35026"}],"wp:term":[{"taxonomy":"product_cat","embeddable":true,"href":"https:\/\/mouldking.store\/nb\/wp-json\/wp\/v2\/product_cat?post=35026"},{"taxonomy":"product_tag","embeddable":true,"href":"https:\/\/mouldking.store\/nb\/wp-json\/wp\/v2\/product_tag?post=35026"}],"curies":[{"name":"wp","href":"https:\/\/api.w.org\/{rel}","templated":true}]}}