{"id":35052,"date":"2022-11-17T17:51:39","date_gmt":"2022-11-17T10:51:39","guid":{"rendered":"https:\/\/mouldking.store\/?post_type=product&#038;p=35052"},"modified":"2022-11-17T17:51:39","modified_gmt":"2022-11-17T10:51:39","slug":"forange-fc6209-giganotosaurus-with-1872-pieces","status":"publish","type":"product","link":"https:\/\/mouldking.store\/nb\/shop\/forange-fc6209-giganotosaurus-with-1872-pieces\/","title":{"rendered":"Forange FC6209 Giganotosaurus med 1872 stykker"},"content":{"rendered":"<p>Produktinformasjon:<\/p>\n<ol>\n<li>Merke: Forange<\/li>\n<li>Kj\u00f8nn: Unisex<\/li>\n<li>Navn: Giganotosaurus<\/li>\n<li>Aldersgruppe: &gt; 6 \u00e5r gammel<\/li>\n<li>Modellnummer: FC6209<\/li>\n<li>Klassifisering: Montering<\/li>\n<li>Plastblokkform: Selvl\u00e5sende murstein<\/li>\n<li>Materiale: Plast<\/li>\n<li>Plasttype: ABS<\/li>\n<li>Mursteinsblokker:1872 STK<\/li>\n<li>St\u00f8rrelse: 75 x 25 cm<\/li>\n<li>Inneholder detaljerte monteringsanvisninger.<\/li>\n<\/ol>\n<p>Legge merke til:<br \/>\n1. Uten original eske, men vi garanterer at v\u00e5re produkter har kvalitetssikring og pen emballasje.<br \/>\n2. Som alle delene vi har sjekket f\u00f8r frakt, s\u00e5 hvis du finner noen deler savnet eller skadet, ikke bekymre deg og bare kontakt oss, s\u00e5 kan vi sende dem til deg p\u00e5 nytt umiddelbart gratis.<\/p>\n<figure id=\"attachment_35053\" aria-describedby=\"caption-attachment-35053\" style=\"width: 768px\" class=\"wp-caption aligncenter\"><img fetchpriority=\"high\" decoding=\"async\" class=\"wp-image-35053 size-full\" src=\"https:\/\/mouldking.store\/wp-content\/uploads\/2022\/11\/Forange-Block-FC6209-Giganotosaurus-1-768x768-1.jpg\" alt=\"Forange FC6209 Giganotosaurus With 1872 Pieces\" width=\"768\" height=\"768\" title=\"-\" srcset=\"https:\/\/mouldking.store\/wp-content\/uploads\/2022\/11\/Forange-Block-FC6209-Giganotosaurus-1-768x768-1.jpg 768w, https:\/\/mouldking.store\/wp-content\/uploads\/2022\/11\/Forange-Block-FC6209-Giganotosaurus-1-768x768-1-300x300.jpg 300w, https:\/\/mouldking.store\/wp-content\/uploads\/2022\/11\/Forange-Block-FC6209-Giganotosaurus-1-768x768-1-600x600.jpg 600w, https:\/\/mouldking.store\/wp-content\/uploads\/2022\/11\/Forange-Block-FC6209-Giganotosaurus-1-768x768-1-150x150.jpg 150w, https:\/\/mouldking.store\/wp-content\/uploads\/2022\/11\/Forange-Block-FC6209-Giganotosaurus-1-768x768-1-60x60.jpg 60w, https:\/\/mouldking.store\/wp-content\/uploads\/2022\/11\/Forange-Block-FC6209-Giganotosaurus-1-768x768-1-90x90.jpg 90w\" sizes=\"(max-width: 768px) 100vw, 768px\" \/><figcaption id=\"caption-attachment-35053\" class=\"wp-caption-text\">Forange FC6209 Giganotosaurus med 1872 stykker<\/figcaption><\/figure>\n<figure id=\"attachment_35054\" aria-describedby=\"caption-attachment-35054\" style=\"width: 768px\" class=\"wp-caption aligncenter\"><img decoding=\"async\" class=\"wp-image-35054 size-full\" src=\"https:\/\/mouldking.store\/wp-content\/uploads\/2022\/11\/Forange-Block-FC6209-Giganotosaurus-4-768x768-1.jpg\" alt=\"Forange FC6209 Giganotosaurus With 1872 Pieces\" width=\"768\" height=\"768\" title=\"-\" srcset=\"https:\/\/mouldking.store\/wp-content\/uploads\/2022\/11\/Forange-Block-FC6209-Giganotosaurus-4-768x768-1.jpg 768w, https:\/\/mouldking.store\/wp-content\/uploads\/2022\/11\/Forange-Block-FC6209-Giganotosaurus-4-768x768-1-300x300.jpg 300w, https:\/\/mouldking.store\/wp-content\/uploads\/2022\/11\/Forange-Block-FC6209-Giganotosaurus-4-768x768-1-600x600.jpg 600w, https:\/\/mouldking.store\/wp-content\/uploads\/2022\/11\/Forange-Block-FC6209-Giganotosaurus-4-768x768-1-150x150.jpg 150w, https:\/\/mouldking.store\/wp-content\/uploads\/2022\/11\/Forange-Block-FC6209-Giganotosaurus-4-768x768-1-60x60.jpg 60w, https:\/\/mouldking.store\/wp-content\/uploads\/2022\/11\/Forange-Block-FC6209-Giganotosaurus-4-768x768-1-90x90.jpg 90w\" sizes=\"(max-width: 768px) 100vw, 768px\" \/><figcaption id=\"caption-attachment-35054\" class=\"wp-caption-text\">Forange FC6209 Giganotosaurus med 1872 stykker<\/figcaption><\/figure>\n<figure id=\"attachment_35055\" aria-describedby=\"caption-attachment-35055\" style=\"width: 768px\" class=\"wp-caption aligncenter\"><img decoding=\"async\" class=\"wp-image-35055 size-full\" src=\"https:\/\/mouldking.store\/wp-content\/uploads\/2022\/11\/Forange-Block-FC6209-Giganotosaurus-3-768x768-1.jpg\" alt=\"Forange FC6209 Giganotosaurus With 1872 Pieces\" width=\"768\" height=\"768\" title=\"-\" srcset=\"https:\/\/mouldking.store\/wp-content\/uploads\/2022\/11\/Forange-Block-FC6209-Giganotosaurus-3-768x768-1.jpg 768w, https:\/\/mouldking.store\/wp-content\/uploads\/2022\/11\/Forange-Block-FC6209-Giganotosaurus-3-768x768-1-300x300.jpg 300w, https:\/\/mouldking.store\/wp-content\/uploads\/2022\/11\/Forange-Block-FC6209-Giganotosaurus-3-768x768-1-600x600.jpg 600w, https:\/\/mouldking.store\/wp-content\/uploads\/2022\/11\/Forange-Block-FC6209-Giganotosaurus-3-768x768-1-150x150.jpg 150w, https:\/\/mouldking.store\/wp-content\/uploads\/2022\/11\/Forange-Block-FC6209-Giganotosaurus-3-768x768-1-60x60.jpg 60w, https:\/\/mouldking.store\/wp-content\/uploads\/2022\/11\/Forange-Block-FC6209-Giganotosaurus-3-768x768-1-90x90.jpg 90w\" sizes=\"(max-width: 768px) 100vw, 768px\" \/><figcaption id=\"caption-attachment-35055\" class=\"wp-caption-text\">Forange FC6209 Giganotosaurus med 1872 stykker<\/figcaption><\/figure>\n<figure id=\"attachment_35056\" aria-describedby=\"caption-attachment-35056\" style=\"width: 768px\" class=\"wp-caption aligncenter\"><img loading=\"lazy\" decoding=\"async\" class=\"wp-image-35056 size-full\" src=\"https:\/\/mouldking.store\/wp-content\/uploads\/2022\/11\/Forange-Block-FC6209-Giganotosaurus-5-768x768-1.jpg\" alt=\"Forange FC6209 Giganotosaurus With 1872 Pieces\" width=\"768\" height=\"768\" title=\"-\" srcset=\"https:\/\/mouldking.store\/wp-content\/uploads\/2022\/11\/Forange-Block-FC6209-Giganotosaurus-5-768x768-1.jpg 768w, https:\/\/mouldking.store\/wp-content\/uploads\/2022\/11\/Forange-Block-FC6209-Giganotosaurus-5-768x768-1-300x300.jpg 300w, https:\/\/mouldking.store\/wp-content\/uploads\/2022\/11\/Forange-Block-FC6209-Giganotosaurus-5-768x768-1-600x600.jpg 600w, https:\/\/mouldking.store\/wp-content\/uploads\/2022\/11\/Forange-Block-FC6209-Giganotosaurus-5-768x768-1-150x150.jpg 150w, https:\/\/mouldking.store\/wp-content\/uploads\/2022\/11\/Forange-Block-FC6209-Giganotosaurus-5-768x768-1-60x60.jpg 60w, https:\/\/mouldking.store\/wp-content\/uploads\/2022\/11\/Forange-Block-FC6209-Giganotosaurus-5-768x768-1-90x90.jpg 90w\" sizes=\"(max-width: 768px) 100vw, 768px\" \/><figcaption id=\"caption-attachment-35056\" class=\"wp-caption-text\">Forange FC6209 Giganotosaurus med 1872 stykker<\/figcaption><\/figure>\n<figure id=\"attachment_35057\" aria-describedby=\"caption-attachment-35057\" style=\"width: 768px\" class=\"wp-caption aligncenter\"><img loading=\"lazy\" decoding=\"async\" class=\"wp-image-35057 size-full\" src=\"https:\/\/mouldking.store\/wp-content\/uploads\/2022\/11\/Forange-Block-FC6209-Giganotosaurus-2-768x768-1.jpg\" alt=\"Forange FC6209 Giganotosaurus With 1872 Pieces\" width=\"768\" height=\"768\" title=\"-\" srcset=\"https:\/\/mouldking.store\/wp-content\/uploads\/2022\/11\/Forange-Block-FC6209-Giganotosaurus-2-768x768-1.jpg 768w, https:\/\/mouldking.store\/wp-content\/uploads\/2022\/11\/Forange-Block-FC6209-Giganotosaurus-2-768x768-1-300x300.jpg 300w, https:\/\/mouldking.store\/wp-content\/uploads\/2022\/11\/Forange-Block-FC6209-Giganotosaurus-2-768x768-1-600x600.jpg 600w, https:\/\/mouldking.store\/wp-content\/uploads\/2022\/11\/Forange-Block-FC6209-Giganotosaurus-2-768x768-1-150x150.jpg 150w, https:\/\/mouldking.store\/wp-content\/uploads\/2022\/11\/Forange-Block-FC6209-Giganotosaurus-2-768x768-1-60x60.jpg 60w, https:\/\/mouldking.store\/wp-content\/uploads\/2022\/11\/Forange-Block-FC6209-Giganotosaurus-2-768x768-1-90x90.jpg 90w\" sizes=\"(max-width: 768px) 100vw, 768px\" \/><figcaption id=\"caption-attachment-35057\" class=\"wp-caption-text\">Forange FC6209 Giganotosaurus med 1872 stykker<\/figcaption><\/figure>","protected":false},"excerpt":{"rendered":"<p>Product information: Brand: Forange Gender: Unisex Name: Giganotosaurus Age Range: &gt; 6 years old Model Number: FC6209 Classification: Assemblage Plastic Block Shape: Self-Locking Bricks Material: Plastic Plastic Type: ABS Bricks Blocks:1872 PCS Size: 75 x 25 cm Contains detailed assembly instructions. Notice: 1. Without an original box, but we guarantee our products have quality assurance [&hellip;]<\/p>","protected":false},"author":1145,"featured_media":35053,"comment_status":"closed","ping_status":"closed","template":"","meta":{"_acf_changed":false},"product_cat":[1365,371],"product_tag":[7303,2595,7305,7306,7302,7304],"class_list":["product","first","instock","shipping-taxable","purchasable","product-type-simple"],"acf":[],"_links":{"self":[{"href":"https:\/\/mouldking.store\/nb\/wp-json\/wp\/v2\/product\/35052","targetHints":{"allow":["GET"]}}],"collection":[{"href":"https:\/\/mouldking.store\/nb\/wp-json\/wp\/v2\/product"}],"about":[{"href":"https:\/\/mouldking.store\/nb\/wp-json\/wp\/v2\/types\/product"}],"author":[{"embeddable":true,"href":"https:\/\/mouldking.store\/nb\/wp-json\/wp\/v2\/users\/1145"}],"replies":[{"embeddable":true,"href":"https:\/\/mouldking.store\/nb\/wp-json\/wp\/v2\/comments?post=35052"}],"wp:featuredmedia":[{"embeddable":true,"href":"https:\/\/mouldking.store\/nb\/wp-json\/wp\/v2\/media\/35053"}],"wp:attachment":[{"href":"https:\/\/mouldking.store\/nb\/wp-json\/wp\/v2\/media?parent=35052"}],"wp:term":[{"taxonomy":"product_cat","embeddable":true,"href":"https:\/\/mouldking.store\/nb\/wp-json\/wp\/v2\/product_cat?post=35052"},{"taxonomy":"product_tag","embeddable":true,"href":"https:\/\/mouldking.store\/nb\/wp-json\/wp\/v2\/product_tag?post=35052"}],"curies":[{"name":"wp","href":"https:\/\/api.w.org\/{rel}","templated":true}]}}