{"id":35058,"date":"2022-11-17T18:03:55","date_gmt":"2022-11-17T11:03:55","guid":{"rendered":"https:\/\/mouldking.store\/?post_type=product&#038;p=35058"},"modified":"2024-02-02T16:03:06","modified_gmt":"2024-02-02T09:03:06","slug":"quanguan-745-747-spy-x-family-anyas-house-with-466-pieces","status":"publish","type":"product","link":"https:\/\/mouldking.store\/nb\/shop\/quanguan-745-747-spy-x-family-anyas-house-with-466-pieces\/","title":{"rendered":"QuanGuan 745 \u2013 747 SPY x FAMILIE Anyas hus med 466 stykker"},"content":{"rendered":"<p>Produktinformasjon:<\/p>\n<ol>\n<li>Merke: QuanGuan<\/li>\n<li>Kj\u00f8nn: Unisex<\/li>\n<li>Navn: SPY x FAMILIE Anya&#039;s House<\/li>\n<li>Aldersgruppe: &gt; 6 \u00e5r gammel<\/li>\n<li>Modellnummer: 745 \u2013 747<\/li>\n<li>Klassifisering: Montering<\/li>\n<li>Plastblokkform: Selvl\u00e5sende murstein<\/li>\n<li>Materiale: Plast<\/li>\n<li>Plasttype: ABS<\/li>\n<li>Mursteinsblokker: 466 PCSx3<\/li>\n<li>St\u00f8rrelse: 42 \u00d7 30 \u00d7 5 cm x3<\/li>\n<li>Inneholder detaljerte monteringsanvisninger.<\/li>\n<\/ol>\n<p>Legge merke til:<br \/>\n1. Uten original eske, men vi garanterer at v\u00e5re produkter har kvalitetssikring og pen emballasje.<br \/>\n2. Som alle delene vi har sjekket f\u00f8r frakt, s\u00e5 hvis du finner noen deler savnet eller skadet, ikke bekymre deg og bare kontakt oss, s\u00e5 kan vi sende dem til deg p\u00e5 nytt umiddelbart gratis.<\/p>\n<figure id=\"attachment_35059\" aria-describedby=\"caption-attachment-35059\" style=\"width: 768px\" class=\"wp-caption aligncenter\"><img fetchpriority=\"high\" decoding=\"async\" class=\"wp-image-35059 size-full\" src=\"https:\/\/mouldking.store\/wp-content\/uploads\/2022\/11\/QuanGuan-745-477-6.jpg\" alt=\"QuanGuan 745 \u2013 747 SPY x FAMILY Anya\u2019s House With 466 Pieces\" width=\"768\" height=\"768\" title=\"-\" srcset=\"https:\/\/mouldking.store\/wp-content\/uploads\/2022\/11\/QuanGuan-745-477-6.jpg 768w, https:\/\/mouldking.store\/wp-content\/uploads\/2022\/11\/QuanGuan-745-477-6-300x300.jpg 300w, https:\/\/mouldking.store\/wp-content\/uploads\/2022\/11\/QuanGuan-745-477-6-600x600.jpg 600w, https:\/\/mouldking.store\/wp-content\/uploads\/2022\/11\/QuanGuan-745-477-6-150x150.jpg 150w, https:\/\/mouldking.store\/wp-content\/uploads\/2022\/11\/QuanGuan-745-477-6-60x60.jpg 60w, https:\/\/mouldking.store\/wp-content\/uploads\/2022\/11\/QuanGuan-745-477-6-90x90.jpg 90w\" sizes=\"(max-width: 768px) 100vw, 768px\" \/><figcaption id=\"caption-attachment-35059\" class=\"wp-caption-text\">QuanGuan 745 \u2013 747 SPY x FAMILIE Anyas hus med 466 stykker<\/figcaption><\/figure>\n<figure id=\"attachment_35060\" aria-describedby=\"caption-attachment-35060\" style=\"width: 768px\" class=\"wp-caption aligncenter\"><img decoding=\"async\" class=\"wp-image-35060 size-full\" src=\"https:\/\/mouldking.store\/wp-content\/uploads\/2022\/11\/QuanGuan-745-477-5.jpg\" alt=\"QuanGuan 745 \u2013 747 SPY x FAMILY Anya\u2019s House With 466 Pieces\" width=\"768\" height=\"768\" title=\"-\" srcset=\"https:\/\/mouldking.store\/wp-content\/uploads\/2022\/11\/QuanGuan-745-477-5.jpg 768w, https:\/\/mouldking.store\/wp-content\/uploads\/2022\/11\/QuanGuan-745-477-5-300x300.jpg 300w, https:\/\/mouldking.store\/wp-content\/uploads\/2022\/11\/QuanGuan-745-477-5-600x600.jpg 600w, https:\/\/mouldking.store\/wp-content\/uploads\/2022\/11\/QuanGuan-745-477-5-150x150.jpg 150w, https:\/\/mouldking.store\/wp-content\/uploads\/2022\/11\/QuanGuan-745-477-5-60x60.jpg 60w, https:\/\/mouldking.store\/wp-content\/uploads\/2022\/11\/QuanGuan-745-477-5-90x90.jpg 90w\" sizes=\"(max-width: 768px) 100vw, 768px\" \/><figcaption id=\"caption-attachment-35060\" class=\"wp-caption-text\">QuanGuan 745 \u2013 747 SPY x FAMILIE Anyas hus med 466 stykker<\/figcaption><\/figure>\n<figure id=\"attachment_35061\" aria-describedby=\"caption-attachment-35061\" style=\"width: 768px\" class=\"wp-caption aligncenter\"><img decoding=\"async\" class=\"wp-image-35061 size-full\" src=\"https:\/\/mouldking.store\/wp-content\/uploads\/2022\/11\/QuanGuan-745-477-4.jpg\" alt=\"QuanGuan 745 \u2013 747 SPY x FAMILY Anya\u2019s House With 466 Pieces\" width=\"768\" height=\"768\" title=\"-\" srcset=\"https:\/\/mouldking.store\/wp-content\/uploads\/2022\/11\/QuanGuan-745-477-4.jpg 768w, https:\/\/mouldking.store\/wp-content\/uploads\/2022\/11\/QuanGuan-745-477-4-300x300.jpg 300w, https:\/\/mouldking.store\/wp-content\/uploads\/2022\/11\/QuanGuan-745-477-4-600x600.jpg 600w, https:\/\/mouldking.store\/wp-content\/uploads\/2022\/11\/QuanGuan-745-477-4-150x150.jpg 150w, https:\/\/mouldking.store\/wp-content\/uploads\/2022\/11\/QuanGuan-745-477-4-60x60.jpg 60w, https:\/\/mouldking.store\/wp-content\/uploads\/2022\/11\/QuanGuan-745-477-4-90x90.jpg 90w\" sizes=\"(max-width: 768px) 100vw, 768px\" \/><figcaption id=\"caption-attachment-35061\" class=\"wp-caption-text\">QuanGuan 745 \u2013 747 SPY x FAMILIE Anyas hus med 466 stykker<\/figcaption><\/figure>\n<figure id=\"attachment_35062\" aria-describedby=\"caption-attachment-35062\" style=\"width: 768px\" class=\"wp-caption aligncenter\"><img loading=\"lazy\" decoding=\"async\" class=\"wp-image-35062 size-full\" src=\"https:\/\/mouldking.store\/wp-content\/uploads\/2022\/11\/QuanGuan-745-477-3.jpg\" alt=\"QuanGuan 745 \u2013 747 SPY x FAMILY Anya\u2019s House With 466 Pieces\" width=\"768\" height=\"768\" title=\"-\" srcset=\"https:\/\/mouldking.store\/wp-content\/uploads\/2022\/11\/QuanGuan-745-477-3.jpg 768w, https:\/\/mouldking.store\/wp-content\/uploads\/2022\/11\/QuanGuan-745-477-3-300x300.jpg 300w, https:\/\/mouldking.store\/wp-content\/uploads\/2022\/11\/QuanGuan-745-477-3-600x600.jpg 600w, https:\/\/mouldking.store\/wp-content\/uploads\/2022\/11\/QuanGuan-745-477-3-150x150.jpg 150w, https:\/\/mouldking.store\/wp-content\/uploads\/2022\/11\/QuanGuan-745-477-3-60x60.jpg 60w, https:\/\/mouldking.store\/wp-content\/uploads\/2022\/11\/QuanGuan-745-477-3-90x90.jpg 90w\" sizes=\"(max-width: 768px) 100vw, 768px\" \/><figcaption id=\"caption-attachment-35062\" class=\"wp-caption-text\">QuanGuan 745 \u2013 747 SPY x FAMILIE Anyas hus med 466 stykker<\/figcaption><\/figure>\n<figure id=\"attachment_35063\" aria-describedby=\"caption-attachment-35063\" style=\"width: 768px\" class=\"wp-caption aligncenter\"><img loading=\"lazy\" decoding=\"async\" class=\"wp-image-35063 size-full\" src=\"https:\/\/mouldking.store\/wp-content\/uploads\/2022\/11\/QuanGuan-745-477-2.jpg\" alt=\"QuanGuan 745 \u2013 747 SPY x FAMILY Anya\u2019s House With 466 Pieces\" width=\"768\" height=\"768\" title=\"-\" srcset=\"https:\/\/mouldking.store\/wp-content\/uploads\/2022\/11\/QuanGuan-745-477-2.jpg 768w, https:\/\/mouldking.store\/wp-content\/uploads\/2022\/11\/QuanGuan-745-477-2-300x300.jpg 300w, https:\/\/mouldking.store\/wp-content\/uploads\/2022\/11\/QuanGuan-745-477-2-600x600.jpg 600w, https:\/\/mouldking.store\/wp-content\/uploads\/2022\/11\/QuanGuan-745-477-2-150x150.jpg 150w, https:\/\/mouldking.store\/wp-content\/uploads\/2022\/11\/QuanGuan-745-477-2-60x60.jpg 60w, https:\/\/mouldking.store\/wp-content\/uploads\/2022\/11\/QuanGuan-745-477-2-90x90.jpg 90w\" sizes=\"(max-width: 768px) 100vw, 768px\" \/><figcaption id=\"caption-attachment-35063\" class=\"wp-caption-text\">QuanGuan 745 \u2013 747 SPY x FAMILIE Anyas hus med 466 stykker<\/figcaption><\/figure>\n<figure id=\"attachment_35064\" aria-describedby=\"caption-attachment-35064\" style=\"width: 768px\" class=\"wp-caption aligncenter\"><img loading=\"lazy\" decoding=\"async\" class=\"wp-image-35064 size-full\" src=\"https:\/\/mouldking.store\/wp-content\/uploads\/2022\/11\/QuanGuan-745-477-1.jpg\" alt=\"QuanGuan 745 \u2013 747 SPY x FAMILY Anya\u2019s House With 466 Pieces\" width=\"768\" height=\"768\" title=\"-\" srcset=\"https:\/\/mouldking.store\/wp-content\/uploads\/2022\/11\/QuanGuan-745-477-1.jpg 768w, https:\/\/mouldking.store\/wp-content\/uploads\/2022\/11\/QuanGuan-745-477-1-300x300.jpg 300w, https:\/\/mouldking.store\/wp-content\/uploads\/2022\/11\/QuanGuan-745-477-1-600x600.jpg 600w, https:\/\/mouldking.store\/wp-content\/uploads\/2022\/11\/QuanGuan-745-477-1-150x150.jpg 150w, https:\/\/mouldking.store\/wp-content\/uploads\/2022\/11\/QuanGuan-745-477-1-60x60.jpg 60w, https:\/\/mouldking.store\/wp-content\/uploads\/2022\/11\/QuanGuan-745-477-1-90x90.jpg 90w\" sizes=\"(max-width: 768px) 100vw, 768px\" \/><figcaption id=\"caption-attachment-35064\" class=\"wp-caption-text\">QuanGuan 745 \u2013 747 SPY x FAMILIE Anyas hus med 466 stykker<\/figcaption><\/figure>","protected":false},"excerpt":{"rendered":"<p>Product information: Brand: QuanGuan Gender: Unisex Name: SPY x FAMILY Anya\u2019s House Age Range: &gt; 6 years old Model Number: 745 \u2013 747 Classification: Assemblage Plastic Block Shape: Self-Locking Bricks Material: Plastic Plastic Type: ABS Bricks Blocks:466 PCSx3 Size: 42 \u00d7 30 \u00d7 5 cm x3 Contains detailed assembly instructions. Notice: 1. Without an original [&hellip;]<\/p>","protected":false},"featured_media":35059,"comment_status":"closed","ping_status":"closed","template":"","meta":{"_acf_changed":false},"product_cat":[581],"product_tag":[7308,7310,2290,7312,7307,7309,7311],"class_list":["product","first","outofstock","shipping-taxable","purchasable","product-type-variable"],"acf":[],"_links":{"self":[{"href":"https:\/\/mouldking.store\/nb\/wp-json\/wp\/v2\/product\/35058","targetHints":{"allow":["GET"]}}],"collection":[{"href":"https:\/\/mouldking.store\/nb\/wp-json\/wp\/v2\/product"}],"about":[{"href":"https:\/\/mouldking.store\/nb\/wp-json\/wp\/v2\/types\/product"}],"replies":[{"embeddable":true,"href":"https:\/\/mouldking.store\/nb\/wp-json\/wp\/v2\/comments?post=35058"}],"wp:featuredmedia":[{"embeddable":true,"href":"https:\/\/mouldking.store\/nb\/wp-json\/wp\/v2\/media\/35059"}],"wp:attachment":[{"href":"https:\/\/mouldking.store\/nb\/wp-json\/wp\/v2\/media?parent=35058"}],"wp:term":[{"taxonomy":"product_cat","embeddable":true,"href":"https:\/\/mouldking.store\/nb\/wp-json\/wp\/v2\/product_cat?post=35058"},{"taxonomy":"product_tag","embeddable":true,"href":"https:\/\/mouldking.store\/nb\/wp-json\/wp\/v2\/product_tag?post=35058"}],"curies":[{"name":"wp","href":"https:\/\/api.w.org\/{rel}","templated":true}]}}