{"id":35089,"date":"2022-11-18T09:41:23","date_gmt":"2022-11-18T02:41:23","guid":{"rendered":"https:\/\/mouldking.store\/?post_type=product&#038;p=35089"},"modified":"2022-11-18T09:41:24","modified_gmt":"2022-11-18T02:41:24","slug":"tgl-t3034-nordic-blue-bugatti-with-619-pieces","status":"publish","type":"product","link":"https:\/\/mouldking.store\/nb\/shop\/tgl-t3034-nordic-blue-bugatti-with-619-pieces\/","title":{"rendered":"TGL T3034 Nordic Blue Bugatti Med 619 stk"},"content":{"rendered":"<p>Produktinformasjon:<\/p>\n<ol>\n<li>Merke: TGL<\/li>\n<li>Kj\u00f8nn: Unisex<\/li>\n<li>Name: Nordic Blue Bugatti<\/li>\n<li>Aldersgruppe: &gt; 6 \u00e5r gammel<\/li>\n<li>Model Number: T3034<\/li>\n<li>Klassifisering: Montering<\/li>\n<li>Plastblokkform: Selvl\u00e5sende murstein<\/li>\n<li>Materiale: Plast<\/li>\n<li>Plasttype: ABS<\/li>\n<li>Bricks Blocks:619 PCS<\/li>\n<li>Size:33.6 \u00d7 12.4 \u00d7 16 cm<\/li>\n<li>Inneholder detaljerte monteringsanvisninger.<\/li>\n<\/ol>\n<p>Legge merke til:<br \/>\n1. Uten original eske, men vi garanterer at v\u00e5re produkter har kvalitetssikring og pen emballasje.<br \/>\n2. Som alle delene vi har sjekket f\u00f8r frakt, s\u00e5 hvis du finner noen deler savnet eller skadet, ikke bekymre deg og bare kontakt oss, s\u00e5 kan vi sende dem til deg p\u00e5 nytt umiddelbart gratis.<\/p>\n<figure id=\"attachment_35090\" aria-describedby=\"caption-attachment-35090\" style=\"width: 768px\" class=\"wp-caption aligncenter\"><img fetchpriority=\"high\" decoding=\"async\" class=\"wp-image-35090 size-full\" src=\"https:\/\/mouldking.store\/wp-content\/uploads\/2022\/11\/nordic-blue-bugatti-technician-tgl-t3034-with-619-pieces-768x773-1.jpg\" alt=\"TGL T3034 Nordic Blue Bugatti With 619 Pieces\" width=\"768\" height=\"773\" title=\"-\" srcset=\"https:\/\/mouldking.store\/wp-content\/uploads\/2022\/11\/nordic-blue-bugatti-technician-tgl-t3034-with-619-pieces-768x773-1.jpg 768w, https:\/\/mouldking.store\/wp-content\/uploads\/2022\/11\/nordic-blue-bugatti-technician-tgl-t3034-with-619-pieces-768x773-1-298x300.jpg 298w, https:\/\/mouldking.store\/wp-content\/uploads\/2022\/11\/nordic-blue-bugatti-technician-tgl-t3034-with-619-pieces-768x773-1-300x302.jpg 300w, https:\/\/mouldking.store\/wp-content\/uploads\/2022\/11\/nordic-blue-bugatti-technician-tgl-t3034-with-619-pieces-768x773-1-600x604.jpg 600w, https:\/\/mouldking.store\/wp-content\/uploads\/2022\/11\/nordic-blue-bugatti-technician-tgl-t3034-with-619-pieces-768x773-1-150x150.jpg 150w, https:\/\/mouldking.store\/wp-content\/uploads\/2022\/11\/nordic-blue-bugatti-technician-tgl-t3034-with-619-pieces-768x773-1-60x60.jpg 60w, https:\/\/mouldking.store\/wp-content\/uploads\/2022\/11\/nordic-blue-bugatti-technician-tgl-t3034-with-619-pieces-768x773-1-89x90.jpg 89w\" sizes=\"(max-width: 768px) 100vw, 768px\" \/><figcaption id=\"caption-attachment-35090\" class=\"wp-caption-text\">TGL T3034 Nordic Blue Bugatti Med 619 stk<\/figcaption><\/figure>\n<figure id=\"attachment_35091\" aria-describedby=\"caption-attachment-35091\" style=\"width: 768px\" class=\"wp-caption aligncenter\"><img decoding=\"async\" class=\"wp-image-35091 size-full\" src=\"https:\/\/mouldking.store\/wp-content\/uploads\/2022\/11\/nordic-blue-bugatti-technician-tgl-t3034-with-619-pieces-1-768x759-1.jpg\" alt=\"TGL T3034 Nordic Blue Bugatti With 619 Pieces\" width=\"768\" height=\"759\" title=\"-\" srcset=\"https:\/\/mouldking.store\/wp-content\/uploads\/2022\/11\/nordic-blue-bugatti-technician-tgl-t3034-with-619-pieces-1-768x759-1.jpg 768w, https:\/\/mouldking.store\/wp-content\/uploads\/2022\/11\/nordic-blue-bugatti-technician-tgl-t3034-with-619-pieces-1-768x759-1-300x296.jpg 300w, https:\/\/mouldking.store\/wp-content\/uploads\/2022\/11\/nordic-blue-bugatti-technician-tgl-t3034-with-619-pieces-1-768x759-1-600x593.jpg 600w, https:\/\/mouldking.store\/wp-content\/uploads\/2022\/11\/nordic-blue-bugatti-technician-tgl-t3034-with-619-pieces-1-768x759-1-150x148.jpg 150w, https:\/\/mouldking.store\/wp-content\/uploads\/2022\/11\/nordic-blue-bugatti-technician-tgl-t3034-with-619-pieces-1-768x759-1-61x60.jpg 61w, https:\/\/mouldking.store\/wp-content\/uploads\/2022\/11\/nordic-blue-bugatti-technician-tgl-t3034-with-619-pieces-1-768x759-1-91x90.jpg 91w\" sizes=\"(max-width: 768px) 100vw, 768px\" \/><figcaption id=\"caption-attachment-35091\" class=\"wp-caption-text\">TGL T3034 Nordic Blue Bugatti Med 619 stk<\/figcaption><\/figure>\n<figure id=\"attachment_35092\" aria-describedby=\"caption-attachment-35092\" style=\"width: 768px\" class=\"wp-caption aligncenter\"><img decoding=\"async\" class=\"wp-image-35092 size-full\" src=\"https:\/\/mouldking.store\/wp-content\/uploads\/2022\/11\/nordic-blue-bugatti-technician-tgl-t3034-with-619-pieces-2-768x757-1.jpg\" alt=\"TGL T3034 Nordic Blue Bugatti With 619 Pieces\" width=\"768\" height=\"757\" title=\"-\" srcset=\"https:\/\/mouldking.store\/wp-content\/uploads\/2022\/11\/nordic-blue-bugatti-technician-tgl-t3034-with-619-pieces-2-768x757-1.jpg 768w, https:\/\/mouldking.store\/wp-content\/uploads\/2022\/11\/nordic-blue-bugatti-technician-tgl-t3034-with-619-pieces-2-768x757-1-300x296.jpg 300w, https:\/\/mouldking.store\/wp-content\/uploads\/2022\/11\/nordic-blue-bugatti-technician-tgl-t3034-with-619-pieces-2-768x757-1-600x591.jpg 600w, https:\/\/mouldking.store\/wp-content\/uploads\/2022\/11\/nordic-blue-bugatti-technician-tgl-t3034-with-619-pieces-2-768x757-1-150x148.jpg 150w, https:\/\/mouldking.store\/wp-content\/uploads\/2022\/11\/nordic-blue-bugatti-technician-tgl-t3034-with-619-pieces-2-768x757-1-61x60.jpg 61w, https:\/\/mouldking.store\/wp-content\/uploads\/2022\/11\/nordic-blue-bugatti-technician-tgl-t3034-with-619-pieces-2-768x757-1-91x90.jpg 91w\" sizes=\"(max-width: 768px) 100vw, 768px\" \/><figcaption id=\"caption-attachment-35092\" class=\"wp-caption-text\">TGL T3034 Nordic Blue Bugatti Med 619 stk<\/figcaption><\/figure>","protected":false},"excerpt":{"rendered":"<p>Product information: Brand: TGL Gender: Unisex Name: Nordic Blue Bugatti Age Range: &gt; 6 years old Model Number: T3034 Classification: Assemblage Plastic Block Shape: Self-Locking Bricks Material: Plastic Plastic Type: ABS Bricks Blocks:619 PCS Size:33.6 \u00d7 12.4 \u00d7 16 cm Contains detailed assembly instructions. Notice: 1. Without an original box, but we guarantee our products [&hellip;]<\/p>","protected":false},"featured_media":35090,"comment_status":"closed","ping_status":"closed","template":"","meta":{"_acf_changed":false},"product_cat":[1357],"product_tag":[1730,7327,7329,7326,2739,7328,7330,7325],"class_list":["product","first","instock","shipping-taxable","purchasable","product-type-simple"],"acf":[],"_links":{"self":[{"href":"https:\/\/mouldking.store\/nb\/wp-json\/wp\/v2\/product\/35089","targetHints":{"allow":["GET"]}}],"collection":[{"href":"https:\/\/mouldking.store\/nb\/wp-json\/wp\/v2\/product"}],"about":[{"href":"https:\/\/mouldking.store\/nb\/wp-json\/wp\/v2\/types\/product"}],"replies":[{"embeddable":true,"href":"https:\/\/mouldking.store\/nb\/wp-json\/wp\/v2\/comments?post=35089"}],"wp:featuredmedia":[{"embeddable":true,"href":"https:\/\/mouldking.store\/nb\/wp-json\/wp\/v2\/media\/35090"}],"wp:attachment":[{"href":"https:\/\/mouldking.store\/nb\/wp-json\/wp\/v2\/media?parent=35089"}],"wp:term":[{"taxonomy":"product_cat","embeddable":true,"href":"https:\/\/mouldking.store\/nb\/wp-json\/wp\/v2\/product_cat?post=35089"},{"taxonomy":"product_tag","embeddable":true,"href":"https:\/\/mouldking.store\/nb\/wp-json\/wp\/v2\/product_tag?post=35089"}],"curies":[{"name":"wp","href":"https:\/\/api.w.org\/{rel}","templated":true}]}}