{"id":35125,"date":"2022-11-18T10:32:41","date_gmt":"2022-11-18T03:32:41","guid":{"rendered":"https:\/\/mouldking.store\/?post_type=product&#038;p=35125"},"modified":"2022-11-18T10:32:41","modified_gmt":"2022-11-18T03:32:41","slug":"loz-1249-pumpkin-house-with-762-pieces","status":"publish","type":"product","link":"https:\/\/mouldking.store\/nb\/shop\/loz-1249-pumpkin-house-with-762-pieces\/","title":{"rendered":"LOZ 1249 Gresskarhus med 762 stk"},"content":{"rendered":"<p>Produktinformasjon:<\/p>\n<ol>\n<li>Merke: LOZ<\/li>\n<li>Kj\u00f8nn: Unisex<\/li>\n<li>Name: Pumpkin House<\/li>\n<li>Aldersgruppe: &gt; 6 \u00e5r gammel<\/li>\n<li>Model Number: 1249<\/li>\n<li>Klassifisering: Montering<\/li>\n<li>Plastblokkform: Selvl\u00e5sende murstein<\/li>\n<li>Materiale: Plast<\/li>\n<li>Plasttype: ABS<\/li>\n<li>Bricks Blocks:762 PCS<\/li>\n<li>Size: \u00a013.7 \u00d7 11 \u00d7 16 cm<\/li>\n<li>Inneholder detaljerte monteringsanvisninger.<\/li>\n<\/ol>\n<p>Legge merke til:<br \/>\n1. Uten original eske, men vi garanterer at v\u00e5re produkter har kvalitetssikring og pen emballasje.<br \/>\n2. Som alle delene vi har sjekket f\u00f8r frakt, s\u00e5 hvis du finner noen deler savnet eller skadet, ikke bekymre deg og bare kontakt oss, s\u00e5 kan vi sende dem til deg p\u00e5 nytt umiddelbart gratis.<\/p>\n<figure id=\"attachment_35126\" aria-describedby=\"caption-attachment-35126\" style=\"width: 768px\" class=\"wp-caption aligncenter\"><img fetchpriority=\"high\" decoding=\"async\" class=\"wp-image-35126 size-full\" src=\"https:\/\/mouldking.store\/wp-content\/uploads\/2022\/11\/LOZ-1249-6.jpg\" alt=\"LOZ 1249 Pumpkin House With 762 Pieces\" width=\"768\" height=\"768\" title=\"-\" srcset=\"https:\/\/mouldking.store\/wp-content\/uploads\/2022\/11\/LOZ-1249-6.jpg 768w, https:\/\/mouldking.store\/wp-content\/uploads\/2022\/11\/LOZ-1249-6-300x300.jpg 300w, https:\/\/mouldking.store\/wp-content\/uploads\/2022\/11\/LOZ-1249-6-600x600.jpg 600w, https:\/\/mouldking.store\/wp-content\/uploads\/2022\/11\/LOZ-1249-6-150x150.jpg 150w, https:\/\/mouldking.store\/wp-content\/uploads\/2022\/11\/LOZ-1249-6-60x60.jpg 60w, https:\/\/mouldking.store\/wp-content\/uploads\/2022\/11\/LOZ-1249-6-90x90.jpg 90w\" sizes=\"(max-width: 768px) 100vw, 768px\" \/><figcaption id=\"caption-attachment-35126\" class=\"wp-caption-text\">LOZ 1249 Gresskarhus med 762 stk<\/figcaption><\/figure>\n<figure id=\"attachment_35127\" aria-describedby=\"caption-attachment-35127\" style=\"width: 768px\" class=\"wp-caption aligncenter\"><img decoding=\"async\" class=\"wp-image-35127 size-full\" src=\"https:\/\/mouldking.store\/wp-content\/uploads\/2022\/11\/LOZ-1249-5.jpg\" alt=\"LOZ 1249 Pumpkin House With 762 Pieces\" width=\"768\" height=\"768\" title=\"-\" srcset=\"https:\/\/mouldking.store\/wp-content\/uploads\/2022\/11\/LOZ-1249-5.jpg 768w, https:\/\/mouldking.store\/wp-content\/uploads\/2022\/11\/LOZ-1249-5-300x300.jpg 300w, https:\/\/mouldking.store\/wp-content\/uploads\/2022\/11\/LOZ-1249-5-600x600.jpg 600w, https:\/\/mouldking.store\/wp-content\/uploads\/2022\/11\/LOZ-1249-5-150x150.jpg 150w, https:\/\/mouldking.store\/wp-content\/uploads\/2022\/11\/LOZ-1249-5-60x60.jpg 60w, https:\/\/mouldking.store\/wp-content\/uploads\/2022\/11\/LOZ-1249-5-90x90.jpg 90w\" sizes=\"(max-width: 768px) 100vw, 768px\" \/><figcaption id=\"caption-attachment-35127\" class=\"wp-caption-text\">LOZ 1249 Gresskarhus med 762 stk<\/figcaption><\/figure>\n<figure id=\"attachment_35128\" aria-describedby=\"caption-attachment-35128\" style=\"width: 698px\" class=\"wp-caption aligncenter\"><img decoding=\"async\" class=\"wp-image-35128 size-full\" src=\"https:\/\/mouldking.store\/wp-content\/uploads\/2022\/11\/LOZ-1249-4.jpg\" alt=\"LOZ 1249 Pumpkin House With 762 Pieces\" width=\"698\" height=\"1024\" title=\"-\" srcset=\"https:\/\/mouldking.store\/wp-content\/uploads\/2022\/11\/LOZ-1249-4.jpg 698w, https:\/\/mouldking.store\/wp-content\/uploads\/2022\/11\/LOZ-1249-4-204x300.jpg 204w, https:\/\/mouldking.store\/wp-content\/uploads\/2022\/11\/LOZ-1249-4-300x440.jpg 300w, https:\/\/mouldking.store\/wp-content\/uploads\/2022\/11\/LOZ-1249-4-600x880.jpg 600w, https:\/\/mouldking.store\/wp-content\/uploads\/2022\/11\/LOZ-1249-4-102x150.jpg 102w, https:\/\/mouldking.store\/wp-content\/uploads\/2022\/11\/LOZ-1249-4-41x60.jpg 41w, https:\/\/mouldking.store\/wp-content\/uploads\/2022\/11\/LOZ-1249-4-61x90.jpg 61w\" sizes=\"(max-width: 698px) 100vw, 698px\" \/><figcaption id=\"caption-attachment-35128\" class=\"wp-caption-text\">LOZ 1249 Gresskarhus med 762 stk<\/figcaption><\/figure>\n<figure id=\"attachment_35129\" aria-describedby=\"caption-attachment-35129\" style=\"width: 686px\" class=\"wp-caption aligncenter\"><img loading=\"lazy\" decoding=\"async\" class=\"wp-image-35129 size-full\" src=\"https:\/\/mouldking.store\/wp-content\/uploads\/2022\/11\/LOZ-1249-3.jpg\" alt=\"LOZ 1249 Pumpkin House With 762 Pieces\" width=\"686\" height=\"1024\" title=\"-\" srcset=\"https:\/\/mouldking.store\/wp-content\/uploads\/2022\/11\/LOZ-1249-3.jpg 686w, https:\/\/mouldking.store\/wp-content\/uploads\/2022\/11\/LOZ-1249-3-201x300.jpg 201w, https:\/\/mouldking.store\/wp-content\/uploads\/2022\/11\/LOZ-1249-3-300x448.jpg 300w, https:\/\/mouldking.store\/wp-content\/uploads\/2022\/11\/LOZ-1249-3-600x896.jpg 600w, https:\/\/mouldking.store\/wp-content\/uploads\/2022\/11\/LOZ-1249-3-100x150.jpg 100w, https:\/\/mouldking.store\/wp-content\/uploads\/2022\/11\/LOZ-1249-3-40x60.jpg 40w, https:\/\/mouldking.store\/wp-content\/uploads\/2022\/11\/LOZ-1249-3-60x90.jpg 60w\" sizes=\"(max-width: 686px) 100vw, 686px\" \/><figcaption id=\"caption-attachment-35129\" class=\"wp-caption-text\">LOZ 1249 Gresskarhus med 762 stk<\/figcaption><\/figure>\n<figure id=\"attachment_35130\" aria-describedby=\"caption-attachment-35130\" style=\"width: 768px\" class=\"wp-caption aligncenter\"><img loading=\"lazy\" decoding=\"async\" class=\"wp-image-35130 size-full\" src=\"https:\/\/mouldking.store\/wp-content\/uploads\/2022\/11\/LOZ-1249-2.jpg\" alt=\"LOZ 1249 Pumpkin House With 762 Pieces\" width=\"768\" height=\"908\" title=\"-\" srcset=\"https:\/\/mouldking.store\/wp-content\/uploads\/2022\/11\/LOZ-1249-2.jpg 768w, https:\/\/mouldking.store\/wp-content\/uploads\/2022\/11\/LOZ-1249-2-254x300.jpg 254w, https:\/\/mouldking.store\/wp-content\/uploads\/2022\/11\/LOZ-1249-2-300x355.jpg 300w, https:\/\/mouldking.store\/wp-content\/uploads\/2022\/11\/LOZ-1249-2-600x709.jpg 600w, https:\/\/mouldking.store\/wp-content\/uploads\/2022\/11\/LOZ-1249-2-127x150.jpg 127w, https:\/\/mouldking.store\/wp-content\/uploads\/2022\/11\/LOZ-1249-2-51x60.jpg 51w, https:\/\/mouldking.store\/wp-content\/uploads\/2022\/11\/LOZ-1249-2-76x90.jpg 76w\" sizes=\"(max-width: 768px) 100vw, 768px\" \/><figcaption id=\"caption-attachment-35130\" class=\"wp-caption-text\">LOZ 1249 Gresskarhus med 762 stk<\/figcaption><\/figure>\n<figure id=\"attachment_35131\" aria-describedby=\"caption-attachment-35131\" style=\"width: 991px\" class=\"wp-caption aligncenter\"><img loading=\"lazy\" decoding=\"async\" class=\"wp-image-35131 size-full\" src=\"https:\/\/mouldking.store\/wp-content\/uploads\/2022\/11\/LOZ-1249-1.jpg\" alt=\"LOZ 1249 Pumpkin House With 762 Pieces\" width=\"991\" height=\"1024\" title=\"-\" srcset=\"https:\/\/mouldking.store\/wp-content\/uploads\/2022\/11\/LOZ-1249-1.jpg 991w, https:\/\/mouldking.store\/wp-content\/uploads\/2022\/11\/LOZ-1249-1-290x300.jpg 290w, https:\/\/mouldking.store\/wp-content\/uploads\/2022\/11\/LOZ-1249-1-768x794.jpg 768w, https:\/\/mouldking.store\/wp-content\/uploads\/2022\/11\/LOZ-1249-1-300x310.jpg 300w, https:\/\/mouldking.store\/wp-content\/uploads\/2022\/11\/LOZ-1249-1-600x620.jpg 600w, https:\/\/mouldking.store\/wp-content\/uploads\/2022\/11\/LOZ-1249-1-145x150.jpg 145w, https:\/\/mouldking.store\/wp-content\/uploads\/2022\/11\/LOZ-1249-1-58x60.jpg 58w, https:\/\/mouldking.store\/wp-content\/uploads\/2022\/11\/LOZ-1249-1-87x90.jpg 87w\" sizes=\"(max-width: 991px) 100vw, 991px\" \/><figcaption id=\"caption-attachment-35131\" class=\"wp-caption-text\">LOZ 1249 Gresskarhus med 762 stk<\/figcaption><\/figure>","protected":false},"excerpt":{"rendered":"<p>Product information: Brand: LOZ Gender: Unisex Name: Pumpkin House Age Range: &gt; 6 years old Model Number: 1249 Classification: Assemblage Plastic Block Shape: Self-Locking Bricks Material: Plastic Plastic Type: ABS Bricks Blocks:762 PCS Size: \u00a013.7 \u00d7 11 \u00d7 16 cm Contains detailed assembly instructions. Notice: 1. Without an original box, but we guarantee our products [&hellip;]<\/p>","protected":false},"featured_media":35126,"comment_status":"closed","ping_status":"closed","template":"","meta":{"_acf_changed":false},"product_cat":[1365],"product_tag":[7354,2318,2202,7355,7357,7353,2853,7356],"class_list":["product","first","instock","shipping-taxable","purchasable","product-type-simple"],"acf":[],"_links":{"self":[{"href":"https:\/\/mouldking.store\/nb\/wp-json\/wp\/v2\/product\/35125","targetHints":{"allow":["GET"]}}],"collection":[{"href":"https:\/\/mouldking.store\/nb\/wp-json\/wp\/v2\/product"}],"about":[{"href":"https:\/\/mouldking.store\/nb\/wp-json\/wp\/v2\/types\/product"}],"replies":[{"embeddable":true,"href":"https:\/\/mouldking.store\/nb\/wp-json\/wp\/v2\/comments?post=35125"}],"wp:featuredmedia":[{"embeddable":true,"href":"https:\/\/mouldking.store\/nb\/wp-json\/wp\/v2\/media\/35126"}],"wp:attachment":[{"href":"https:\/\/mouldking.store\/nb\/wp-json\/wp\/v2\/media?parent=35125"}],"wp:term":[{"taxonomy":"product_cat","embeddable":true,"href":"https:\/\/mouldking.store\/nb\/wp-json\/wp\/v2\/product_cat?post=35125"},{"taxonomy":"product_tag","embeddable":true,"href":"https:\/\/mouldking.store\/nb\/wp-json\/wp\/v2\/product_tag?post=35125"}],"curies":[{"name":"wp","href":"https:\/\/api.w.org\/{rel}","templated":true}]}}