{"id":35183,"date":"2022-11-18T11:14:35","date_gmt":"2022-11-18T04:14:35","guid":{"rendered":"https:\/\/mouldking.store\/?post_type=product&#038;p=35183"},"modified":"2022-11-18T11:14:37","modified_gmt":"2022-11-18T04:14:37","slug":"reobrix-11026-116-ferrari-daytona-sp3-with-1168-pieces","status":"publish","type":"product","link":"https:\/\/mouldking.store\/nb\/shop\/reobrix-11026-116-ferrari-daytona-sp3-with-1168-pieces\/","title":{"rendered":"Reobrix 11026 1:16 Ferrari Daytona SP3 med 1168 deler"},"content":{"rendered":"<p>Produktinformasjon:<\/p>\n<ol>\n<li>Merke: Reobrix<\/li>\n<li>Kj\u00f8nn: Unisex<\/li>\n<li>Name: 1:16 Ferrari Daytona SP3<\/li>\n<li>Aldersgruppe: &gt; 6 \u00e5r gammel<\/li>\n<li>Model Number: 11026<\/li>\n<li>Klassifisering: Montering<\/li>\n<li>Plastblokkform: Selvl\u00e5sende murstein<\/li>\n<li>Materiale: Plast<\/li>\n<li>Plasttype: ABS<\/li>\n<li>Bricks Blocks:1168 PCS<\/li>\n<li>Size: 30.6 \u00d7 17.5 \u00d7 7.2 cm<\/li>\n<li>Inneholder detaljerte monteringsanvisninger.<\/li>\n<\/ol>\n<p>Legge merke til:<br \/>\n1. Uten original eske, men vi garanterer at v\u00e5re produkter har kvalitetssikring og pen emballasje.<br \/>\n2. Som alle delene vi har sjekket f\u00f8r frakt, s\u00e5 hvis du finner noen deler savnet eller skadet, ikke bekymre deg og bare kontakt oss, s\u00e5 kan vi sende dem til deg p\u00e5 nytt umiddelbart gratis.<\/p>\n<figure id=\"attachment_35184\" aria-describedby=\"caption-attachment-35184\" style=\"width: 768px\" class=\"wp-caption aligncenter\"><img fetchpriority=\"high\" decoding=\"async\" class=\"wp-image-35184 size-full\" src=\"https:\/\/mouldking.store\/wp-content\/uploads\/2022\/11\/Reobrix-11026-9.jpg\" alt=\"Reobrix 11026 1:16 Ferrari Daytona SP3 With 1168 Pieces\" width=\"768\" height=\"768\" title=\"-\" srcset=\"https:\/\/mouldking.store\/wp-content\/uploads\/2022\/11\/Reobrix-11026-9.jpg 768w, https:\/\/mouldking.store\/wp-content\/uploads\/2022\/11\/Reobrix-11026-9-300x300.jpg 300w, https:\/\/mouldking.store\/wp-content\/uploads\/2022\/11\/Reobrix-11026-9-600x600.jpg 600w, https:\/\/mouldking.store\/wp-content\/uploads\/2022\/11\/Reobrix-11026-9-150x150.jpg 150w, https:\/\/mouldking.store\/wp-content\/uploads\/2022\/11\/Reobrix-11026-9-60x60.jpg 60w, https:\/\/mouldking.store\/wp-content\/uploads\/2022\/11\/Reobrix-11026-9-90x90.jpg 90w\" sizes=\"(max-width: 768px) 100vw, 768px\" \/><figcaption id=\"caption-attachment-35184\" class=\"wp-caption-text\">Reobrix 11026 1:16 Ferrari Daytona SP3 med 1168 deler<\/figcaption><\/figure>\n<figure id=\"attachment_35185\" aria-describedby=\"caption-attachment-35185\" style=\"width: 750px\" class=\"wp-caption aligncenter\"><img decoding=\"async\" class=\"wp-image-35185 size-full\" src=\"https:\/\/mouldking.store\/wp-content\/uploads\/2022\/11\/Reobrix-11026-8.jpg\" alt=\"Reobrix 11026 1:16 Ferrari Daytona SP3 With 1168 Pieces\" width=\"750\" height=\"1000\" title=\"-\" srcset=\"https:\/\/mouldking.store\/wp-content\/uploads\/2022\/11\/Reobrix-11026-8.jpg 750w, https:\/\/mouldking.store\/wp-content\/uploads\/2022\/11\/Reobrix-11026-8-225x300.jpg 225w, https:\/\/mouldking.store\/wp-content\/uploads\/2022\/11\/Reobrix-11026-8-300x400.jpg 300w, https:\/\/mouldking.store\/wp-content\/uploads\/2022\/11\/Reobrix-11026-8-600x800.jpg 600w, https:\/\/mouldking.store\/wp-content\/uploads\/2022\/11\/Reobrix-11026-8-113x150.jpg 113w, https:\/\/mouldking.store\/wp-content\/uploads\/2022\/11\/Reobrix-11026-8-45x60.jpg 45w, https:\/\/mouldking.store\/wp-content\/uploads\/2022\/11\/Reobrix-11026-8-68x90.jpg 68w\" sizes=\"(max-width: 750px) 100vw, 750px\" \/><figcaption id=\"caption-attachment-35185\" class=\"wp-caption-text\">Reobrix 11026 1:16 Ferrari Daytona SP3 med 1168 deler<\/figcaption><\/figure>\n<figure id=\"attachment_35186\" aria-describedby=\"caption-attachment-35186\" style=\"width: 750px\" class=\"wp-caption aligncenter\"><img decoding=\"async\" class=\"wp-image-35186 size-full\" src=\"https:\/\/mouldking.store\/wp-content\/uploads\/2022\/11\/Reobrix-11026-7.jpg\" alt=\"Reobrix 11026 1:16 Ferrari Daytona SP3 With 1168 Pieces\" width=\"750\" height=\"1000\" title=\"-\" srcset=\"https:\/\/mouldking.store\/wp-content\/uploads\/2022\/11\/Reobrix-11026-7.jpg 750w, https:\/\/mouldking.store\/wp-content\/uploads\/2022\/11\/Reobrix-11026-7-225x300.jpg 225w, https:\/\/mouldking.store\/wp-content\/uploads\/2022\/11\/Reobrix-11026-7-300x400.jpg 300w, https:\/\/mouldking.store\/wp-content\/uploads\/2022\/11\/Reobrix-11026-7-600x800.jpg 600w, https:\/\/mouldking.store\/wp-content\/uploads\/2022\/11\/Reobrix-11026-7-113x150.jpg 113w, https:\/\/mouldking.store\/wp-content\/uploads\/2022\/11\/Reobrix-11026-7-45x60.jpg 45w, https:\/\/mouldking.store\/wp-content\/uploads\/2022\/11\/Reobrix-11026-7-68x90.jpg 68w\" sizes=\"(max-width: 750px) 100vw, 750px\" \/><figcaption id=\"caption-attachment-35186\" class=\"wp-caption-text\">Reobrix 11026 1:16 Ferrari Daytona SP3 med 1168 deler<\/figcaption><\/figure>\n<figure id=\"attachment_35187\" aria-describedby=\"caption-attachment-35187\" style=\"width: 750px\" class=\"wp-caption aligncenter\"><img loading=\"lazy\" decoding=\"async\" class=\"wp-image-35187 size-full\" src=\"https:\/\/mouldking.store\/wp-content\/uploads\/2022\/11\/Reobrix-11026-6.jpg\" alt=\"Reobrix 11026 1:16 Ferrari Daytona SP3 With 1168 Pieces\" width=\"750\" height=\"1000\" title=\"-\" srcset=\"https:\/\/mouldking.store\/wp-content\/uploads\/2022\/11\/Reobrix-11026-6.jpg 750w, https:\/\/mouldking.store\/wp-content\/uploads\/2022\/11\/Reobrix-11026-6-225x300.jpg 225w, https:\/\/mouldking.store\/wp-content\/uploads\/2022\/11\/Reobrix-11026-6-300x400.jpg 300w, https:\/\/mouldking.store\/wp-content\/uploads\/2022\/11\/Reobrix-11026-6-600x800.jpg 600w, https:\/\/mouldking.store\/wp-content\/uploads\/2022\/11\/Reobrix-11026-6-113x150.jpg 113w, https:\/\/mouldking.store\/wp-content\/uploads\/2022\/11\/Reobrix-11026-6-45x60.jpg 45w, https:\/\/mouldking.store\/wp-content\/uploads\/2022\/11\/Reobrix-11026-6-68x90.jpg 68w\" sizes=\"(max-width: 750px) 100vw, 750px\" \/><figcaption id=\"caption-attachment-35187\" class=\"wp-caption-text\">Reobrix 11026 1:16 Ferrari Daytona SP3 med 1168 deler<\/figcaption><\/figure>\n<figure id=\"attachment_35188\" aria-describedby=\"caption-attachment-35188\" style=\"width: 750px\" class=\"wp-caption aligncenter\"><img loading=\"lazy\" decoding=\"async\" class=\"wp-image-35188 size-full\" src=\"https:\/\/mouldking.store\/wp-content\/uploads\/2022\/11\/Reobrix-11026-5.jpg\" alt=\"Reobrix 11026 1:16 Ferrari Daytona SP3 With 1168 Pieces\" width=\"750\" height=\"1000\" title=\"-\" srcset=\"https:\/\/mouldking.store\/wp-content\/uploads\/2022\/11\/Reobrix-11026-5.jpg 750w, https:\/\/mouldking.store\/wp-content\/uploads\/2022\/11\/Reobrix-11026-5-225x300.jpg 225w, https:\/\/mouldking.store\/wp-content\/uploads\/2022\/11\/Reobrix-11026-5-300x400.jpg 300w, https:\/\/mouldking.store\/wp-content\/uploads\/2022\/11\/Reobrix-11026-5-600x800.jpg 600w, https:\/\/mouldking.store\/wp-content\/uploads\/2022\/11\/Reobrix-11026-5-113x150.jpg 113w, https:\/\/mouldking.store\/wp-content\/uploads\/2022\/11\/Reobrix-11026-5-45x60.jpg 45w, https:\/\/mouldking.store\/wp-content\/uploads\/2022\/11\/Reobrix-11026-5-68x90.jpg 68w\" sizes=\"(max-width: 750px) 100vw, 750px\" \/><figcaption id=\"caption-attachment-35188\" class=\"wp-caption-text\">Reobrix 11026 1:16 Ferrari Daytona SP3 med 1168 deler<\/figcaption><\/figure>\n<figure id=\"attachment_35189\" aria-describedby=\"caption-attachment-35189\" style=\"width: 750px\" class=\"wp-caption aligncenter\"><img loading=\"lazy\" decoding=\"async\" class=\"wp-image-35189 size-full\" src=\"https:\/\/mouldking.store\/wp-content\/uploads\/2022\/11\/Reobrix-11026-4.jpg\" alt=\"Reobrix 11026 1:16 Ferrari Daytona SP3 With 1168 Pieces\" width=\"750\" height=\"1000\" title=\"-\" srcset=\"https:\/\/mouldking.store\/wp-content\/uploads\/2022\/11\/Reobrix-11026-4.jpg 750w, https:\/\/mouldking.store\/wp-content\/uploads\/2022\/11\/Reobrix-11026-4-225x300.jpg 225w, https:\/\/mouldking.store\/wp-content\/uploads\/2022\/11\/Reobrix-11026-4-300x400.jpg 300w, https:\/\/mouldking.store\/wp-content\/uploads\/2022\/11\/Reobrix-11026-4-600x800.jpg 600w, https:\/\/mouldking.store\/wp-content\/uploads\/2022\/11\/Reobrix-11026-4-113x150.jpg 113w, https:\/\/mouldking.store\/wp-content\/uploads\/2022\/11\/Reobrix-11026-4-45x60.jpg 45w, https:\/\/mouldking.store\/wp-content\/uploads\/2022\/11\/Reobrix-11026-4-68x90.jpg 68w\" sizes=\"(max-width: 750px) 100vw, 750px\" \/><figcaption id=\"caption-attachment-35189\" class=\"wp-caption-text\">Reobrix 11026 1:16 Ferrari Daytona SP3 med 1168 deler<\/figcaption><\/figure>\n<figure id=\"attachment_35190\" aria-describedby=\"caption-attachment-35190\" style=\"width: 600px\" class=\"wp-caption aligncenter\"><img loading=\"lazy\" decoding=\"async\" class=\"wp-image-35190 size-full\" src=\"https:\/\/mouldking.store\/wp-content\/uploads\/2022\/11\/Reobrix-11026-3.jpg\" alt=\"Reobrix 11026 1:16 Ferrari Daytona SP3 With 1168 Pieces\" width=\"600\" height=\"930\" title=\"-\" srcset=\"https:\/\/mouldking.store\/wp-content\/uploads\/2022\/11\/Reobrix-11026-3.jpg 600w, https:\/\/mouldking.store\/wp-content\/uploads\/2022\/11\/Reobrix-11026-3-194x300.jpg 194w, https:\/\/mouldking.store\/wp-content\/uploads\/2022\/11\/Reobrix-11026-3-300x465.jpg 300w, https:\/\/mouldking.store\/wp-content\/uploads\/2022\/11\/Reobrix-11026-3-97x150.jpg 97w, https:\/\/mouldking.store\/wp-content\/uploads\/2022\/11\/Reobrix-11026-3-39x60.jpg 39w, https:\/\/mouldking.store\/wp-content\/uploads\/2022\/11\/Reobrix-11026-3-58x90.jpg 58w\" sizes=\"(max-width: 600px) 100vw, 600px\" \/><figcaption id=\"caption-attachment-35190\" class=\"wp-caption-text\">Reobrix 11026 1:16 Ferrari Daytona SP3 med 1168 deler<\/figcaption><\/figure>\n<figure id=\"attachment_35191\" aria-describedby=\"caption-attachment-35191\" style=\"width: 429px\" class=\"wp-caption aligncenter\"><img loading=\"lazy\" decoding=\"async\" class=\"wp-image-35191 size-full\" src=\"https:\/\/mouldking.store\/wp-content\/uploads\/2022\/11\/Reobrix-11026-2.jpg\" alt=\"Reobrix 11026 1:16 Ferrari Daytona SP3 With 1168 Pieces\" width=\"429\" height=\"1024\" title=\"-\" srcset=\"https:\/\/mouldking.store\/wp-content\/uploads\/2022\/11\/Reobrix-11026-2.jpg 429w, https:\/\/mouldking.store\/wp-content\/uploads\/2022\/11\/Reobrix-11026-2-126x300.jpg 126w, https:\/\/mouldking.store\/wp-content\/uploads\/2022\/11\/Reobrix-11026-2-300x716.jpg 300w, https:\/\/mouldking.store\/wp-content\/uploads\/2022\/11\/Reobrix-11026-2-63x150.jpg 63w, https:\/\/mouldking.store\/wp-content\/uploads\/2022\/11\/Reobrix-11026-2-25x60.jpg 25w, https:\/\/mouldking.store\/wp-content\/uploads\/2022\/11\/Reobrix-11026-2-38x90.jpg 38w\" sizes=\"(max-width: 429px) 100vw, 429px\" \/><figcaption id=\"caption-attachment-35191\" class=\"wp-caption-text\">Reobrix 11026 1:16 Ferrari Daytona SP3 med 1168 deler<\/figcaption><\/figure>\n<figure id=\"attachment_35192\" aria-describedby=\"caption-attachment-35192\" style=\"width: 748px\" class=\"wp-caption aligncenter\"><img loading=\"lazy\" decoding=\"async\" class=\"wp-image-35192 size-full\" src=\"https:\/\/mouldking.store\/wp-content\/uploads\/2022\/11\/Reobrix-11026-1.jpg\" alt=\"Reobrix 11026 1:16 Ferrari Daytona SP3 With 1168 Pieces\" width=\"748\" height=\"444\" title=\"-\" srcset=\"https:\/\/mouldking.store\/wp-content\/uploads\/2022\/11\/Reobrix-11026-1.jpg 748w, https:\/\/mouldking.store\/wp-content\/uploads\/2022\/11\/Reobrix-11026-1-300x178.jpg 300w, https:\/\/mouldking.store\/wp-content\/uploads\/2022\/11\/Reobrix-11026-1-600x356.jpg 600w, https:\/\/mouldking.store\/wp-content\/uploads\/2022\/11\/Reobrix-11026-1-150x89.jpg 150w, https:\/\/mouldking.store\/wp-content\/uploads\/2022\/11\/Reobrix-11026-1-101x60.jpg 101w, https:\/\/mouldking.store\/wp-content\/uploads\/2022\/11\/Reobrix-11026-1-152x90.jpg 152w\" sizes=\"(max-width: 748px) 100vw, 748px\" \/><figcaption id=\"caption-attachment-35192\" class=\"wp-caption-text\">Reobrix 11026 1:16 Ferrari Daytona SP3 med 1168 deler<\/figcaption><\/figure>","protected":false},"excerpt":{"rendered":"<p>Product information: Brand: Reobrix Gender: Unisex Name: 1:16 Ferrari Daytona SP3 Age Range: &gt; 6 years old Model Number: 11026 Classification: Assemblage Plastic Block Shape: Self-Locking Bricks Material: Plastic Plastic Type: ABS Bricks Blocks:1168 PCS Size: 30.6 \u00d7 17.5 \u00d7 7.2 cm Contains detailed assembly instructions. Notice: 1. Without an original box, but we guarantee [&hellip;]<\/p>","protected":false},"featured_media":35184,"comment_status":"closed","ping_status":"closed","template":"","meta":{"_acf_changed":false},"product_cat":[1360,1357],"product_tag":[7382,7379,7380,1585,7381,2669,7383,7384,7378],"class_list":["product","first","instock","shipping-taxable","purchasable","product-type-simple"],"acf":[],"_links":{"self":[{"href":"https:\/\/mouldking.store\/nb\/wp-json\/wp\/v2\/product\/35183","targetHints":{"allow":["GET"]}}],"collection":[{"href":"https:\/\/mouldking.store\/nb\/wp-json\/wp\/v2\/product"}],"about":[{"href":"https:\/\/mouldking.store\/nb\/wp-json\/wp\/v2\/types\/product"}],"replies":[{"embeddable":true,"href":"https:\/\/mouldking.store\/nb\/wp-json\/wp\/v2\/comments?post=35183"}],"wp:featuredmedia":[{"embeddable":true,"href":"https:\/\/mouldking.store\/nb\/wp-json\/wp\/v2\/media\/35184"}],"wp:attachment":[{"href":"https:\/\/mouldking.store\/nb\/wp-json\/wp\/v2\/media?parent=35183"}],"wp:term":[{"taxonomy":"product_cat","embeddable":true,"href":"https:\/\/mouldking.store\/nb\/wp-json\/wp\/v2\/product_cat?post=35183"},{"taxonomy":"product_tag","embeddable":true,"href":"https:\/\/mouldking.store\/nb\/wp-json\/wp\/v2\/product_tag?post=35183"}],"curies":[{"name":"wp","href":"https:\/\/api.w.org\/{rel}","templated":true}]}}