{"id":35237,"date":"2022-11-18T11:58:45","date_gmt":"2022-11-18T04:58:45","guid":{"rendered":"https:\/\/mouldking.store\/?post_type=product&#038;p=35237"},"modified":"2022-11-18T11:58:45","modified_gmt":"2022-11-18T04:58:45","slug":"yourbricks-20001-optimus-prime-with-850-pieces","status":"publish","type":"product","link":"https:\/\/mouldking.store\/nb\/shop\/yourbricks-20001-optimus-prime-with-850-pieces\/","title":{"rendered":"YOURBRICKS 20001 Optimus Prime med 850 stk"},"content":{"rendered":"<p>Produktinformasjon:<\/p>\n<ol>\n<li>Brand: YOURBRICKS<\/li>\n<li>Kj\u00f8nn: Unisex<\/li>\n<li>Navn: Optimus Prime<\/li>\n<li>Aldersgruppe: &gt; 6 \u00e5r gammel<\/li>\n<li>Model Number: 20001<\/li>\n<li>Klassifisering: Montering<\/li>\n<li>Plastblokkform: Selvl\u00e5sende murstein<\/li>\n<li>Materiale: Plast<\/li>\n<li>Plasttype: ABS<\/li>\n<li>Bricks Blocks:850PCS<\/li>\n<li>Size:37x25x72cm<\/li>\n<li>Inneholder detaljerte monteringsanvisninger.<\/li>\n<\/ol>\n<p>Legge merke til:<br \/>\n1. Uten original eske, men vi garanterer at v\u00e5re produkter har kvalitetssikring og pen emballasje.<br \/>\n2. Som alle delene vi har sjekket f\u00f8r frakt, s\u00e5 hvis du finner noen deler savnet eller skadet, ikke bekymre deg og bare kontakt oss, s\u00e5 kan vi sende dem til deg p\u00e5 nytt umiddelbart gratis.<\/p>\n<figure id=\"attachment_35238\" aria-describedby=\"caption-attachment-35238\" style=\"width: 768px\" class=\"wp-caption aligncenter\"><img fetchpriority=\"high\" decoding=\"async\" class=\"wp-image-35238 size-full\" src=\"https:\/\/mouldking.store\/wp-content\/uploads\/2022\/11\/YOURBRICKS-20001-11.jpg\" alt=\"YOURBRICKS 20001 Optimus Prime With 850 Pieces\" width=\"768\" height=\"768\" title=\"-\" srcset=\"https:\/\/mouldking.store\/wp-content\/uploads\/2022\/11\/YOURBRICKS-20001-11.jpg 768w, https:\/\/mouldking.store\/wp-content\/uploads\/2022\/11\/YOURBRICKS-20001-11-300x300.jpg 300w, https:\/\/mouldking.store\/wp-content\/uploads\/2022\/11\/YOURBRICKS-20001-11-600x600.jpg 600w, https:\/\/mouldking.store\/wp-content\/uploads\/2022\/11\/YOURBRICKS-20001-11-150x150.jpg 150w, https:\/\/mouldking.store\/wp-content\/uploads\/2022\/11\/YOURBRICKS-20001-11-60x60.jpg 60w, https:\/\/mouldking.store\/wp-content\/uploads\/2022\/11\/YOURBRICKS-20001-11-90x90.jpg 90w\" sizes=\"(max-width: 768px) 100vw, 768px\" \/><figcaption id=\"caption-attachment-35238\" class=\"wp-caption-text\">YOURBRICKS 20001 Optimus Prime med 850 stk<\/figcaption><\/figure>\n<figure id=\"attachment_35239\" aria-describedby=\"caption-attachment-35239\" style=\"width: 768px\" class=\"wp-caption aligncenter\"><img decoding=\"async\" class=\"wp-image-35239 size-full\" src=\"https:\/\/mouldking.store\/wp-content\/uploads\/2022\/11\/YOURBRICKS-20001-10.jpg\" alt=\"YOURBRICKS 20001 Optimus Prime With 850 Pieces\" width=\"768\" height=\"768\" title=\"-\" srcset=\"https:\/\/mouldking.store\/wp-content\/uploads\/2022\/11\/YOURBRICKS-20001-10.jpg 768w, https:\/\/mouldking.store\/wp-content\/uploads\/2022\/11\/YOURBRICKS-20001-10-300x300.jpg 300w, https:\/\/mouldking.store\/wp-content\/uploads\/2022\/11\/YOURBRICKS-20001-10-600x600.jpg 600w, https:\/\/mouldking.store\/wp-content\/uploads\/2022\/11\/YOURBRICKS-20001-10-150x150.jpg 150w, https:\/\/mouldking.store\/wp-content\/uploads\/2022\/11\/YOURBRICKS-20001-10-60x60.jpg 60w, https:\/\/mouldking.store\/wp-content\/uploads\/2022\/11\/YOURBRICKS-20001-10-90x90.jpg 90w\" sizes=\"(max-width: 768px) 100vw, 768px\" \/><figcaption id=\"caption-attachment-35239\" class=\"wp-caption-text\">YOURBRICKS 20001 Optimus Prime med 850 stk<\/figcaption><\/figure>\n<figure id=\"attachment_35240\" aria-describedby=\"caption-attachment-35240\" style=\"width: 768px\" class=\"wp-caption aligncenter\"><img decoding=\"async\" class=\"wp-image-35240 size-full\" src=\"https:\/\/mouldking.store\/wp-content\/uploads\/2022\/11\/YOURBRICKS-20001-9.jpg\" alt=\"YOURBRICKS 20001 Optimus Prime With 850 Pieces\" width=\"768\" height=\"768\" title=\"-\" srcset=\"https:\/\/mouldking.store\/wp-content\/uploads\/2022\/11\/YOURBRICKS-20001-9.jpg 768w, https:\/\/mouldking.store\/wp-content\/uploads\/2022\/11\/YOURBRICKS-20001-9-300x300.jpg 300w, https:\/\/mouldking.store\/wp-content\/uploads\/2022\/11\/YOURBRICKS-20001-9-600x600.jpg 600w, https:\/\/mouldking.store\/wp-content\/uploads\/2022\/11\/YOURBRICKS-20001-9-150x150.jpg 150w, https:\/\/mouldking.store\/wp-content\/uploads\/2022\/11\/YOURBRICKS-20001-9-60x60.jpg 60w, https:\/\/mouldking.store\/wp-content\/uploads\/2022\/11\/YOURBRICKS-20001-9-90x90.jpg 90w\" sizes=\"(max-width: 768px) 100vw, 768px\" \/><figcaption id=\"caption-attachment-35240\" class=\"wp-caption-text\">YOURBRICKS 20001 Optimus Prime med 850 stk<\/figcaption><\/figure>\n<figure id=\"attachment_35241\" aria-describedby=\"caption-attachment-35241\" style=\"width: 768px\" class=\"wp-caption aligncenter\"><img loading=\"lazy\" decoding=\"async\" class=\"wp-image-35241 size-full\" src=\"https:\/\/mouldking.store\/wp-content\/uploads\/2022\/11\/YOURBRICKS-20001-8.jpg\" alt=\"YOURBRICKS 20001 Optimus Prime With 850 Pieces\" width=\"768\" height=\"768\" title=\"-\" srcset=\"https:\/\/mouldking.store\/wp-content\/uploads\/2022\/11\/YOURBRICKS-20001-8.jpg 768w, https:\/\/mouldking.store\/wp-content\/uploads\/2022\/11\/YOURBRICKS-20001-8-300x300.jpg 300w, https:\/\/mouldking.store\/wp-content\/uploads\/2022\/11\/YOURBRICKS-20001-8-600x600.jpg 600w, https:\/\/mouldking.store\/wp-content\/uploads\/2022\/11\/YOURBRICKS-20001-8-150x150.jpg 150w, https:\/\/mouldking.store\/wp-content\/uploads\/2022\/11\/YOURBRICKS-20001-8-60x60.jpg 60w, https:\/\/mouldking.store\/wp-content\/uploads\/2022\/11\/YOURBRICKS-20001-8-90x90.jpg 90w\" sizes=\"(max-width: 768px) 100vw, 768px\" \/><figcaption id=\"caption-attachment-35241\" class=\"wp-caption-text\">YOURBRICKS 20001 Optimus Prime med 850 stk<\/figcaption><\/figure>\n<figure id=\"attachment_35242\" aria-describedby=\"caption-attachment-35242\" style=\"width: 768px\" class=\"wp-caption aligncenter\"><img loading=\"lazy\" decoding=\"async\" class=\"wp-image-35242 size-full\" src=\"https:\/\/mouldking.store\/wp-content\/uploads\/2022\/11\/YOURBRICKS-20001-7.jpg\" alt=\"YOURBRICKS 20001 Optimus Prime With 850 Pieces\" width=\"768\" height=\"768\" title=\"-\" srcset=\"https:\/\/mouldking.store\/wp-content\/uploads\/2022\/11\/YOURBRICKS-20001-7.jpg 768w, https:\/\/mouldking.store\/wp-content\/uploads\/2022\/11\/YOURBRICKS-20001-7-300x300.jpg 300w, https:\/\/mouldking.store\/wp-content\/uploads\/2022\/11\/YOURBRICKS-20001-7-600x600.jpg 600w, https:\/\/mouldking.store\/wp-content\/uploads\/2022\/11\/YOURBRICKS-20001-7-150x150.jpg 150w, https:\/\/mouldking.store\/wp-content\/uploads\/2022\/11\/YOURBRICKS-20001-7-60x60.jpg 60w, https:\/\/mouldking.store\/wp-content\/uploads\/2022\/11\/YOURBRICKS-20001-7-90x90.jpg 90w\" sizes=\"(max-width: 768px) 100vw, 768px\" \/><figcaption id=\"caption-attachment-35242\" class=\"wp-caption-text\">YOURBRICKS 20001 Optimus Prime med 850 stk<\/figcaption><\/figure>\n<figure id=\"attachment_35243\" aria-describedby=\"caption-attachment-35243\" style=\"width: 768px\" class=\"wp-caption aligncenter\"><img loading=\"lazy\" decoding=\"async\" class=\"wp-image-35243 size-full\" src=\"https:\/\/mouldking.store\/wp-content\/uploads\/2022\/11\/YOURBRICKS-20001-6.jpg\" alt=\"YOURBRICKS 20001 Optimus Prime With 850 Pieces\" width=\"768\" height=\"768\" title=\"-\" srcset=\"https:\/\/mouldking.store\/wp-content\/uploads\/2022\/11\/YOURBRICKS-20001-6.jpg 768w, https:\/\/mouldking.store\/wp-content\/uploads\/2022\/11\/YOURBRICKS-20001-6-300x300.jpg 300w, https:\/\/mouldking.store\/wp-content\/uploads\/2022\/11\/YOURBRICKS-20001-6-600x600.jpg 600w, https:\/\/mouldking.store\/wp-content\/uploads\/2022\/11\/YOURBRICKS-20001-6-150x150.jpg 150w, https:\/\/mouldking.store\/wp-content\/uploads\/2022\/11\/YOURBRICKS-20001-6-60x60.jpg 60w, https:\/\/mouldking.store\/wp-content\/uploads\/2022\/11\/YOURBRICKS-20001-6-90x90.jpg 90w\" sizes=\"(max-width: 768px) 100vw, 768px\" \/><figcaption id=\"caption-attachment-35243\" class=\"wp-caption-text\">YOURBRICKS 20001 Optimus Prime med 850 stk<\/figcaption><\/figure>\n<figure id=\"attachment_35244\" aria-describedby=\"caption-attachment-35244\" style=\"width: 768px\" class=\"wp-caption aligncenter\"><img loading=\"lazy\" decoding=\"async\" class=\"wp-image-35244 size-full\" src=\"https:\/\/mouldking.store\/wp-content\/uploads\/2022\/11\/YOURBRICKS-20001-5.jpg\" alt=\"YOURBRICKS 20001 Optimus Prime With 850 Pieces\" width=\"768\" height=\"768\" title=\"-\" srcset=\"https:\/\/mouldking.store\/wp-content\/uploads\/2022\/11\/YOURBRICKS-20001-5.jpg 768w, https:\/\/mouldking.store\/wp-content\/uploads\/2022\/11\/YOURBRICKS-20001-5-300x300.jpg 300w, https:\/\/mouldking.store\/wp-content\/uploads\/2022\/11\/YOURBRICKS-20001-5-600x600.jpg 600w, https:\/\/mouldking.store\/wp-content\/uploads\/2022\/11\/YOURBRICKS-20001-5-150x150.jpg 150w, https:\/\/mouldking.store\/wp-content\/uploads\/2022\/11\/YOURBRICKS-20001-5-60x60.jpg 60w, https:\/\/mouldking.store\/wp-content\/uploads\/2022\/11\/YOURBRICKS-20001-5-90x90.jpg 90w\" sizes=\"(max-width: 768px) 100vw, 768px\" \/><figcaption id=\"caption-attachment-35244\" class=\"wp-caption-text\">YOURBRICKS 20001 Optimus Prime med 850 stk<\/figcaption><\/figure>\n<figure id=\"attachment_35245\" aria-describedby=\"caption-attachment-35245\" style=\"width: 768px\" class=\"wp-caption aligncenter\"><img loading=\"lazy\" decoding=\"async\" class=\"wp-image-35245 size-full\" src=\"https:\/\/mouldking.store\/wp-content\/uploads\/2022\/11\/YOURBRICKS-20001-4.jpg\" alt=\"YOURBRICKS 20001 Optimus Prime With 850 Pieces\" width=\"768\" height=\"768\" title=\"-\" srcset=\"https:\/\/mouldking.store\/wp-content\/uploads\/2022\/11\/YOURBRICKS-20001-4.jpg 768w, https:\/\/mouldking.store\/wp-content\/uploads\/2022\/11\/YOURBRICKS-20001-4-300x300.jpg 300w, https:\/\/mouldking.store\/wp-content\/uploads\/2022\/11\/YOURBRICKS-20001-4-600x600.jpg 600w, https:\/\/mouldking.store\/wp-content\/uploads\/2022\/11\/YOURBRICKS-20001-4-150x150.jpg 150w, https:\/\/mouldking.store\/wp-content\/uploads\/2022\/11\/YOURBRICKS-20001-4-60x60.jpg 60w, https:\/\/mouldking.store\/wp-content\/uploads\/2022\/11\/YOURBRICKS-20001-4-90x90.jpg 90w\" sizes=\"(max-width: 768px) 100vw, 768px\" \/><figcaption id=\"caption-attachment-35245\" class=\"wp-caption-text\">YOURBRICKS 20001 Optimus Prime med 850 stk<\/figcaption><\/figure>\n<figure id=\"attachment_35246\" aria-describedby=\"caption-attachment-35246\" style=\"width: 768px\" class=\"wp-caption aligncenter\"><img loading=\"lazy\" decoding=\"async\" class=\"wp-image-35246 size-full\" src=\"https:\/\/mouldking.store\/wp-content\/uploads\/2022\/11\/YOURBRICKS-20001-3.jpg\" alt=\"YOURBRICKS 20001 Optimus Prime With 850 Pieces\" width=\"768\" height=\"768\" title=\"-\" srcset=\"https:\/\/mouldking.store\/wp-content\/uploads\/2022\/11\/YOURBRICKS-20001-3.jpg 768w, https:\/\/mouldking.store\/wp-content\/uploads\/2022\/11\/YOURBRICKS-20001-3-300x300.jpg 300w, https:\/\/mouldking.store\/wp-content\/uploads\/2022\/11\/YOURBRICKS-20001-3-600x600.jpg 600w, https:\/\/mouldking.store\/wp-content\/uploads\/2022\/11\/YOURBRICKS-20001-3-150x150.jpg 150w, https:\/\/mouldking.store\/wp-content\/uploads\/2022\/11\/YOURBRICKS-20001-3-60x60.jpg 60w, https:\/\/mouldking.store\/wp-content\/uploads\/2022\/11\/YOURBRICKS-20001-3-90x90.jpg 90w\" sizes=\"(max-width: 768px) 100vw, 768px\" \/><figcaption id=\"caption-attachment-35246\" class=\"wp-caption-text\">YOURBRICKS 20001 Optimus Prime med 850 stk<\/figcaption><\/figure>\n<figure id=\"attachment_35247\" aria-describedby=\"caption-attachment-35247\" style=\"width: 768px\" class=\"wp-caption aligncenter\"><img loading=\"lazy\" decoding=\"async\" class=\"wp-image-35247 size-full\" src=\"https:\/\/mouldking.store\/wp-content\/uploads\/2022\/11\/YOURBRICKS-20001-2.jpg\" alt=\"YOURBRICKS 20001 Optimus Prime With 850 Pieces\" width=\"768\" height=\"768\" title=\"-\" srcset=\"https:\/\/mouldking.store\/wp-content\/uploads\/2022\/11\/YOURBRICKS-20001-2.jpg 768w, https:\/\/mouldking.store\/wp-content\/uploads\/2022\/11\/YOURBRICKS-20001-2-300x300.jpg 300w, https:\/\/mouldking.store\/wp-content\/uploads\/2022\/11\/YOURBRICKS-20001-2-600x600.jpg 600w, https:\/\/mouldking.store\/wp-content\/uploads\/2022\/11\/YOURBRICKS-20001-2-150x150.jpg 150w, https:\/\/mouldking.store\/wp-content\/uploads\/2022\/11\/YOURBRICKS-20001-2-60x60.jpg 60w, https:\/\/mouldking.store\/wp-content\/uploads\/2022\/11\/YOURBRICKS-20001-2-90x90.jpg 90w\" sizes=\"(max-width: 768px) 100vw, 768px\" \/><figcaption id=\"caption-attachment-35247\" class=\"wp-caption-text\">YOURBRICKS 20001 Optimus Prime med 850 stk<\/figcaption><\/figure>\n<figure id=\"attachment_35248\" aria-describedby=\"caption-attachment-35248\" style=\"width: 768px\" class=\"wp-caption aligncenter\"><img loading=\"lazy\" decoding=\"async\" class=\"wp-image-35248 size-full\" src=\"https:\/\/mouldking.store\/wp-content\/uploads\/2022\/11\/YOURBRICKS-20001-1.jpg\" alt=\"YOURBRICKS 20001 Optimus Prime With 850 Pieces\" width=\"768\" height=\"768\" title=\"-\" srcset=\"https:\/\/mouldking.store\/wp-content\/uploads\/2022\/11\/YOURBRICKS-20001-1.jpg 768w, https:\/\/mouldking.store\/wp-content\/uploads\/2022\/11\/YOURBRICKS-20001-1-300x300.jpg 300w, https:\/\/mouldking.store\/wp-content\/uploads\/2022\/11\/YOURBRICKS-20001-1-600x600.jpg 600w, https:\/\/mouldking.store\/wp-content\/uploads\/2022\/11\/YOURBRICKS-20001-1-150x150.jpg 150w, https:\/\/mouldking.store\/wp-content\/uploads\/2022\/11\/YOURBRICKS-20001-1-60x60.jpg 60w, https:\/\/mouldking.store\/wp-content\/uploads\/2022\/11\/YOURBRICKS-20001-1-90x90.jpg 90w\" sizes=\"(max-width: 768px) 100vw, 768px\" \/><figcaption id=\"caption-attachment-35248\" class=\"wp-caption-text\">YOURBRICKS 20001 Optimus Prime med 850 stk<\/figcaption><\/figure>","protected":false},"excerpt":{"rendered":"<p>Product information: Brand: YOURBRICKS Gender: Unisex Name: Optimus Prime Age Range: &gt; 6 years old Model Number: 20001 Classification: Assemblage Plastic Block Shape: Self-Locking Bricks Material: Plastic Plastic Type: ABS Bricks Blocks:850PCS Size:37x25x72cm Contains detailed assembly instructions. Notice: 1. Without an original box, but we guarantee our products have quality assurance and nice packaging. 2. [&hellip;]<\/p>","protected":false},"featured_media":35238,"comment_status":"closed","ping_status":"closed","template":"","meta":{"_acf_changed":false},"product_cat":[1408],"product_tag":[1177,1767,1571,1768,6217,7414,7415,7413],"class_list":["product","first","instock","shipping-taxable","purchasable","product-type-variable"],"acf":[],"_links":{"self":[{"href":"https:\/\/mouldking.store\/nb\/wp-json\/wp\/v2\/product\/35237","targetHints":{"allow":["GET"]}}],"collection":[{"href":"https:\/\/mouldking.store\/nb\/wp-json\/wp\/v2\/product"}],"about":[{"href":"https:\/\/mouldking.store\/nb\/wp-json\/wp\/v2\/types\/product"}],"replies":[{"embeddable":true,"href":"https:\/\/mouldking.store\/nb\/wp-json\/wp\/v2\/comments?post=35237"}],"wp:featuredmedia":[{"embeddable":true,"href":"https:\/\/mouldking.store\/nb\/wp-json\/wp\/v2\/media\/35238"}],"wp:attachment":[{"href":"https:\/\/mouldking.store\/nb\/wp-json\/wp\/v2\/media?parent=35237"}],"wp:term":[{"taxonomy":"product_cat","embeddable":true,"href":"https:\/\/mouldking.store\/nb\/wp-json\/wp\/v2\/product_cat?post=35237"},{"taxonomy":"product_tag","embeddable":true,"href":"https:\/\/mouldking.store\/nb\/wp-json\/wp\/v2\/product_tag?post=35237"}],"curies":[{"name":"wp","href":"https:\/\/api.w.org\/{rel}","templated":true}]}}