{"id":35261,"date":"2022-11-18T12:11:52","date_gmt":"2022-11-18T05:11:52","guid":{"rendered":"https:\/\/mouldking.store\/?post_type=product&#038;p=35261"},"modified":"2022-11-18T12:11:53","modified_gmt":"2022-11-18T05:11:53","slug":"pantasy-86220-my-own-swordsman-series-tong-fu-inn-with-2167-pieces","status":"publish","type":"product","link":"https:\/\/mouldking.store\/nb\/shop\/pantasy-86220-my-own-swordsman-series-tong-fu-inn-with-2167-pieces\/","title":{"rendered":"PANTASY 86220 My Own Swordsman Series Tong Fu Inn With 2167 Pieces"},"content":{"rendered":"<p>Produktinformasjon:<\/p>\n<ol>\n<li>Merke: PANTASY<\/li>\n<li>Kj\u00f8nn: Unisex<\/li>\n<li>Name: My Own Swordsman Series Tong Fu Inn<\/li>\n<li>Aldersgruppe: &gt; 6 \u00e5r gammel<\/li>\n<li>Model Number: 86220<\/li>\n<li>Klassifisering: Montering<\/li>\n<li>Plastblokkform: Selvl\u00e5sende murstein<\/li>\n<li>Materiale: Plast<\/li>\n<li>Plasttype: ABS<\/li>\n<li>Bricks Blocks:2167 PCS<\/li>\n<li>Size: 30.4 \u00d7 28.8 \u00d7 23.7 cm<\/li>\n<li>Inneholder detaljerte monteringsanvisninger.<\/li>\n<\/ol>\n<p>Legge merke til:<br \/>\n1. Uten original eske, men vi garanterer at v\u00e5re produkter har kvalitetssikring og pen emballasje.<br \/>\n2. Som alle delene vi har sjekket f\u00f8r frakt, s\u00e5 hvis du finner noen deler savnet eller skadet, ikke bekymre deg og bare kontakt oss, s\u00e5 kan vi sende dem til deg p\u00e5 nytt umiddelbart gratis.<\/p>\n<figure id=\"attachment_35262\" aria-describedby=\"caption-attachment-35262\" style=\"width: 768px\" class=\"wp-caption aligncenter\"><img fetchpriority=\"high\" decoding=\"async\" class=\"wp-image-35262 size-full\" src=\"https:\/\/mouldking.store\/wp-content\/uploads\/2022\/11\/PANTASY-86220-12.jpg\" alt=\"PANTASY 86220 My Own Swordsman Series Tong Fu Inn With 2167 Pieces\" width=\"768\" height=\"768\" title=\"-\" srcset=\"https:\/\/mouldking.store\/wp-content\/uploads\/2022\/11\/PANTASY-86220-12.jpg 768w, https:\/\/mouldking.store\/wp-content\/uploads\/2022\/11\/PANTASY-86220-12-300x300.jpg 300w, https:\/\/mouldking.store\/wp-content\/uploads\/2022\/11\/PANTASY-86220-12-600x600.jpg 600w, https:\/\/mouldking.store\/wp-content\/uploads\/2022\/11\/PANTASY-86220-12-150x150.jpg 150w, https:\/\/mouldking.store\/wp-content\/uploads\/2022\/11\/PANTASY-86220-12-60x60.jpg 60w, https:\/\/mouldking.store\/wp-content\/uploads\/2022\/11\/PANTASY-86220-12-90x90.jpg 90w\" sizes=\"(max-width: 768px) 100vw, 768px\" \/><figcaption id=\"caption-attachment-35262\" class=\"wp-caption-text\">PANTASY 86220 My Own Swordsman Series Tong Fu Inn With 2167 Pieces<\/figcaption><\/figure>\n<figure id=\"attachment_35263\" aria-describedby=\"caption-attachment-35263\" style=\"width: 671px\" class=\"wp-caption aligncenter\"><img decoding=\"async\" class=\"wp-image-35263 size-full\" src=\"https:\/\/mouldking.store\/wp-content\/uploads\/2022\/11\/PANTASY-86220-11.jpg\" alt=\"PANTASY 86220 My Own Swordsman Series Tong Fu Inn With 2167 Pieces\" width=\"671\" height=\"1024\" title=\"-\" srcset=\"https:\/\/mouldking.store\/wp-content\/uploads\/2022\/11\/PANTASY-86220-11.jpg 671w, https:\/\/mouldking.store\/wp-content\/uploads\/2022\/11\/PANTASY-86220-11-197x300.jpg 197w, https:\/\/mouldking.store\/wp-content\/uploads\/2022\/11\/PANTASY-86220-11-300x458.jpg 300w, https:\/\/mouldking.store\/wp-content\/uploads\/2022\/11\/PANTASY-86220-11-600x916.jpg 600w, https:\/\/mouldking.store\/wp-content\/uploads\/2022\/11\/PANTASY-86220-11-98x150.jpg 98w, https:\/\/mouldking.store\/wp-content\/uploads\/2022\/11\/PANTASY-86220-11-39x60.jpg 39w, https:\/\/mouldking.store\/wp-content\/uploads\/2022\/11\/PANTASY-86220-11-59x90.jpg 59w\" sizes=\"(max-width: 671px) 100vw, 671px\" \/><figcaption id=\"caption-attachment-35263\" class=\"wp-caption-text\">PANTASY 86220 My Own Swordsman Series Tong Fu Inn With 2167 Pieces<\/figcaption><\/figure>\n<figure id=\"attachment_35264\" aria-describedby=\"caption-attachment-35264\" style=\"width: 600px\" class=\"wp-caption aligncenter\"><img decoding=\"async\" class=\"wp-image-35264 size-full\" src=\"https:\/\/mouldking.store\/wp-content\/uploads\/2022\/11\/PANTASY-86220-10.jpg\" alt=\"PANTASY 86220 My Own Swordsman Series Tong Fu Inn With 2167 Pieces\" width=\"600\" height=\"930\" title=\"-\" srcset=\"https:\/\/mouldking.store\/wp-content\/uploads\/2022\/11\/PANTASY-86220-10.jpg 600w, https:\/\/mouldking.store\/wp-content\/uploads\/2022\/11\/PANTASY-86220-10-194x300.jpg 194w, https:\/\/mouldking.store\/wp-content\/uploads\/2022\/11\/PANTASY-86220-10-300x465.jpg 300w, https:\/\/mouldking.store\/wp-content\/uploads\/2022\/11\/PANTASY-86220-10-97x150.jpg 97w, https:\/\/mouldking.store\/wp-content\/uploads\/2022\/11\/PANTASY-86220-10-39x60.jpg 39w, https:\/\/mouldking.store\/wp-content\/uploads\/2022\/11\/PANTASY-86220-10-58x90.jpg 58w\" sizes=\"(max-width: 600px) 100vw, 600px\" \/><figcaption id=\"caption-attachment-35264\" class=\"wp-caption-text\">PANTASY 86220 My Own Swordsman Series Tong Fu Inn With 2167 Pieces<\/figcaption><\/figure>\n<figure id=\"attachment_35265\" aria-describedby=\"caption-attachment-35265\" style=\"width: 768px\" class=\"wp-caption aligncenter\"><img loading=\"lazy\" decoding=\"async\" class=\"wp-image-35265 size-full\" src=\"https:\/\/mouldking.store\/wp-content\/uploads\/2022\/11\/PANTASY-86220-9.jpg\" alt=\"PANTASY 86220 My Own Swordsman Series Tong Fu Inn With 2167 Pieces\" width=\"768\" height=\"995\" title=\"-\" srcset=\"https:\/\/mouldking.store\/wp-content\/uploads\/2022\/11\/PANTASY-86220-9.jpg 768w, https:\/\/mouldking.store\/wp-content\/uploads\/2022\/11\/PANTASY-86220-9-232x300.jpg 232w, https:\/\/mouldking.store\/wp-content\/uploads\/2022\/11\/PANTASY-86220-9-300x389.jpg 300w, https:\/\/mouldking.store\/wp-content\/uploads\/2022\/11\/PANTASY-86220-9-600x777.jpg 600w, https:\/\/mouldking.store\/wp-content\/uploads\/2022\/11\/PANTASY-86220-9-116x150.jpg 116w, https:\/\/mouldking.store\/wp-content\/uploads\/2022\/11\/PANTASY-86220-9-46x60.jpg 46w, https:\/\/mouldking.store\/wp-content\/uploads\/2022\/11\/PANTASY-86220-9-69x90.jpg 69w\" sizes=\"(max-width: 768px) 100vw, 768px\" \/><figcaption id=\"caption-attachment-35265\" class=\"wp-caption-text\">PANTASY 86220 My Own Swordsman Series Tong Fu Inn With 2167 Pieces<\/figcaption><\/figure>\n<figure id=\"attachment_35266\" aria-describedby=\"caption-attachment-35266\" style=\"width: 768px\" class=\"wp-caption aligncenter\"><img loading=\"lazy\" decoding=\"async\" class=\"wp-image-35266 size-full\" src=\"https:\/\/mouldking.store\/wp-content\/uploads\/2022\/11\/PANTASY-86220-8.jpg\" alt=\"PANTASY 86220 My Own Swordsman Series Tong Fu Inn With 2167 Pieces\" width=\"768\" height=\"1004\" title=\"-\" srcset=\"https:\/\/mouldking.store\/wp-content\/uploads\/2022\/11\/PANTASY-86220-8.jpg 768w, https:\/\/mouldking.store\/wp-content\/uploads\/2022\/11\/PANTASY-86220-8-229x300.jpg 229w, https:\/\/mouldking.store\/wp-content\/uploads\/2022\/11\/PANTASY-86220-8-300x392.jpg 300w, https:\/\/mouldking.store\/wp-content\/uploads\/2022\/11\/PANTASY-86220-8-600x784.jpg 600w, https:\/\/mouldking.store\/wp-content\/uploads\/2022\/11\/PANTASY-86220-8-115x150.jpg 115w, https:\/\/mouldking.store\/wp-content\/uploads\/2022\/11\/PANTASY-86220-8-46x60.jpg 46w, https:\/\/mouldking.store\/wp-content\/uploads\/2022\/11\/PANTASY-86220-8-69x90.jpg 69w\" sizes=\"(max-width: 768px) 100vw, 768px\" \/><figcaption id=\"caption-attachment-35266\" class=\"wp-caption-text\">PANTASY 86220 My Own Swordsman Series Tong Fu Inn With 2167 Pieces<\/figcaption><\/figure>\n<figure id=\"attachment_35267\" aria-describedby=\"caption-attachment-35267\" style=\"width: 768px\" class=\"wp-caption aligncenter\"><img loading=\"lazy\" decoding=\"async\" class=\"wp-image-35267 size-full\" src=\"https:\/\/mouldking.store\/wp-content\/uploads\/2022\/11\/PANTASY-86220-7.jpg\" alt=\"PANTASY 86220 My Own Swordsman Series Tong Fu Inn With 2167 Pieces\" width=\"768\" height=\"987\" title=\"-\" srcset=\"https:\/\/mouldking.store\/wp-content\/uploads\/2022\/11\/PANTASY-86220-7.jpg 768w, https:\/\/mouldking.store\/wp-content\/uploads\/2022\/11\/PANTASY-86220-7-233x300.jpg 233w, https:\/\/mouldking.store\/wp-content\/uploads\/2022\/11\/PANTASY-86220-7-300x386.jpg 300w, https:\/\/mouldking.store\/wp-content\/uploads\/2022\/11\/PANTASY-86220-7-600x771.jpg 600w, https:\/\/mouldking.store\/wp-content\/uploads\/2022\/11\/PANTASY-86220-7-117x150.jpg 117w, https:\/\/mouldking.store\/wp-content\/uploads\/2022\/11\/PANTASY-86220-7-47x60.jpg 47w, https:\/\/mouldking.store\/wp-content\/uploads\/2022\/11\/PANTASY-86220-7-70x90.jpg 70w\" sizes=\"(max-width: 768px) 100vw, 768px\" \/><figcaption id=\"caption-attachment-35267\" class=\"wp-caption-text\">PANTASY 86220 My Own Swordsman Series Tong Fu Inn With 2167 Pieces<\/figcaption><\/figure>\n<figure id=\"attachment_35268\" aria-describedby=\"caption-attachment-35268\" style=\"width: 953px\" class=\"wp-caption alignnone\"><img loading=\"lazy\" decoding=\"async\" class=\"wp-image-35268 size-full\" src=\"https:\/\/mouldking.store\/wp-content\/uploads\/2022\/11\/PANTASY-86220-6.jpg\" alt=\"PANTASY 86220 My Own Swordsman Series Tong Fu Inn With 2167 Pieces\" width=\"953\" height=\"1024\" title=\"-\" srcset=\"https:\/\/mouldking.store\/wp-content\/uploads\/2022\/11\/PANTASY-86220-6.jpg 953w, https:\/\/mouldking.store\/wp-content\/uploads\/2022\/11\/PANTASY-86220-6-279x300.jpg 279w, https:\/\/mouldking.store\/wp-content\/uploads\/2022\/11\/PANTASY-86220-6-768x825.jpg 768w, https:\/\/mouldking.store\/wp-content\/uploads\/2022\/11\/PANTASY-86220-6-300x322.jpg 300w, https:\/\/mouldking.store\/wp-content\/uploads\/2022\/11\/PANTASY-86220-6-600x645.jpg 600w, https:\/\/mouldking.store\/wp-content\/uploads\/2022\/11\/PANTASY-86220-6-140x150.jpg 140w, https:\/\/mouldking.store\/wp-content\/uploads\/2022\/11\/PANTASY-86220-6-56x60.jpg 56w, https:\/\/mouldking.store\/wp-content\/uploads\/2022\/11\/PANTASY-86220-6-84x90.jpg 84w\" sizes=\"(max-width: 953px) 100vw, 953px\" \/><figcaption id=\"caption-attachment-35268\" class=\"wp-caption-text\">PANTASY 86220 My Own Swordsman Series Tong Fu Inn With 2167 Pieces<\/figcaption><\/figure>\n<figure id=\"attachment_35269\" aria-describedby=\"caption-attachment-35269\" style=\"width: 1024px\" class=\"wp-caption aligncenter\"><img loading=\"lazy\" decoding=\"async\" class=\"wp-image-35269 size-full\" src=\"https:\/\/mouldking.store\/wp-content\/uploads\/2022\/11\/PANTASY-86220-5.jpg\" alt=\"PANTASY 86220 My Own Swordsman Series Tong Fu Inn With 2167 Pieces\" width=\"1024\" height=\"891\" title=\"-\" srcset=\"https:\/\/mouldking.store\/wp-content\/uploads\/2022\/11\/PANTASY-86220-5.jpg 1024w, https:\/\/mouldking.store\/wp-content\/uploads\/2022\/11\/PANTASY-86220-5-300x261.jpg 300w, https:\/\/mouldking.store\/wp-content\/uploads\/2022\/11\/PANTASY-86220-5-768x668.jpg 768w, https:\/\/mouldking.store\/wp-content\/uploads\/2022\/11\/PANTASY-86220-5-600x522.jpg 600w, https:\/\/mouldking.store\/wp-content\/uploads\/2022\/11\/PANTASY-86220-5-150x131.jpg 150w, https:\/\/mouldking.store\/wp-content\/uploads\/2022\/11\/PANTASY-86220-5-69x60.jpg 69w, https:\/\/mouldking.store\/wp-content\/uploads\/2022\/11\/PANTASY-86220-5-103x90.jpg 103w\" sizes=\"(max-width: 1024px) 100vw, 1024px\" \/><figcaption id=\"caption-attachment-35269\" class=\"wp-caption-text\">PANTASY 86220 My Own Swordsman Series Tong Fu Inn With 2167 Pieces<\/figcaption><\/figure>\n<figure id=\"attachment_35270\" aria-describedby=\"caption-attachment-35270\" style=\"width: 1024px\" class=\"wp-caption aligncenter\"><img loading=\"lazy\" decoding=\"async\" class=\"wp-image-35270 size-full\" src=\"https:\/\/mouldking.store\/wp-content\/uploads\/2022\/11\/PANTASY-86220-4.jpg\" alt=\"PANTASY 86220 My Own Swordsman Series Tong Fu Inn With 2167 Pieces\" width=\"1024\" height=\"758\" title=\"-\" srcset=\"https:\/\/mouldking.store\/wp-content\/uploads\/2022\/11\/PANTASY-86220-4.jpg 1024w, https:\/\/mouldking.store\/wp-content\/uploads\/2022\/11\/PANTASY-86220-4-300x222.jpg 300w, https:\/\/mouldking.store\/wp-content\/uploads\/2022\/11\/PANTASY-86220-4-768x569.jpg 768w, https:\/\/mouldking.store\/wp-content\/uploads\/2022\/11\/PANTASY-86220-4-600x444.jpg 600w, https:\/\/mouldking.store\/wp-content\/uploads\/2022\/11\/PANTASY-86220-4-150x111.jpg 150w, https:\/\/mouldking.store\/wp-content\/uploads\/2022\/11\/PANTASY-86220-4-81x60.jpg 81w, https:\/\/mouldking.store\/wp-content\/uploads\/2022\/11\/PANTASY-86220-4-122x90.jpg 122w\" sizes=\"(max-width: 1024px) 100vw, 1024px\" \/><figcaption id=\"caption-attachment-35270\" class=\"wp-caption-text\">PANTASY 86220 My Own Swordsman Series Tong Fu Inn With 2167 Pieces<\/figcaption><\/figure>\n<figure id=\"attachment_35271\" aria-describedby=\"caption-attachment-35271\" style=\"width: 672px\" class=\"wp-caption aligncenter\"><img loading=\"lazy\" decoding=\"async\" class=\"wp-image-35271 size-full\" src=\"https:\/\/mouldking.store\/wp-content\/uploads\/2022\/11\/PANTASY-86220-3.jpg\" alt=\"PANTASY 86220 My Own Swordsman Series Tong Fu Inn With 2167 Pieces\" width=\"672\" height=\"1024\" title=\"-\" srcset=\"https:\/\/mouldking.store\/wp-content\/uploads\/2022\/11\/PANTASY-86220-3.jpg 672w, https:\/\/mouldking.store\/wp-content\/uploads\/2022\/11\/PANTASY-86220-3-197x300.jpg 197w, https:\/\/mouldking.store\/wp-content\/uploads\/2022\/11\/PANTASY-86220-3-300x457.jpg 300w, https:\/\/mouldking.store\/wp-content\/uploads\/2022\/11\/PANTASY-86220-3-600x914.jpg 600w, https:\/\/mouldking.store\/wp-content\/uploads\/2022\/11\/PANTASY-86220-3-98x150.jpg 98w, https:\/\/mouldking.store\/wp-content\/uploads\/2022\/11\/PANTASY-86220-3-39x60.jpg 39w, https:\/\/mouldking.store\/wp-content\/uploads\/2022\/11\/PANTASY-86220-3-59x90.jpg 59w\" sizes=\"(max-width: 672px) 100vw, 672px\" \/><figcaption id=\"caption-attachment-35271\" class=\"wp-caption-text\">PANTASY 86220 My Own Swordsman Series Tong Fu Inn With 2167 Pieces<\/figcaption><\/figure>\n<figure id=\"attachment_35272\" aria-describedby=\"caption-attachment-35272\" style=\"width: 600px\" class=\"wp-caption aligncenter\"><img loading=\"lazy\" decoding=\"async\" class=\"wp-image-35272 size-full\" src=\"https:\/\/mouldking.store\/wp-content\/uploads\/2022\/11\/PANTASY-86220-2.jpg\" alt=\"PANTASY 86220 My Own Swordsman Series Tong Fu Inn With 2167 Pieces\" width=\"600\" height=\"930\" title=\"-\" srcset=\"https:\/\/mouldking.store\/wp-content\/uploads\/2022\/11\/PANTASY-86220-2.jpg 600w, https:\/\/mouldking.store\/wp-content\/uploads\/2022\/11\/PANTASY-86220-2-194x300.jpg 194w, https:\/\/mouldking.store\/wp-content\/uploads\/2022\/11\/PANTASY-86220-2-300x465.jpg 300w, https:\/\/mouldking.store\/wp-content\/uploads\/2022\/11\/PANTASY-86220-2-97x150.jpg 97w, https:\/\/mouldking.store\/wp-content\/uploads\/2022\/11\/PANTASY-86220-2-39x60.jpg 39w, https:\/\/mouldking.store\/wp-content\/uploads\/2022\/11\/PANTASY-86220-2-58x90.jpg 58w\" sizes=\"(max-width: 600px) 100vw, 600px\" \/><figcaption id=\"caption-attachment-35272\" class=\"wp-caption-text\">PANTASY 86220 My Own Swordsman Series Tong Fu Inn With 2167 Pieces<\/figcaption><\/figure>\n<figure id=\"attachment_35273\" aria-describedby=\"caption-attachment-35273\" style=\"width: 752px\" class=\"wp-caption aligncenter\"><img loading=\"lazy\" decoding=\"async\" class=\"wp-image-35273 size-full\" src=\"https:\/\/mouldking.store\/wp-content\/uploads\/2022\/11\/PANTASY-86220-1.jpg\" alt=\"PANTASY 86220 My Own Swordsman Series Tong Fu Inn With 2167 Pieces\" width=\"752\" height=\"1024\" title=\"-\" srcset=\"https:\/\/mouldking.store\/wp-content\/uploads\/2022\/11\/PANTASY-86220-1.jpg 752w, https:\/\/mouldking.store\/wp-content\/uploads\/2022\/11\/PANTASY-86220-1-220x300.jpg 220w, https:\/\/mouldking.store\/wp-content\/uploads\/2022\/11\/PANTASY-86220-1-300x409.jpg 300w, https:\/\/mouldking.store\/wp-content\/uploads\/2022\/11\/PANTASY-86220-1-600x817.jpg 600w, https:\/\/mouldking.store\/wp-content\/uploads\/2022\/11\/PANTASY-86220-1-110x150.jpg 110w, https:\/\/mouldking.store\/wp-content\/uploads\/2022\/11\/PANTASY-86220-1-44x60.jpg 44w, https:\/\/mouldking.store\/wp-content\/uploads\/2022\/11\/PANTASY-86220-1-66x90.jpg 66w\" sizes=\"(max-width: 752px) 100vw, 752px\" \/><figcaption id=\"caption-attachment-35273\" class=\"wp-caption-text\">PANTASY 86220 My Own Swordsman Series Tong Fu Inn With 2167 Pieces<\/figcaption><\/figure>","protected":false},"excerpt":{"rendered":"<p>Product information: Brand: PANTASY Gender: Unisex Name: My Own Swordsman Series Tong Fu Inn Age Range: &gt; 6 years old Model Number: 86220 Classification: Assemblage Plastic Block Shape: Self-Locking Bricks Material: Plastic Plastic Type: ABS Bricks Blocks:2167 PCS Size: 30.4 \u00d7 28.8 \u00d7 23.7 cm Contains detailed assembly instructions. Notice: 1. Without an original box, [&hellip;]<\/p>","protected":false},"featured_media":35262,"comment_status":"closed","ping_status":"closed","template":"","meta":{"_acf_changed":false},"product_cat":[1365],"product_tag":[7424,7419,7426,6280,7427,7428,7423,7425],"class_list":["product","first","instock","shipping-taxable","purchasable","product-type-simple"],"acf":[],"_links":{"self":[{"href":"https:\/\/mouldking.store\/nb\/wp-json\/wp\/v2\/product\/35261","targetHints":{"allow":["GET"]}}],"collection":[{"href":"https:\/\/mouldking.store\/nb\/wp-json\/wp\/v2\/product"}],"about":[{"href":"https:\/\/mouldking.store\/nb\/wp-json\/wp\/v2\/types\/product"}],"replies":[{"embeddable":true,"href":"https:\/\/mouldking.store\/nb\/wp-json\/wp\/v2\/comments?post=35261"}],"wp:featuredmedia":[{"embeddable":true,"href":"https:\/\/mouldking.store\/nb\/wp-json\/wp\/v2\/media\/35262"}],"wp:attachment":[{"href":"https:\/\/mouldking.store\/nb\/wp-json\/wp\/v2\/media?parent=35261"}],"wp:term":[{"taxonomy":"product_cat","embeddable":true,"href":"https:\/\/mouldking.store\/nb\/wp-json\/wp\/v2\/product_cat?post=35261"},{"taxonomy":"product_tag","embeddable":true,"href":"https:\/\/mouldking.store\/nb\/wp-json\/wp\/v2\/product_tag?post=35261"}],"curies":[{"name":"wp","href":"https:\/\/api.w.org\/{rel}","templated":true}]}}