{"id":35275,"date":"2022-11-18T12:23:56","date_gmt":"2022-11-18T05:23:56","guid":{"rendered":"https:\/\/mouldking.store\/?post_type=product&#038;p=35275"},"modified":"2022-11-18T12:23:56","modified_gmt":"2022-11-18T05:23:56","slug":"pantasy-86232-86233-metal-slug-sv-001-type-r-tank-and-chariot-helicopter-with-754-pieces","status":"publish","type":"product","link":"https:\/\/mouldking.store\/nb\/shop\/pantasy-86232-86233-metal-slug-sv-001-type-r-tank-and-chariot-helicopter-with-754-pieces\/","title":{"rendered":"PANTASY 86232-86233 Metal Slug: SV-001 Type R Tank og Chariot Helikopter med 754 stykker"},"content":{"rendered":"<p>Produktinformasjon:<\/p>\n<ol>\n<li>Merke: PANTASY<\/li>\n<li>Kj\u00f8nn: Unisex<\/li>\n<li>Name: Metal Slug: SV-001 Type R Tank And Chariot Helicopter<\/li>\n<li>Aldersgruppe: &gt; 6 \u00e5r gammel<\/li>\n<li>Model Number: 6232-86233<\/li>\n<li>Klassifisering: Montering<\/li>\n<li>Plastblokkform: Selvl\u00e5sende murstein<\/li>\n<li>Materiale: Plast<\/li>\n<li>Plasttype: ABS<\/li>\n<li>Bricks Blocks:754 PCS<\/li>\n<li>Size: 21.8 \u00d7 9.7 \u00d7 12.5 cm<\/li>\n<li>Weight 0.188 kg<\/li>\n<li>Inneholder detaljerte monteringsanvisninger.<\/li>\n<\/ol>\n<p>Legge merke til:<br \/>\n1. Uten original eske, men vi garanterer at v\u00e5re produkter har kvalitetssikring og pen emballasje.<br \/>\n2. Som alle delene vi har sjekket f\u00f8r frakt, s\u00e5 hvis du finner noen deler savnet eller skadet, ikke bekymre deg og bare kontakt oss, s\u00e5 kan vi sende dem til deg p\u00e5 nytt umiddelbart gratis.<\/p>\n<figure id=\"attachment_35276\" aria-describedby=\"caption-attachment-35276\" style=\"width: 768px\" class=\"wp-caption aligncenter\"><img fetchpriority=\"high\" decoding=\"async\" class=\"wp-image-35276 size-full\" src=\"https:\/\/mouldking.store\/wp-content\/uploads\/2022\/11\/PANTASY-86232-86233-10.jpg\" alt=\"PANTASY 86232-86233 Metal Slug: SV-001 Type R Tank And Chariot Helicopter With 754 Pieces\" width=\"768\" height=\"768\" title=\"-\" srcset=\"https:\/\/mouldking.store\/wp-content\/uploads\/2022\/11\/PANTASY-86232-86233-10.jpg 768w, https:\/\/mouldking.store\/wp-content\/uploads\/2022\/11\/PANTASY-86232-86233-10-300x300.jpg 300w, https:\/\/mouldking.store\/wp-content\/uploads\/2022\/11\/PANTASY-86232-86233-10-600x600.jpg 600w, https:\/\/mouldking.store\/wp-content\/uploads\/2022\/11\/PANTASY-86232-86233-10-150x150.jpg 150w, https:\/\/mouldking.store\/wp-content\/uploads\/2022\/11\/PANTASY-86232-86233-10-60x60.jpg 60w, https:\/\/mouldking.store\/wp-content\/uploads\/2022\/11\/PANTASY-86232-86233-10-90x90.jpg 90w\" sizes=\"(max-width: 768px) 100vw, 768px\" \/><figcaption id=\"caption-attachment-35276\" class=\"wp-caption-text\">PANTASY 86232-86233 Metal Slug: SV-001 Type R Tank og Chariot Helikopter med 754 stykker<\/figcaption><\/figure>\n<figure id=\"attachment_35277\" aria-describedby=\"caption-attachment-35277\" style=\"width: 1024px\" class=\"wp-caption aligncenter\"><img decoding=\"async\" class=\"wp-image-35277 size-full\" src=\"https:\/\/mouldking.store\/wp-content\/uploads\/2022\/11\/PANTASY-86232-86233-9.jpg\" alt=\"PANTASY 86232-86233 Metal Slug: SV-001 Type R Tank And Chariot Helicopter With 754 Pieces\" width=\"1024\" height=\"1024\" title=\"-\" srcset=\"https:\/\/mouldking.store\/wp-content\/uploads\/2022\/11\/PANTASY-86232-86233-9.jpg 1024w, https:\/\/mouldking.store\/wp-content\/uploads\/2022\/11\/PANTASY-86232-86233-9-300x300.jpg 300w, https:\/\/mouldking.store\/wp-content\/uploads\/2022\/11\/PANTASY-86232-86233-9-768x768.jpg 768w, https:\/\/mouldking.store\/wp-content\/uploads\/2022\/11\/PANTASY-86232-86233-9-600x600.jpg 600w, https:\/\/mouldking.store\/wp-content\/uploads\/2022\/11\/PANTASY-86232-86233-9-150x150.jpg 150w, https:\/\/mouldking.store\/wp-content\/uploads\/2022\/11\/PANTASY-86232-86233-9-60x60.jpg 60w, https:\/\/mouldking.store\/wp-content\/uploads\/2022\/11\/PANTASY-86232-86233-9-90x90.jpg 90w\" sizes=\"(max-width: 1024px) 100vw, 1024px\" \/><figcaption id=\"caption-attachment-35277\" class=\"wp-caption-text\">PANTASY 86232-86233 Metal Slug: SV-001 Type R Tank og Chariot Helikopter med 754 stykker<\/figcaption><\/figure>\n<figure id=\"attachment_35278\" aria-describedby=\"caption-attachment-35278\" style=\"width: 696px\" class=\"wp-caption aligncenter\"><img decoding=\"async\" class=\"wp-image-35278 size-full\" src=\"https:\/\/mouldking.store\/wp-content\/uploads\/2022\/11\/PANTASY-86232-86233-8.jpg\" alt=\"PANTASY 86232-86233 Metal Slug: SV-001 Type R Tank And Chariot Helicopter With 754 Pieces\" width=\"696\" height=\"1024\" title=\"-\" srcset=\"https:\/\/mouldking.store\/wp-content\/uploads\/2022\/11\/PANTASY-86232-86233-8.jpg 696w, https:\/\/mouldking.store\/wp-content\/uploads\/2022\/11\/PANTASY-86232-86233-8-204x300.jpg 204w, https:\/\/mouldking.store\/wp-content\/uploads\/2022\/11\/PANTASY-86232-86233-8-300x441.jpg 300w, https:\/\/mouldking.store\/wp-content\/uploads\/2022\/11\/PANTASY-86232-86233-8-600x883.jpg 600w, https:\/\/mouldking.store\/wp-content\/uploads\/2022\/11\/PANTASY-86232-86233-8-102x150.jpg 102w, https:\/\/mouldking.store\/wp-content\/uploads\/2022\/11\/PANTASY-86232-86233-8-41x60.jpg 41w, https:\/\/mouldking.store\/wp-content\/uploads\/2022\/11\/PANTASY-86232-86233-8-61x90.jpg 61w\" sizes=\"(max-width: 696px) 100vw, 696px\" \/><figcaption id=\"caption-attachment-35278\" class=\"wp-caption-text\">PANTASY 86232-86233 Metal Slug: SV-001 Type R Tank og Chariot Helikopter med 754 stykker<\/figcaption><\/figure>\n<figure id=\"attachment_35279\" aria-describedby=\"caption-attachment-35279\" style=\"width: 768px\" class=\"wp-caption aligncenter\"><img loading=\"lazy\" decoding=\"async\" class=\"wp-image-35279 size-full\" src=\"https:\/\/mouldking.store\/wp-content\/uploads\/2022\/11\/PANTASY-86232-86233-7.jpg\" alt=\"PANTASY 86232-86233 Metal Slug: SV-001 Type R Tank And Chariot Helicopter With 754 Pieces\" width=\"768\" height=\"990\" title=\"-\" srcset=\"https:\/\/mouldking.store\/wp-content\/uploads\/2022\/11\/PANTASY-86232-86233-7.jpg 768w, https:\/\/mouldking.store\/wp-content\/uploads\/2022\/11\/PANTASY-86232-86233-7-233x300.jpg 233w, https:\/\/mouldking.store\/wp-content\/uploads\/2022\/11\/PANTASY-86232-86233-7-300x387.jpg 300w, https:\/\/mouldking.store\/wp-content\/uploads\/2022\/11\/PANTASY-86232-86233-7-600x773.jpg 600w, https:\/\/mouldking.store\/wp-content\/uploads\/2022\/11\/PANTASY-86232-86233-7-116x150.jpg 116w, https:\/\/mouldking.store\/wp-content\/uploads\/2022\/11\/PANTASY-86232-86233-7-47x60.jpg 47w, https:\/\/mouldking.store\/wp-content\/uploads\/2022\/11\/PANTASY-86232-86233-7-70x90.jpg 70w\" sizes=\"(max-width: 768px) 100vw, 768px\" \/><figcaption id=\"caption-attachment-35279\" class=\"wp-caption-text\">PANTASY 86232-86233 Metal Slug: SV-001 Type R Tank og Chariot Helikopter med 754 stykker<\/figcaption><\/figure>\n<figure id=\"attachment_35280\" aria-describedby=\"caption-attachment-35280\" style=\"width: 768px\" class=\"wp-caption aligncenter\"><img loading=\"lazy\" decoding=\"async\" class=\"wp-image-35280 size-full\" src=\"https:\/\/mouldking.store\/wp-content\/uploads\/2022\/11\/PANTASY-86232-86233-6.jpg\" alt=\"PANTASY 86232-86233 Metal Slug: SV-001 Type R Tank And Chariot Helicopter With 754 Pieces\" width=\"768\" height=\"768\" title=\"-\" srcset=\"https:\/\/mouldking.store\/wp-content\/uploads\/2022\/11\/PANTASY-86232-86233-6.jpg 768w, https:\/\/mouldking.store\/wp-content\/uploads\/2022\/11\/PANTASY-86232-86233-6-300x300.jpg 300w, https:\/\/mouldking.store\/wp-content\/uploads\/2022\/11\/PANTASY-86232-86233-6-600x600.jpg 600w, https:\/\/mouldking.store\/wp-content\/uploads\/2022\/11\/PANTASY-86232-86233-6-150x150.jpg 150w, https:\/\/mouldking.store\/wp-content\/uploads\/2022\/11\/PANTASY-86232-86233-6-60x60.jpg 60w, https:\/\/mouldking.store\/wp-content\/uploads\/2022\/11\/PANTASY-86232-86233-6-90x90.jpg 90w\" sizes=\"(max-width: 768px) 100vw, 768px\" \/><figcaption id=\"caption-attachment-35280\" class=\"wp-caption-text\">PANTASY 86232-86233 Metal Slug: SV-001 Type R Tank og Chariot Helikopter med 754 stykker<\/figcaption><\/figure>\n<figure id=\"attachment_35281\" aria-describedby=\"caption-attachment-35281\" style=\"width: 768px\" class=\"wp-caption aligncenter\"><img loading=\"lazy\" decoding=\"async\" class=\"wp-image-35281 size-full\" src=\"https:\/\/mouldking.store\/wp-content\/uploads\/2022\/11\/PANTASY-86232-86233-5.jpg\" alt=\"PANTASY 86232-86233 Metal Slug: SV-001 Type R Tank And Chariot Helicopter With 754 Pieces\" width=\"768\" height=\"768\" title=\"-\" srcset=\"https:\/\/mouldking.store\/wp-content\/uploads\/2022\/11\/PANTASY-86232-86233-5.jpg 768w, https:\/\/mouldking.store\/wp-content\/uploads\/2022\/11\/PANTASY-86232-86233-5-300x300.jpg 300w, https:\/\/mouldking.store\/wp-content\/uploads\/2022\/11\/PANTASY-86232-86233-5-600x600.jpg 600w, https:\/\/mouldking.store\/wp-content\/uploads\/2022\/11\/PANTASY-86232-86233-5-150x150.jpg 150w, https:\/\/mouldking.store\/wp-content\/uploads\/2022\/11\/PANTASY-86232-86233-5-60x60.jpg 60w, https:\/\/mouldking.store\/wp-content\/uploads\/2022\/11\/PANTASY-86232-86233-5-90x90.jpg 90w\" sizes=\"(max-width: 768px) 100vw, 768px\" \/><figcaption id=\"caption-attachment-35281\" class=\"wp-caption-text\">PANTASY 86232-86233 Metal Slug: SV-001 Type R Tank og Chariot Helikopter med 754 stykker<\/figcaption><\/figure>\n<figure id=\"attachment_35282\" aria-describedby=\"caption-attachment-35282\" style=\"width: 927px\" class=\"wp-caption alignnone\"><img loading=\"lazy\" decoding=\"async\" class=\"wp-image-35282 size-full\" src=\"https:\/\/mouldking.store\/wp-content\/uploads\/2022\/11\/PANTASY-86232-86233-4.jpg\" alt=\"PANTASY 86232-86233 Metal Slug: SV-001 Type R Tank And Chariot Helicopter With 754 Pieces\" width=\"927\" height=\"1024\" title=\"-\" srcset=\"https:\/\/mouldking.store\/wp-content\/uploads\/2022\/11\/PANTASY-86232-86233-4.jpg 927w, https:\/\/mouldking.store\/wp-content\/uploads\/2022\/11\/PANTASY-86232-86233-4-272x300.jpg 272w, https:\/\/mouldking.store\/wp-content\/uploads\/2022\/11\/PANTASY-86232-86233-4-768x848.jpg 768w, https:\/\/mouldking.store\/wp-content\/uploads\/2022\/11\/PANTASY-86232-86233-4-300x331.jpg 300w, https:\/\/mouldking.store\/wp-content\/uploads\/2022\/11\/PANTASY-86232-86233-4-600x663.jpg 600w, https:\/\/mouldking.store\/wp-content\/uploads\/2022\/11\/PANTASY-86232-86233-4-136x150.jpg 136w, https:\/\/mouldking.store\/wp-content\/uploads\/2022\/11\/PANTASY-86232-86233-4-54x60.jpg 54w, https:\/\/mouldking.store\/wp-content\/uploads\/2022\/11\/PANTASY-86232-86233-4-81x90.jpg 81w\" sizes=\"(max-width: 927px) 100vw, 927px\" \/><figcaption id=\"caption-attachment-35282\" class=\"wp-caption-text\">PANTASY 86232-86233 Metal Slug: SV-001 Type R Tank og Chariot Helikopter med 754 stykker<\/figcaption><\/figure>\n<figure id=\"attachment_35283\" aria-describedby=\"caption-attachment-35283\" style=\"width: 1024px\" class=\"wp-caption aligncenter\"><img loading=\"lazy\" decoding=\"async\" class=\"wp-image-35283 size-full\" src=\"https:\/\/mouldking.store\/wp-content\/uploads\/2022\/11\/PANTASY-86232-86233-3.jpg\" alt=\"PANTASY 86232-86233 Metal Slug: SV-001 Type R Tank And Chariot Helicopter With 754 Pieces\" width=\"1024\" height=\"709\" title=\"-\" srcset=\"https:\/\/mouldking.store\/wp-content\/uploads\/2022\/11\/PANTASY-86232-86233-3.jpg 1024w, https:\/\/mouldking.store\/wp-content\/uploads\/2022\/11\/PANTASY-86232-86233-3-300x208.jpg 300w, https:\/\/mouldking.store\/wp-content\/uploads\/2022\/11\/PANTASY-86232-86233-3-768x532.jpg 768w, https:\/\/mouldking.store\/wp-content\/uploads\/2022\/11\/PANTASY-86232-86233-3-600x415.jpg 600w, https:\/\/mouldking.store\/wp-content\/uploads\/2022\/11\/PANTASY-86232-86233-3-150x104.jpg 150w, https:\/\/mouldking.store\/wp-content\/uploads\/2022\/11\/PANTASY-86232-86233-3-87x60.jpg 87w, https:\/\/mouldking.store\/wp-content\/uploads\/2022\/11\/PANTASY-86232-86233-3-130x90.jpg 130w\" sizes=\"(max-width: 1024px) 100vw, 1024px\" \/><figcaption id=\"caption-attachment-35283\" class=\"wp-caption-text\">PANTASY 86232-86233 Metal Slug: SV-001 Type R Tank og Chariot Helikopter med 754 stykker<\/figcaption><\/figure>\n<figure id=\"attachment_35284\" aria-describedby=\"caption-attachment-35284\" style=\"width: 764px\" class=\"wp-caption aligncenter\"><img loading=\"lazy\" decoding=\"async\" class=\"wp-image-35284 size-full\" src=\"https:\/\/mouldking.store\/wp-content\/uploads\/2022\/11\/PANTASY-86232-86233-2.jpg\" alt=\"PANTASY 86232-86233 Metal Slug: SV-001 Type R Tank And Chariot Helicopter With 754 Pieces\" width=\"764\" height=\"1024\" title=\"-\" srcset=\"https:\/\/mouldking.store\/wp-content\/uploads\/2022\/11\/PANTASY-86232-86233-2.jpg 764w, https:\/\/mouldking.store\/wp-content\/uploads\/2022\/11\/PANTASY-86232-86233-2-224x300.jpg 224w, https:\/\/mouldking.store\/wp-content\/uploads\/2022\/11\/PANTASY-86232-86233-2-300x402.jpg 300w, https:\/\/mouldking.store\/wp-content\/uploads\/2022\/11\/PANTASY-86232-86233-2-600x804.jpg 600w, https:\/\/mouldking.store\/wp-content\/uploads\/2022\/11\/PANTASY-86232-86233-2-112x150.jpg 112w, https:\/\/mouldking.store\/wp-content\/uploads\/2022\/11\/PANTASY-86232-86233-2-45x60.jpg 45w, https:\/\/mouldking.store\/wp-content\/uploads\/2022\/11\/PANTASY-86232-86233-2-67x90.jpg 67w\" sizes=\"(max-width: 764px) 100vw, 764px\" \/><figcaption id=\"caption-attachment-35284\" class=\"wp-caption-text\">PANTASY 86232-86233 Metal Slug: SV-001 Type R Tank og Chariot Helikopter med 754 stykker<\/figcaption><\/figure>\n<figure id=\"attachment_35285\" aria-describedby=\"caption-attachment-35285\" style=\"width: 1024px\" class=\"wp-caption aligncenter\"><img loading=\"lazy\" decoding=\"async\" class=\"wp-image-35285 size-full\" src=\"https:\/\/mouldking.store\/wp-content\/uploads\/2022\/11\/PANTASY-86232-86233-1.jpg\" alt=\"PANTASY 86232-86233 Metal Slug: SV-001 Type R Tank And Chariot Helicopter With 754 Pieces\" width=\"1024\" height=\"914\" title=\"-\" srcset=\"https:\/\/mouldking.store\/wp-content\/uploads\/2022\/11\/PANTASY-86232-86233-1.jpg 1024w, https:\/\/mouldking.store\/wp-content\/uploads\/2022\/11\/PANTASY-86232-86233-1-300x268.jpg 300w, https:\/\/mouldking.store\/wp-content\/uploads\/2022\/11\/PANTASY-86232-86233-1-768x686.jpg 768w, https:\/\/mouldking.store\/wp-content\/uploads\/2022\/11\/PANTASY-86232-86233-1-600x536.jpg 600w, https:\/\/mouldking.store\/wp-content\/uploads\/2022\/11\/PANTASY-86232-86233-1-150x134.jpg 150w, https:\/\/mouldking.store\/wp-content\/uploads\/2022\/11\/PANTASY-86232-86233-1-67x60.jpg 67w, https:\/\/mouldking.store\/wp-content\/uploads\/2022\/11\/PANTASY-86232-86233-1-101x90.jpg 101w\" sizes=\"(max-width: 1024px) 100vw, 1024px\" \/><figcaption id=\"caption-attachment-35285\" class=\"wp-caption-text\">PANTASY 86232-86233 Metal Slug: SV-001 Type R Tank og Chariot Helikopter med 754 stykker<\/figcaption><\/figure>","protected":false},"excerpt":{"rendered":"<p>Without minigigures<\/p>","protected":false},"featured_media":35276,"comment_status":"closed","ping_status":"closed","template":"","meta":{"_acf_changed":false},"product_cat":[1365,1350],"product_tag":[7430,7433,7431,7436,7432,7438,6280,7434,7439,7429,7435,7437],"class_list":["product","first","instock","shipping-taxable","purchasable","product-type-variable"],"acf":[],"_links":{"self":[{"href":"https:\/\/mouldking.store\/nb\/wp-json\/wp\/v2\/product\/35275","targetHints":{"allow":["GET"]}}],"collection":[{"href":"https:\/\/mouldking.store\/nb\/wp-json\/wp\/v2\/product"}],"about":[{"href":"https:\/\/mouldking.store\/nb\/wp-json\/wp\/v2\/types\/product"}],"replies":[{"embeddable":true,"href":"https:\/\/mouldking.store\/nb\/wp-json\/wp\/v2\/comments?post=35275"}],"wp:featuredmedia":[{"embeddable":true,"href":"https:\/\/mouldking.store\/nb\/wp-json\/wp\/v2\/media\/35276"}],"wp:attachment":[{"href":"https:\/\/mouldking.store\/nb\/wp-json\/wp\/v2\/media?parent=35275"}],"wp:term":[{"taxonomy":"product_cat","embeddable":true,"href":"https:\/\/mouldking.store\/nb\/wp-json\/wp\/v2\/product_cat?post=35275"},{"taxonomy":"product_tag","embeddable":true,"href":"https:\/\/mouldking.store\/nb\/wp-json\/wp\/v2\/product_tag?post=35275"}],"curies":[{"name":"wp","href":"https:\/\/api.w.org\/{rel}","templated":true}]}}