{"id":35306,"date":"2022-11-18T14:07:08","date_gmt":"2022-11-18T07:07:08","guid":{"rendered":"https:\/\/mouldking.store\/?post_type=product&#038;p=35306"},"modified":"2023-10-31T09:11:52","modified_gmt":"2023-10-31T02:11:52","slug":"pantasy-81101-the-floating-mechanical-city-spirit-cage-dust-district-with-1200-pieces","status":"publish","type":"product","link":"https:\/\/mouldking.store\/nb\/shop\/pantasy-81101-the-floating-mechanical-city-spirit-cage-dust-district-with-1200-pieces\/","title":{"rendered":"PANTASY 81101 The Floating Mechanical City Spirit Cage: St\u00f8vdistrikt med 1200 stykker"},"content":{"rendered":"<p>Produktinformasjon:<\/p>\n<ol>\n<li>Merke: PANTASY<\/li>\n<li>Kj\u00f8nn: Unisex<\/li>\n<li>Navn: The Floating Mechanical City Spirit Cage: Dust District<\/li>\n<li>Aldersgruppe: &gt; 6 \u00e5r gammel<\/li>\n<li>Modellnummer: 81101<\/li>\n<li>Klassifisering: Montering<\/li>\n<li>Plastblokkform: Selvl\u00e5sende murstein<\/li>\n<li>Materiale: Plast<\/li>\n<li>Plasttype: ABS<\/li>\n<li>Mursteinblokker:1200 STK<\/li>\n<li>St\u00f8rrelse: 29 \u00d7 25 \u00d7 38 cm<\/li>\n<li>Inneholder detaljerte monteringsanvisninger.<\/li>\n<\/ol>\n<p>Legge merke til:<br \/>\n1. Uten original eske, men vi garanterer at v\u00e5re produkter har kvalitetssikring og pen emballasje.<br \/>\n2. Som alle delene vi har sjekket f\u00f8r frakt, s\u00e5 hvis du finner noen deler savnet eller skadet, ikke bekymre deg og bare kontakt oss, s\u00e5 kan vi sende dem til deg p\u00e5 nytt umiddelbart gratis.<\/p>\n<figure id=\"attachment_35307\" aria-describedby=\"caption-attachment-35307\" style=\"width: 768px\" class=\"wp-caption aligncenter\"><img fetchpriority=\"high\" decoding=\"async\" class=\"wp-image-35307 size-full\" src=\"https:\/\/mouldking.store\/wp-content\/uploads\/2022\/11\/PANTASY-81101-8.jpg\" alt=\"PANTASY 81101 The Floating Mechanical City Spirit Cage: Dust District With 1200 Pieces\" width=\"768\" height=\"768\" title=\"-\" srcset=\"https:\/\/mouldking.store\/wp-content\/uploads\/2022\/11\/PANTASY-81101-8.jpg 768w, https:\/\/mouldking.store\/wp-content\/uploads\/2022\/11\/PANTASY-81101-8-300x300.jpg 300w, https:\/\/mouldking.store\/wp-content\/uploads\/2022\/11\/PANTASY-81101-8-600x600.jpg 600w, https:\/\/mouldking.store\/wp-content\/uploads\/2022\/11\/PANTASY-81101-8-150x150.jpg 150w, https:\/\/mouldking.store\/wp-content\/uploads\/2022\/11\/PANTASY-81101-8-60x60.jpg 60w, https:\/\/mouldking.store\/wp-content\/uploads\/2022\/11\/PANTASY-81101-8-90x90.jpg 90w\" sizes=\"(max-width: 768px) 100vw, 768px\" \/><figcaption id=\"caption-attachment-35307\" class=\"wp-caption-text\">PANTASY 81101 The Floating Mechanical City Spirit Cage: St\u00f8vdistrikt med 1200 stykker<\/figcaption><\/figure>\n<figure id=\"attachment_35308\" aria-describedby=\"caption-attachment-35308\" style=\"width: 768px\" class=\"wp-caption aligncenter\"><img decoding=\"async\" class=\"wp-image-35308 size-full\" src=\"https:\/\/mouldking.store\/wp-content\/uploads\/2022\/11\/PANTASY-81101-7.jpg\" alt=\"PANTASY 81101 The Floating Mechanical City Spirit Cage: Dust District With 1200 Pieces\" width=\"768\" height=\"1024\" title=\"-\" srcset=\"https:\/\/mouldking.store\/wp-content\/uploads\/2022\/11\/PANTASY-81101-7.jpg 768w, https:\/\/mouldking.store\/wp-content\/uploads\/2022\/11\/PANTASY-81101-7-225x300.jpg 225w, https:\/\/mouldking.store\/wp-content\/uploads\/2022\/11\/PANTASY-81101-7-300x400.jpg 300w, https:\/\/mouldking.store\/wp-content\/uploads\/2022\/11\/PANTASY-81101-7-600x800.jpg 600w, https:\/\/mouldking.store\/wp-content\/uploads\/2022\/11\/PANTASY-81101-7-113x150.jpg 113w, https:\/\/mouldking.store\/wp-content\/uploads\/2022\/11\/PANTASY-81101-7-45x60.jpg 45w, https:\/\/mouldking.store\/wp-content\/uploads\/2022\/11\/PANTASY-81101-7-68x90.jpg 68w\" sizes=\"(max-width: 768px) 100vw, 768px\" \/><figcaption id=\"caption-attachment-35308\" class=\"wp-caption-text\">PANTASY 81101 The Floating Mechanical City Spirit Cage: St\u00f8vdistrikt med 1200 stykker<\/figcaption><\/figure>\n<figure id=\"attachment_35309\" aria-describedby=\"caption-attachment-35309\" style=\"width: 768px\" class=\"wp-caption aligncenter\"><img decoding=\"async\" class=\"wp-image-35309 size-full\" src=\"https:\/\/mouldking.store\/wp-content\/uploads\/2022\/11\/PANTASY-81101-6.jpg\" alt=\"PANTASY 81101 The Floating Mechanical City Spirit Cage: Dust District With 1200 Pieces\" width=\"768\" height=\"1024\" title=\"-\" srcset=\"https:\/\/mouldking.store\/wp-content\/uploads\/2022\/11\/PANTASY-81101-6.jpg 768w, https:\/\/mouldking.store\/wp-content\/uploads\/2022\/11\/PANTASY-81101-6-225x300.jpg 225w, https:\/\/mouldking.store\/wp-content\/uploads\/2022\/11\/PANTASY-81101-6-300x400.jpg 300w, https:\/\/mouldking.store\/wp-content\/uploads\/2022\/11\/PANTASY-81101-6-600x800.jpg 600w, https:\/\/mouldking.store\/wp-content\/uploads\/2022\/11\/PANTASY-81101-6-113x150.jpg 113w, https:\/\/mouldking.store\/wp-content\/uploads\/2022\/11\/PANTASY-81101-6-45x60.jpg 45w, https:\/\/mouldking.store\/wp-content\/uploads\/2022\/11\/PANTASY-81101-6-68x90.jpg 68w\" sizes=\"(max-width: 768px) 100vw, 768px\" \/><figcaption id=\"caption-attachment-35309\" class=\"wp-caption-text\">PANTASY 81101 The Floating Mechanical City Spirit Cage: St\u00f8vdistrikt med 1200 stykker<\/figcaption><\/figure>\n<figure id=\"attachment_35310\" aria-describedby=\"caption-attachment-35310\" style=\"width: 674px\" class=\"wp-caption aligncenter\"><img loading=\"lazy\" decoding=\"async\" class=\"wp-image-35310 size-full\" src=\"https:\/\/mouldking.store\/wp-content\/uploads\/2022\/11\/PANTASY-81101-5.jpg\" alt=\"PANTASY 81101 The Floating Mechanical City Spirit Cage: Dust District With 1200 Pieces\" width=\"674\" height=\"1024\" title=\"-\" srcset=\"https:\/\/mouldking.store\/wp-content\/uploads\/2022\/11\/PANTASY-81101-5.jpg 674w, https:\/\/mouldking.store\/wp-content\/uploads\/2022\/11\/PANTASY-81101-5-197x300.jpg 197w, https:\/\/mouldking.store\/wp-content\/uploads\/2022\/11\/PANTASY-81101-5-300x456.jpg 300w, https:\/\/mouldking.store\/wp-content\/uploads\/2022\/11\/PANTASY-81101-5-600x912.jpg 600w, https:\/\/mouldking.store\/wp-content\/uploads\/2022\/11\/PANTASY-81101-5-99x150.jpg 99w, https:\/\/mouldking.store\/wp-content\/uploads\/2022\/11\/PANTASY-81101-5-39x60.jpg 39w, https:\/\/mouldking.store\/wp-content\/uploads\/2022\/11\/PANTASY-81101-5-59x90.jpg 59w\" sizes=\"(max-width: 674px) 100vw, 674px\" \/><figcaption id=\"caption-attachment-35310\" class=\"wp-caption-text\">PANTASY 81101 The Floating Mechanical City Spirit Cage: St\u00f8vdistrikt med 1200 stykker<\/figcaption><\/figure>\n<figure id=\"attachment_35311\" aria-describedby=\"caption-attachment-35311\" style=\"width: 727px\" class=\"wp-caption aligncenter\"><img loading=\"lazy\" decoding=\"async\" class=\"wp-image-35311 size-full\" src=\"https:\/\/mouldking.store\/wp-content\/uploads\/2022\/11\/PANTASY-81101-4.jpg\" alt=\"PANTASY 81101 The Floating Mechanical City Spirit Cage: Dust District With 1200 Pieces\" width=\"727\" height=\"1024\" title=\"-\" srcset=\"https:\/\/mouldking.store\/wp-content\/uploads\/2022\/11\/PANTASY-81101-4.jpg 727w, https:\/\/mouldking.store\/wp-content\/uploads\/2022\/11\/PANTASY-81101-4-213x300.jpg 213w, https:\/\/mouldking.store\/wp-content\/uploads\/2022\/11\/PANTASY-81101-4-300x423.jpg 300w, https:\/\/mouldking.store\/wp-content\/uploads\/2022\/11\/PANTASY-81101-4-600x845.jpg 600w, https:\/\/mouldking.store\/wp-content\/uploads\/2022\/11\/PANTASY-81101-4-106x150.jpg 106w, https:\/\/mouldking.store\/wp-content\/uploads\/2022\/11\/PANTASY-81101-4-43x60.jpg 43w, https:\/\/mouldking.store\/wp-content\/uploads\/2022\/11\/PANTASY-81101-4-64x90.jpg 64w\" sizes=\"(max-width: 727px) 100vw, 727px\" \/><figcaption id=\"caption-attachment-35311\" class=\"wp-caption-text\">PANTASY 81101 The Floating Mechanical City Spirit Cage: St\u00f8vdistrikt med 1200 stykker<\/figcaption><\/figure>\n<figure id=\"attachment_35312\" aria-describedby=\"caption-attachment-35312\" style=\"width: 750px\" class=\"wp-caption aligncenter\"><img loading=\"lazy\" decoding=\"async\" class=\"wp-image-35312 size-full\" src=\"https:\/\/mouldking.store\/wp-content\/uploads\/2022\/11\/PANTASY-81101-3.jpg\" alt=\"PANTASY 81101 The Floating Mechanical City Spirit Cage: Dust District With 1200 Pieces\" width=\"750\" height=\"480\" title=\"-\" srcset=\"https:\/\/mouldking.store\/wp-content\/uploads\/2022\/11\/PANTASY-81101-3.jpg 750w, https:\/\/mouldking.store\/wp-content\/uploads\/2022\/11\/PANTASY-81101-3-300x192.jpg 300w, https:\/\/mouldking.store\/wp-content\/uploads\/2022\/11\/PANTASY-81101-3-600x384.jpg 600w, https:\/\/mouldking.store\/wp-content\/uploads\/2022\/11\/PANTASY-81101-3-150x96.jpg 150w, https:\/\/mouldking.store\/wp-content\/uploads\/2022\/11\/PANTASY-81101-3-94x60.jpg 94w, https:\/\/mouldking.store\/wp-content\/uploads\/2022\/11\/PANTASY-81101-3-141x90.jpg 141w\" sizes=\"(max-width: 750px) 100vw, 750px\" \/><figcaption id=\"caption-attachment-35312\" class=\"wp-caption-text\">PANTASY 81101 The Floating Mechanical City Spirit Cage: St\u00f8vdistrikt med 1200 stykker<\/figcaption><\/figure>\n<figure id=\"attachment_35313\" aria-describedby=\"caption-attachment-35313\" style=\"width: 750px\" class=\"wp-caption aligncenter\"><img loading=\"lazy\" decoding=\"async\" class=\"wp-image-35313 size-full\" src=\"https:\/\/mouldking.store\/wp-content\/uploads\/2022\/11\/PANTASY-81101-2.jpg\" alt=\"PANTASY 81101 The Floating Mechanical City Spirit Cage: Dust District With 1200 Pieces\" width=\"750\" height=\"508\" title=\"-\" srcset=\"https:\/\/mouldking.store\/wp-content\/uploads\/2022\/11\/PANTASY-81101-2.jpg 750w, https:\/\/mouldking.store\/wp-content\/uploads\/2022\/11\/PANTASY-81101-2-300x203.jpg 300w, https:\/\/mouldking.store\/wp-content\/uploads\/2022\/11\/PANTASY-81101-2-600x406.jpg 600w, https:\/\/mouldking.store\/wp-content\/uploads\/2022\/11\/PANTASY-81101-2-150x102.jpg 150w, https:\/\/mouldking.store\/wp-content\/uploads\/2022\/11\/PANTASY-81101-2-89x60.jpg 89w, https:\/\/mouldking.store\/wp-content\/uploads\/2022\/11\/PANTASY-81101-2-133x90.jpg 133w\" sizes=\"(max-width: 750px) 100vw, 750px\" \/><figcaption id=\"caption-attachment-35313\" class=\"wp-caption-text\">PANTASY 81101 The Floating Mechanical City Spirit Cage: St\u00f8vdistrikt med 1200 stykker<\/figcaption><\/figure>\n<figure id=\"attachment_35314\" aria-describedby=\"caption-attachment-35314\" style=\"width: 1022px\" class=\"wp-caption aligncenter\"><img loading=\"lazy\" decoding=\"async\" class=\"wp-image-35314 size-full\" src=\"https:\/\/mouldking.store\/wp-content\/uploads\/2022\/11\/PANTASY-81101.jpg\" alt=\"PANTASY 81101 The Floating Mechanical City Spirit Cage: Dust District With 1200 Pieces\" width=\"1022\" height=\"1024\" title=\"-\" srcset=\"https:\/\/mouldking.store\/wp-content\/uploads\/2022\/11\/PANTASY-81101.jpg 1022w, https:\/\/mouldking.store\/wp-content\/uploads\/2022\/11\/PANTASY-81101-300x301.jpg 300w, https:\/\/mouldking.store\/wp-content\/uploads\/2022\/11\/PANTASY-81101-768x770.jpg 768w, https:\/\/mouldking.store\/wp-content\/uploads\/2022\/11\/PANTASY-81101-600x601.jpg 600w, https:\/\/mouldking.store\/wp-content\/uploads\/2022\/11\/PANTASY-81101-150x150.jpg 150w, https:\/\/mouldking.store\/wp-content\/uploads\/2022\/11\/PANTASY-81101-60x60.jpg 60w, https:\/\/mouldking.store\/wp-content\/uploads\/2022\/11\/PANTASY-81101-90x90.jpg 90w\" sizes=\"(max-width: 1022px) 100vw, 1022px\" \/><figcaption id=\"caption-attachment-35314\" class=\"wp-caption-text\">PANTASY 81101 The Floating Mechanical City Spirit Cage: St\u00f8vdistrikt med 1200 stykker<\/figcaption><\/figure>","protected":false},"excerpt":{"rendered":"<p>Ingen minifigurer<\/p>","protected":false},"featured_media":35307,"comment_status":"closed","ping_status":"closed","template":"","meta":{"_acf_changed":false},"product_cat":[1408],"product_tag":[7448,7451,6280,7453,7454,7447,7449,7450,7452],"class_list":["product","first","instock","shipping-taxable","purchasable","product-type-simple"],"acf":[],"_links":{"self":[{"href":"https:\/\/mouldking.store\/nb\/wp-json\/wp\/v2\/product\/35306","targetHints":{"allow":["GET"]}}],"collection":[{"href":"https:\/\/mouldking.store\/nb\/wp-json\/wp\/v2\/product"}],"about":[{"href":"https:\/\/mouldking.store\/nb\/wp-json\/wp\/v2\/types\/product"}],"replies":[{"embeddable":true,"href":"https:\/\/mouldking.store\/nb\/wp-json\/wp\/v2\/comments?post=35306"}],"wp:featuredmedia":[{"embeddable":true,"href":"https:\/\/mouldking.store\/nb\/wp-json\/wp\/v2\/media\/35307"}],"wp:attachment":[{"href":"https:\/\/mouldking.store\/nb\/wp-json\/wp\/v2\/media?parent=35306"}],"wp:term":[{"taxonomy":"product_cat","embeddable":true,"href":"https:\/\/mouldking.store\/nb\/wp-json\/wp\/v2\/product_cat?post=35306"},{"taxonomy":"product_tag","embeddable":true,"href":"https:\/\/mouldking.store\/nb\/wp-json\/wp\/v2\/product_tag?post=35306"}],"curies":[{"name":"wp","href":"https:\/\/api.w.org\/{rel}","templated":true}]}}